



{"id":8709,"date":"2026-04-06T17:09:05","date_gmt":"2026-04-06T15:09:05","guid":{"rendered":"https:\/\/matildagira.eu\/?post_type=product&#038;p=8709"},"modified":"2026-04-06T17:31:15","modified_gmt":"2026-04-06T15:31:15","slug":"golden-drops-japonske-koralky-miyuki-nausnice","status":"publish","type":"product","link":"https:\/\/matildagira.eu\/cs\/shop\/golden-drops-japonske-koralky-miyuki-nausnice\/","title":{"rendered":"N\u00e1u\u0161nice Golden Drops Miyuki"},"content":{"rendered":"<p class=\"p1\">Tkan\u00fd z prvot\u0159\u00eddn\u00edch japonsk\u00fdch kor\u00e1lk\u016f, v n\u011bm\u017e se snoub\u00ed matn\u00e1 slonov\u00e1 kost a zlato, nad\u010dasov\u00fd design a kolumbijsk\u00e9 \u0159emesln\u00e9 zpracov\u00e1n\u00ed.<\/p>\n","protected":false},"excerpt":{"rendered":"<h3>Vlastnosti:<\/h3>\n<ul>\n<li>Zahrnuje: Jeden p\u00e1r n\u00e1u\u0161nic ve zlat\u00e9 a matn\u00e9 slonovinov\u00e9 barv\u011b.<\/li>\n<li>Vyrobeno z vysoce kvalitn\u00edch japonsk\u00fdch kor\u00e1lk\u016f Miyuki<\/li>\n<li>Lehk\u00e9 a pohodln\u00e9 pro celodenn\u00ed no\u0161en\u00ed<\/li>\n<li>Ru\u010dn\u00ed v\u00fdroba v Kolumbii.<\/li>\n<\/ul>\n<h3>Denn\u00ed p\u00e9\u010de:<\/h3>\n<p>Chra\u0148te sv\u00e9 \u0161perky a jejich pokoven\u00ed t\u00edm, \u017ee je sund\u00e1te p\u0159i plav\u00e1n\u00ed, sprchov\u00e1n\u00ed, cvi\u010den\u00ed, myt\u00ed rukou nebo pou\u017e\u00edv\u00e1n\u00ed jak\u00fdchkoli produkt\u016f, jako jsou parf\u00e9my, ple\u0165ov\u00e9 vody nebo p\u0159\u00edpravky na vlasy. Jsme hrd\u00ed na kvalitu na\u0161ich v\u00fdrobk\u016f; pokud by v\u0161ak va\u0161e \u0161perky byly vystaveny p\u016fsoben\u00ed n\u011bkter\u00e9ho z v\u00fd\u0161e uveden\u00fdch produkt\u016f, m\u016f\u017ee doj\u00edt k jejich zmatn\u011bn\u00ed. Ztmavnut\u00ed m\u016f\u017ee b\u00fdt zp\u016fsobeno tak\u00e9 p\u0159irozenou \u00farovn\u00ed pH poko\u017eky.  <\/p>\n<h3>Pokyny k \u010di\u0161t\u011bn\u00ed:<\/h3>\n<p>Chcete-li \u0161perky udr\u017eet \u010dist\u00e9, ot\u0159ete je m\u011bkk\u00fdm had\u0159\u00edkem. Nepou\u017e\u00edvejte \u010distic\u00ed prost\u0159edky na \u0161perky. <\/p>\n","protected":false},"featured_media":8711,"comment_status":"closed","ping_status":"closed","template":"","meta":{"_monsterinsights_skip_tracking":false,"_monsterinsights_sitenote_active":false,"_monsterinsights_sitenote_note":"","_monsterinsights_sitenote_category":0},"product_brand":[],"product_cat":[672,708],"product_tag":[723,682],"class_list":{"0":"post-8709","1":"product","2":"type-product","3":"status-publish","4":"has-post-thumbnail","6":"product_cat-nausnice","7":"product_cat-sperky","8":"product_tag-koralky-miyuki","9":"product_tag-rucni-vyroba","11":"first","12":"instock","13":"sale","14":"taxable","15":"shipping-taxable","16":"purchasable","17":"product-type-simple"},"supplier_id":null,"supplier_sku":"","barcode":null,"atum_controlled":true,"out_stock_date":null,"out_stock_threshold":null,"inheritable":false,"inbound_stock":null,"stock_on_hold":0,"sold_today":0,"sales_last_days":0,"reserved_stock":null,"customer_returns":null,"warehouse_damage":null,"lost_in_post":null,"other_logs":null,"out_stock_days":0,"lost_sales":0,"has_location":false,"update_date":"2026-04-09T00:17:16","atum_locations":[],"atum_stock_status":"instock","restock_status":false,"low_stock_amount":"","sales_update_date":"2026-04-09T00:17:16","calc_backorders":null,"yoast_head":"<!-- This site is optimized with the Yoast SEO plugin v27.3 - https:\/\/yoast.com\/product\/yoast-seo-wordpress\/ -->\n<title>N\u00e1u\u0161nice Golden Drops Miyuki - Matilda Gira<\/title>\n<meta name=\"description\" content=\"Objevte na\u0161i kolekci ru\u010dn\u011b vyr\u00e1b\u011bn\u00fdch n\u00e1u\u0161nic Miyuki. Jsou utk\u00e1ny z prvot\u0159\u00eddn\u00edch japonsk\u00fdch kor\u00e1lk\u016f, m\u00eds\u00ed se v nich z\u00e1\u0159iv\u00e9 barvy, nad\u010dasov\u00fd design a kolumbijsk\u00e9 \u0159emesln\u00e9 zpracov\u00e1n\u00ed.\" \/>\n<meta name=\"robots\" content=\"index, follow, max-snippet:-1, max-image-preview:large, max-video-preview:-1\" \/>\n<link rel=\"canonical\" href=\"https:\/\/matildagira.eu\/cs\/shop\/golden-drops-japonske-koralky-miyuki-nausnice\/\" \/>\n<meta property=\"og:locale\" content=\"cs_CZ\" \/>\n<meta property=\"og:type\" content=\"article\" \/>\n<meta property=\"og:title\" content=\"N\u00e1u\u0161nice Golden Drops Miyuki - Matilda Gira\" \/>\n<meta property=\"og:description\" content=\"Objevte na\u0161i kolekci ru\u010dn\u011b vyr\u00e1b\u011bn\u00fdch n\u00e1u\u0161nic Miyuki. Jsou utk\u00e1ny z prvot\u0159\u00eddn\u00edch japonsk\u00fdch kor\u00e1lk\u016f, m\u00eds\u00ed se v nich z\u00e1\u0159iv\u00e9 barvy, nad\u010dasov\u00fd design a kolumbijsk\u00e9 \u0159emesln\u00e9 zpracov\u00e1n\u00ed.\" \/>\n<meta property=\"og:url\" content=\"https:\/\/matildagira.eu\/cs\/shop\/golden-drops-japonske-koralky-miyuki-nausnice\/\" \/>\n<meta property=\"og:site_name\" content=\"Matilda Gira\" \/>\n<meta property=\"article:publisher\" content=\"https:\/\/www.facebook.com\/matildagira\" \/>\n<meta property=\"article:modified_time\" content=\"2026-04-06T15:31:15+00:00\" \/>\n<meta property=\"og:image\" content=\"https:\/\/matildagira.eu\/wp-content\/uploads\/2026\/04\/aretes-party-white_b17ee774-2f1b-4239-8d0c-ac78f17180bb.webp\" \/>\n\t<meta property=\"og:image:width\" content=\"800\" \/>\n\t<meta property=\"og:image:height\" content=\"1200\" \/>\n\t<meta property=\"og:image:type\" content=\"image\/webp\" \/>\n<meta name=\"twitter:card\" content=\"summary_large_image\" \/>\n<meta name=\"twitter:label1\" content=\"Cena\" \/>\n\t<meta name=\"twitter:data1\" content=\"480&nbsp;&#075;&#269;\" \/>\n\t<meta name=\"twitter:label2\" content=\"Dostupnost\" \/>\n\t<meta name=\"twitter:data2\" content=\"Skladem\" \/>\n<script type=\"application\/ld+json\" class=\"yoast-schema-graph\">{\"@context\":\"https:\\\/\\\/schema.org\",\"@graph\":[{\"@type\":\"WebPage\",\"@id\":\"https:\\\/\\\/matildagira.eu\\\/cs\\\/shop\\\/golden-drops-japonske-koralky-miyuki-nausnice\\\/\",\"url\":\"https:\\\/\\\/matildagira.eu\\\/cs\\\/shop\\\/golden-drops-japonske-koralky-miyuki-nausnice\\\/\",\"name\":\"N\u00e1u\u0161nice Golden Drops Miyuki - Matilda Gira\",\"isPartOf\":{\"@id\":\"https:\\\/\\\/matildagira.eu\\\/cs\\\/#website\"},\"primaryImageOfPage\":{\"@id\":\"https:\\\/\\\/matildagira.eu\\\/cs\\\/shop\\\/golden-drops-japonske-koralky-miyuki-nausnice\\\/#primaryimage\"},\"image\":{\"@id\":\"https:\\\/\\\/matildagira.eu\\\/cs\\\/shop\\\/golden-drops-japonske-koralky-miyuki-nausnice\\\/#primaryimage\"},\"thumbnailUrl\":\"https:\\\/\\\/matildagira.eu\\\/wp-content\\\/uploads\\\/2026\\\/04\\\/aretes-party-white_b17ee774-2f1b-4239-8d0c-ac78f17180bb.webp\",\"datePublished\":\"2026-04-06T15:09:05+00:00\",\"dateModified\":\"2026-04-06T15:31:15+00:00\",\"description\":\"Objevte na\u0161i kolekci ru\u010dn\u011b vyr\u00e1b\u011bn\u00fdch n\u00e1u\u0161nic Miyuki. Jsou utk\u00e1ny z prvot\u0159\u00eddn\u00edch japonsk\u00fdch kor\u00e1lk\u016f, m\u00eds\u00ed se v nich z\u00e1\u0159iv\u00e9 barvy, nad\u010dasov\u00fd design a kolumbijsk\u00e9 \u0159emesln\u00e9 zpracov\u00e1n\u00ed.\",\"breadcrumb\":{\"@id\":\"https:\\\/\\\/matildagira.eu\\\/cs\\\/shop\\\/golden-drops-japonske-koralky-miyuki-nausnice\\\/#breadcrumb\"},\"inLanguage\":\"cs\",\"potentialAction\":[{\"@type\":\"ReadAction\",\"target\":[\"https:\\\/\\\/matildagira.eu\\\/cs\\\/shop\\\/golden-drops-japonske-koralky-miyuki-nausnice\\\/\"]}]},{\"@type\":\"ImageObject\",\"inLanguage\":\"cs\",\"@id\":\"https:\\\/\\\/matildagira.eu\\\/cs\\\/shop\\\/golden-drops-japonske-koralky-miyuki-nausnice\\\/#primaryimage\",\"url\":\"https:\\\/\\\/matildagira.eu\\\/wp-content\\\/uploads\\\/2026\\\/04\\\/aretes-party-white_b17ee774-2f1b-4239-8d0c-ac78f17180bb.webp\",\"contentUrl\":\"https:\\\/\\\/matildagira.eu\\\/wp-content\\\/uploads\\\/2026\\\/04\\\/aretes-party-white_b17ee774-2f1b-4239-8d0c-ac78f17180bb.webp\",\"width\":800,\"height\":1200},{\"@type\":\"BreadcrumbList\",\"@id\":\"https:\\\/\\\/matildagira.eu\\\/cs\\\/shop\\\/golden-drops-japonske-koralky-miyuki-nausnice\\\/#breadcrumb\",\"itemListElement\":[{\"@type\":\"ListItem\",\"position\":1,\"name\":\"Dom\u016f\",\"item\":\"https:\\\/\\\/matildagira.eu\\\/cs\\\/\"},{\"@type\":\"ListItem\",\"position\":2,\"name\":\"Shop\",\"item\":\"https:\\\/\\\/matildagira.eu\\\/cs\\\/shop\\\/\"},{\"@type\":\"ListItem\",\"position\":3,\"name\":\"N\u00e1u\u0161nice Golden Drops Miyuki\"}]},{\"@type\":\"WebSite\",\"@id\":\"https:\\\/\\\/matildagira.eu\\\/cs\\\/#website\",\"url\":\"https:\\\/\\\/matildagira.eu\\\/cs\\\/\",\"name\":\"Matilda Gira\",\"description\":\"Handcrafted Hats\",\"publisher\":{\"@id\":\"https:\\\/\\\/matildagira.eu\\\/cs\\\/#organization\"},\"potentialAction\":[{\"@type\":\"SearchAction\",\"target\":{\"@type\":\"EntryPoint\",\"urlTemplate\":\"https:\\\/\\\/matildagira.eu\\\/cs\\\/?s={search_term_string}\"},\"query-input\":{\"@type\":\"PropertyValueSpecification\",\"valueRequired\":true,\"valueName\":\"search_term_string\"}}],\"inLanguage\":\"cs\"},{\"@type\":\"Organization\",\"@id\":\"https:\\\/\\\/matildagira.eu\\\/cs\\\/#organization\",\"name\":\"Matilda Gira\",\"url\":\"https:\\\/\\\/matildagira.eu\\\/cs\\\/\",\"logo\":{\"@type\":\"ImageObject\",\"inLanguage\":\"cs\",\"@id\":\"https:\\\/\\\/matildagira.eu\\\/cs\\\/#\\\/schema\\\/logo\\\/image\\\/\",\"url\":\"https:\\\/\\\/matildagira.eu\\\/wp-content\\\/uploads\\\/2022\\\/09\\\/LOGO-COLOR-VERDE.png\",\"contentUrl\":\"https:\\\/\\\/matildagira.eu\\\/wp-content\\\/uploads\\\/2022\\\/09\\\/LOGO-COLOR-VERDE.png\",\"width\":1010,\"height\":446,\"caption\":\"Matilda Gira\"},\"image\":{\"@id\":\"https:\\\/\\\/matildagira.eu\\\/cs\\\/#\\\/schema\\\/logo\\\/image\\\/\"},\"sameAs\":[\"https:\\\/\\\/www.facebook.com\\\/matildagira\",\"https:\\\/\\\/www.instagram.com\\\/matilda.gira\\\/\",\"https:\\\/\\\/www.pinterest.com.au\\\/matildagira\\\/\",\"https:\\\/\\\/www.tiktok.com\\\/@matildagira?lang=es\"]}]}<\/script>\n<meta property=\"product:price:amount\" content=\"480\" \/>\n<meta property=\"product:price:currency\" content=\"CZK\" \/>\n<meta property=\"og:availability\" content=\"instock\" \/>\n<meta property=\"product:availability\" content=\"instock\" \/>\n<meta property=\"product:retailer_item_id\" content=\"ACC-EAR-GOL-DRO\" \/>\n<meta property=\"product:condition\" content=\"new\" \/>\n<!-- \/ Yoast SEO plugin. -->","yoast_head_json":{"title":"N\u00e1u\u0161nice Golden Drops Miyuki - Matilda Gira","description":"Objevte na\u0161i kolekci ru\u010dn\u011b vyr\u00e1b\u011bn\u00fdch n\u00e1u\u0161nic Miyuki. Jsou utk\u00e1ny z prvot\u0159\u00eddn\u00edch japonsk\u00fdch kor\u00e1lk\u016f, m\u00eds\u00ed se v nich z\u00e1\u0159iv\u00e9 barvy, nad\u010dasov\u00fd design a kolumbijsk\u00e9 \u0159emesln\u00e9 zpracov\u00e1n\u00ed.","robots":{"index":"index","follow":"follow","max-snippet":"max-snippet:-1","max-image-preview":"max-image-preview:large","max-video-preview":"max-video-preview:-1"},"canonical":"https:\/\/matildagira.eu\/cs\/shop\/golden-drops-japonske-koralky-miyuki-nausnice\/","og_locale":"cs_CZ","og_type":"article","og_title":"N\u00e1u\u0161nice Golden Drops Miyuki - Matilda Gira","og_description":"Objevte na\u0161i kolekci ru\u010dn\u011b vyr\u00e1b\u011bn\u00fdch n\u00e1u\u0161nic Miyuki. Jsou utk\u00e1ny z prvot\u0159\u00eddn\u00edch japonsk\u00fdch kor\u00e1lk\u016f, m\u00eds\u00ed se v nich z\u00e1\u0159iv\u00e9 barvy, nad\u010dasov\u00fd design a kolumbijsk\u00e9 \u0159emesln\u00e9 zpracov\u00e1n\u00ed.","og_url":"https:\/\/matildagira.eu\/cs\/shop\/golden-drops-japonske-koralky-miyuki-nausnice\/","og_site_name":"Matilda Gira","article_publisher":"https:\/\/www.facebook.com\/matildagira","article_modified_time":"2026-04-06T15:31:15+00:00","og_image":[{"width":800,"height":1200,"url":"https:\/\/matildagira.eu\/wp-content\/uploads\/2026\/04\/aretes-party-white_b17ee774-2f1b-4239-8d0c-ac78f17180bb.webp","type":"image\/webp"}],"twitter_card":"summary_large_image","twitter_misc":{"Cena":"480&nbsp;&#75;&#269;","Dostupnost":"Skladem"},"schema":{"@context":"https:\/\/schema.org","@graph":[{"@type":"WebPage","@id":"https:\/\/matildagira.eu\/cs\/shop\/golden-drops-japonske-koralky-miyuki-nausnice\/","url":"https:\/\/matildagira.eu\/cs\/shop\/golden-drops-japonske-koralky-miyuki-nausnice\/","name":"N\u00e1u\u0161nice Golden Drops Miyuki - Matilda Gira","isPartOf":{"@id":"https:\/\/matildagira.eu\/cs\/#website"},"primaryImageOfPage":{"@id":"https:\/\/matildagira.eu\/cs\/shop\/golden-drops-japonske-koralky-miyuki-nausnice\/#primaryimage"},"image":{"@id":"https:\/\/matildagira.eu\/cs\/shop\/golden-drops-japonske-koralky-miyuki-nausnice\/#primaryimage"},"thumbnailUrl":"https:\/\/matildagira.eu\/wp-content\/uploads\/2026\/04\/aretes-party-white_b17ee774-2f1b-4239-8d0c-ac78f17180bb.webp","datePublished":"2026-04-06T15:09:05+00:00","dateModified":"2026-04-06T15:31:15+00:00","description":"Objevte na\u0161i kolekci ru\u010dn\u011b vyr\u00e1b\u011bn\u00fdch n\u00e1u\u0161nic Miyuki. Jsou utk\u00e1ny z prvot\u0159\u00eddn\u00edch japonsk\u00fdch kor\u00e1lk\u016f, m\u00eds\u00ed se v nich z\u00e1\u0159iv\u00e9 barvy, nad\u010dasov\u00fd design a kolumbijsk\u00e9 \u0159emesln\u00e9 zpracov\u00e1n\u00ed.","breadcrumb":{"@id":"https:\/\/matildagira.eu\/cs\/shop\/golden-drops-japonske-koralky-miyuki-nausnice\/#breadcrumb"},"inLanguage":"cs","potentialAction":[{"@type":"ReadAction","target":["https:\/\/matildagira.eu\/cs\/shop\/golden-drops-japonske-koralky-miyuki-nausnice\/"]}]},{"@type":"ImageObject","inLanguage":"cs","@id":"https:\/\/matildagira.eu\/cs\/shop\/golden-drops-japonske-koralky-miyuki-nausnice\/#primaryimage","url":"https:\/\/matildagira.eu\/wp-content\/uploads\/2026\/04\/aretes-party-white_b17ee774-2f1b-4239-8d0c-ac78f17180bb.webp","contentUrl":"https:\/\/matildagira.eu\/wp-content\/uploads\/2026\/04\/aretes-party-white_b17ee774-2f1b-4239-8d0c-ac78f17180bb.webp","width":800,"height":1200},{"@type":"BreadcrumbList","@id":"https:\/\/matildagira.eu\/cs\/shop\/golden-drops-japonske-koralky-miyuki-nausnice\/#breadcrumb","itemListElement":[{"@type":"ListItem","position":1,"name":"Dom\u016f","item":"https:\/\/matildagira.eu\/cs\/"},{"@type":"ListItem","position":2,"name":"Shop","item":"https:\/\/matildagira.eu\/cs\/shop\/"},{"@type":"ListItem","position":3,"name":"N\u00e1u\u0161nice Golden Drops Miyuki"}]},{"@type":"WebSite","@id":"https:\/\/matildagira.eu\/cs\/#website","url":"https:\/\/matildagira.eu\/cs\/","name":"Matilda Gira","description":"Handcrafted Hats","publisher":{"@id":"https:\/\/matildagira.eu\/cs\/#organization"},"potentialAction":[{"@type":"SearchAction","target":{"@type":"EntryPoint","urlTemplate":"https:\/\/matildagira.eu\/cs\/?s={search_term_string}"},"query-input":{"@type":"PropertyValueSpecification","valueRequired":true,"valueName":"search_term_string"}}],"inLanguage":"cs"},{"@type":"Organization","@id":"https:\/\/matildagira.eu\/cs\/#organization","name":"Matilda Gira","url":"https:\/\/matildagira.eu\/cs\/","logo":{"@type":"ImageObject","inLanguage":"cs","@id":"https:\/\/matildagira.eu\/cs\/#\/schema\/logo\/image\/","url":"https:\/\/matildagira.eu\/wp-content\/uploads\/2022\/09\/LOGO-COLOR-VERDE.png","contentUrl":"https:\/\/matildagira.eu\/wp-content\/uploads\/2022\/09\/LOGO-COLOR-VERDE.png","width":1010,"height":446,"caption":"Matilda Gira"},"image":{"@id":"https:\/\/matildagira.eu\/cs\/#\/schema\/logo\/image\/"},"sameAs":["https:\/\/www.facebook.com\/matildagira","https:\/\/www.instagram.com\/matilda.gira\/","https:\/\/www.pinterest.com.au\/matildagira\/","https:\/\/www.tiktok.com\/@matildagira?lang=es"]}]},"product_price_amount":"480","product_price_currency":"CZK","og_availability":"instock","product_availability":"instock","product_retailer_item_id":"ACC-EAR-GOL-DRO","product_condition":"new"},"_links":{"self":[{"href":"https:\/\/matildagira.eu\/cs\/wp-json\/wp\/v2\/product\/8709","targetHints":{"allow":["GET"]}}],"collection":[{"href":"https:\/\/matildagira.eu\/cs\/wp-json\/wp\/v2\/product"}],"about":[{"href":"https:\/\/matildagira.eu\/cs\/wp-json\/wp\/v2\/types\/product"}],"replies":[{"embeddable":true,"href":"https:\/\/matildagira.eu\/cs\/wp-json\/wp\/v2\/comments?post=8709"}],"version-history":[{"count":3,"href":"https:\/\/matildagira.eu\/cs\/wp-json\/wp\/v2\/product\/8709\/revisions"}],"predecessor-version":[{"id":8715,"href":"https:\/\/matildagira.eu\/cs\/wp-json\/wp\/v2\/product\/8709\/revisions\/8715"}],"wp:featuredmedia":[{"embeddable":true,"href":"https:\/\/matildagira.eu\/cs\/wp-json\/wp\/v2\/media\/8711"}],"wp:attachment":[{"href":"https:\/\/matildagira.eu\/cs\/wp-json\/wp\/v2\/media?parent=8709"}],"wp:term":[{"taxonomy":"product_brand","embeddable":true,"href":"https:\/\/matildagira.eu\/cs\/wp-json\/wp\/v2\/product_brand?post=8709"},{"taxonomy":"product_cat","embeddable":true,"href":"https:\/\/matildagira.eu\/cs\/wp-json\/wp\/v2\/product_cat?post=8709"},{"taxonomy":"product_tag","embeddable":true,"href":"https:\/\/matildagira.eu\/cs\/wp-json\/wp\/v2\/product_tag?post=8709"}],"curies":[{"name":"wp","href":"https:\/\/api.w.org\/{rel}","templated":true}]}}