



{"id":8540,"date":"2025-04-11T17:01:33","date_gmt":"2025-04-11T15:01:33","guid":{"rendered":"https:\/\/matildagira.eu\/shop\/mariana-barva-zlate-obruce\/"},"modified":"2025-04-11T17:01:33","modified_gmt":"2025-04-11T15:01:33","slug":"mariana-barva-zlate-obruce","status":"publish","type":"product","link":"https:\/\/matildagira.eu\/cs\/shop\/mariana-barva-zlate-obruce\/","title":{"rendered":"Mariana Barva Zlat\u00e9 obru\u010de"},"content":{"rendered":"<p class=\"\" data-start=\"222\" data-end=\"531\">Dodejte sv\u00e9mu ka\u017edodenn\u00edmu vzhledu z\u00e1\u0159iv\u00fd n\u00e1dech s na\u0161imi <strong data-start=\"273\" data-end=\"300\">zlat\u00fdmi n\u00e1u\u0161nicemi Mariana Color Hoop<\/strong> &#8211; odv\u00e1\u017en\u00fdm a z\u00e1rove\u0148 elegantn\u00edm dopl\u0148kem, kter\u00fd vynikne. Ka\u017ed\u00fd p\u00e1r je ru\u010dn\u011b vyroben v Kolumbii z vysoce kvalitn\u00ed oceli, luxusn\u011b pokoven 24kar\u00e1tov\u00fdm zlatem a dokon\u010den vysoce lesklou prysky\u0159ic\u00ed v z\u00e1\u0159iv\u00e9 <strong data-start=\"496\" data-end=\"508\">hork\u00e9 r\u016f\u017eov\u00e9<\/strong> nebo nad\u010dasov\u00e9 <strong data-start=\"521\" data-end=\"530\">b\u00edl\u00e9<\/strong> barv\u011b. <\/p>\n<p class=\"\" data-start=\"533\" data-end=\"667\">Tyto mohutn\u00e9 obru\u010de ve tvaru p\u00edsmene C dokonale vyva\u017euj\u00ed hravost a sofistikovanost a stanou se va\u0161\u00edm nov\u00fdm v\u00fdrazn\u00fdm kouskem.<\/p>\n","protected":false},"excerpt":{"rendered":"<h3>Vlastnosti:<\/h3>\n<ul>\n<li>Zahrnuje: Obsahuje 1 p\u00e1r obru\u010d\u00ed ve tvaru p\u00edsmene C.<\/li>\n<li>K dispozici v <strong data-start=\"749\" data-end=\"761\">hork\u00e9 r\u016f\u017eov\u00e9<\/strong> a <strong data-start=\"766\" data-end=\"775\">b\u00edl\u00e9<\/strong> barv\u011b<\/li>\n<li>24kar\u00e1tov\u00e1 pozlacen\u00e1 ocel<\/li>\n<li>Povrchov\u00e1 \u00faprava lesklou prysky\u0159ic\u00ed<\/li>\n<li>Lehk\u00e9 a pohodln\u00e9 pro celodenn\u00ed no\u0161en\u00ed<\/li>\n<li>Ru\u010dn\u00ed v\u00fdroba v Kolumbii.<\/li>\n<\/ul>\n<h3>Denn\u00ed p\u00e9\u010de:<\/h3>\n<p>Chra\u0148te sv\u00e9 \u0161perky a jejich pokoven\u00ed t\u00edm, \u017ee je sund\u00e1te p\u0159i plav\u00e1n\u00ed, sprchov\u00e1n\u00ed, cvi\u010den\u00ed, myt\u00ed rukou nebo pou\u017e\u00edv\u00e1n\u00ed jak\u00fdchkoli produkt\u016f, jako jsou parf\u00e9my, ple\u0165ov\u00e9 vody nebo p\u0159\u00edpravky na vlasy. Jsme hrd\u00ed na kvalitu na\u0161ich v\u00fdrobk\u016f; pokud by v\u0161ak va\u0161e \u0161perky byly vystaveny p\u016fsoben\u00ed n\u011bkter\u00e9ho z v\u00fd\u0161e uveden\u00fdch produkt\u016f, m\u016f\u017ee doj\u00edt k jejich zmatn\u011bn\u00ed. Ztmavnut\u00ed m\u016f\u017ee b\u00fdt zp\u016fsobeno tak\u00e9 p\u0159irozenou \u00farovn\u00ed pH poko\u017eky.  <\/p>\n<h3>Pokyny k \u010di\u0161t\u011bn\u00ed:<\/h3>\n<p>Chcete-li \u0161perky udr\u017eet \u010dist\u00e9, ot\u0159ete je m\u011bkk\u00fdm had\u0159\u00edkem. Nepou\u017e\u00edvejte \u010distic\u00ed prost\u0159edky na \u0161perky. <\/p>\n","protected":false},"featured_media":8136,"comment_status":"open","ping_status":"closed","template":"","meta":{"_monsterinsights_skip_tracking":false,"_monsterinsights_sitenote_active":false,"_monsterinsights_sitenote_note":"","_monsterinsights_sitenote_category":0},"product_brand":[],"product_cat":[672,708],"product_tag":[731],"class_list":{"0":"post-8540","1":"product","2":"type-product","3":"status-publish","4":"has-post-thumbnail","6":"product_cat-nausnice","7":"product_cat-sperky","8":"product_tag-kolekce-primavera","10":"first","11":"instock","12":"taxable","13":"shipping-taxable","14":"purchasable","15":"product-type-variable"},"supplier_id":null,"supplier_sku":"","barcode":null,"atum_controlled":true,"out_stock_date":null,"out_stock_threshold":null,"inheritable":true,"inbound_stock":null,"stock_on_hold":0,"sold_today":0,"sales_last_days":0,"reserved_stock":0,"customer_returns":0,"warehouse_damage":null,"lost_in_post":0,"other_logs":null,"out_stock_days":0,"lost_sales":0,"has_location":false,"update_date":"2026-04-05T00:07:41","atum_locations":[],"atum_stock_status":"instock","restock_status":false,"low_stock_amount":"","sales_update_date":"2026-04-05T00:07:41","calc_backorders":null,"yoast_head":"<!-- This site is optimized with the Yoast SEO plugin v27.3 - https:\/\/yoast.com\/product\/yoast-seo-wordpress\/ -->\n<title>Mariana Barva Zlat\u00e9 obru\u010de - Matilda Gira<\/title>\n<meta name=\"robots\" content=\"index, follow, max-snippet:-1, max-image-preview:large, max-video-preview:-1\" \/>\n<link rel=\"canonical\" href=\"https:\/\/matildagira.eu\/cs\/shop\/mariana-barva-zlate-obruce\/\" \/>\n<meta property=\"og:locale\" content=\"cs_CZ\" \/>\n<meta property=\"og:type\" content=\"article\" \/>\n<meta property=\"og:title\" content=\"Mariana Barva Zlat\u00e9 obru\u010de - Matilda Gira\" \/>\n<meta property=\"og:description\" content=\"Vlastnosti:  Zahrnuje: Obsahuje 1 p\u00e1r obru\u010d\u00ed ve tvaru p\u00edsmene C.  K dispozici v hork\u00e9 r\u016f\u017eov\u00e9 a b\u00edl\u00e9 barv\u011b  24kar\u00e1tov\u00e1 pozlacen\u00e1 ocel  Povrchov\u00e1 \u00faprava lesklou prysky\u0159ic\u00ed  Lehk\u00e9 a pohodln\u00e9 pro celodenn\u00ed no\u0161en\u00ed  Ru\u010dn\u00ed v\u00fdroba v Kolumbii. Denn\u00ed p\u00e9\u010de: Chra\u0148te sv\u00e9 \u0161perky a jejich pokoven\u00ed t\u00edm, \u017ee je sund\u00e1te p\u0159i plav\u00e1n\u00ed, sprchov\u00e1n\u00ed, cvi\u010den\u00ed, myt\u00ed rukou nebo pou\u017e\u00edv\u00e1n\u00ed jak\u00fdchkoli produkt\u016f, jako jsou parf\u00e9my, ple\u0165ov\u00e9 vody nebo p\u0159\u00edpravky na vlasy. Jsme hrd\u00ed na kvalitu na\u0161ich v\u00fdrobk\u016f; pokud by v\u0161ak va\u0161e \u0161perky byly vystaveny p\u016fsoben\u00ed n\u011bkter\u00e9ho z v\u00fd\u0161e uveden\u00fdch produkt\u016f, m\u016f\u017ee doj\u00edt k jejich zmatn\u011bn\u00ed. Ztmavnut\u00ed m\u016f\u017ee b\u00fdt zp\u016fsobeno tak\u00e9 p\u0159irozenou \u00farovn\u00ed pH poko\u017eky.  Pokyny k \u010di\u0161t\u011bn\u00ed: Chcete-li \u0161perky udr\u017eet \u010dist\u00e9, ot\u0159ete je m\u011bkk\u00fdm had\u0159\u00edkem. Nepou\u017e\u00edvejte \u010distic\u00ed prost\u0159edky na \u0161perky.\" \/>\n<meta property=\"og:url\" content=\"https:\/\/matildagira.eu\/cs\/shop\/mariana-barva-zlate-obruce\/\" \/>\n<meta property=\"og:site_name\" content=\"Matilda Gira\" \/>\n<meta property=\"article:publisher\" content=\"https:\/\/www.facebook.com\/matildagira\" \/>\n<meta property=\"og:image\" content=\"https:\/\/matildagira.eu\/wp-content\/uploads\/2025\/04\/candongas-white-doradas.webp\" \/>\n\t<meta property=\"og:image:width\" content=\"700\" \/>\n\t<meta property=\"og:image:height\" content=\"1050\" \/>\n\t<meta property=\"og:image:type\" content=\"image\/webp\" \/>\n<meta name=\"twitter:card\" content=\"summary_large_image\" \/>\n<meta name=\"twitter:label1\" content=\"Dostupnost\" \/>\n\t<meta name=\"twitter:data1\" content=\"Skladem\" \/>\n<script type=\"application\/ld+json\" class=\"yoast-schema-graph\">{\"@context\":\"https:\\\/\\\/schema.org\",\"@graph\":[{\"@type\":\"WebPage\",\"@id\":\"https:\\\/\\\/matildagira.eu\\\/cs\\\/shop\\\/mariana-barva-zlate-obruce\\\/\",\"url\":\"https:\\\/\\\/matildagira.eu\\\/cs\\\/shop\\\/mariana-barva-zlate-obruce\\\/\",\"name\":\"Mariana Barva Zlat\u00e9 obru\u010de - Matilda Gira\",\"isPartOf\":{\"@id\":\"https:\\\/\\\/matildagira.eu\\\/cs\\\/#website\"},\"primaryImageOfPage\":{\"@id\":\"https:\\\/\\\/matildagira.eu\\\/cs\\\/shop\\\/mariana-barva-zlate-obruce\\\/#primaryimage\"},\"image\":{\"@id\":\"https:\\\/\\\/matildagira.eu\\\/cs\\\/shop\\\/mariana-barva-zlate-obruce\\\/#primaryimage\"},\"thumbnailUrl\":\"https:\\\/\\\/matildagira.eu\\\/wp-content\\\/uploads\\\/2025\\\/04\\\/candongas-white-doradas.webp\",\"datePublished\":\"2025-04-11T15:01:33+00:00\",\"breadcrumb\":{\"@id\":\"https:\\\/\\\/matildagira.eu\\\/cs\\\/shop\\\/mariana-barva-zlate-obruce\\\/#breadcrumb\"},\"inLanguage\":\"cs\",\"potentialAction\":[{\"@type\":\"ReadAction\",\"target\":[\"https:\\\/\\\/matildagira.eu\\\/cs\\\/shop\\\/mariana-barva-zlate-obruce\\\/\"]}]},{\"@type\":\"ImageObject\",\"inLanguage\":\"cs\",\"@id\":\"https:\\\/\\\/matildagira.eu\\\/cs\\\/shop\\\/mariana-barva-zlate-obruce\\\/#primaryimage\",\"url\":\"https:\\\/\\\/matildagira.eu\\\/wp-content\\\/uploads\\\/2025\\\/04\\\/candongas-white-doradas.webp\",\"contentUrl\":\"https:\\\/\\\/matildagira.eu\\\/wp-content\\\/uploads\\\/2025\\\/04\\\/candongas-white-doradas.webp\",\"width\":700,\"height\":1050},{\"@type\":\"BreadcrumbList\",\"@id\":\"https:\\\/\\\/matildagira.eu\\\/cs\\\/shop\\\/mariana-barva-zlate-obruce\\\/#breadcrumb\",\"itemListElement\":[{\"@type\":\"ListItem\",\"position\":1,\"name\":\"Dom\u016f\",\"item\":\"https:\\\/\\\/matildagira.eu\\\/cs\\\/\"},{\"@type\":\"ListItem\",\"position\":2,\"name\":\"Shop\",\"item\":\"https:\\\/\\\/matildagira.eu\\\/cs\\\/shop\\\/\"},{\"@type\":\"ListItem\",\"position\":3,\"name\":\"Mariana Barva Zlat\u00e9 obru\u010de\"}]},{\"@type\":\"WebSite\",\"@id\":\"https:\\\/\\\/matildagira.eu\\\/cs\\\/#website\",\"url\":\"https:\\\/\\\/matildagira.eu\\\/cs\\\/\",\"name\":\"Matilda Gira\",\"description\":\"Handcrafted Hats\",\"publisher\":{\"@id\":\"https:\\\/\\\/matildagira.eu\\\/cs\\\/#organization\"},\"potentialAction\":[{\"@type\":\"SearchAction\",\"target\":{\"@type\":\"EntryPoint\",\"urlTemplate\":\"https:\\\/\\\/matildagira.eu\\\/cs\\\/?s={search_term_string}\"},\"query-input\":{\"@type\":\"PropertyValueSpecification\",\"valueRequired\":true,\"valueName\":\"search_term_string\"}}],\"inLanguage\":\"cs\"},{\"@type\":\"Organization\",\"@id\":\"https:\\\/\\\/matildagira.eu\\\/cs\\\/#organization\",\"name\":\"Matilda Gira\",\"url\":\"https:\\\/\\\/matildagira.eu\\\/cs\\\/\",\"logo\":{\"@type\":\"ImageObject\",\"inLanguage\":\"cs\",\"@id\":\"https:\\\/\\\/matildagira.eu\\\/cs\\\/#\\\/schema\\\/logo\\\/image\\\/\",\"url\":\"https:\\\/\\\/matildagira.eu\\\/wp-content\\\/uploads\\\/2022\\\/09\\\/LOGO-COLOR-VERDE.png\",\"contentUrl\":\"https:\\\/\\\/matildagira.eu\\\/wp-content\\\/uploads\\\/2022\\\/09\\\/LOGO-COLOR-VERDE.png\",\"width\":1010,\"height\":446,\"caption\":\"Matilda Gira\"},\"image\":{\"@id\":\"https:\\\/\\\/matildagira.eu\\\/cs\\\/#\\\/schema\\\/logo\\\/image\\\/\"},\"sameAs\":[\"https:\\\/\\\/www.facebook.com\\\/matildagira\",\"https:\\\/\\\/www.instagram.com\\\/matilda.gira\\\/\",\"https:\\\/\\\/www.pinterest.com.au\\\/matildagira\\\/\",\"https:\\\/\\\/www.tiktok.com\\\/@matildagira?lang=es\"]}]}<\/script>\n<meta property=\"og:availability\" content=\"instock\" \/>\n<meta property=\"product:availability\" content=\"instock\" \/>\n<meta property=\"product:retailer_item_id\" content=\"ACC-EAR-MARIA\" \/>\n<meta property=\"product:condition\" content=\"new\" \/>\n<!-- \/ Yoast SEO plugin. -->","yoast_head_json":{"title":"Mariana Barva Zlat\u00e9 obru\u010de - Matilda Gira","robots":{"index":"index","follow":"follow","max-snippet":"max-snippet:-1","max-image-preview":"max-image-preview:large","max-video-preview":"max-video-preview:-1"},"canonical":"https:\/\/matildagira.eu\/cs\/shop\/mariana-barva-zlate-obruce\/","og_locale":"cs_CZ","og_type":"article","og_title":"Mariana Barva Zlat\u00e9 obru\u010de - Matilda Gira","og_description":"Vlastnosti:  Zahrnuje: Obsahuje 1 p\u00e1r obru\u010d\u00ed ve tvaru p\u00edsmene C.  K dispozici v hork\u00e9 r\u016f\u017eov\u00e9 a b\u00edl\u00e9 barv\u011b  24kar\u00e1tov\u00e1 pozlacen\u00e1 ocel  Povrchov\u00e1 \u00faprava lesklou prysky\u0159ic\u00ed  Lehk\u00e9 a pohodln\u00e9 pro celodenn\u00ed no\u0161en\u00ed  Ru\u010dn\u00ed v\u00fdroba v Kolumbii. Denn\u00ed p\u00e9\u010de: Chra\u0148te sv\u00e9 \u0161perky a jejich pokoven\u00ed t\u00edm, \u017ee je sund\u00e1te p\u0159i plav\u00e1n\u00ed, sprchov\u00e1n\u00ed, cvi\u010den\u00ed, myt\u00ed rukou nebo pou\u017e\u00edv\u00e1n\u00ed jak\u00fdchkoli produkt\u016f, jako jsou parf\u00e9my, ple\u0165ov\u00e9 vody nebo p\u0159\u00edpravky na vlasy. Jsme hrd\u00ed na kvalitu na\u0161ich v\u00fdrobk\u016f; pokud by v\u0161ak va\u0161e \u0161perky byly vystaveny p\u016fsoben\u00ed n\u011bkter\u00e9ho z v\u00fd\u0161e uveden\u00fdch produkt\u016f, m\u016f\u017ee doj\u00edt k jejich zmatn\u011bn\u00ed. Ztmavnut\u00ed m\u016f\u017ee b\u00fdt zp\u016fsobeno tak\u00e9 p\u0159irozenou \u00farovn\u00ed pH poko\u017eky.  Pokyny k \u010di\u0161t\u011bn\u00ed: Chcete-li \u0161perky udr\u017eet \u010dist\u00e9, ot\u0159ete je m\u011bkk\u00fdm had\u0159\u00edkem. Nepou\u017e\u00edvejte \u010distic\u00ed prost\u0159edky na \u0161perky.","og_url":"https:\/\/matildagira.eu\/cs\/shop\/mariana-barva-zlate-obruce\/","og_site_name":"Matilda Gira","article_publisher":"https:\/\/www.facebook.com\/matildagira","og_image":[{"width":700,"height":1050,"url":"https:\/\/matildagira.eu\/wp-content\/uploads\/2025\/04\/candongas-white-doradas.webp","type":"image\/webp"}],"twitter_card":"summary_large_image","twitter_misc":{"Dostupnost":"Skladem"},"schema":{"@context":"https:\/\/schema.org","@graph":[{"@type":"WebPage","@id":"https:\/\/matildagira.eu\/cs\/shop\/mariana-barva-zlate-obruce\/","url":"https:\/\/matildagira.eu\/cs\/shop\/mariana-barva-zlate-obruce\/","name":"Mariana Barva Zlat\u00e9 obru\u010de - Matilda Gira","isPartOf":{"@id":"https:\/\/matildagira.eu\/cs\/#website"},"primaryImageOfPage":{"@id":"https:\/\/matildagira.eu\/cs\/shop\/mariana-barva-zlate-obruce\/#primaryimage"},"image":{"@id":"https:\/\/matildagira.eu\/cs\/shop\/mariana-barva-zlate-obruce\/#primaryimage"},"thumbnailUrl":"https:\/\/matildagira.eu\/wp-content\/uploads\/2025\/04\/candongas-white-doradas.webp","datePublished":"2025-04-11T15:01:33+00:00","breadcrumb":{"@id":"https:\/\/matildagira.eu\/cs\/shop\/mariana-barva-zlate-obruce\/#breadcrumb"},"inLanguage":"cs","potentialAction":[{"@type":"ReadAction","target":["https:\/\/matildagira.eu\/cs\/shop\/mariana-barva-zlate-obruce\/"]}]},{"@type":"ImageObject","inLanguage":"cs","@id":"https:\/\/matildagira.eu\/cs\/shop\/mariana-barva-zlate-obruce\/#primaryimage","url":"https:\/\/matildagira.eu\/wp-content\/uploads\/2025\/04\/candongas-white-doradas.webp","contentUrl":"https:\/\/matildagira.eu\/wp-content\/uploads\/2025\/04\/candongas-white-doradas.webp","width":700,"height":1050},{"@type":"BreadcrumbList","@id":"https:\/\/matildagira.eu\/cs\/shop\/mariana-barva-zlate-obruce\/#breadcrumb","itemListElement":[{"@type":"ListItem","position":1,"name":"Dom\u016f","item":"https:\/\/matildagira.eu\/cs\/"},{"@type":"ListItem","position":2,"name":"Shop","item":"https:\/\/matildagira.eu\/cs\/shop\/"},{"@type":"ListItem","position":3,"name":"Mariana Barva Zlat\u00e9 obru\u010de"}]},{"@type":"WebSite","@id":"https:\/\/matildagira.eu\/cs\/#website","url":"https:\/\/matildagira.eu\/cs\/","name":"Matilda Gira","description":"Handcrafted Hats","publisher":{"@id":"https:\/\/matildagira.eu\/cs\/#organization"},"potentialAction":[{"@type":"SearchAction","target":{"@type":"EntryPoint","urlTemplate":"https:\/\/matildagira.eu\/cs\/?s={search_term_string}"},"query-input":{"@type":"PropertyValueSpecification","valueRequired":true,"valueName":"search_term_string"}}],"inLanguage":"cs"},{"@type":"Organization","@id":"https:\/\/matildagira.eu\/cs\/#organization","name":"Matilda Gira","url":"https:\/\/matildagira.eu\/cs\/","logo":{"@type":"ImageObject","inLanguage":"cs","@id":"https:\/\/matildagira.eu\/cs\/#\/schema\/logo\/image\/","url":"https:\/\/matildagira.eu\/wp-content\/uploads\/2022\/09\/LOGO-COLOR-VERDE.png","contentUrl":"https:\/\/matildagira.eu\/wp-content\/uploads\/2022\/09\/LOGO-COLOR-VERDE.png","width":1010,"height":446,"caption":"Matilda Gira"},"image":{"@id":"https:\/\/matildagira.eu\/cs\/#\/schema\/logo\/image\/"},"sameAs":["https:\/\/www.facebook.com\/matildagira","https:\/\/www.instagram.com\/matilda.gira\/","https:\/\/www.pinterest.com.au\/matildagira\/","https:\/\/www.tiktok.com\/@matildagira?lang=es"]}]},"og_availability":"instock","product_availability":"instock","product_retailer_item_id":"ACC-EAR-MARIA","product_condition":"new"},"_links":{"self":[{"href":"https:\/\/matildagira.eu\/cs\/wp-json\/wp\/v2\/product\/8540","targetHints":{"allow":["GET"]}}],"collection":[{"href":"https:\/\/matildagira.eu\/cs\/wp-json\/wp\/v2\/product"}],"about":[{"href":"https:\/\/matildagira.eu\/cs\/wp-json\/wp\/v2\/types\/product"}],"replies":[{"embeddable":true,"href":"https:\/\/matildagira.eu\/cs\/wp-json\/wp\/v2\/comments?post=8540"}],"version-history":[{"count":0,"href":"https:\/\/matildagira.eu\/cs\/wp-json\/wp\/v2\/product\/8540\/revisions"}],"wp:featuredmedia":[{"embeddable":true,"href":"https:\/\/matildagira.eu\/cs\/wp-json\/wp\/v2\/media\/8136"}],"wp:attachment":[{"href":"https:\/\/matildagira.eu\/cs\/wp-json\/wp\/v2\/media?parent=8540"}],"wp:term":[{"taxonomy":"product_brand","embeddable":true,"href":"https:\/\/matildagira.eu\/cs\/wp-json\/wp\/v2\/product_brand?post=8540"},{"taxonomy":"product_cat","embeddable":true,"href":"https:\/\/matildagira.eu\/cs\/wp-json\/wp\/v2\/product_cat?post=8540"},{"taxonomy":"product_tag","embeddable":true,"href":"https:\/\/matildagira.eu\/cs\/wp-json\/wp\/v2\/product_tag?post=8540"}],"curies":[{"name":"wp","href":"https:\/\/api.w.org\/{rel}","templated":true}]}}