



{"id":8519,"date":"2025-07-28T14:35:32","date_gmt":"2025-07-28T12:35:32","guid":{"rendered":"https:\/\/matildagira.eu\/shop\/sada-naramku-z-ceskych-koralku-half-moon\/"},"modified":"2025-07-28T14:40:43","modified_gmt":"2025-07-28T12:40:43","slug":"half-moon-naramku","status":"publish","type":"product","link":"https:\/\/matildagira.eu\/cs\/shop\/half-moon-naramku\/","title":{"rendered":"Half Moon Sada n\u00e1ramk\u016f z \u010desk\u00fdch kor\u00e1lk\u016f"},"content":{"rendered":"<p>Ozdobte sv\u00e9 z\u00e1p\u011bst\u00ed mystick\u00fdm p\u016fvabem sady n\u00e1ramk\u016f &#8222;Half Moon Czech Beads Bracelet Set&#8220; od Matildy Giry. V t\u00e9to nebesk\u00e9 kolekci se propl\u00e9t\u00e1 duhov\u00fd p\u016fvab \u010desk\u00fdch kor\u00e1lk\u016f s jemn\u00fdm leskem mur\u00e1nsk\u00fdch perl\u00ed. Ka\u017ed\u00fd n\u00e1ramek zdob\u00ed \u00e9terick\u00e1 z\u00e1\u0159e zlat\u00fdch p\u0159\u00edv\u011bsk\u016f se zlatou v\u00fdpln\u00ed. Ru\u010dn\u011b vyrobeno s l\u00e1skou a p\u00e9\u010d\u00ed v Kolumbii.<\/p>\n","protected":false},"excerpt":{"rendered":"<h3>Vlastnosti:<\/h3>\n<ul>\n<li>N\u00e1ramky tkan\u00e9 z \u010desk\u00fdch perli\u010dek.<\/li>\n<li>P\u0159\u00edv\u011bsky a povrchov\u00e9 \u00fapravy z pozlacen\u00e9ho zlata.<\/li>\n<li>Ru\u010dn\u00ed v\u00fdroba v Kolumbii.<\/li>\n<\/ul>\n<h3>Denn\u00ed p\u00e9\u010de:<\/h3>\n<p>Chra\u0148te sv\u00e9 \u0161perky a jejich pokoven\u00ed t\u00edm, \u017ee je sund\u00e1te p\u0159i plav\u00e1n\u00ed, sprchov\u00e1n\u00ed, cvi\u010den\u00ed, myt\u00ed rukou nebo pou\u017e\u00edv\u00e1n\u00ed jak\u00fdchkoli produkt\u016f, jako jsou parf\u00e9my, ple\u0165ov\u00e9 vody nebo p\u0159\u00edpravky na vlasy. Jsme hrd\u00ed na kvalitu na\u0161ich v\u00fdrobk\u016f; pokud by v\u0161ak va\u0161e \u0161perky byly vystaveny p\u016fsoben\u00ed n\u011bkter\u00e9ho z v\u00fd\u0161e uveden\u00fdch produkt\u016f, m\u016f\u017ee doj\u00edt k jejich zmatn\u011bn\u00ed. Ztmavnut\u00ed m\u016f\u017ee b\u00fdt zp\u016fsobeno tak\u00e9 p\u0159irozenou \u00farovn\u00ed pH poko\u017eky.<\/p>\n<h3>Pokyny k \u010di\u0161t\u011bn\u00ed:<\/h3>\n<p>Chcete-li \u0161perky udr\u017eet \u010dist\u00e9, ot\u0159ete je m\u011bkk\u00fdm had\u0159\u00edkem. Nepou\u017e\u00edvejte \u010distic\u00ed prost\u0159edky na \u0161perky.<\/p>\n","protected":false},"featured_media":7015,"comment_status":"closed","ping_status":"closed","template":"","meta":{"_monsterinsights_skip_tracking":false,"_monsterinsights_sitenote_active":false,"_monsterinsights_sitenote_note":"","_monsterinsights_sitenote_category":0},"product_brand":[],"product_cat":[666,708],"product_tag":[730],"class_list":{"0":"post-8519","1":"product","2":"type-product","3":"status-publish","4":"has-post-thumbnail","6":"product_cat-naramky","7":"product_cat-sperky","8":"product_tag-ceske-koralky","10":"first","11":"outofstock","12":"taxable","13":"shipping-taxable","14":"purchasable","15":"product-type-simple"},"supplier_id":null,"supplier_sku":"","barcode":null,"atum_controlled":true,"out_stock_date":"2026-03-15 16:07:52","out_stock_threshold":null,"inheritable":false,"inbound_stock":null,"stock_on_hold":0,"sold_today":0,"sales_last_days":0,"reserved_stock":null,"customer_returns":null,"warehouse_damage":null,"lost_in_post":null,"other_logs":null,"out_stock_days":19,"lost_sales":0,"has_location":false,"update_date":"2026-04-04T00:05:41","atum_locations":[],"atum_stock_status":"outofstock","restock_status":false,"low_stock_amount":"","sales_update_date":"2026-04-04T00:05:41","calc_backorders":null,"yoast_head":"<!-- This site is optimized with the Yoast SEO plugin v27.3 - https:\/\/yoast.com\/product\/yoast-seo-wordpress\/ -->\n<title>Half Moon Sada n\u00e1ramk\u016f z \u010desk\u00fdch kor\u00e1lk\u016f - Matilda Gira<\/title>\n<meta name=\"robots\" content=\"index, follow, max-snippet:-1, max-image-preview:large, max-video-preview:-1\" \/>\n<link rel=\"canonical\" href=\"https:\/\/matildagira.eu\/cs\/shop\/half-moon-naramku\/\" \/>\n<meta property=\"og:locale\" content=\"cs_CZ\" \/>\n<meta property=\"og:type\" content=\"article\" \/>\n<meta property=\"og:title\" content=\"Half Moon Sada n\u00e1ramk\u016f z \u010desk\u00fdch kor\u00e1lk\u016f - Matilda Gira\" \/>\n<meta property=\"og:description\" content=\"Vlastnosti:   N\u00e1ramky tkan\u00e9 z \u010desk\u00fdch perli\u010dek.  P\u0159\u00edv\u011bsky a povrchov\u00e9 \u00fapravy z pozlacen\u00e9ho zlata.  Ru\u010dn\u00ed v\u00fdroba v Kolumbii.  Denn\u00ed p\u00e9\u010de: Chra\u0148te sv\u00e9 \u0161perky a jejich pokoven\u00ed t\u00edm, \u017ee je sund\u00e1te p\u0159i plav\u00e1n\u00ed, sprchov\u00e1n\u00ed, cvi\u010den\u00ed, myt\u00ed rukou nebo pou\u017e\u00edv\u00e1n\u00ed jak\u00fdchkoli produkt\u016f, jako jsou parf\u00e9my, ple\u0165ov\u00e9 vody nebo p\u0159\u00edpravky na vlasy. Jsme hrd\u00ed na kvalitu na\u0161ich v\u00fdrobk\u016f; pokud by v\u0161ak va\u0161e \u0161perky byly vystaveny p\u016fsoben\u00ed n\u011bkter\u00e9ho z v\u00fd\u0161e uveden\u00fdch produkt\u016f, m\u016f\u017ee doj\u00edt k jejich zmatn\u011bn\u00ed. Ztmavnut\u00ed m\u016f\u017ee b\u00fdt zp\u016fsobeno tak\u00e9 p\u0159irozenou \u00farovn\u00ed pH poko\u017eky. Pokyny k \u010di\u0161t\u011bn\u00ed: Chcete-li \u0161perky udr\u017eet \u010dist\u00e9, ot\u0159ete je m\u011bkk\u00fdm had\u0159\u00edkem. Nepou\u017e\u00edvejte \u010distic\u00ed prost\u0159edky na \u0161perky.\" \/>\n<meta property=\"og:url\" content=\"https:\/\/matildagira.eu\/cs\/shop\/half-moon-naramku\/\" \/>\n<meta property=\"og:site_name\" content=\"Matilda Gira\" \/>\n<meta property=\"article:publisher\" content=\"https:\/\/www.facebook.com\/matildagira\" \/>\n<meta property=\"article:modified_time\" content=\"2025-07-28T12:40:43+00:00\" \/>\n<meta property=\"og:image\" content=\"https:\/\/matildagira.eu\/wp-content\/uploads\/2024\/03\/White-Moon-Czech-Beads-Bracelet-Set_3-scaled-1.jpg\" \/>\n\t<meta property=\"og:image:width\" content=\"561\" \/>\n\t<meta property=\"og:image:height\" content=\"841\" \/>\n\t<meta property=\"og:image:type\" content=\"image\/jpeg\" \/>\n<meta name=\"twitter:card\" content=\"summary_large_image\" \/>\n<meta name=\"twitter:label1\" content=\"Cena\" \/>\n\t<meta name=\"twitter:data1\" content=\"550&nbsp;&#075;&#269;\" \/>\n\t<meta name=\"twitter:label2\" content=\"Dostupnost\" \/>\n\t<meta name=\"twitter:data2\" content=\"Nen\u00ed skladem\" \/>\n<script type=\"application\/ld+json\" class=\"yoast-schema-graph\">{\"@context\":\"https:\\\/\\\/schema.org\",\"@graph\":[{\"@type\":\"WebPage\",\"@id\":\"https:\\\/\\\/matildagira.eu\\\/cs\\\/shop\\\/half-moon-naramku\\\/\",\"url\":\"https:\\\/\\\/matildagira.eu\\\/cs\\\/shop\\\/half-moon-naramku\\\/\",\"name\":\"Half Moon Sada n\u00e1ramk\u016f z \u010desk\u00fdch kor\u00e1lk\u016f - Matilda Gira\",\"isPartOf\":{\"@id\":\"https:\\\/\\\/matildagira.eu\\\/cs\\\/#website\"},\"primaryImageOfPage\":{\"@id\":\"https:\\\/\\\/matildagira.eu\\\/cs\\\/shop\\\/half-moon-naramku\\\/#primaryimage\"},\"image\":{\"@id\":\"https:\\\/\\\/matildagira.eu\\\/cs\\\/shop\\\/half-moon-naramku\\\/#primaryimage\"},\"thumbnailUrl\":\"https:\\\/\\\/matildagira.eu\\\/wp-content\\\/uploads\\\/2024\\\/03\\\/White-Moon-Czech-Beads-Bracelet-Set_3-scaled-1.jpg\",\"datePublished\":\"2025-07-28T12:35:32+00:00\",\"dateModified\":\"2025-07-28T12:40:43+00:00\",\"breadcrumb\":{\"@id\":\"https:\\\/\\\/matildagira.eu\\\/cs\\\/shop\\\/half-moon-naramku\\\/#breadcrumb\"},\"inLanguage\":\"cs\",\"potentialAction\":[{\"@type\":\"ReadAction\",\"target\":[\"https:\\\/\\\/matildagira.eu\\\/cs\\\/shop\\\/half-moon-naramku\\\/\"]}]},{\"@type\":\"ImageObject\",\"inLanguage\":\"cs\",\"@id\":\"https:\\\/\\\/matildagira.eu\\\/cs\\\/shop\\\/half-moon-naramku\\\/#primaryimage\",\"url\":\"https:\\\/\\\/matildagira.eu\\\/wp-content\\\/uploads\\\/2024\\\/03\\\/White-Moon-Czech-Beads-Bracelet-Set_3-scaled-1.jpg\",\"contentUrl\":\"https:\\\/\\\/matildagira.eu\\\/wp-content\\\/uploads\\\/2024\\\/03\\\/White-Moon-Czech-Beads-Bracelet-Set_3-scaled-1.jpg\",\"width\":561,\"height\":841},{\"@type\":\"BreadcrumbList\",\"@id\":\"https:\\\/\\\/matildagira.eu\\\/cs\\\/shop\\\/half-moon-naramku\\\/#breadcrumb\",\"itemListElement\":[{\"@type\":\"ListItem\",\"position\":1,\"name\":\"Dom\u016f\",\"item\":\"https:\\\/\\\/matildagira.eu\\\/cs\\\/\"},{\"@type\":\"ListItem\",\"position\":2,\"name\":\"Shop\",\"item\":\"https:\\\/\\\/matildagira.eu\\\/cs\\\/shop\\\/\"},{\"@type\":\"ListItem\",\"position\":3,\"name\":\"Half Moon Sada n\u00e1ramk\u016f z \u010desk\u00fdch kor\u00e1lk\u016f\"}]},{\"@type\":\"WebSite\",\"@id\":\"https:\\\/\\\/matildagira.eu\\\/cs\\\/#website\",\"url\":\"https:\\\/\\\/matildagira.eu\\\/cs\\\/\",\"name\":\"Matilda Gira\",\"description\":\"Handcrafted Hats\",\"publisher\":{\"@id\":\"https:\\\/\\\/matildagira.eu\\\/cs\\\/#organization\"},\"potentialAction\":[{\"@type\":\"SearchAction\",\"target\":{\"@type\":\"EntryPoint\",\"urlTemplate\":\"https:\\\/\\\/matildagira.eu\\\/cs\\\/?s={search_term_string}\"},\"query-input\":{\"@type\":\"PropertyValueSpecification\",\"valueRequired\":true,\"valueName\":\"search_term_string\"}}],\"inLanguage\":\"cs\"},{\"@type\":\"Organization\",\"@id\":\"https:\\\/\\\/matildagira.eu\\\/cs\\\/#organization\",\"name\":\"Matilda Gira\",\"url\":\"https:\\\/\\\/matildagira.eu\\\/cs\\\/\",\"logo\":{\"@type\":\"ImageObject\",\"inLanguage\":\"cs\",\"@id\":\"https:\\\/\\\/matildagira.eu\\\/cs\\\/#\\\/schema\\\/logo\\\/image\\\/\",\"url\":\"https:\\\/\\\/matildagira.eu\\\/wp-content\\\/uploads\\\/2022\\\/09\\\/LOGO-COLOR-VERDE.png\",\"contentUrl\":\"https:\\\/\\\/matildagira.eu\\\/wp-content\\\/uploads\\\/2022\\\/09\\\/LOGO-COLOR-VERDE.png\",\"width\":1010,\"height\":446,\"caption\":\"Matilda Gira\"},\"image\":{\"@id\":\"https:\\\/\\\/matildagira.eu\\\/cs\\\/#\\\/schema\\\/logo\\\/image\\\/\"},\"sameAs\":[\"https:\\\/\\\/www.facebook.com\\\/matildagira\",\"https:\\\/\\\/www.instagram.com\\\/matilda.gira\\\/\",\"https:\\\/\\\/www.pinterest.com.au\\\/matildagira\\\/\",\"https:\\\/\\\/www.tiktok.com\\\/@matildagira?lang=es\"]}]}<\/script>\n<meta property=\"product:price:amount\" content=\"550\" \/>\n<meta property=\"product:price:currency\" content=\"CZK\" \/>\n<meta property=\"og:availability\" content=\"out of stock\" \/>\n<meta property=\"product:availability\" content=\"out of stock\" \/>\n<meta property=\"product:retailer_item_id\" content=\"ACC-BRA-HALFMOON\" \/>\n<meta property=\"product:condition\" content=\"new\" \/>\n<!-- \/ Yoast SEO plugin. -->","yoast_head_json":{"title":"Half Moon Sada n\u00e1ramk\u016f z \u010desk\u00fdch kor\u00e1lk\u016f - Matilda Gira","robots":{"index":"index","follow":"follow","max-snippet":"max-snippet:-1","max-image-preview":"max-image-preview:large","max-video-preview":"max-video-preview:-1"},"canonical":"https:\/\/matildagira.eu\/cs\/shop\/half-moon-naramku\/","og_locale":"cs_CZ","og_type":"article","og_title":"Half Moon Sada n\u00e1ramk\u016f z \u010desk\u00fdch kor\u00e1lk\u016f - Matilda Gira","og_description":"Vlastnosti:   N\u00e1ramky tkan\u00e9 z \u010desk\u00fdch perli\u010dek.  P\u0159\u00edv\u011bsky a povrchov\u00e9 \u00fapravy z pozlacen\u00e9ho zlata.  Ru\u010dn\u00ed v\u00fdroba v Kolumbii.  Denn\u00ed p\u00e9\u010de: Chra\u0148te sv\u00e9 \u0161perky a jejich pokoven\u00ed t\u00edm, \u017ee je sund\u00e1te p\u0159i plav\u00e1n\u00ed, sprchov\u00e1n\u00ed, cvi\u010den\u00ed, myt\u00ed rukou nebo pou\u017e\u00edv\u00e1n\u00ed jak\u00fdchkoli produkt\u016f, jako jsou parf\u00e9my, ple\u0165ov\u00e9 vody nebo p\u0159\u00edpravky na vlasy. Jsme hrd\u00ed na kvalitu na\u0161ich v\u00fdrobk\u016f; pokud by v\u0161ak va\u0161e \u0161perky byly vystaveny p\u016fsoben\u00ed n\u011bkter\u00e9ho z v\u00fd\u0161e uveden\u00fdch produkt\u016f, m\u016f\u017ee doj\u00edt k jejich zmatn\u011bn\u00ed. Ztmavnut\u00ed m\u016f\u017ee b\u00fdt zp\u016fsobeno tak\u00e9 p\u0159irozenou \u00farovn\u00ed pH poko\u017eky. Pokyny k \u010di\u0161t\u011bn\u00ed: Chcete-li \u0161perky udr\u017eet \u010dist\u00e9, ot\u0159ete je m\u011bkk\u00fdm had\u0159\u00edkem. Nepou\u017e\u00edvejte \u010distic\u00ed prost\u0159edky na \u0161perky.","og_url":"https:\/\/matildagira.eu\/cs\/shop\/half-moon-naramku\/","og_site_name":"Matilda Gira","article_publisher":"https:\/\/www.facebook.com\/matildagira","article_modified_time":"2025-07-28T12:40:43+00:00","og_image":[{"width":561,"height":841,"url":"https:\/\/matildagira.eu\/wp-content\/uploads\/2024\/03\/White-Moon-Czech-Beads-Bracelet-Set_3-scaled-1.jpg","type":"image\/jpeg"}],"twitter_card":"summary_large_image","twitter_misc":{"Cena":"550&nbsp;&#75;&#269;","Dostupnost":"Nen\u00ed skladem"},"schema":{"@context":"https:\/\/schema.org","@graph":[{"@type":"WebPage","@id":"https:\/\/matildagira.eu\/cs\/shop\/half-moon-naramku\/","url":"https:\/\/matildagira.eu\/cs\/shop\/half-moon-naramku\/","name":"Half Moon Sada n\u00e1ramk\u016f z \u010desk\u00fdch kor\u00e1lk\u016f - Matilda Gira","isPartOf":{"@id":"https:\/\/matildagira.eu\/cs\/#website"},"primaryImageOfPage":{"@id":"https:\/\/matildagira.eu\/cs\/shop\/half-moon-naramku\/#primaryimage"},"image":{"@id":"https:\/\/matildagira.eu\/cs\/shop\/half-moon-naramku\/#primaryimage"},"thumbnailUrl":"https:\/\/matildagira.eu\/wp-content\/uploads\/2024\/03\/White-Moon-Czech-Beads-Bracelet-Set_3-scaled-1.jpg","datePublished":"2025-07-28T12:35:32+00:00","dateModified":"2025-07-28T12:40:43+00:00","breadcrumb":{"@id":"https:\/\/matildagira.eu\/cs\/shop\/half-moon-naramku\/#breadcrumb"},"inLanguage":"cs","potentialAction":[{"@type":"ReadAction","target":["https:\/\/matildagira.eu\/cs\/shop\/half-moon-naramku\/"]}]},{"@type":"ImageObject","inLanguage":"cs","@id":"https:\/\/matildagira.eu\/cs\/shop\/half-moon-naramku\/#primaryimage","url":"https:\/\/matildagira.eu\/wp-content\/uploads\/2024\/03\/White-Moon-Czech-Beads-Bracelet-Set_3-scaled-1.jpg","contentUrl":"https:\/\/matildagira.eu\/wp-content\/uploads\/2024\/03\/White-Moon-Czech-Beads-Bracelet-Set_3-scaled-1.jpg","width":561,"height":841},{"@type":"BreadcrumbList","@id":"https:\/\/matildagira.eu\/cs\/shop\/half-moon-naramku\/#breadcrumb","itemListElement":[{"@type":"ListItem","position":1,"name":"Dom\u016f","item":"https:\/\/matildagira.eu\/cs\/"},{"@type":"ListItem","position":2,"name":"Shop","item":"https:\/\/matildagira.eu\/cs\/shop\/"},{"@type":"ListItem","position":3,"name":"Half Moon Sada n\u00e1ramk\u016f z \u010desk\u00fdch kor\u00e1lk\u016f"}]},{"@type":"WebSite","@id":"https:\/\/matildagira.eu\/cs\/#website","url":"https:\/\/matildagira.eu\/cs\/","name":"Matilda Gira","description":"Handcrafted Hats","publisher":{"@id":"https:\/\/matildagira.eu\/cs\/#organization"},"potentialAction":[{"@type":"SearchAction","target":{"@type":"EntryPoint","urlTemplate":"https:\/\/matildagira.eu\/cs\/?s={search_term_string}"},"query-input":{"@type":"PropertyValueSpecification","valueRequired":true,"valueName":"search_term_string"}}],"inLanguage":"cs"},{"@type":"Organization","@id":"https:\/\/matildagira.eu\/cs\/#organization","name":"Matilda Gira","url":"https:\/\/matildagira.eu\/cs\/","logo":{"@type":"ImageObject","inLanguage":"cs","@id":"https:\/\/matildagira.eu\/cs\/#\/schema\/logo\/image\/","url":"https:\/\/matildagira.eu\/wp-content\/uploads\/2022\/09\/LOGO-COLOR-VERDE.png","contentUrl":"https:\/\/matildagira.eu\/wp-content\/uploads\/2022\/09\/LOGO-COLOR-VERDE.png","width":1010,"height":446,"caption":"Matilda Gira"},"image":{"@id":"https:\/\/matildagira.eu\/cs\/#\/schema\/logo\/image\/"},"sameAs":["https:\/\/www.facebook.com\/matildagira","https:\/\/www.instagram.com\/matilda.gira\/","https:\/\/www.pinterest.com.au\/matildagira\/","https:\/\/www.tiktok.com\/@matildagira?lang=es"]}]},"product_price_amount":"550","product_price_currency":"CZK","og_availability":"out of stock","product_availability":"out of stock","product_retailer_item_id":"ACC-BRA-HALFMOON","product_condition":"new"},"_links":{"self":[{"href":"https:\/\/matildagira.eu\/cs\/wp-json\/wp\/v2\/product\/8519","targetHints":{"allow":["GET"]}}],"collection":[{"href":"https:\/\/matildagira.eu\/cs\/wp-json\/wp\/v2\/product"}],"about":[{"href":"https:\/\/matildagira.eu\/cs\/wp-json\/wp\/v2\/types\/product"}],"replies":[{"embeddable":true,"href":"https:\/\/matildagira.eu\/cs\/wp-json\/wp\/v2\/comments?post=8519"}],"version-history":[{"count":1,"href":"https:\/\/matildagira.eu\/cs\/wp-json\/wp\/v2\/product\/8519\/revisions"}],"predecessor-version":[{"id":8521,"href":"https:\/\/matildagira.eu\/cs\/wp-json\/wp\/v2\/product\/8519\/revisions\/8521"}],"wp:featuredmedia":[{"embeddable":true,"href":"https:\/\/matildagira.eu\/cs\/wp-json\/wp\/v2\/media\/7015"}],"wp:attachment":[{"href":"https:\/\/matildagira.eu\/cs\/wp-json\/wp\/v2\/media?parent=8519"}],"wp:term":[{"taxonomy":"product_brand","embeddable":true,"href":"https:\/\/matildagira.eu\/cs\/wp-json\/wp\/v2\/product_brand?post=8519"},{"taxonomy":"product_cat","embeddable":true,"href":"https:\/\/matildagira.eu\/cs\/wp-json\/wp\/v2\/product_cat?post=8519"},{"taxonomy":"product_tag","embeddable":true,"href":"https:\/\/matildagira.eu\/cs\/wp-json\/wp\/v2\/product_tag?post=8519"}],"curies":[{"name":"wp","href":"https:\/\/api.w.org\/{rel}","templated":true}]}}