



{"id":8468,"date":"2025-07-28T13:43:31","date_gmt":"2025-07-28T11:43:31","guid":{"rendered":"https:\/\/matildagira.eu\/?post_type=product&#038;p=8468"},"modified":"2025-07-28T14:44:51","modified_gmt":"2025-07-28T12:44:51","slug":"vida-nausnice-miyuki","status":"publish","type":"product","link":"https:\/\/matildagira.eu\/cs\/shop\/vida-nausnice-miyuki\/","title":{"rendered":"Vida N\u00e1u\u0161nice z japonsk\u00fdch kor\u00e1lk\u016f Miyuki"},"content":{"rendered":"<p class=\"p1\">Ru\u010dn\u011b a precizn\u011b vyroben\u00e9 z vysoce kvalitn\u00edch japonsk\u00fdch kor\u00e1lk\u016f Miyuki, kter\u00e9 tvo\u0159\u00ed z\u00e1\u0159ivou mozaiku duhov\u00fdch odst\u00edn\u016f. Elegantn\u00ed kor\u00e1lkov\u00e9 st\u0159apce pod nimi dod\u00e1vaj\u00ed plynul\u00fd pohyb a hravou energii. Tyto v\u00fdrazn\u00e9 n\u00e1u\u0161nice, um\u00edst\u011bn\u00e9 na bronzov\u00e9m podstavci pozlacen\u00e9m 24kar\u00e1tov\u00fdm zlatem, jsou ru\u010dn\u011b vyrobeny v Kolumbii zru\u010dn\u00fdmi \u0159emesln\u00edky a jsou navr\u017eeny tak, aby svou radostnou du\u0161\u00ed pozvedly jak\u00fdkoli vzhled.<\/p>\n","protected":false},"excerpt":{"rendered":"<h3>Vlastnosti:<\/h3>\n<ul>\n<li>Zahrnuje: Jeden p\u00e1r barevn\u00fdch mozaikov\u00fdch n\u00e1u\u0161nic s kor\u00e1lkov\u00fdmi st\u0159apci.<\/li>\n<li>Vyrobeno z vysoce kvalitn\u00edch japonsk\u00fdch kor\u00e1lk\u016f Miyuki<\/li>\n<li>Bronzov\u00fd podstavec pota\u017een\u00fd 24kar\u00e1tov\u00fdm zlatem pro luxusn\u00ed povrchovou \u00fapravu<\/li>\n<li>Lehk\u00e9 a pohodln\u00e9 pro celodenn\u00ed no\u0161en\u00ed<\/li>\n<li>Ru\u010dn\u00ed v\u00fdroba v Kolumbii.<\/li>\n<\/ul>\n<h3>Denn\u00ed p\u00e9\u010de:<\/h3>\n<p>Chra\u0148te sv\u00e9 \u0161perky a jejich pokoven\u00ed t\u00edm, \u017ee je sund\u00e1te p\u0159i plav\u00e1n\u00ed, sprchov\u00e1n\u00ed, cvi\u010den\u00ed, myt\u00ed rukou nebo pou\u017e\u00edv\u00e1n\u00ed jak\u00fdchkoli produkt\u016f, jako jsou parf\u00e9my, ple\u0165ov\u00e9 vody nebo p\u0159\u00edpravky na vlasy. Jsme hrd\u00ed na kvalitu na\u0161ich v\u00fdrobk\u016f; pokud by v\u0161ak va\u0161e \u0161perky byly vystaveny p\u016fsoben\u00ed n\u011bkter\u00e9ho z v\u00fd\u0161e uveden\u00fdch produkt\u016f, m\u016f\u017ee doj\u00edt k jejich zmatn\u011bn\u00ed. Ztmavnut\u00ed m\u016f\u017ee b\u00fdt zp\u016fsobeno tak\u00e9 p\u0159irozenou \u00farovn\u00ed pH poko\u017eky.<\/p>\n<h3>Pokyny k \u010di\u0161t\u011bn\u00ed:<\/h3>\n<p>Chcete-li \u0161perky udr\u017eet \u010dist\u00e9, ot\u0159ete je m\u011bkk\u00fdm had\u0159\u00edkem. Nepou\u017e\u00edvejte \u010distic\u00ed prost\u0159edky na \u0161perky.<\/p>\n","protected":false},"featured_media":8427,"comment_status":"closed","ping_status":"closed","template":"","meta":{"_monsterinsights_skip_tracking":false,"_monsterinsights_sitenote_active":false,"_monsterinsights_sitenote_note":"","_monsterinsights_sitenote_category":0},"product_brand":[],"product_cat":[672,708],"product_tag":[723],"class_list":{"0":"post-8468","1":"product","2":"type-product","3":"status-publish","4":"has-post-thumbnail","6":"product_cat-nausnice","7":"product_cat-sperky","8":"product_tag-koralky-miyuki","10":"first","11":"instock","12":"taxable","13":"shipping-taxable","14":"purchasable","15":"product-type-simple"},"supplier_id":null,"supplier_sku":"","barcode":null,"atum_controlled":true,"out_stock_date":null,"out_stock_threshold":null,"inheritable":false,"inbound_stock":null,"stock_on_hold":0,"sold_today":0,"sales_last_days":0,"reserved_stock":null,"customer_returns":null,"warehouse_damage":null,"lost_in_post":null,"other_logs":null,"out_stock_days":0,"lost_sales":0,"has_location":false,"update_date":"2026-04-05T00:07:42","atum_locations":[],"atum_stock_status":"instock","restock_status":false,"low_stock_amount":"","sales_update_date":"2026-04-05T00:07:42","calc_backorders":null,"yoast_head":"<!-- This site is optimized with the Yoast SEO plugin v27.3 - https:\/\/yoast.com\/product\/yoast-seo-wordpress\/ -->\n<title>Vida N\u00e1u\u0161nice z japonsk\u00fdch kor\u00e1lk\u016f Miyuki - Matilda Gira<\/title>\n<meta name=\"description\" content=\"Objevte na\u0161i kolekci ru\u010dn\u011b vyr\u00e1b\u011bn\u00fdch n\u00e1u\u0161nic Miyuki. Jsou utk\u00e1ny z prvot\u0159\u00eddn\u00edch japonsk\u00fdch kor\u00e1lk\u016f, m\u00eds\u00ed se v nich z\u00e1\u0159iv\u00e9 barvy, nad\u010dasov\u00fd design a kolumbijsk\u00e9 \u0159emesln\u00e9 zpracov\u00e1n\u00ed.\" \/>\n<meta name=\"robots\" content=\"index, follow, max-snippet:-1, max-image-preview:large, max-video-preview:-1\" \/>\n<link rel=\"canonical\" href=\"https:\/\/matildagira.eu\/cs\/shop\/vida-nausnice-miyuki\/\" \/>\n<meta property=\"og:locale\" content=\"cs_CZ\" \/>\n<meta property=\"og:type\" content=\"article\" \/>\n<meta property=\"og:title\" content=\"Vida N\u00e1u\u0161nice z japonsk\u00fdch kor\u00e1lk\u016f Miyuki - Matilda Gira\" \/>\n<meta property=\"og:description\" content=\"Objevte na\u0161i kolekci ru\u010dn\u011b vyr\u00e1b\u011bn\u00fdch n\u00e1u\u0161nic Miyuki. Jsou utk\u00e1ny z prvot\u0159\u00eddn\u00edch japonsk\u00fdch kor\u00e1lk\u016f, m\u00eds\u00ed se v nich z\u00e1\u0159iv\u00e9 barvy, nad\u010dasov\u00fd design a kolumbijsk\u00e9 \u0159emesln\u00e9 zpracov\u00e1n\u00ed.\" \/>\n<meta property=\"og:url\" content=\"https:\/\/matildagira.eu\/cs\/shop\/vida-nausnice-miyuki\/\" \/>\n<meta property=\"og:site_name\" content=\"Matilda Gira\" \/>\n<meta property=\"article:publisher\" content=\"https:\/\/www.facebook.com\/matildagira\" \/>\n<meta property=\"article:modified_time\" content=\"2025-07-28T12:44:51+00:00\" \/>\n<meta property=\"og:image\" content=\"https:\/\/matildagira.eu\/wp-content\/uploads\/2025\/07\/VIDA_EARRINGS.webp\" \/>\n\t<meta property=\"og:image:width\" content=\"700\" \/>\n\t<meta property=\"og:image:height\" content=\"1050\" \/>\n\t<meta property=\"og:image:type\" content=\"image\/webp\" \/>\n<meta name=\"twitter:card\" content=\"summary_large_image\" \/>\n<meta name=\"twitter:label1\" content=\"Cena\" \/>\n\t<meta name=\"twitter:data1\" content=\"600&nbsp;&#075;&#269;\" \/>\n\t<meta name=\"twitter:label2\" content=\"Dostupnost\" \/>\n\t<meta name=\"twitter:data2\" content=\"Skladem\" \/>\n<script type=\"application\/ld+json\" class=\"yoast-schema-graph\">{\"@context\":\"https:\\\/\\\/schema.org\",\"@graph\":[{\"@type\":\"WebPage\",\"@id\":\"https:\\\/\\\/matildagira.eu\\\/cs\\\/shop\\\/vida-nausnice-miyuki\\\/\",\"url\":\"https:\\\/\\\/matildagira.eu\\\/cs\\\/shop\\\/vida-nausnice-miyuki\\\/\",\"name\":\"Vida N\u00e1u\u0161nice z japonsk\u00fdch kor\u00e1lk\u016f Miyuki - Matilda Gira\",\"isPartOf\":{\"@id\":\"https:\\\/\\\/matildagira.eu\\\/cs\\\/#website\"},\"primaryImageOfPage\":{\"@id\":\"https:\\\/\\\/matildagira.eu\\\/cs\\\/shop\\\/vida-nausnice-miyuki\\\/#primaryimage\"},\"image\":{\"@id\":\"https:\\\/\\\/matildagira.eu\\\/cs\\\/shop\\\/vida-nausnice-miyuki\\\/#primaryimage\"},\"thumbnailUrl\":\"https:\\\/\\\/matildagira.eu\\\/wp-content\\\/uploads\\\/2025\\\/07\\\/VIDA_EARRINGS.webp\",\"datePublished\":\"2025-07-28T11:43:31+00:00\",\"dateModified\":\"2025-07-28T12:44:51+00:00\",\"description\":\"Objevte na\u0161i kolekci ru\u010dn\u011b vyr\u00e1b\u011bn\u00fdch n\u00e1u\u0161nic Miyuki. Jsou utk\u00e1ny z prvot\u0159\u00eddn\u00edch japonsk\u00fdch kor\u00e1lk\u016f, m\u00eds\u00ed se v nich z\u00e1\u0159iv\u00e9 barvy, nad\u010dasov\u00fd design a kolumbijsk\u00e9 \u0159emesln\u00e9 zpracov\u00e1n\u00ed.\",\"breadcrumb\":{\"@id\":\"https:\\\/\\\/matildagira.eu\\\/cs\\\/shop\\\/vida-nausnice-miyuki\\\/#breadcrumb\"},\"inLanguage\":\"cs\",\"potentialAction\":[{\"@type\":\"ReadAction\",\"target\":[\"https:\\\/\\\/matildagira.eu\\\/cs\\\/shop\\\/vida-nausnice-miyuki\\\/\"]}]},{\"@type\":\"ImageObject\",\"inLanguage\":\"cs\",\"@id\":\"https:\\\/\\\/matildagira.eu\\\/cs\\\/shop\\\/vida-nausnice-miyuki\\\/#primaryimage\",\"url\":\"https:\\\/\\\/matildagira.eu\\\/wp-content\\\/uploads\\\/2025\\\/07\\\/VIDA_EARRINGS.webp\",\"contentUrl\":\"https:\\\/\\\/matildagira.eu\\\/wp-content\\\/uploads\\\/2025\\\/07\\\/VIDA_EARRINGS.webp\",\"width\":700,\"height\":1050,\"caption\":\"ru\u010dn\u011b vyr\u00e1b\u011bn\u00e9 japonsk\u00e9 n\u00e1u\u0161nice miyuki\"},{\"@type\":\"BreadcrumbList\",\"@id\":\"https:\\\/\\\/matildagira.eu\\\/cs\\\/shop\\\/vida-nausnice-miyuki\\\/#breadcrumb\",\"itemListElement\":[{\"@type\":\"ListItem\",\"position\":1,\"name\":\"Dom\u016f\",\"item\":\"https:\\\/\\\/matildagira.eu\\\/cs\\\/\"},{\"@type\":\"ListItem\",\"position\":2,\"name\":\"Shop\",\"item\":\"https:\\\/\\\/matildagira.eu\\\/cs\\\/shop\\\/\"},{\"@type\":\"ListItem\",\"position\":3,\"name\":\"Vida N\u00e1u\u0161nice z japonsk\u00fdch kor\u00e1lk\u016f Miyuki\"}]},{\"@type\":\"WebSite\",\"@id\":\"https:\\\/\\\/matildagira.eu\\\/cs\\\/#website\",\"url\":\"https:\\\/\\\/matildagira.eu\\\/cs\\\/\",\"name\":\"Matilda Gira\",\"description\":\"Handcrafted Hats\",\"publisher\":{\"@id\":\"https:\\\/\\\/matildagira.eu\\\/cs\\\/#organization\"},\"potentialAction\":[{\"@type\":\"SearchAction\",\"target\":{\"@type\":\"EntryPoint\",\"urlTemplate\":\"https:\\\/\\\/matildagira.eu\\\/cs\\\/?s={search_term_string}\"},\"query-input\":{\"@type\":\"PropertyValueSpecification\",\"valueRequired\":true,\"valueName\":\"search_term_string\"}}],\"inLanguage\":\"cs\"},{\"@type\":\"Organization\",\"@id\":\"https:\\\/\\\/matildagira.eu\\\/cs\\\/#organization\",\"name\":\"Matilda Gira\",\"url\":\"https:\\\/\\\/matildagira.eu\\\/cs\\\/\",\"logo\":{\"@type\":\"ImageObject\",\"inLanguage\":\"cs\",\"@id\":\"https:\\\/\\\/matildagira.eu\\\/cs\\\/#\\\/schema\\\/logo\\\/image\\\/\",\"url\":\"https:\\\/\\\/matildagira.eu\\\/wp-content\\\/uploads\\\/2022\\\/09\\\/LOGO-COLOR-VERDE.png\",\"contentUrl\":\"https:\\\/\\\/matildagira.eu\\\/wp-content\\\/uploads\\\/2022\\\/09\\\/LOGO-COLOR-VERDE.png\",\"width\":1010,\"height\":446,\"caption\":\"Matilda Gira\"},\"image\":{\"@id\":\"https:\\\/\\\/matildagira.eu\\\/cs\\\/#\\\/schema\\\/logo\\\/image\\\/\"},\"sameAs\":[\"https:\\\/\\\/www.facebook.com\\\/matildagira\",\"https:\\\/\\\/www.instagram.com\\\/matilda.gira\\\/\",\"https:\\\/\\\/www.pinterest.com.au\\\/matildagira\\\/\",\"https:\\\/\\\/www.tiktok.com\\\/@matildagira?lang=es\"]}]}<\/script>\n<meta property=\"product:price:amount\" content=\"600\" \/>\n<meta property=\"product:price:currency\" content=\"CZK\" \/>\n<meta property=\"og:availability\" content=\"instock\" \/>\n<meta property=\"product:availability\" content=\"instock\" \/>\n<meta property=\"product:retailer_item_id\" content=\"ACC-EAR-VIDA\" \/>\n<meta property=\"product:condition\" content=\"new\" \/>\n<!-- \/ Yoast SEO plugin. -->","yoast_head_json":{"title":"Vida N\u00e1u\u0161nice z japonsk\u00fdch kor\u00e1lk\u016f Miyuki - Matilda Gira","description":"Objevte na\u0161i kolekci ru\u010dn\u011b vyr\u00e1b\u011bn\u00fdch n\u00e1u\u0161nic Miyuki. Jsou utk\u00e1ny z prvot\u0159\u00eddn\u00edch japonsk\u00fdch kor\u00e1lk\u016f, m\u00eds\u00ed se v nich z\u00e1\u0159iv\u00e9 barvy, nad\u010dasov\u00fd design a kolumbijsk\u00e9 \u0159emesln\u00e9 zpracov\u00e1n\u00ed.","robots":{"index":"index","follow":"follow","max-snippet":"max-snippet:-1","max-image-preview":"max-image-preview:large","max-video-preview":"max-video-preview:-1"},"canonical":"https:\/\/matildagira.eu\/cs\/shop\/vida-nausnice-miyuki\/","og_locale":"cs_CZ","og_type":"article","og_title":"Vida N\u00e1u\u0161nice z japonsk\u00fdch kor\u00e1lk\u016f Miyuki - Matilda Gira","og_description":"Objevte na\u0161i kolekci ru\u010dn\u011b vyr\u00e1b\u011bn\u00fdch n\u00e1u\u0161nic Miyuki. Jsou utk\u00e1ny z prvot\u0159\u00eddn\u00edch japonsk\u00fdch kor\u00e1lk\u016f, m\u00eds\u00ed se v nich z\u00e1\u0159iv\u00e9 barvy, nad\u010dasov\u00fd design a kolumbijsk\u00e9 \u0159emesln\u00e9 zpracov\u00e1n\u00ed.","og_url":"https:\/\/matildagira.eu\/cs\/shop\/vida-nausnice-miyuki\/","og_site_name":"Matilda Gira","article_publisher":"https:\/\/www.facebook.com\/matildagira","article_modified_time":"2025-07-28T12:44:51+00:00","og_image":[{"width":700,"height":1050,"url":"https:\/\/matildagira.eu\/wp-content\/uploads\/2025\/07\/VIDA_EARRINGS.webp","type":"image\/webp"}],"twitter_card":"summary_large_image","twitter_misc":{"Cena":"600&nbsp;&#75;&#269;","Dostupnost":"Skladem"},"schema":{"@context":"https:\/\/schema.org","@graph":[{"@type":"WebPage","@id":"https:\/\/matildagira.eu\/cs\/shop\/vida-nausnice-miyuki\/","url":"https:\/\/matildagira.eu\/cs\/shop\/vida-nausnice-miyuki\/","name":"Vida N\u00e1u\u0161nice z japonsk\u00fdch kor\u00e1lk\u016f Miyuki - Matilda Gira","isPartOf":{"@id":"https:\/\/matildagira.eu\/cs\/#website"},"primaryImageOfPage":{"@id":"https:\/\/matildagira.eu\/cs\/shop\/vida-nausnice-miyuki\/#primaryimage"},"image":{"@id":"https:\/\/matildagira.eu\/cs\/shop\/vida-nausnice-miyuki\/#primaryimage"},"thumbnailUrl":"https:\/\/matildagira.eu\/wp-content\/uploads\/2025\/07\/VIDA_EARRINGS.webp","datePublished":"2025-07-28T11:43:31+00:00","dateModified":"2025-07-28T12:44:51+00:00","description":"Objevte na\u0161i kolekci ru\u010dn\u011b vyr\u00e1b\u011bn\u00fdch n\u00e1u\u0161nic Miyuki. Jsou utk\u00e1ny z prvot\u0159\u00eddn\u00edch japonsk\u00fdch kor\u00e1lk\u016f, m\u00eds\u00ed se v nich z\u00e1\u0159iv\u00e9 barvy, nad\u010dasov\u00fd design a kolumbijsk\u00e9 \u0159emesln\u00e9 zpracov\u00e1n\u00ed.","breadcrumb":{"@id":"https:\/\/matildagira.eu\/cs\/shop\/vida-nausnice-miyuki\/#breadcrumb"},"inLanguage":"cs","potentialAction":[{"@type":"ReadAction","target":["https:\/\/matildagira.eu\/cs\/shop\/vida-nausnice-miyuki\/"]}]},{"@type":"ImageObject","inLanguage":"cs","@id":"https:\/\/matildagira.eu\/cs\/shop\/vida-nausnice-miyuki\/#primaryimage","url":"https:\/\/matildagira.eu\/wp-content\/uploads\/2025\/07\/VIDA_EARRINGS.webp","contentUrl":"https:\/\/matildagira.eu\/wp-content\/uploads\/2025\/07\/VIDA_EARRINGS.webp","width":700,"height":1050,"caption":"ru\u010dn\u011b vyr\u00e1b\u011bn\u00e9 japonsk\u00e9 n\u00e1u\u0161nice miyuki"},{"@type":"BreadcrumbList","@id":"https:\/\/matildagira.eu\/cs\/shop\/vida-nausnice-miyuki\/#breadcrumb","itemListElement":[{"@type":"ListItem","position":1,"name":"Dom\u016f","item":"https:\/\/matildagira.eu\/cs\/"},{"@type":"ListItem","position":2,"name":"Shop","item":"https:\/\/matildagira.eu\/cs\/shop\/"},{"@type":"ListItem","position":3,"name":"Vida N\u00e1u\u0161nice z japonsk\u00fdch kor\u00e1lk\u016f Miyuki"}]},{"@type":"WebSite","@id":"https:\/\/matildagira.eu\/cs\/#website","url":"https:\/\/matildagira.eu\/cs\/","name":"Matilda Gira","description":"Handcrafted Hats","publisher":{"@id":"https:\/\/matildagira.eu\/cs\/#organization"},"potentialAction":[{"@type":"SearchAction","target":{"@type":"EntryPoint","urlTemplate":"https:\/\/matildagira.eu\/cs\/?s={search_term_string}"},"query-input":{"@type":"PropertyValueSpecification","valueRequired":true,"valueName":"search_term_string"}}],"inLanguage":"cs"},{"@type":"Organization","@id":"https:\/\/matildagira.eu\/cs\/#organization","name":"Matilda Gira","url":"https:\/\/matildagira.eu\/cs\/","logo":{"@type":"ImageObject","inLanguage":"cs","@id":"https:\/\/matildagira.eu\/cs\/#\/schema\/logo\/image\/","url":"https:\/\/matildagira.eu\/wp-content\/uploads\/2022\/09\/LOGO-COLOR-VERDE.png","contentUrl":"https:\/\/matildagira.eu\/wp-content\/uploads\/2022\/09\/LOGO-COLOR-VERDE.png","width":1010,"height":446,"caption":"Matilda Gira"},"image":{"@id":"https:\/\/matildagira.eu\/cs\/#\/schema\/logo\/image\/"},"sameAs":["https:\/\/www.facebook.com\/matildagira","https:\/\/www.instagram.com\/matilda.gira\/","https:\/\/www.pinterest.com.au\/matildagira\/","https:\/\/www.tiktok.com\/@matildagira?lang=es"]}]},"product_price_amount":"600","product_price_currency":"CZK","og_availability":"instock","product_availability":"instock","product_retailer_item_id":"ACC-EAR-VIDA","product_condition":"new"},"_links":{"self":[{"href":"https:\/\/matildagira.eu\/cs\/wp-json\/wp\/v2\/product\/8468","targetHints":{"allow":["GET"]}}],"collection":[{"href":"https:\/\/matildagira.eu\/cs\/wp-json\/wp\/v2\/product"}],"about":[{"href":"https:\/\/matildagira.eu\/cs\/wp-json\/wp\/v2\/types\/product"}],"replies":[{"embeddable":true,"href":"https:\/\/matildagira.eu\/cs\/wp-json\/wp\/v2\/comments?post=8468"}],"version-history":[{"count":5,"href":"https:\/\/matildagira.eu\/cs\/wp-json\/wp\/v2\/product\/8468\/revisions"}],"predecessor-version":[{"id":8525,"href":"https:\/\/matildagira.eu\/cs\/wp-json\/wp\/v2\/product\/8468\/revisions\/8525"}],"wp:featuredmedia":[{"embeddable":true,"href":"https:\/\/matildagira.eu\/cs\/wp-json\/wp\/v2\/media\/8427"}],"wp:attachment":[{"href":"https:\/\/matildagira.eu\/cs\/wp-json\/wp\/v2\/media?parent=8468"}],"wp:term":[{"taxonomy":"product_brand","embeddable":true,"href":"https:\/\/matildagira.eu\/cs\/wp-json\/wp\/v2\/product_brand?post=8468"},{"taxonomy":"product_cat","embeddable":true,"href":"https:\/\/matildagira.eu\/cs\/wp-json\/wp\/v2\/product_cat?post=8468"},{"taxonomy":"product_tag","embeddable":true,"href":"https:\/\/matildagira.eu\/cs\/wp-json\/wp\/v2\/product_tag?post=8468"}],"curies":[{"name":"wp","href":"https:\/\/api.w.org\/{rel}","templated":true}]}}