



{"id":8460,"date":"2025-07-28T13:29:34","date_gmt":"2025-07-28T11:29:34","guid":{"rendered":"https:\/\/matildagira.eu\/?post_type=product&#038;p=8460"},"modified":"2025-07-28T14:45:22","modified_gmt":"2025-07-28T12:45:22","slug":"color-miyuki-nausnice","status":"publish","type":"product","link":"https:\/\/matildagira.eu\/cs\/shop\/color-miyuki-nausnice\/","title":{"rendered":"Color Bloom N\u00e1u\u0161nice z japonsk\u00fdch kor\u00e1lk\u016f Miyuki"},"content":{"rendered":"<p class=\"p1\">Tyto odv\u00e1\u017en\u00e9 n\u00e1u\u0161nice ve tvaru chevronu, ru\u010dn\u011b a precizn\u011b tkan\u00e9 z prvot\u0159\u00eddn\u00edch japonsk\u00fdch kor\u00e1lk\u016f Miyuki, kombinuj\u00ed jemn\u00e9 pastelov\u00e9 barvy s v\u00fdrazn\u00fdmi odst\u00edny. Vyrobeno v Kolumbii.<\/p>\n","protected":false},"excerpt":{"rendered":"<h3>Vlastnosti:<\/h3>\n<ul>\n<li>Zahrnuje: Jeden p\u00e1r v\u00edcebarevn\u00e9ho vzoru chevron<\/li>\n<li>Vyrobeno z vysoce kvalitn\u00edch japonsk\u00fdch kor\u00e1lk\u016f Miyuki<\/li>\n<li>Bronzov\u00fd podstavec pota\u017een\u00fd 24kar\u00e1tov\u00fdm zlatem pro luxusn\u00ed povrchovou \u00fapravu<\/li>\n<li>Lehk\u00e9 a pohodln\u00e9 pro celodenn\u00ed no\u0161en\u00ed<\/li>\n<li>Ru\u010dn\u00ed v\u00fdroba v Kolumbii.<\/li>\n<\/ul>\n<h3>Denn\u00ed p\u00e9\u010de:<\/h3>\n<p>Chra\u0148te sv\u00e9 \u0161perky a jejich pokoven\u00ed t\u00edm, \u017ee je sund\u00e1te p\u0159i plav\u00e1n\u00ed, sprchov\u00e1n\u00ed, cvi\u010den\u00ed, myt\u00ed rukou nebo pou\u017e\u00edv\u00e1n\u00ed jak\u00fdchkoli produkt\u016f, jako jsou parf\u00e9my, ple\u0165ov\u00e9 vody nebo p\u0159\u00edpravky na vlasy. Jsme hrd\u00ed na kvalitu na\u0161ich v\u00fdrobk\u016f; pokud by v\u0161ak va\u0161e \u0161perky byly vystaveny p\u016fsoben\u00ed n\u011bkter\u00e9ho z v\u00fd\u0161e uveden\u00fdch produkt\u016f, m\u016f\u017ee doj\u00edt k jejich zmatn\u011bn\u00ed. Ztmavnut\u00ed m\u016f\u017ee b\u00fdt zp\u016fsobeno tak\u00e9 p\u0159irozenou \u00farovn\u00ed pH poko\u017eky.<\/p>\n<h3>Pokyny k \u010di\u0161t\u011bn\u00ed:<\/h3>\n<p>Chcete-li \u0161perky udr\u017eet \u010dist\u00e9, ot\u0159ete je m\u011bkk\u00fdm had\u0159\u00edkem. Nepou\u017e\u00edvejte \u010distic\u00ed prost\u0159edky na \u0161perky.<\/p>\n","protected":false},"featured_media":8462,"comment_status":"closed","ping_status":"closed","template":"","meta":{"_monsterinsights_skip_tracking":false,"_monsterinsights_sitenote_active":false,"_monsterinsights_sitenote_note":"","_monsterinsights_sitenote_category":0},"product_brand":[],"product_cat":[672,708],"product_tag":[723],"class_list":{"0":"post-8460","1":"product","2":"type-product","3":"status-publish","4":"has-post-thumbnail","6":"product_cat-nausnice","7":"product_cat-sperky","8":"product_tag-koralky-miyuki","10":"first","11":"outofstock","12":"taxable","13":"shipping-taxable","14":"purchasable","15":"product-type-simple"},"supplier_id":null,"supplier_sku":"","barcode":null,"atum_controlled":true,"out_stock_date":"2026-03-15 16:07:53","out_stock_threshold":null,"inheritable":false,"inbound_stock":null,"stock_on_hold":0,"sold_today":0,"sales_last_days":0,"reserved_stock":null,"customer_returns":null,"warehouse_damage":null,"lost_in_post":null,"other_logs":null,"out_stock_days":20,"lost_sales":0,"has_location":false,"update_date":"2026-04-05T00:07:42","atum_locations":[],"atum_stock_status":"outofstock","restock_status":false,"low_stock_amount":"","sales_update_date":"2026-04-05T00:07:42","calc_backorders":null,"yoast_head":"<!-- This site is optimized with the Yoast SEO plugin v27.3 - https:\/\/yoast.com\/product\/yoast-seo-wordpress\/ -->\n<title>Color Bloom N\u00e1u\u0161nice z japonsk\u00fdch kor\u00e1lk\u016f Miyuki - Matilda Gira<\/title>\n<meta name=\"description\" content=\"Objevte na\u0161i kolekci ru\u010dn\u011b vyr\u00e1b\u011bn\u00fdch n\u00e1u\u0161nic Miyuki. Jsou utk\u00e1ny z prvot\u0159\u00eddn\u00edch japonsk\u00fdch kor\u00e1lk\u016f, m\u00eds\u00ed se v nich z\u00e1\u0159iv\u00e9 barvy, nad\u010dasov\u00fd design a kolumbijsk\u00e9 \u0159emesln\u00e9 zpracov\u00e1n\u00ed.\" \/>\n<meta name=\"robots\" content=\"index, follow, max-snippet:-1, max-image-preview:large, max-video-preview:-1\" \/>\n<link rel=\"canonical\" href=\"https:\/\/matildagira.eu\/cs\/shop\/color-miyuki-nausnice\/\" \/>\n<meta property=\"og:locale\" content=\"cs_CZ\" \/>\n<meta property=\"og:type\" content=\"article\" \/>\n<meta property=\"og:title\" content=\"Color Bloom N\u00e1u\u0161nice z japonsk\u00fdch kor\u00e1lk\u016f Miyuki - Matilda Gira\" \/>\n<meta property=\"og:description\" content=\"Objevte na\u0161i kolekci ru\u010dn\u011b vyr\u00e1b\u011bn\u00fdch n\u00e1u\u0161nic Miyuki. Jsou utk\u00e1ny z prvot\u0159\u00eddn\u00edch japonsk\u00fdch kor\u00e1lk\u016f, m\u00eds\u00ed se v nich z\u00e1\u0159iv\u00e9 barvy, nad\u010dasov\u00fd design a kolumbijsk\u00e9 \u0159emesln\u00e9 zpracov\u00e1n\u00ed.\" \/>\n<meta property=\"og:url\" content=\"https:\/\/matildagira.eu\/cs\/shop\/color-miyuki-nausnice\/\" \/>\n<meta property=\"og:site_name\" content=\"Matilda Gira\" \/>\n<meta property=\"article:publisher\" content=\"https:\/\/www.facebook.com\/matildagira\" \/>\n<meta property=\"article:modified_time\" content=\"2025-07-28T12:45:22+00:00\" \/>\n<meta property=\"og:image\" content=\"https:\/\/matildagira.eu\/wp-content\/uploads\/2025\/07\/Color-Bloom.webp\" \/>\n\t<meta property=\"og:image:width\" content=\"800\" \/>\n\t<meta property=\"og:image:height\" content=\"1200\" \/>\n\t<meta property=\"og:image:type\" content=\"image\/webp\" \/>\n<meta name=\"twitter:card\" content=\"summary_large_image\" \/>\n<meta name=\"twitter:label1\" content=\"Cena\" \/>\n\t<meta name=\"twitter:data1\" content=\"600&nbsp;&#075;&#269;\" \/>\n\t<meta name=\"twitter:label2\" content=\"Dostupnost\" \/>\n\t<meta name=\"twitter:data2\" content=\"Nen\u00ed skladem\" \/>\n<script type=\"application\/ld+json\" class=\"yoast-schema-graph\">{\"@context\":\"https:\\\/\\\/schema.org\",\"@graph\":[{\"@type\":\"WebPage\",\"@id\":\"https:\\\/\\\/matildagira.eu\\\/cs\\\/shop\\\/color-miyuki-nausnice\\\/\",\"url\":\"https:\\\/\\\/matildagira.eu\\\/cs\\\/shop\\\/color-miyuki-nausnice\\\/\",\"name\":\"Color Bloom N\u00e1u\u0161nice z japonsk\u00fdch kor\u00e1lk\u016f Miyuki - Matilda Gira\",\"isPartOf\":{\"@id\":\"https:\\\/\\\/matildagira.eu\\\/cs\\\/#website\"},\"primaryImageOfPage\":{\"@id\":\"https:\\\/\\\/matildagira.eu\\\/cs\\\/shop\\\/color-miyuki-nausnice\\\/#primaryimage\"},\"image\":{\"@id\":\"https:\\\/\\\/matildagira.eu\\\/cs\\\/shop\\\/color-miyuki-nausnice\\\/#primaryimage\"},\"thumbnailUrl\":\"https:\\\/\\\/matildagira.eu\\\/wp-content\\\/uploads\\\/2025\\\/07\\\/Color-Bloom.webp\",\"datePublished\":\"2025-07-28T11:29:34+00:00\",\"dateModified\":\"2025-07-28T12:45:22+00:00\",\"description\":\"Objevte na\u0161i kolekci ru\u010dn\u011b vyr\u00e1b\u011bn\u00fdch n\u00e1u\u0161nic Miyuki. Jsou utk\u00e1ny z prvot\u0159\u00eddn\u00edch japonsk\u00fdch kor\u00e1lk\u016f, m\u00eds\u00ed se v nich z\u00e1\u0159iv\u00e9 barvy, nad\u010dasov\u00fd design a kolumbijsk\u00e9 \u0159emesln\u00e9 zpracov\u00e1n\u00ed.\",\"breadcrumb\":{\"@id\":\"https:\\\/\\\/matildagira.eu\\\/cs\\\/shop\\\/color-miyuki-nausnice\\\/#breadcrumb\"},\"inLanguage\":\"cs\",\"potentialAction\":[{\"@type\":\"ReadAction\",\"target\":[\"https:\\\/\\\/matildagira.eu\\\/cs\\\/shop\\\/color-miyuki-nausnice\\\/\"]}]},{\"@type\":\"ImageObject\",\"inLanguage\":\"cs\",\"@id\":\"https:\\\/\\\/matildagira.eu\\\/cs\\\/shop\\\/color-miyuki-nausnice\\\/#primaryimage\",\"url\":\"https:\\\/\\\/matildagira.eu\\\/wp-content\\\/uploads\\\/2025\\\/07\\\/Color-Bloom.webp\",\"contentUrl\":\"https:\\\/\\\/matildagira.eu\\\/wp-content\\\/uploads\\\/2025\\\/07\\\/Color-Bloom.webp\",\"width\":800,\"height\":1200,\"caption\":\"handmade japanese miyuki beads earringa\"},{\"@type\":\"BreadcrumbList\",\"@id\":\"https:\\\/\\\/matildagira.eu\\\/cs\\\/shop\\\/color-miyuki-nausnice\\\/#breadcrumb\",\"itemListElement\":[{\"@type\":\"ListItem\",\"position\":1,\"name\":\"Dom\u016f\",\"item\":\"https:\\\/\\\/matildagira.eu\\\/cs\\\/\"},{\"@type\":\"ListItem\",\"position\":2,\"name\":\"Shop\",\"item\":\"https:\\\/\\\/matildagira.eu\\\/cs\\\/shop\\\/\"},{\"@type\":\"ListItem\",\"position\":3,\"name\":\"Color Bloom N\u00e1u\u0161nice z japonsk\u00fdch kor\u00e1lk\u016f Miyuki\"}]},{\"@type\":\"WebSite\",\"@id\":\"https:\\\/\\\/matildagira.eu\\\/cs\\\/#website\",\"url\":\"https:\\\/\\\/matildagira.eu\\\/cs\\\/\",\"name\":\"Matilda Gira\",\"description\":\"Handcrafted Hats\",\"publisher\":{\"@id\":\"https:\\\/\\\/matildagira.eu\\\/cs\\\/#organization\"},\"potentialAction\":[{\"@type\":\"SearchAction\",\"target\":{\"@type\":\"EntryPoint\",\"urlTemplate\":\"https:\\\/\\\/matildagira.eu\\\/cs\\\/?s={search_term_string}\"},\"query-input\":{\"@type\":\"PropertyValueSpecification\",\"valueRequired\":true,\"valueName\":\"search_term_string\"}}],\"inLanguage\":\"cs\"},{\"@type\":\"Organization\",\"@id\":\"https:\\\/\\\/matildagira.eu\\\/cs\\\/#organization\",\"name\":\"Matilda Gira\",\"url\":\"https:\\\/\\\/matildagira.eu\\\/cs\\\/\",\"logo\":{\"@type\":\"ImageObject\",\"inLanguage\":\"cs\",\"@id\":\"https:\\\/\\\/matildagira.eu\\\/cs\\\/#\\\/schema\\\/logo\\\/image\\\/\",\"url\":\"https:\\\/\\\/matildagira.eu\\\/wp-content\\\/uploads\\\/2022\\\/09\\\/LOGO-COLOR-VERDE.png\",\"contentUrl\":\"https:\\\/\\\/matildagira.eu\\\/wp-content\\\/uploads\\\/2022\\\/09\\\/LOGO-COLOR-VERDE.png\",\"width\":1010,\"height\":446,\"caption\":\"Matilda Gira\"},\"image\":{\"@id\":\"https:\\\/\\\/matildagira.eu\\\/cs\\\/#\\\/schema\\\/logo\\\/image\\\/\"},\"sameAs\":[\"https:\\\/\\\/www.facebook.com\\\/matildagira\",\"https:\\\/\\\/www.instagram.com\\\/matilda.gira\\\/\",\"https:\\\/\\\/www.pinterest.com.au\\\/matildagira\\\/\",\"https:\\\/\\\/www.tiktok.com\\\/@matildagira?lang=es\"]}]}<\/script>\n<meta property=\"product:price:amount\" content=\"600\" \/>\n<meta property=\"product:price:currency\" content=\"CZK\" \/>\n<meta property=\"og:availability\" content=\"out of stock\" \/>\n<meta property=\"product:availability\" content=\"out of stock\" \/>\n<meta property=\"product:retailer_item_id\" content=\"ACC-EAR-COLO\" \/>\n<meta property=\"product:condition\" content=\"new\" \/>\n<!-- \/ Yoast SEO plugin. -->","yoast_head_json":{"title":"Color Bloom N\u00e1u\u0161nice z japonsk\u00fdch kor\u00e1lk\u016f Miyuki - Matilda Gira","description":"Objevte na\u0161i kolekci ru\u010dn\u011b vyr\u00e1b\u011bn\u00fdch n\u00e1u\u0161nic Miyuki. Jsou utk\u00e1ny z prvot\u0159\u00eddn\u00edch japonsk\u00fdch kor\u00e1lk\u016f, m\u00eds\u00ed se v nich z\u00e1\u0159iv\u00e9 barvy, nad\u010dasov\u00fd design a kolumbijsk\u00e9 \u0159emesln\u00e9 zpracov\u00e1n\u00ed.","robots":{"index":"index","follow":"follow","max-snippet":"max-snippet:-1","max-image-preview":"max-image-preview:large","max-video-preview":"max-video-preview:-1"},"canonical":"https:\/\/matildagira.eu\/cs\/shop\/color-miyuki-nausnice\/","og_locale":"cs_CZ","og_type":"article","og_title":"Color Bloom N\u00e1u\u0161nice z japonsk\u00fdch kor\u00e1lk\u016f Miyuki - Matilda Gira","og_description":"Objevte na\u0161i kolekci ru\u010dn\u011b vyr\u00e1b\u011bn\u00fdch n\u00e1u\u0161nic Miyuki. Jsou utk\u00e1ny z prvot\u0159\u00eddn\u00edch japonsk\u00fdch kor\u00e1lk\u016f, m\u00eds\u00ed se v nich z\u00e1\u0159iv\u00e9 barvy, nad\u010dasov\u00fd design a kolumbijsk\u00e9 \u0159emesln\u00e9 zpracov\u00e1n\u00ed.","og_url":"https:\/\/matildagira.eu\/cs\/shop\/color-miyuki-nausnice\/","og_site_name":"Matilda Gira","article_publisher":"https:\/\/www.facebook.com\/matildagira","article_modified_time":"2025-07-28T12:45:22+00:00","og_image":[{"width":800,"height":1200,"url":"https:\/\/matildagira.eu\/wp-content\/uploads\/2025\/07\/Color-Bloom.webp","type":"image\/webp"}],"twitter_card":"summary_large_image","twitter_misc":{"Cena":"600&nbsp;&#75;&#269;","Dostupnost":"Nen\u00ed skladem"},"schema":{"@context":"https:\/\/schema.org","@graph":[{"@type":"WebPage","@id":"https:\/\/matildagira.eu\/cs\/shop\/color-miyuki-nausnice\/","url":"https:\/\/matildagira.eu\/cs\/shop\/color-miyuki-nausnice\/","name":"Color Bloom N\u00e1u\u0161nice z japonsk\u00fdch kor\u00e1lk\u016f Miyuki - Matilda Gira","isPartOf":{"@id":"https:\/\/matildagira.eu\/cs\/#website"},"primaryImageOfPage":{"@id":"https:\/\/matildagira.eu\/cs\/shop\/color-miyuki-nausnice\/#primaryimage"},"image":{"@id":"https:\/\/matildagira.eu\/cs\/shop\/color-miyuki-nausnice\/#primaryimage"},"thumbnailUrl":"https:\/\/matildagira.eu\/wp-content\/uploads\/2025\/07\/Color-Bloom.webp","datePublished":"2025-07-28T11:29:34+00:00","dateModified":"2025-07-28T12:45:22+00:00","description":"Objevte na\u0161i kolekci ru\u010dn\u011b vyr\u00e1b\u011bn\u00fdch n\u00e1u\u0161nic Miyuki. Jsou utk\u00e1ny z prvot\u0159\u00eddn\u00edch japonsk\u00fdch kor\u00e1lk\u016f, m\u00eds\u00ed se v nich z\u00e1\u0159iv\u00e9 barvy, nad\u010dasov\u00fd design a kolumbijsk\u00e9 \u0159emesln\u00e9 zpracov\u00e1n\u00ed.","breadcrumb":{"@id":"https:\/\/matildagira.eu\/cs\/shop\/color-miyuki-nausnice\/#breadcrumb"},"inLanguage":"cs","potentialAction":[{"@type":"ReadAction","target":["https:\/\/matildagira.eu\/cs\/shop\/color-miyuki-nausnice\/"]}]},{"@type":"ImageObject","inLanguage":"cs","@id":"https:\/\/matildagira.eu\/cs\/shop\/color-miyuki-nausnice\/#primaryimage","url":"https:\/\/matildagira.eu\/wp-content\/uploads\/2025\/07\/Color-Bloom.webp","contentUrl":"https:\/\/matildagira.eu\/wp-content\/uploads\/2025\/07\/Color-Bloom.webp","width":800,"height":1200,"caption":"handmade japanese miyuki beads earringa"},{"@type":"BreadcrumbList","@id":"https:\/\/matildagira.eu\/cs\/shop\/color-miyuki-nausnice\/#breadcrumb","itemListElement":[{"@type":"ListItem","position":1,"name":"Dom\u016f","item":"https:\/\/matildagira.eu\/cs\/"},{"@type":"ListItem","position":2,"name":"Shop","item":"https:\/\/matildagira.eu\/cs\/shop\/"},{"@type":"ListItem","position":3,"name":"Color Bloom N\u00e1u\u0161nice z japonsk\u00fdch kor\u00e1lk\u016f Miyuki"}]},{"@type":"WebSite","@id":"https:\/\/matildagira.eu\/cs\/#website","url":"https:\/\/matildagira.eu\/cs\/","name":"Matilda Gira","description":"Handcrafted Hats","publisher":{"@id":"https:\/\/matildagira.eu\/cs\/#organization"},"potentialAction":[{"@type":"SearchAction","target":{"@type":"EntryPoint","urlTemplate":"https:\/\/matildagira.eu\/cs\/?s={search_term_string}"},"query-input":{"@type":"PropertyValueSpecification","valueRequired":true,"valueName":"search_term_string"}}],"inLanguage":"cs"},{"@type":"Organization","@id":"https:\/\/matildagira.eu\/cs\/#organization","name":"Matilda Gira","url":"https:\/\/matildagira.eu\/cs\/","logo":{"@type":"ImageObject","inLanguage":"cs","@id":"https:\/\/matildagira.eu\/cs\/#\/schema\/logo\/image\/","url":"https:\/\/matildagira.eu\/wp-content\/uploads\/2022\/09\/LOGO-COLOR-VERDE.png","contentUrl":"https:\/\/matildagira.eu\/wp-content\/uploads\/2022\/09\/LOGO-COLOR-VERDE.png","width":1010,"height":446,"caption":"Matilda Gira"},"image":{"@id":"https:\/\/matildagira.eu\/cs\/#\/schema\/logo\/image\/"},"sameAs":["https:\/\/www.facebook.com\/matildagira","https:\/\/www.instagram.com\/matilda.gira\/","https:\/\/www.pinterest.com.au\/matildagira\/","https:\/\/www.tiktok.com\/@matildagira?lang=es"]}]},"product_price_amount":"600","product_price_currency":"CZK","og_availability":"out of stock","product_availability":"out of stock","product_retailer_item_id":"ACC-EAR-COLO","product_condition":"new"},"_links":{"self":[{"href":"https:\/\/matildagira.eu\/cs\/wp-json\/wp\/v2\/product\/8460","targetHints":{"allow":["GET"]}}],"collection":[{"href":"https:\/\/matildagira.eu\/cs\/wp-json\/wp\/v2\/product"}],"about":[{"href":"https:\/\/matildagira.eu\/cs\/wp-json\/wp\/v2\/types\/product"}],"replies":[{"embeddable":true,"href":"https:\/\/matildagira.eu\/cs\/wp-json\/wp\/v2\/comments?post=8460"}],"version-history":[{"count":4,"href":"https:\/\/matildagira.eu\/cs\/wp-json\/wp\/v2\/product\/8460\/revisions"}],"predecessor-version":[{"id":8526,"href":"https:\/\/matildagira.eu\/cs\/wp-json\/wp\/v2\/product\/8460\/revisions\/8526"}],"wp:featuredmedia":[{"embeddable":true,"href":"https:\/\/matildagira.eu\/cs\/wp-json\/wp\/v2\/media\/8462"}],"wp:attachment":[{"href":"https:\/\/matildagira.eu\/cs\/wp-json\/wp\/v2\/media?parent=8460"}],"wp:term":[{"taxonomy":"product_brand","embeddable":true,"href":"https:\/\/matildagira.eu\/cs\/wp-json\/wp\/v2\/product_brand?post=8460"},{"taxonomy":"product_cat","embeddable":true,"href":"https:\/\/matildagira.eu\/cs\/wp-json\/wp\/v2\/product_cat?post=8460"},{"taxonomy":"product_tag","embeddable":true,"href":"https:\/\/matildagira.eu\/cs\/wp-json\/wp\/v2\/product_tag?post=8460"}],"curies":[{"name":"wp","href":"https:\/\/api.w.org\/{rel}","templated":true}]}}