



{"id":8405,"date":"2025-07-23T21:08:27","date_gmt":"2025-07-23T19:08:27","guid":{"rendered":"https:\/\/matildagira.eu\/shop\/prsten-z-japonskych-koralku-miyuki\/"},"modified":"2025-07-28T14:03:54","modified_gmt":"2025-07-28T12:03:54","slug":"tropical-miyuki-prsten","status":"publish","type":"product","link":"https:\/\/matildagira.eu\/cs\/shop\/tropical-miyuki-prsten\/","title":{"rendered":"Tropical Japonsk\u00e9 kor\u00e1lky Miyuki Prsten"},"content":{"rendered":"<p class=\"\" data-start=\"340\" data-end=\"596\">Odv\u00e1\u017en\u00fd, ale hrav\u00fd kousek. Tento nastaviteln\u00fd prsten je ru\u010dn\u011b pleten\u00fd z prvot\u0159\u00eddn\u00edch japonsk\u00fdch kor\u00e1lk\u016f Miyuki, m\u00e1 bronzov\u00fd z\u00e1klad pota\u017een\u00fd 24kar\u00e1tov\u00fdm zlatem a barevn\u00e9 kor\u00e1lkov\u00e9 linie. Ru\u010dn\u011b vyrobeno s l\u00e1skou v Kolumbii.<\/p>\n","protected":false},"excerpt":{"rendered":"<h3>Vlastnosti:<\/h3>\n<ul>\n<li>Zahrnuje: Jeden nastaviteln\u00fd ru\u010dn\u011b tkan\u00fd prsten z japonsk\u00e9ho materi\u00e1lu Miyuki.<\/li>\n<li><span data-sheets-root=\"1\">Nastaviteln\u00fd prsten z oceli s 24kar\u00e1tov\u00fdm pozlacen\u00edm<\/span><\/li>\n<li><span data-sheets-root=\"1\">Ru\u010dn\u00ed v\u00fdroba v Kolumbii<br \/>\n<\/span><span data-sheets-root=\"1\"><br \/>\n<\/span><\/li>\n<\/ul>\n<h3>Denn\u00ed p\u00e9\u010de:<\/h3>\n<p>Chra\u0148te sv\u00e9 \u0161perky a jejich pokoven\u00ed t\u00edm, \u017ee je sund\u00e1te p\u0159i plav\u00e1n\u00ed, sprchov\u00e1n\u00ed, cvi\u010den\u00ed, myt\u00ed rukou nebo pou\u017e\u00edv\u00e1n\u00ed jak\u00fdchkoli produkt\u016f, jako jsou parf\u00e9my, ple\u0165ov\u00e9 vody nebo p\u0159\u00edpravky na vlasy. Jsme hrd\u00ed na kvalitu na\u0161ich v\u00fdrobk\u016f; pokud by v\u0161ak va\u0161e \u0161perky byly vystaveny p\u016fsoben\u00ed n\u011bkter\u00e9ho z v\u00fd\u0161e uveden\u00fdch produkt\u016f, m\u016f\u017ee doj\u00edt k jejich zmatn\u011bn\u00ed. Ztmavnut\u00ed m\u016f\u017ee b\u00fdt zp\u016fsobeno tak\u00e9 p\u0159irozenou \u00farovn\u00ed pH poko\u017eky.<\/p>\n<h3>Pokyny k \u010di\u0161t\u011bn\u00ed:<\/h3>\n<p>Chcete-li \u0161perky udr\u017eet \u010dist\u00e9, ot\u0159ete je m\u011bkk\u00fdm had\u0159\u00edkem. Nepou\u017e\u00edvejte \u010distic\u00ed prost\u0159edky na \u0161perky.<\/p>\n","protected":false},"featured_media":8331,"comment_status":"open","ping_status":"closed","template":"","meta":{"_monsterinsights_skip_tracking":false,"_monsterinsights_sitenote_active":false,"_monsterinsights_sitenote_note":"","_monsterinsights_sitenote_category":0},"product_brand":[],"product_cat":[658,708],"product_tag":[723,682],"class_list":{"0":"post-8405","1":"product","2":"type-product","3":"status-publish","4":"has-post-thumbnail","6":"product_cat-prsteny","7":"product_cat-sperky","8":"product_tag-koralky-miyuki","9":"product_tag-rucni-vyroba","11":"first","12":"outofstock","13":"taxable","14":"shipping-taxable","15":"purchasable","16":"product-type-simple"},"supplier_id":null,"supplier_sku":"","barcode":null,"atum_controlled":true,"out_stock_date":"2025-10-22 09:59:15","out_stock_threshold":null,"inheritable":false,"inbound_stock":null,"stock_on_hold":0,"sold_today":0,"sales_last_days":0,"reserved_stock":null,"customer_returns":null,"warehouse_damage":null,"lost_in_post":null,"other_logs":null,"out_stock_days":163,"lost_sales":0,"has_location":false,"update_date":"2026-04-04T00:05:39","atum_locations":[],"atum_stock_status":"outofstock","restock_status":false,"low_stock_amount":"","sales_update_date":"2026-04-04T00:05:39","calc_backorders":null,"yoast_head":"<!-- This site is optimized with the Yoast SEO plugin v27.3 - https:\/\/yoast.com\/product\/yoast-seo-wordpress\/ -->\n<title>Tropical Japonsk\u00e9 kor\u00e1lky Miyuki Prsten - Matilda Gira<\/title>\n<meta name=\"description\" content=\"Objevte ru\u010dn\u011b vyr\u00e1b\u011bn\u00e9 prsteny z prav\u00fdch japonsk\u00fdch kor\u00e1lk\u016f Miyuki. Ka\u017ed\u00fd kousek p\u0159in\u00e1\u0161\u00ed barevn\u00fd n\u00e1dech a \u0159emesln\u00fd \u0161arm. Ru\u010dn\u00ed v\u00fdroba v Kolumbii.\" \/>\n<meta name=\"robots\" content=\"index, follow, max-snippet:-1, max-image-preview:large, max-video-preview:-1\" \/>\n<link rel=\"canonical\" href=\"https:\/\/matildagira.eu\/cs\/shop\/tropical-miyuki-prsten\/\" \/>\n<meta property=\"og:locale\" content=\"cs_CZ\" \/>\n<meta property=\"og:type\" content=\"article\" \/>\n<meta property=\"og:title\" content=\"Tropical Japonsk\u00e9 kor\u00e1lky Miyuki Prsten - Matilda Gira\" \/>\n<meta property=\"og:description\" content=\"Objevte ru\u010dn\u011b vyr\u00e1b\u011bn\u00e9 prsteny z prav\u00fdch japonsk\u00fdch kor\u00e1lk\u016f Miyuki. Ka\u017ed\u00fd kousek p\u0159in\u00e1\u0161\u00ed barevn\u00fd n\u00e1dech a \u0159emesln\u00fd \u0161arm. Ru\u010dn\u00ed v\u00fdroba v Kolumbii.\" \/>\n<meta property=\"og:url\" content=\"https:\/\/matildagira.eu\/cs\/shop\/tropical-miyuki-prsten\/\" \/>\n<meta property=\"og:site_name\" content=\"Matilda Gira\" \/>\n<meta property=\"article:publisher\" content=\"https:\/\/www.facebook.com\/matildagira\" \/>\n<meta property=\"article:modified_time\" content=\"2025-07-28T12:03:54+00:00\" \/>\n<meta property=\"og:image\" content=\"https:\/\/matildagira.eu\/wp-content\/uploads\/2025\/07\/TROPICAL_MIYUKI_RING.webp\" \/>\n\t<meta property=\"og:image:width\" content=\"700\" \/>\n\t<meta property=\"og:image:height\" content=\"1050\" \/>\n\t<meta property=\"og:image:type\" content=\"image\/webp\" \/>\n<meta name=\"twitter:card\" content=\"summary_large_image\" \/>\n<meta name=\"twitter:label1\" content=\"Cena\" \/>\n\t<meta name=\"twitter:data1\" content=\"550&nbsp;&#075;&#269;\" \/>\n\t<meta name=\"twitter:label2\" content=\"Dostupnost\" \/>\n\t<meta name=\"twitter:data2\" content=\"Nen\u00ed skladem\" \/>\n<script type=\"application\/ld+json\" class=\"yoast-schema-graph\">{\"@context\":\"https:\\\/\\\/schema.org\",\"@graph\":[{\"@type\":\"WebPage\",\"@id\":\"https:\\\/\\\/matildagira.eu\\\/cs\\\/shop\\\/tropical-miyuki-prsten\\\/\",\"url\":\"https:\\\/\\\/matildagira.eu\\\/cs\\\/shop\\\/tropical-miyuki-prsten\\\/\",\"name\":\"Tropical Japonsk\u00e9 kor\u00e1lky Miyuki Prsten - Matilda Gira\",\"isPartOf\":{\"@id\":\"https:\\\/\\\/matildagira.eu\\\/cs\\\/#website\"},\"primaryImageOfPage\":{\"@id\":\"https:\\\/\\\/matildagira.eu\\\/cs\\\/shop\\\/tropical-miyuki-prsten\\\/#primaryimage\"},\"image\":{\"@id\":\"https:\\\/\\\/matildagira.eu\\\/cs\\\/shop\\\/tropical-miyuki-prsten\\\/#primaryimage\"},\"thumbnailUrl\":\"https:\\\/\\\/matildagira.eu\\\/wp-content\\\/uploads\\\/2025\\\/07\\\/TROPICAL_MIYUKI_RING.webp\",\"datePublished\":\"2025-07-23T19:08:27+00:00\",\"dateModified\":\"2025-07-28T12:03:54+00:00\",\"description\":\"Objevte ru\u010dn\u011b vyr\u00e1b\u011bn\u00e9 prsteny z prav\u00fdch japonsk\u00fdch kor\u00e1lk\u016f Miyuki. Ka\u017ed\u00fd kousek p\u0159in\u00e1\u0161\u00ed barevn\u00fd n\u00e1dech a \u0159emesln\u00fd \u0161arm. Ru\u010dn\u00ed v\u00fdroba v Kolumbii.\",\"breadcrumb\":{\"@id\":\"https:\\\/\\\/matildagira.eu\\\/cs\\\/shop\\\/tropical-miyuki-prsten\\\/#breadcrumb\"},\"inLanguage\":\"cs\",\"potentialAction\":[{\"@type\":\"ReadAction\",\"target\":[\"https:\\\/\\\/matildagira.eu\\\/cs\\\/shop\\\/tropical-miyuki-prsten\\\/\"]}]},{\"@type\":\"ImageObject\",\"inLanguage\":\"cs\",\"@id\":\"https:\\\/\\\/matildagira.eu\\\/cs\\\/shop\\\/tropical-miyuki-prsten\\\/#primaryimage\",\"url\":\"https:\\\/\\\/matildagira.eu\\\/wp-content\\\/uploads\\\/2025\\\/07\\\/TROPICAL_MIYUKI_RING.webp\",\"contentUrl\":\"https:\\\/\\\/matildagira.eu\\\/wp-content\\\/uploads\\\/2025\\\/07\\\/TROPICAL_MIYUKI_RING.webp\",\"width\":700,\"height\":1050,\"caption\":\"ru\u010dn\u011b vyr\u00e1b\u011bn\u00fd japonsk\u00fd prsten z kor\u00e1lk\u016f miyuki\"},{\"@type\":\"BreadcrumbList\",\"@id\":\"https:\\\/\\\/matildagira.eu\\\/cs\\\/shop\\\/tropical-miyuki-prsten\\\/#breadcrumb\",\"itemListElement\":[{\"@type\":\"ListItem\",\"position\":1,\"name\":\"Dom\u016f\",\"item\":\"https:\\\/\\\/matildagira.eu\\\/cs\\\/\"},{\"@type\":\"ListItem\",\"position\":2,\"name\":\"Shop\",\"item\":\"https:\\\/\\\/matildagira.eu\\\/cs\\\/shop\\\/\"},{\"@type\":\"ListItem\",\"position\":3,\"name\":\"Tropical Japonsk\u00e9 kor\u00e1lky Miyuki Prsten\"}]},{\"@type\":\"WebSite\",\"@id\":\"https:\\\/\\\/matildagira.eu\\\/cs\\\/#website\",\"url\":\"https:\\\/\\\/matildagira.eu\\\/cs\\\/\",\"name\":\"Matilda Gira\",\"description\":\"Handcrafted Hats\",\"publisher\":{\"@id\":\"https:\\\/\\\/matildagira.eu\\\/cs\\\/#organization\"},\"potentialAction\":[{\"@type\":\"SearchAction\",\"target\":{\"@type\":\"EntryPoint\",\"urlTemplate\":\"https:\\\/\\\/matildagira.eu\\\/cs\\\/?s={search_term_string}\"},\"query-input\":{\"@type\":\"PropertyValueSpecification\",\"valueRequired\":true,\"valueName\":\"search_term_string\"}}],\"inLanguage\":\"cs\"},{\"@type\":\"Organization\",\"@id\":\"https:\\\/\\\/matildagira.eu\\\/cs\\\/#organization\",\"name\":\"Matilda Gira\",\"url\":\"https:\\\/\\\/matildagira.eu\\\/cs\\\/\",\"logo\":{\"@type\":\"ImageObject\",\"inLanguage\":\"cs\",\"@id\":\"https:\\\/\\\/matildagira.eu\\\/cs\\\/#\\\/schema\\\/logo\\\/image\\\/\",\"url\":\"https:\\\/\\\/matildagira.eu\\\/wp-content\\\/uploads\\\/2022\\\/09\\\/LOGO-COLOR-VERDE.png\",\"contentUrl\":\"https:\\\/\\\/matildagira.eu\\\/wp-content\\\/uploads\\\/2022\\\/09\\\/LOGO-COLOR-VERDE.png\",\"width\":1010,\"height\":446,\"caption\":\"Matilda Gira\"},\"image\":{\"@id\":\"https:\\\/\\\/matildagira.eu\\\/cs\\\/#\\\/schema\\\/logo\\\/image\\\/\"},\"sameAs\":[\"https:\\\/\\\/www.facebook.com\\\/matildagira\",\"https:\\\/\\\/www.instagram.com\\\/matilda.gira\\\/\",\"https:\\\/\\\/www.pinterest.com.au\\\/matildagira\\\/\",\"https:\\\/\\\/www.tiktok.com\\\/@matildagira?lang=es\"]}]}<\/script>\n<meta property=\"product:price:amount\" content=\"550\" \/>\n<meta property=\"product:price:currency\" content=\"CZK\" \/>\n<meta property=\"og:availability\" content=\"out of stock\" \/>\n<meta property=\"product:availability\" content=\"out of stock\" \/>\n<meta property=\"product:retailer_item_id\" content=\"ACC-RIN-TROPICAL\" \/>\n<meta property=\"product:condition\" content=\"new\" \/>\n<!-- \/ Yoast SEO plugin. -->","yoast_head_json":{"title":"Tropical Japonsk\u00e9 kor\u00e1lky Miyuki Prsten - Matilda Gira","description":"Objevte ru\u010dn\u011b vyr\u00e1b\u011bn\u00e9 prsteny z prav\u00fdch japonsk\u00fdch kor\u00e1lk\u016f Miyuki. Ka\u017ed\u00fd kousek p\u0159in\u00e1\u0161\u00ed barevn\u00fd n\u00e1dech a \u0159emesln\u00fd \u0161arm. Ru\u010dn\u00ed v\u00fdroba v Kolumbii.","robots":{"index":"index","follow":"follow","max-snippet":"max-snippet:-1","max-image-preview":"max-image-preview:large","max-video-preview":"max-video-preview:-1"},"canonical":"https:\/\/matildagira.eu\/cs\/shop\/tropical-miyuki-prsten\/","og_locale":"cs_CZ","og_type":"article","og_title":"Tropical Japonsk\u00e9 kor\u00e1lky Miyuki Prsten - Matilda Gira","og_description":"Objevte ru\u010dn\u011b vyr\u00e1b\u011bn\u00e9 prsteny z prav\u00fdch japonsk\u00fdch kor\u00e1lk\u016f Miyuki. Ka\u017ed\u00fd kousek p\u0159in\u00e1\u0161\u00ed barevn\u00fd n\u00e1dech a \u0159emesln\u00fd \u0161arm. Ru\u010dn\u00ed v\u00fdroba v Kolumbii.","og_url":"https:\/\/matildagira.eu\/cs\/shop\/tropical-miyuki-prsten\/","og_site_name":"Matilda Gira","article_publisher":"https:\/\/www.facebook.com\/matildagira","article_modified_time":"2025-07-28T12:03:54+00:00","og_image":[{"width":700,"height":1050,"url":"https:\/\/matildagira.eu\/wp-content\/uploads\/2025\/07\/TROPICAL_MIYUKI_RING.webp","type":"image\/webp"}],"twitter_card":"summary_large_image","twitter_misc":{"Cena":"550&nbsp;&#75;&#269;","Dostupnost":"Nen\u00ed skladem"},"schema":{"@context":"https:\/\/schema.org","@graph":[{"@type":"WebPage","@id":"https:\/\/matildagira.eu\/cs\/shop\/tropical-miyuki-prsten\/","url":"https:\/\/matildagira.eu\/cs\/shop\/tropical-miyuki-prsten\/","name":"Tropical Japonsk\u00e9 kor\u00e1lky Miyuki Prsten - Matilda Gira","isPartOf":{"@id":"https:\/\/matildagira.eu\/cs\/#website"},"primaryImageOfPage":{"@id":"https:\/\/matildagira.eu\/cs\/shop\/tropical-miyuki-prsten\/#primaryimage"},"image":{"@id":"https:\/\/matildagira.eu\/cs\/shop\/tropical-miyuki-prsten\/#primaryimage"},"thumbnailUrl":"https:\/\/matildagira.eu\/wp-content\/uploads\/2025\/07\/TROPICAL_MIYUKI_RING.webp","datePublished":"2025-07-23T19:08:27+00:00","dateModified":"2025-07-28T12:03:54+00:00","description":"Objevte ru\u010dn\u011b vyr\u00e1b\u011bn\u00e9 prsteny z prav\u00fdch japonsk\u00fdch kor\u00e1lk\u016f Miyuki. Ka\u017ed\u00fd kousek p\u0159in\u00e1\u0161\u00ed barevn\u00fd n\u00e1dech a \u0159emesln\u00fd \u0161arm. Ru\u010dn\u00ed v\u00fdroba v Kolumbii.","breadcrumb":{"@id":"https:\/\/matildagira.eu\/cs\/shop\/tropical-miyuki-prsten\/#breadcrumb"},"inLanguage":"cs","potentialAction":[{"@type":"ReadAction","target":["https:\/\/matildagira.eu\/cs\/shop\/tropical-miyuki-prsten\/"]}]},{"@type":"ImageObject","inLanguage":"cs","@id":"https:\/\/matildagira.eu\/cs\/shop\/tropical-miyuki-prsten\/#primaryimage","url":"https:\/\/matildagira.eu\/wp-content\/uploads\/2025\/07\/TROPICAL_MIYUKI_RING.webp","contentUrl":"https:\/\/matildagira.eu\/wp-content\/uploads\/2025\/07\/TROPICAL_MIYUKI_RING.webp","width":700,"height":1050,"caption":"ru\u010dn\u011b vyr\u00e1b\u011bn\u00fd japonsk\u00fd prsten z kor\u00e1lk\u016f miyuki"},{"@type":"BreadcrumbList","@id":"https:\/\/matildagira.eu\/cs\/shop\/tropical-miyuki-prsten\/#breadcrumb","itemListElement":[{"@type":"ListItem","position":1,"name":"Dom\u016f","item":"https:\/\/matildagira.eu\/cs\/"},{"@type":"ListItem","position":2,"name":"Shop","item":"https:\/\/matildagira.eu\/cs\/shop\/"},{"@type":"ListItem","position":3,"name":"Tropical Japonsk\u00e9 kor\u00e1lky Miyuki Prsten"}]},{"@type":"WebSite","@id":"https:\/\/matildagira.eu\/cs\/#website","url":"https:\/\/matildagira.eu\/cs\/","name":"Matilda Gira","description":"Handcrafted Hats","publisher":{"@id":"https:\/\/matildagira.eu\/cs\/#organization"},"potentialAction":[{"@type":"SearchAction","target":{"@type":"EntryPoint","urlTemplate":"https:\/\/matildagira.eu\/cs\/?s={search_term_string}"},"query-input":{"@type":"PropertyValueSpecification","valueRequired":true,"valueName":"search_term_string"}}],"inLanguage":"cs"},{"@type":"Organization","@id":"https:\/\/matildagira.eu\/cs\/#organization","name":"Matilda Gira","url":"https:\/\/matildagira.eu\/cs\/","logo":{"@type":"ImageObject","inLanguage":"cs","@id":"https:\/\/matildagira.eu\/cs\/#\/schema\/logo\/image\/","url":"https:\/\/matildagira.eu\/wp-content\/uploads\/2022\/09\/LOGO-COLOR-VERDE.png","contentUrl":"https:\/\/matildagira.eu\/wp-content\/uploads\/2022\/09\/LOGO-COLOR-VERDE.png","width":1010,"height":446,"caption":"Matilda Gira"},"image":{"@id":"https:\/\/matildagira.eu\/cs\/#\/schema\/logo\/image\/"},"sameAs":["https:\/\/www.facebook.com\/matildagira","https:\/\/www.instagram.com\/matilda.gira\/","https:\/\/www.pinterest.com.au\/matildagira\/","https:\/\/www.tiktok.com\/@matildagira?lang=es"]}]},"product_price_amount":"550","product_price_currency":"CZK","og_availability":"out of stock","product_availability":"out of stock","product_retailer_item_id":"ACC-RIN-TROPICAL","product_condition":"new"},"_links":{"self":[{"href":"https:\/\/matildagira.eu\/cs\/wp-json\/wp\/v2\/product\/8405","targetHints":{"allow":["GET"]}}],"collection":[{"href":"https:\/\/matildagira.eu\/cs\/wp-json\/wp\/v2\/product"}],"about":[{"href":"https:\/\/matildagira.eu\/cs\/wp-json\/wp\/v2\/types\/product"}],"replies":[{"embeddable":true,"href":"https:\/\/matildagira.eu\/cs\/wp-json\/wp\/v2\/comments?post=8405"}],"version-history":[{"count":2,"href":"https:\/\/matildagira.eu\/cs\/wp-json\/wp\/v2\/product\/8405\/revisions"}],"predecessor-version":[{"id":8483,"href":"https:\/\/matildagira.eu\/cs\/wp-json\/wp\/v2\/product\/8405\/revisions\/8483"}],"wp:featuredmedia":[{"embeddable":true,"href":"https:\/\/matildagira.eu\/cs\/wp-json\/wp\/v2\/media\/8331"}],"wp:attachment":[{"href":"https:\/\/matildagira.eu\/cs\/wp-json\/wp\/v2\/media?parent=8405"}],"wp:term":[{"taxonomy":"product_brand","embeddable":true,"href":"https:\/\/matildagira.eu\/cs\/wp-json\/wp\/v2\/product_brand?post=8405"},{"taxonomy":"product_cat","embeddable":true,"href":"https:\/\/matildagira.eu\/cs\/wp-json\/wp\/v2\/product_cat?post=8405"},{"taxonomy":"product_tag","embeddable":true,"href":"https:\/\/matildagira.eu\/cs\/wp-json\/wp\/v2\/product_tag?post=8405"}],"curies":[{"name":"wp","href":"https:\/\/api.w.org\/{rel}","templated":true}]}}