



{"id":8301,"date":"2025-07-23T20:05:03","date_gmt":"2025-07-23T18:05:03","guid":{"rendered":"https:\/\/matildagira.eu\/?post_type=product&#038;p=8301"},"modified":"2025-07-28T14:23:22","modified_gmt":"2025-07-28T12:23:22","slug":"starfish-miyuki-naramek","status":"publish","type":"product","link":"https:\/\/matildagira.eu\/cs\/shop\/starfish-miyuki-naramek\/","title":{"rendered":"Starfish Sada japonsk\u00fdch n\u00e1ramk\u016f Miyuki"},"content":{"rendered":"<p class=\"p1\">Vyzdvihn\u011bte sv\u016fj styl se <strong>sadou n\u00e1ramk\u016f Starfish Miyuki<\/strong> &#8211; odv\u00e1\u017en\u00fdm, z\u00e1\u0159iv\u00fdm dopl\u0148kem ru\u010dn\u011b tkan\u00fdm z prvot\u0159\u00eddn\u00edch japonsk\u00fdch kor\u00e1lk\u016f Miyuki. Tato poutav\u00e1 sada m\u00e1 fialov\u00e9 t\u00f3ny se zlatou, dopln\u011bn\u00e9 jemn\u00fdmi hv\u011bzdicov\u00fdmi p\u0159\u00edv\u011bsky pln\u011bn\u00e9 zlatem. Skv\u011ble se hod\u00ed k tomu, aby dodala ka\u017ed\u00e9mu vzhledu barevn\u00fd n\u00e1dech a dotek elegance.<\/p>\n","protected":false},"excerpt":{"rendered":"<h3>Vlastnosti:<\/h3>\n<ul>\n<li>Obsahuje: jednu sadu n\u00e1ramk\u016f<\/li>\n<li>Ru\u010dn\u00ed v\u00fdroba v Kolumbii<\/li>\n<li>Ru\u010dn\u011b tkan\u00e9 z vysoce kvalitn\u00edch japonsk\u00fdch kor\u00e1lk\u016f Miyuki<\/li>\n<li>Posuvn\u00e9 uzlov\u00e9 zap\u00edn\u00e1n\u00ed se st\u0159apci pro nastaviteln\u00fd st\u0159ih<\/li>\n<\/ul>\n<h3><\/h3>\n<h3>Denn\u00ed p\u00e9\u010de:<\/h3>\n<p>Chra\u0148te sv\u00e9 \u0161perky a jejich pokoven\u00ed t\u00edm, \u017ee je sund\u00e1te p\u0159i plav\u00e1n\u00ed, sprchov\u00e1n\u00ed, cvi\u010den\u00ed, myt\u00ed rukou nebo pou\u017e\u00edv\u00e1n\u00ed jak\u00fdchkoli produkt\u016f, jako jsou parf\u00e9my, ple\u0165ov\u00e9 vody nebo p\u0159\u00edpravky na vlasy. Jsme hrd\u00ed na kvalitu na\u0161ich v\u00fdrobk\u016f; pokud by v\u0161ak va\u0161e \u0161perky byly vystaveny p\u016fsoben\u00ed n\u011bkter\u00e9ho z v\u00fd\u0161e uveden\u00fdch produkt\u016f, m\u016f\u017ee doj\u00edt k jejich zmatn\u011bn\u00ed. Ztmavnut\u00ed m\u016f\u017ee b\u00fdt zp\u016fsobeno tak\u00e9 p\u0159irozenou \u00farovn\u00ed pH poko\u017eky.<\/p>\n<h3>Pokyny k \u010di\u0161t\u011bn\u00ed:<\/h3>\n<p>Chcete-li \u0161perky udr\u017eet \u010dist\u00e9, ot\u0159ete je m\u011bkk\u00fdm had\u0159\u00edkem. Nepou\u017e\u00edvejte \u010distic\u00ed prost\u0159edky na \u0161perky.<\/p>\n","protected":false},"featured_media":8305,"comment_status":"open","ping_status":"closed","template":"","meta":{"_monsterinsights_skip_tracking":false,"_monsterinsights_sitenote_active":false,"_monsterinsights_sitenote_note":"","_monsterinsights_sitenote_category":0},"product_brand":[],"product_cat":[666,708],"product_tag":[723,729],"class_list":{"0":"post-8301","1":"product","2":"type-product","3":"status-publish","4":"has-post-thumbnail","6":"product_cat-naramky","7":"product_cat-sperky","8":"product_tag-koralky-miyuki","9":"product_tag-naramek","11":"first","12":"outofstock","13":"taxable","14":"shipping-taxable","15":"purchasable","16":"product-type-simple"},"supplier_id":null,"supplier_sku":"","barcode":null,"atum_controlled":true,"out_stock_date":"2026-03-15 16:07:55","out_stock_threshold":null,"inheritable":false,"inbound_stock":null,"stock_on_hold":0,"sold_today":0,"sales_last_days":0,"reserved_stock":null,"customer_returns":null,"warehouse_damage":null,"lost_in_post":null,"other_logs":null,"out_stock_days":19,"lost_sales":0,"has_location":false,"update_date":"2026-04-04T00:05:41","atum_locations":[],"atum_stock_status":"outofstock","restock_status":false,"low_stock_amount":"","sales_update_date":"2026-04-04T00:05:41","calc_backorders":null,"yoast_head":"<!-- This site is optimized with the Yoast SEO plugin v27.3 - https:\/\/yoast.com\/product\/yoast-seo-wordpress\/ -->\n<title>Starfish Sada japonsk\u00fdch n\u00e1ramk\u016f Miyuki - Matilda Gira<\/title>\n<meta name=\"description\" content=\"Ru\u010dn\u011b vyr\u00e1b\u011bn\u00e9 n\u00e1ramky z japonsk\u00fdch kor\u00e1lk\u016f Miyuki vyroben\u00e9 v Kolumbii, ve kter\u00fdch se snoub\u00ed z\u00e1\u0159iv\u00fd design, \u0159emesln\u00e1 tradice a odv\u00e1\u017en\u00e1 elegance.\" \/>\n<meta name=\"robots\" content=\"index, follow, max-snippet:-1, max-image-preview:large, max-video-preview:-1\" \/>\n<link rel=\"canonical\" href=\"https:\/\/matildagira.eu\/cs\/shop\/starfish-miyuki-naramek\/\" \/>\n<meta property=\"og:locale\" content=\"cs_CZ\" \/>\n<meta property=\"og:type\" content=\"article\" \/>\n<meta property=\"og:title\" content=\"Starfish Sada japonsk\u00fdch n\u00e1ramk\u016f Miyuki - Matilda Gira\" \/>\n<meta property=\"og:description\" content=\"Ru\u010dn\u011b vyr\u00e1b\u011bn\u00e9 n\u00e1ramky z japonsk\u00fdch kor\u00e1lk\u016f Miyuki vyroben\u00e9 v Kolumbii, ve kter\u00fdch se snoub\u00ed z\u00e1\u0159iv\u00fd design, \u0159emesln\u00e1 tradice a odv\u00e1\u017en\u00e1 elegance.\" \/>\n<meta property=\"og:url\" content=\"https:\/\/matildagira.eu\/cs\/shop\/starfish-miyuki-naramek\/\" \/>\n<meta property=\"og:site_name\" content=\"Matilda Gira\" \/>\n<meta property=\"article:publisher\" content=\"https:\/\/www.facebook.com\/matildagira\" \/>\n<meta property=\"article:modified_time\" content=\"2025-07-28T12:23:22+00:00\" \/>\n<meta property=\"og:image\" content=\"https:\/\/matildagira.eu\/wp-content\/uploads\/2025\/07\/starfish_japanesemiyuki_bracele.webp\" \/>\n\t<meta property=\"og:image:width\" content=\"800\" \/>\n\t<meta property=\"og:image:height\" content=\"1200\" \/>\n\t<meta property=\"og:image:type\" content=\"image\/webp\" \/>\n<meta name=\"twitter:card\" content=\"summary_large_image\" \/>\n<meta name=\"twitter:label1\" content=\"Cena\" \/>\n\t<meta name=\"twitter:data1\" content=\"450&nbsp;&#075;&#269;\" \/>\n\t<meta name=\"twitter:label2\" content=\"Dostupnost\" \/>\n\t<meta name=\"twitter:data2\" content=\"Nen\u00ed skladem\" \/>\n<script type=\"application\/ld+json\" class=\"yoast-schema-graph\">{\"@context\":\"https:\\\/\\\/schema.org\",\"@graph\":[{\"@type\":\"WebPage\",\"@id\":\"https:\\\/\\\/matildagira.eu\\\/cs\\\/shop\\\/starfish-miyuki-naramek\\\/\",\"url\":\"https:\\\/\\\/matildagira.eu\\\/cs\\\/shop\\\/starfish-miyuki-naramek\\\/\",\"name\":\"Starfish Sada japonsk\u00fdch n\u00e1ramk\u016f Miyuki - Matilda Gira\",\"isPartOf\":{\"@id\":\"https:\\\/\\\/matildagira.eu\\\/cs\\\/#website\"},\"primaryImageOfPage\":{\"@id\":\"https:\\\/\\\/matildagira.eu\\\/cs\\\/shop\\\/starfish-miyuki-naramek\\\/#primaryimage\"},\"image\":{\"@id\":\"https:\\\/\\\/matildagira.eu\\\/cs\\\/shop\\\/starfish-miyuki-naramek\\\/#primaryimage\"},\"thumbnailUrl\":\"https:\\\/\\\/matildagira.eu\\\/wp-content\\\/uploads\\\/2025\\\/07\\\/starfish_japanesemiyuki_bracele.webp\",\"datePublished\":\"2025-07-23T18:05:03+00:00\",\"dateModified\":\"2025-07-28T12:23:22+00:00\",\"description\":\"Ru\u010dn\u011b vyr\u00e1b\u011bn\u00e9 n\u00e1ramky z japonsk\u00fdch kor\u00e1lk\u016f Miyuki vyroben\u00e9 v Kolumbii, ve kter\u00fdch se snoub\u00ed z\u00e1\u0159iv\u00fd design, \u0159emesln\u00e1 tradice a odv\u00e1\u017en\u00e1 elegance.\",\"breadcrumb\":{\"@id\":\"https:\\\/\\\/matildagira.eu\\\/cs\\\/shop\\\/starfish-miyuki-naramek\\\/#breadcrumb\"},\"inLanguage\":\"cs\",\"potentialAction\":[{\"@type\":\"ReadAction\",\"target\":[\"https:\\\/\\\/matildagira.eu\\\/cs\\\/shop\\\/starfish-miyuki-naramek\\\/\"]}]},{\"@type\":\"ImageObject\",\"inLanguage\":\"cs\",\"@id\":\"https:\\\/\\\/matildagira.eu\\\/cs\\\/shop\\\/starfish-miyuki-naramek\\\/#primaryimage\",\"url\":\"https:\\\/\\\/matildagira.eu\\\/wp-content\\\/uploads\\\/2025\\\/07\\\/starfish_japanesemiyuki_bracele.webp\",\"contentUrl\":\"https:\\\/\\\/matildagira.eu\\\/wp-content\\\/uploads\\\/2025\\\/07\\\/starfish_japanesemiyuki_bracele.webp\",\"width\":800,\"height\":1200,\"caption\":\"ru\u010dn\u011b vyr\u00e1b\u011bn\u00fd japonsk\u00fd n\u00e1ramek z kor\u00e1lk\u016f miyuki\"},{\"@type\":\"BreadcrumbList\",\"@id\":\"https:\\\/\\\/matildagira.eu\\\/cs\\\/shop\\\/starfish-miyuki-naramek\\\/#breadcrumb\",\"itemListElement\":[{\"@type\":\"ListItem\",\"position\":1,\"name\":\"Dom\u016f\",\"item\":\"https:\\\/\\\/matildagira.eu\\\/cs\\\/\"},{\"@type\":\"ListItem\",\"position\":2,\"name\":\"Shop\",\"item\":\"https:\\\/\\\/matildagira.eu\\\/cs\\\/shop\\\/\"},{\"@type\":\"ListItem\",\"position\":3,\"name\":\"Starfish Sada japonsk\u00fdch n\u00e1ramk\u016f Miyuki\"}]},{\"@type\":\"WebSite\",\"@id\":\"https:\\\/\\\/matildagira.eu\\\/cs\\\/#website\",\"url\":\"https:\\\/\\\/matildagira.eu\\\/cs\\\/\",\"name\":\"Matilda Gira\",\"description\":\"Handcrafted Hats\",\"publisher\":{\"@id\":\"https:\\\/\\\/matildagira.eu\\\/cs\\\/#organization\"},\"potentialAction\":[{\"@type\":\"SearchAction\",\"target\":{\"@type\":\"EntryPoint\",\"urlTemplate\":\"https:\\\/\\\/matildagira.eu\\\/cs\\\/?s={search_term_string}\"},\"query-input\":{\"@type\":\"PropertyValueSpecification\",\"valueRequired\":true,\"valueName\":\"search_term_string\"}}],\"inLanguage\":\"cs\"},{\"@type\":\"Organization\",\"@id\":\"https:\\\/\\\/matildagira.eu\\\/cs\\\/#organization\",\"name\":\"Matilda Gira\",\"url\":\"https:\\\/\\\/matildagira.eu\\\/cs\\\/\",\"logo\":{\"@type\":\"ImageObject\",\"inLanguage\":\"cs\",\"@id\":\"https:\\\/\\\/matildagira.eu\\\/cs\\\/#\\\/schema\\\/logo\\\/image\\\/\",\"url\":\"https:\\\/\\\/matildagira.eu\\\/wp-content\\\/uploads\\\/2022\\\/09\\\/LOGO-COLOR-VERDE.png\",\"contentUrl\":\"https:\\\/\\\/matildagira.eu\\\/wp-content\\\/uploads\\\/2022\\\/09\\\/LOGO-COLOR-VERDE.png\",\"width\":1010,\"height\":446,\"caption\":\"Matilda Gira\"},\"image\":{\"@id\":\"https:\\\/\\\/matildagira.eu\\\/cs\\\/#\\\/schema\\\/logo\\\/image\\\/\"},\"sameAs\":[\"https:\\\/\\\/www.facebook.com\\\/matildagira\",\"https:\\\/\\\/www.instagram.com\\\/matilda.gira\\\/\",\"https:\\\/\\\/www.pinterest.com.au\\\/matildagira\\\/\",\"https:\\\/\\\/www.tiktok.com\\\/@matildagira?lang=es\"]}]}<\/script>\n<meta property=\"product:price:amount\" content=\"450\" \/>\n<meta property=\"product:price:currency\" content=\"CZK\" \/>\n<meta property=\"og:availability\" content=\"out of stock\" \/>\n<meta property=\"product:availability\" content=\"out of stock\" \/>\n<meta property=\"product:retailer_item_id\" content=\"ACC-BRA-STARFISH\" \/>\n<meta property=\"product:condition\" content=\"new\" \/>\n<!-- \/ Yoast SEO plugin. -->","yoast_head_json":{"title":"Starfish Sada japonsk\u00fdch n\u00e1ramk\u016f Miyuki - Matilda Gira","description":"Ru\u010dn\u011b vyr\u00e1b\u011bn\u00e9 n\u00e1ramky z japonsk\u00fdch kor\u00e1lk\u016f Miyuki vyroben\u00e9 v Kolumbii, ve kter\u00fdch se snoub\u00ed z\u00e1\u0159iv\u00fd design, \u0159emesln\u00e1 tradice a odv\u00e1\u017en\u00e1 elegance.","robots":{"index":"index","follow":"follow","max-snippet":"max-snippet:-1","max-image-preview":"max-image-preview:large","max-video-preview":"max-video-preview:-1"},"canonical":"https:\/\/matildagira.eu\/cs\/shop\/starfish-miyuki-naramek\/","og_locale":"cs_CZ","og_type":"article","og_title":"Starfish Sada japonsk\u00fdch n\u00e1ramk\u016f Miyuki - Matilda Gira","og_description":"Ru\u010dn\u011b vyr\u00e1b\u011bn\u00e9 n\u00e1ramky z japonsk\u00fdch kor\u00e1lk\u016f Miyuki vyroben\u00e9 v Kolumbii, ve kter\u00fdch se snoub\u00ed z\u00e1\u0159iv\u00fd design, \u0159emesln\u00e1 tradice a odv\u00e1\u017en\u00e1 elegance.","og_url":"https:\/\/matildagira.eu\/cs\/shop\/starfish-miyuki-naramek\/","og_site_name":"Matilda Gira","article_publisher":"https:\/\/www.facebook.com\/matildagira","article_modified_time":"2025-07-28T12:23:22+00:00","og_image":[{"width":800,"height":1200,"url":"https:\/\/matildagira.eu\/wp-content\/uploads\/2025\/07\/starfish_japanesemiyuki_bracele.webp","type":"image\/webp"}],"twitter_card":"summary_large_image","twitter_misc":{"Cena":"450&nbsp;&#75;&#269;","Dostupnost":"Nen\u00ed skladem"},"schema":{"@context":"https:\/\/schema.org","@graph":[{"@type":"WebPage","@id":"https:\/\/matildagira.eu\/cs\/shop\/starfish-miyuki-naramek\/","url":"https:\/\/matildagira.eu\/cs\/shop\/starfish-miyuki-naramek\/","name":"Starfish Sada japonsk\u00fdch n\u00e1ramk\u016f Miyuki - Matilda Gira","isPartOf":{"@id":"https:\/\/matildagira.eu\/cs\/#website"},"primaryImageOfPage":{"@id":"https:\/\/matildagira.eu\/cs\/shop\/starfish-miyuki-naramek\/#primaryimage"},"image":{"@id":"https:\/\/matildagira.eu\/cs\/shop\/starfish-miyuki-naramek\/#primaryimage"},"thumbnailUrl":"https:\/\/matildagira.eu\/wp-content\/uploads\/2025\/07\/starfish_japanesemiyuki_bracele.webp","datePublished":"2025-07-23T18:05:03+00:00","dateModified":"2025-07-28T12:23:22+00:00","description":"Ru\u010dn\u011b vyr\u00e1b\u011bn\u00e9 n\u00e1ramky z japonsk\u00fdch kor\u00e1lk\u016f Miyuki vyroben\u00e9 v Kolumbii, ve kter\u00fdch se snoub\u00ed z\u00e1\u0159iv\u00fd design, \u0159emesln\u00e1 tradice a odv\u00e1\u017en\u00e1 elegance.","breadcrumb":{"@id":"https:\/\/matildagira.eu\/cs\/shop\/starfish-miyuki-naramek\/#breadcrumb"},"inLanguage":"cs","potentialAction":[{"@type":"ReadAction","target":["https:\/\/matildagira.eu\/cs\/shop\/starfish-miyuki-naramek\/"]}]},{"@type":"ImageObject","inLanguage":"cs","@id":"https:\/\/matildagira.eu\/cs\/shop\/starfish-miyuki-naramek\/#primaryimage","url":"https:\/\/matildagira.eu\/wp-content\/uploads\/2025\/07\/starfish_japanesemiyuki_bracele.webp","contentUrl":"https:\/\/matildagira.eu\/wp-content\/uploads\/2025\/07\/starfish_japanesemiyuki_bracele.webp","width":800,"height":1200,"caption":"ru\u010dn\u011b vyr\u00e1b\u011bn\u00fd japonsk\u00fd n\u00e1ramek z kor\u00e1lk\u016f miyuki"},{"@type":"BreadcrumbList","@id":"https:\/\/matildagira.eu\/cs\/shop\/starfish-miyuki-naramek\/#breadcrumb","itemListElement":[{"@type":"ListItem","position":1,"name":"Dom\u016f","item":"https:\/\/matildagira.eu\/cs\/"},{"@type":"ListItem","position":2,"name":"Shop","item":"https:\/\/matildagira.eu\/cs\/shop\/"},{"@type":"ListItem","position":3,"name":"Starfish Sada japonsk\u00fdch n\u00e1ramk\u016f Miyuki"}]},{"@type":"WebSite","@id":"https:\/\/matildagira.eu\/cs\/#website","url":"https:\/\/matildagira.eu\/cs\/","name":"Matilda Gira","description":"Handcrafted Hats","publisher":{"@id":"https:\/\/matildagira.eu\/cs\/#organization"},"potentialAction":[{"@type":"SearchAction","target":{"@type":"EntryPoint","urlTemplate":"https:\/\/matildagira.eu\/cs\/?s={search_term_string}"},"query-input":{"@type":"PropertyValueSpecification","valueRequired":true,"valueName":"search_term_string"}}],"inLanguage":"cs"},{"@type":"Organization","@id":"https:\/\/matildagira.eu\/cs\/#organization","name":"Matilda Gira","url":"https:\/\/matildagira.eu\/cs\/","logo":{"@type":"ImageObject","inLanguage":"cs","@id":"https:\/\/matildagira.eu\/cs\/#\/schema\/logo\/image\/","url":"https:\/\/matildagira.eu\/wp-content\/uploads\/2022\/09\/LOGO-COLOR-VERDE.png","contentUrl":"https:\/\/matildagira.eu\/wp-content\/uploads\/2022\/09\/LOGO-COLOR-VERDE.png","width":1010,"height":446,"caption":"Matilda Gira"},"image":{"@id":"https:\/\/matildagira.eu\/cs\/#\/schema\/logo\/image\/"},"sameAs":["https:\/\/www.facebook.com\/matildagira","https:\/\/www.instagram.com\/matilda.gira\/","https:\/\/www.pinterest.com.au\/matildagira\/","https:\/\/www.tiktok.com\/@matildagira?lang=es"]}]},"product_price_amount":"450","product_price_currency":"CZK","og_availability":"out of stock","product_availability":"out of stock","product_retailer_item_id":"ACC-BRA-STARFISH","product_condition":"new"},"_links":{"self":[{"href":"https:\/\/matildagira.eu\/cs\/wp-json\/wp\/v2\/product\/8301","targetHints":{"allow":["GET"]}}],"collection":[{"href":"https:\/\/matildagira.eu\/cs\/wp-json\/wp\/v2\/product"}],"about":[{"href":"https:\/\/matildagira.eu\/cs\/wp-json\/wp\/v2\/types\/product"}],"replies":[{"embeddable":true,"href":"https:\/\/matildagira.eu\/cs\/wp-json\/wp\/v2\/comments?post=8301"}],"version-history":[{"count":4,"href":"https:\/\/matildagira.eu\/cs\/wp-json\/wp\/v2\/product\/8301\/revisions"}],"predecessor-version":[{"id":8505,"href":"https:\/\/matildagira.eu\/cs\/wp-json\/wp\/v2\/product\/8301\/revisions\/8505"}],"wp:featuredmedia":[{"embeddable":true,"href":"https:\/\/matildagira.eu\/cs\/wp-json\/wp\/v2\/media\/8305"}],"wp:attachment":[{"href":"https:\/\/matildagira.eu\/cs\/wp-json\/wp\/v2\/media?parent=8301"}],"wp:term":[{"taxonomy":"product_brand","embeddable":true,"href":"https:\/\/matildagira.eu\/cs\/wp-json\/wp\/v2\/product_brand?post=8301"},{"taxonomy":"product_cat","embeddable":true,"href":"https:\/\/matildagira.eu\/cs\/wp-json\/wp\/v2\/product_cat?post=8301"},{"taxonomy":"product_tag","embeddable":true,"href":"https:\/\/matildagira.eu\/cs\/wp-json\/wp\/v2\/product_tag?post=8301"}],"curies":[{"name":"wp","href":"https:\/\/api.w.org\/{rel}","templated":true}]}}