



{"id":8273,"date":"2025-07-23T18:58:13","date_gmt":"2025-07-23T16:58:13","guid":{"rendered":"https:\/\/matildagira.eu\/?post_type=product&#038;p=8273"},"modified":"2025-07-28T14:50:32","modified_gmt":"2025-07-28T12:50:32","slug":"flower-power-naramek","status":"publish","type":"product","link":"https:\/\/matildagira.eu\/cs\/shop\/flower-power-naramek\/","title":{"rendered":"Flower Power N\u00e1ramky na nohu"},"content":{"rendered":"<p>Ozdobte sv\u016fj kotn\u00edk n\u00e1ramkem Flower Power, kter\u00fd byl ru\u010dn\u011b a s l\u00e1skou vyroben v Kolumbii. Tato kr\u00e1sn\u00e1 sada se vyzna\u010duje jemn\u00fdm \u010desk\u00fdm kor\u00e1lkov\u00fdm v\u00fdpletem s pohodln\u00fdm zap\u00edn\u00e1n\u00edm na posuvn\u00fd uzel.<\/p>\n","protected":false},"excerpt":{"rendered":"<h3>Vlastnosti:<\/h3>\n<ul>\n<li>Sada n\u00e1kotn\u00edk\u016f tkan\u00fdch z \u010desk\u00fdch kor\u00e1lk\u016f s posuvn\u00fdm uzlem.<\/li>\n<li>\u0158et\u00edzek s p\u0159\u00edv\u011bsky s povrchovou \u00fapravou z brazilsk\u00e9ho zlata.<\/li>\n<li>Ru\u010dn\u00ed v\u00fdroba v Kolumbii<\/li>\n<\/ul>\n<h3><\/h3>\n<h3>Denn\u00ed p\u00e9\u010de:<\/h3>\n<p>Chra\u0148te sv\u00e9 \u0161perky a jejich pokoven\u00ed t\u00edm, \u017ee je sund\u00e1te p\u0159i plav\u00e1n\u00ed, sprchov\u00e1n\u00ed, cvi\u010den\u00ed, myt\u00ed rukou nebo pou\u017e\u00edv\u00e1n\u00ed jak\u00fdchkoli produkt\u016f, jako jsou parf\u00e9my, ple\u0165ov\u00e9 vody nebo p\u0159\u00edpravky na vlasy. Jsme hrd\u00ed na kvalitu na\u0161ich v\u00fdrobk\u016f; pokud by v\u0161ak va\u0161e \u0161perky byly vystaveny p\u016fsoben\u00ed n\u011bkter\u00e9ho z v\u00fd\u0161e uveden\u00fdch produkt\u016f, m\u016f\u017ee doj\u00edt k jejich zmatn\u011bn\u00ed. Ztmavnut\u00ed m\u016f\u017ee b\u00fdt zp\u016fsobeno tak\u00e9 p\u0159irozenou \u00farovn\u00ed pH poko\u017eky.<\/p>\n<h3>Pokyny k \u010di\u0161t\u011bn\u00ed:<\/h3>\n<p>Chcete-li \u0161perky udr\u017eet \u010dist\u00e9, ot\u0159ete je m\u011bkk\u00fdm had\u0159\u00edkem. Nepou\u017e\u00edvejte \u010distic\u00ed prost\u0159edky na \u0161perky.<\/p>\n","protected":false},"featured_media":8264,"comment_status":"closed","ping_status":"closed","template":"","meta":{"_monsterinsights_skip_tracking":false,"_monsterinsights_sitenote_active":false,"_monsterinsights_sitenote_note":"","_monsterinsights_sitenote_category":0},"product_brand":[],"product_cat":[667,708],"product_tag":[],"class_list":{"0":"post-8273","1":"product","2":"type-product","3":"status-publish","4":"has-post-thumbnail","6":"product_cat-naramky-na-kotnik","7":"product_cat-sperky","9":"first","10":"instock","11":"taxable","12":"shipping-taxable","13":"purchasable","14":"product-type-simple"},"supplier_id":null,"supplier_sku":"","barcode":null,"atum_controlled":true,"out_stock_date":null,"out_stock_threshold":null,"inheritable":false,"inbound_stock":null,"stock_on_hold":0,"sold_today":0,"sales_last_days":0,"reserved_stock":null,"customer_returns":null,"warehouse_damage":null,"lost_in_post":null,"other_logs":null,"out_stock_days":0,"lost_sales":0,"has_location":false,"update_date":"2026-04-04T00:05:41","atum_locations":[],"atum_stock_status":"instock","restock_status":false,"low_stock_amount":"","sales_update_date":"2026-04-04T00:05:41","calc_backorders":null,"yoast_head":"<!-- This site is optimized with the Yoast SEO plugin v27.3 - https:\/\/yoast.com\/product\/yoast-seo-wordpress\/ -->\n<title>Flower Power N\u00e1ramky na nohu - Matilda Gira<\/title>\n<meta name=\"description\" content=\"Sada n\u00e1kotn\u00edk\u016f tkan\u00fdch z \u010desk\u00fdch kor\u00e1lk\u016f s posuvn\u00fdm uzlem. P\u0159\u00edv\u011bsky z \u0159et\u00edzku a brazilsk\u00e9ho zlata s povrchovou \u00fapravou Goldfilled. Ru\u010dn\u00ed v\u00fdroba v Kolumbii,\" \/>\n<meta name=\"robots\" content=\"index, follow, max-snippet:-1, max-image-preview:large, max-video-preview:-1\" \/>\n<link rel=\"canonical\" href=\"https:\/\/matildagira.eu\/cs\/shop\/flower-power-naramek\/\" \/>\n<meta property=\"og:locale\" content=\"cs_CZ\" \/>\n<meta property=\"og:type\" content=\"article\" \/>\n<meta property=\"og:title\" content=\"Flower Power N\u00e1ramky na nohu - Matilda Gira\" \/>\n<meta property=\"og:description\" content=\"Sada n\u00e1kotn\u00edk\u016f tkan\u00fdch z \u010desk\u00fdch kor\u00e1lk\u016f s posuvn\u00fdm uzlem. P\u0159\u00edv\u011bsky z \u0159et\u00edzku a brazilsk\u00e9ho zlata s povrchovou \u00fapravou Goldfilled. Ru\u010dn\u00ed v\u00fdroba v Kolumbii,\" \/>\n<meta property=\"og:url\" content=\"https:\/\/matildagira.eu\/cs\/shop\/flower-power-naramek\/\" \/>\n<meta property=\"og:site_name\" content=\"Matilda Gira\" \/>\n<meta property=\"article:publisher\" content=\"https:\/\/www.facebook.com\/matildagira\" \/>\n<meta property=\"article:modified_time\" content=\"2025-07-28T12:50:32+00:00\" \/>\n<meta property=\"og:image\" content=\"https:\/\/matildagira.eu\/wp-content\/uploads\/2025\/07\/tobillera-mostacilla-florece_c92e8a94-54e8-4701-898a-b09ecb1318e6.webp\" \/>\n\t<meta property=\"og:image:width\" content=\"800\" \/>\n\t<meta property=\"og:image:height\" content=\"1200\" \/>\n\t<meta property=\"og:image:type\" content=\"image\/webp\" \/>\n<meta name=\"twitter:card\" content=\"summary_large_image\" \/>\n<meta name=\"twitter:label1\" content=\"Cena\" \/>\n\t<meta name=\"twitter:data1\" content=\"450&nbsp;&#075;&#269;\" \/>\n\t<meta name=\"twitter:label2\" content=\"Dostupnost\" \/>\n\t<meta name=\"twitter:data2\" content=\"Skladem\" \/>\n<script type=\"application\/ld+json\" class=\"yoast-schema-graph\">{\"@context\":\"https:\\\/\\\/schema.org\",\"@graph\":[{\"@type\":\"WebPage\",\"@id\":\"https:\\\/\\\/matildagira.eu\\\/cs\\\/shop\\\/flower-power-naramek\\\/\",\"url\":\"https:\\\/\\\/matildagira.eu\\\/cs\\\/shop\\\/flower-power-naramek\\\/\",\"name\":\"Flower Power N\u00e1ramky na nohu - Matilda Gira\",\"isPartOf\":{\"@id\":\"https:\\\/\\\/matildagira.eu\\\/cs\\\/#website\"},\"primaryImageOfPage\":{\"@id\":\"https:\\\/\\\/matildagira.eu\\\/cs\\\/shop\\\/flower-power-naramek\\\/#primaryimage\"},\"image\":{\"@id\":\"https:\\\/\\\/matildagira.eu\\\/cs\\\/shop\\\/flower-power-naramek\\\/#primaryimage\"},\"thumbnailUrl\":\"https:\\\/\\\/matildagira.eu\\\/wp-content\\\/uploads\\\/2025\\\/07\\\/tobillera-mostacilla-florece_c92e8a94-54e8-4701-898a-b09ecb1318e6.webp\",\"datePublished\":\"2025-07-23T16:58:13+00:00\",\"dateModified\":\"2025-07-28T12:50:32+00:00\",\"description\":\"Sada n\u00e1kotn\u00edk\u016f tkan\u00fdch z \u010desk\u00fdch kor\u00e1lk\u016f s posuvn\u00fdm uzlem. P\u0159\u00edv\u011bsky z \u0159et\u00edzku a brazilsk\u00e9ho zlata s povrchovou \u00fapravou Goldfilled. Ru\u010dn\u00ed v\u00fdroba v Kolumbii,\",\"breadcrumb\":{\"@id\":\"https:\\\/\\\/matildagira.eu\\\/cs\\\/shop\\\/flower-power-naramek\\\/#breadcrumb\"},\"inLanguage\":\"cs\",\"potentialAction\":[{\"@type\":\"ReadAction\",\"target\":[\"https:\\\/\\\/matildagira.eu\\\/cs\\\/shop\\\/flower-power-naramek\\\/\"]}]},{\"@type\":\"ImageObject\",\"inLanguage\":\"cs\",\"@id\":\"https:\\\/\\\/matildagira.eu\\\/cs\\\/shop\\\/flower-power-naramek\\\/#primaryimage\",\"url\":\"https:\\\/\\\/matildagira.eu\\\/wp-content\\\/uploads\\\/2025\\\/07\\\/tobillera-mostacilla-florece_c92e8a94-54e8-4701-898a-b09ecb1318e6.webp\",\"contentUrl\":\"https:\\\/\\\/matildagira.eu\\\/wp-content\\\/uploads\\\/2025\\\/07\\\/tobillera-mostacilla-florece_c92e8a94-54e8-4701-898a-b09ecb1318e6.webp\",\"width\":800,\"height\":1200,\"caption\":\"ru\u010dn\u011b vyroben\u00fd n\u00e1ramek\"},{\"@type\":\"BreadcrumbList\",\"@id\":\"https:\\\/\\\/matildagira.eu\\\/cs\\\/shop\\\/flower-power-naramek\\\/#breadcrumb\",\"itemListElement\":[{\"@type\":\"ListItem\",\"position\":1,\"name\":\"Dom\u016f\",\"item\":\"https:\\\/\\\/matildagira.eu\\\/cs\\\/\"},{\"@type\":\"ListItem\",\"position\":2,\"name\":\"Shop\",\"item\":\"https:\\\/\\\/matildagira.eu\\\/cs\\\/shop\\\/\"},{\"@type\":\"ListItem\",\"position\":3,\"name\":\"Flower Power N\u00e1ramky na nohu\"}]},{\"@type\":\"WebSite\",\"@id\":\"https:\\\/\\\/matildagira.eu\\\/cs\\\/#website\",\"url\":\"https:\\\/\\\/matildagira.eu\\\/cs\\\/\",\"name\":\"Matilda Gira\",\"description\":\"Handcrafted Hats\",\"publisher\":{\"@id\":\"https:\\\/\\\/matildagira.eu\\\/cs\\\/#organization\"},\"potentialAction\":[{\"@type\":\"SearchAction\",\"target\":{\"@type\":\"EntryPoint\",\"urlTemplate\":\"https:\\\/\\\/matildagira.eu\\\/cs\\\/?s={search_term_string}\"},\"query-input\":{\"@type\":\"PropertyValueSpecification\",\"valueRequired\":true,\"valueName\":\"search_term_string\"}}],\"inLanguage\":\"cs\"},{\"@type\":\"Organization\",\"@id\":\"https:\\\/\\\/matildagira.eu\\\/cs\\\/#organization\",\"name\":\"Matilda Gira\",\"url\":\"https:\\\/\\\/matildagira.eu\\\/cs\\\/\",\"logo\":{\"@type\":\"ImageObject\",\"inLanguage\":\"cs\",\"@id\":\"https:\\\/\\\/matildagira.eu\\\/cs\\\/#\\\/schema\\\/logo\\\/image\\\/\",\"url\":\"https:\\\/\\\/matildagira.eu\\\/wp-content\\\/uploads\\\/2022\\\/09\\\/LOGO-COLOR-VERDE.png\",\"contentUrl\":\"https:\\\/\\\/matildagira.eu\\\/wp-content\\\/uploads\\\/2022\\\/09\\\/LOGO-COLOR-VERDE.png\",\"width\":1010,\"height\":446,\"caption\":\"Matilda Gira\"},\"image\":{\"@id\":\"https:\\\/\\\/matildagira.eu\\\/cs\\\/#\\\/schema\\\/logo\\\/image\\\/\"},\"sameAs\":[\"https:\\\/\\\/www.facebook.com\\\/matildagira\",\"https:\\\/\\\/www.instagram.com\\\/matilda.gira\\\/\",\"https:\\\/\\\/www.pinterest.com.au\\\/matildagira\\\/\",\"https:\\\/\\\/www.tiktok.com\\\/@matildagira?lang=es\"]}]}<\/script>\n<meta property=\"product:price:amount\" content=\"450\" \/>\n<meta property=\"product:price:currency\" content=\"CZK\" \/>\n<meta property=\"og:availability\" content=\"instock\" \/>\n<meta property=\"product:availability\" content=\"instock\" \/>\n<meta property=\"product:retailer_item_id\" content=\"ACC-ANK-FLOWERPOWER\" \/>\n<meta property=\"product:condition\" content=\"new\" \/>\n<!-- \/ Yoast SEO plugin. -->","yoast_head_json":{"title":"Flower Power N\u00e1ramky na nohu - Matilda Gira","description":"Sada n\u00e1kotn\u00edk\u016f tkan\u00fdch z \u010desk\u00fdch kor\u00e1lk\u016f s posuvn\u00fdm uzlem. P\u0159\u00edv\u011bsky z \u0159et\u00edzku a brazilsk\u00e9ho zlata s povrchovou \u00fapravou Goldfilled. Ru\u010dn\u00ed v\u00fdroba v Kolumbii,","robots":{"index":"index","follow":"follow","max-snippet":"max-snippet:-1","max-image-preview":"max-image-preview:large","max-video-preview":"max-video-preview:-1"},"canonical":"https:\/\/matildagira.eu\/cs\/shop\/flower-power-naramek\/","og_locale":"cs_CZ","og_type":"article","og_title":"Flower Power N\u00e1ramky na nohu - Matilda Gira","og_description":"Sada n\u00e1kotn\u00edk\u016f tkan\u00fdch z \u010desk\u00fdch kor\u00e1lk\u016f s posuvn\u00fdm uzlem. P\u0159\u00edv\u011bsky z \u0159et\u00edzku a brazilsk\u00e9ho zlata s povrchovou \u00fapravou Goldfilled. Ru\u010dn\u00ed v\u00fdroba v Kolumbii,","og_url":"https:\/\/matildagira.eu\/cs\/shop\/flower-power-naramek\/","og_site_name":"Matilda Gira","article_publisher":"https:\/\/www.facebook.com\/matildagira","article_modified_time":"2025-07-28T12:50:32+00:00","og_image":[{"width":800,"height":1200,"url":"https:\/\/matildagira.eu\/wp-content\/uploads\/2025\/07\/tobillera-mostacilla-florece_c92e8a94-54e8-4701-898a-b09ecb1318e6.webp","type":"image\/webp"}],"twitter_card":"summary_large_image","twitter_misc":{"Cena":"450&nbsp;&#75;&#269;","Dostupnost":"Skladem"},"schema":{"@context":"https:\/\/schema.org","@graph":[{"@type":"WebPage","@id":"https:\/\/matildagira.eu\/cs\/shop\/flower-power-naramek\/","url":"https:\/\/matildagira.eu\/cs\/shop\/flower-power-naramek\/","name":"Flower Power N\u00e1ramky na nohu - Matilda Gira","isPartOf":{"@id":"https:\/\/matildagira.eu\/cs\/#website"},"primaryImageOfPage":{"@id":"https:\/\/matildagira.eu\/cs\/shop\/flower-power-naramek\/#primaryimage"},"image":{"@id":"https:\/\/matildagira.eu\/cs\/shop\/flower-power-naramek\/#primaryimage"},"thumbnailUrl":"https:\/\/matildagira.eu\/wp-content\/uploads\/2025\/07\/tobillera-mostacilla-florece_c92e8a94-54e8-4701-898a-b09ecb1318e6.webp","datePublished":"2025-07-23T16:58:13+00:00","dateModified":"2025-07-28T12:50:32+00:00","description":"Sada n\u00e1kotn\u00edk\u016f tkan\u00fdch z \u010desk\u00fdch kor\u00e1lk\u016f s posuvn\u00fdm uzlem. P\u0159\u00edv\u011bsky z \u0159et\u00edzku a brazilsk\u00e9ho zlata s povrchovou \u00fapravou Goldfilled. Ru\u010dn\u00ed v\u00fdroba v Kolumbii,","breadcrumb":{"@id":"https:\/\/matildagira.eu\/cs\/shop\/flower-power-naramek\/#breadcrumb"},"inLanguage":"cs","potentialAction":[{"@type":"ReadAction","target":["https:\/\/matildagira.eu\/cs\/shop\/flower-power-naramek\/"]}]},{"@type":"ImageObject","inLanguage":"cs","@id":"https:\/\/matildagira.eu\/cs\/shop\/flower-power-naramek\/#primaryimage","url":"https:\/\/matildagira.eu\/wp-content\/uploads\/2025\/07\/tobillera-mostacilla-florece_c92e8a94-54e8-4701-898a-b09ecb1318e6.webp","contentUrl":"https:\/\/matildagira.eu\/wp-content\/uploads\/2025\/07\/tobillera-mostacilla-florece_c92e8a94-54e8-4701-898a-b09ecb1318e6.webp","width":800,"height":1200,"caption":"ru\u010dn\u011b vyroben\u00fd n\u00e1ramek"},{"@type":"BreadcrumbList","@id":"https:\/\/matildagira.eu\/cs\/shop\/flower-power-naramek\/#breadcrumb","itemListElement":[{"@type":"ListItem","position":1,"name":"Dom\u016f","item":"https:\/\/matildagira.eu\/cs\/"},{"@type":"ListItem","position":2,"name":"Shop","item":"https:\/\/matildagira.eu\/cs\/shop\/"},{"@type":"ListItem","position":3,"name":"Flower Power N\u00e1ramky na nohu"}]},{"@type":"WebSite","@id":"https:\/\/matildagira.eu\/cs\/#website","url":"https:\/\/matildagira.eu\/cs\/","name":"Matilda Gira","description":"Handcrafted Hats","publisher":{"@id":"https:\/\/matildagira.eu\/cs\/#organization"},"potentialAction":[{"@type":"SearchAction","target":{"@type":"EntryPoint","urlTemplate":"https:\/\/matildagira.eu\/cs\/?s={search_term_string}"},"query-input":{"@type":"PropertyValueSpecification","valueRequired":true,"valueName":"search_term_string"}}],"inLanguage":"cs"},{"@type":"Organization","@id":"https:\/\/matildagira.eu\/cs\/#organization","name":"Matilda Gira","url":"https:\/\/matildagira.eu\/cs\/","logo":{"@type":"ImageObject","inLanguage":"cs","@id":"https:\/\/matildagira.eu\/cs\/#\/schema\/logo\/image\/","url":"https:\/\/matildagira.eu\/wp-content\/uploads\/2022\/09\/LOGO-COLOR-VERDE.png","contentUrl":"https:\/\/matildagira.eu\/wp-content\/uploads\/2022\/09\/LOGO-COLOR-VERDE.png","width":1010,"height":446,"caption":"Matilda Gira"},"image":{"@id":"https:\/\/matildagira.eu\/cs\/#\/schema\/logo\/image\/"},"sameAs":["https:\/\/www.facebook.com\/matildagira","https:\/\/www.instagram.com\/matilda.gira\/","https:\/\/www.pinterest.com.au\/matildagira\/","https:\/\/www.tiktok.com\/@matildagira?lang=es"]}]},"product_price_amount":"450","product_price_currency":"CZK","og_availability":"instock","product_availability":"instock","product_retailer_item_id":"ACC-ANK-FLOWERPOWER","product_condition":"new"},"_links":{"self":[{"href":"https:\/\/matildagira.eu\/cs\/wp-json\/wp\/v2\/product\/8273","targetHints":{"allow":["GET"]}}],"collection":[{"href":"https:\/\/matildagira.eu\/cs\/wp-json\/wp\/v2\/product"}],"about":[{"href":"https:\/\/matildagira.eu\/cs\/wp-json\/wp\/v2\/types\/product"}],"replies":[{"embeddable":true,"href":"https:\/\/matildagira.eu\/cs\/wp-json\/wp\/v2\/comments?post=8273"}],"version-history":[{"count":4,"href":"https:\/\/matildagira.eu\/cs\/wp-json\/wp\/v2\/product\/8273\/revisions"}],"predecessor-version":[{"id":8536,"href":"https:\/\/matildagira.eu\/cs\/wp-json\/wp\/v2\/product\/8273\/revisions\/8536"}],"wp:featuredmedia":[{"embeddable":true,"href":"https:\/\/matildagira.eu\/cs\/wp-json\/wp\/v2\/media\/8264"}],"wp:attachment":[{"href":"https:\/\/matildagira.eu\/cs\/wp-json\/wp\/v2\/media?parent=8273"}],"wp:term":[{"taxonomy":"product_brand","embeddable":true,"href":"https:\/\/matildagira.eu\/cs\/wp-json\/wp\/v2\/product_brand?post=8273"},{"taxonomy":"product_cat","embeddable":true,"href":"https:\/\/matildagira.eu\/cs\/wp-json\/wp\/v2\/product_cat?post=8273"},{"taxonomy":"product_tag","embeddable":true,"href":"https:\/\/matildagira.eu\/cs\/wp-json\/wp\/v2\/product_tag?post=8273"}],"curies":[{"name":"wp","href":"https:\/\/api.w.org\/{rel}","templated":true}]}}