



{"id":7824,"date":"2024-11-21T19:50:10","date_gmt":"2024-11-21T18:50:10","guid":{"rendered":"https:\/\/matildagira.eu\/shop\/kolekce-artisan-choker\/"},"modified":"2025-06-18T21:46:12","modified_gmt":"2025-06-18T19:46:12","slug":"kolekce-artisan-choker","status":"publish","type":"product","link":"https:\/\/matildagira.eu\/cs\/shop\/kolekce-artisan-choker\/","title":{"rendered":"Kolekce Artisan Choker"},"content":{"rendered":"<p class=\"p1\">P\u0159edstavujeme <strong>novou<\/strong> <b>kolekci Artisan Choker<\/b>, v n\u00ed\u017e se modern\u00ed geometrick\u00fd design snoub\u00ed s \u0159emeslnou zru\u010dnost\u00ed p\u0159edk\u016f. Tyto chokery, navr\u017een\u00e9 v \u010cesk\u00e9 republice a ru\u010dn\u011b vyroben\u00e9 domorod\u00fdm kmenem Embera Chami v Kolumbii, jsou vyrobeny z prvot\u0159\u00eddn\u00edch \u010desk\u00fdch kor\u00e1lk\u016f a zakon\u010deny elegantn\u00edmi st\u0159apci, kter\u00e9 evokuj\u00ed pohyb a p\u016fvab. <\/p>\n","protected":false},"excerpt":{"rendered":"<h3>Vlastnosti:<\/h3>\n<ul>\n<li style=\"list-style-type: none;\">\n<ul>\n<li>K dispozici ve t\u0159ech univerz\u00e1ln\u00edch barevn\u00fdch kombinac\u00edch:\n<ul>\n<li>\u010cern\u00e1 a zlat\u00e1, b\u00edl\u00e1 a zlat\u00e1, k\u0159i\u0161\u0165\u00e1lov\u011b \u010dir\u00e1 a sv\u011btle \u0161ed\u00e1<\/li>\n<\/ul>\n<\/li>\n<li>Navr\u017eeno v \u010cesk\u00e9 republice, ru\u010dn\u011b vyrobeno domorod\u00fdm kmenem Embera Chami v Kolumbii.<\/li>\n<li>Vyrobeno z prvot\u0159\u00eddn\u00edch \u010desk\u00fdch kor\u00e1lk\u016f pro vynikaj\u00edc\u00ed kvalitu<\/li>\n<li>Slo\u017eit\u00e9 geometrick\u00e9 vzory pro modern\u00ed a sofistikovan\u00fd vzhled.<\/li>\n<li>Zdoben\u00e9 st\u0159apci, kter\u00e9 dod\u00e1vaj\u00ed pohyb a eleganci.<\/li>\n<li>Lehk\u00e9 a pohodln\u00e9 pro celodenn\u00ed no\u0161en\u00ed<\/li>\n<\/ul>\n<\/li>\n<\/ul>\n<p>&nbsp;<\/p>\n<h3>Denn\u00ed p\u00e9\u010de:<\/h3>\n<p>Chra\u0148te sv\u00e9 \u0161perky a jejich pokoven\u00ed t\u00edm, \u017ee je sund\u00e1te p\u0159i plav\u00e1n\u00ed, sprchov\u00e1n\u00ed, cvi\u010den\u00ed, myt\u00ed rukou nebo pou\u017e\u00edv\u00e1n\u00ed jak\u00fdchkoli produkt\u016f, jako jsou parf\u00e9my, ple\u0165ov\u00e9 vody nebo p\u0159\u00edpravky na vlasy. Jsme hrd\u00ed na kvalitu na\u0161ich v\u00fdrobk\u016f; pokud by v\u0161ak va\u0161e \u0161perky byly vystaveny p\u016fsoben\u00ed n\u011bkter\u00e9ho z v\u00fd\u0161e uveden\u00fdch produkt\u016f, m\u016f\u017ee doj\u00edt k jejich zmatn\u011bn\u00ed. Ztmavnut\u00ed m\u016f\u017ee b\u00fdt zp\u016fsobeno tak\u00e9 p\u0159irozenou \u00farovn\u00ed pH poko\u017eky.  <\/p>\n<h3>Pokyny k \u010di\u0161t\u011bn\u00ed:<\/h3>\n<p>Chcete-li \u0161perky udr\u017eet \u010dist\u00e9, ot\u0159ete je m\u011bkk\u00fdm had\u0159\u00edkem. Nepou\u017e\u00edvejte \u010distic\u00ed prost\u0159edky na \u0161perky. <\/p>\n","protected":false},"featured_media":7806,"comment_status":"open","ping_status":"closed","template":"","meta":{"_monsterinsights_skip_tracking":false,"_monsterinsights_sitenote_active":false,"_monsterinsights_sitenote_note":"","_monsterinsights_sitenote_category":0},"product_brand":[],"product_cat":[710,708],"product_tag":[],"class_list":{"0":"post-7824","1":"product","2":"type-product","3":"status-publish","4":"has-post-thumbnail","6":"product_cat-nahrdelniky","7":"product_cat-sperky","9":"first","10":"instock","11":"taxable","12":"shipping-taxable","13":"purchasable","14":"product-type-variable"},"supplier_id":null,"supplier_sku":"","barcode":null,"atum_controlled":true,"out_stock_date":null,"out_stock_threshold":null,"inheritable":true,"inbound_stock":null,"stock_on_hold":0,"sold_today":0,"sales_last_days":0,"reserved_stock":0,"customer_returns":0,"warehouse_damage":null,"lost_in_post":0,"other_logs":null,"out_stock_days":0,"lost_sales":0,"has_location":false,"update_date":"2026-04-06T00:09:59","atum_locations":[],"atum_stock_status":"instock","restock_status":false,"low_stock_amount":"","sales_update_date":"2026-04-06T00:09:59","calc_backorders":null,"yoast_head":"<!-- This site is optimized with the Yoast SEO plugin v27.3 - https:\/\/yoast.com\/product\/yoast-seo-wordpress\/ -->\n<title>Kolekce Artisan Choker - Matilda Gira<\/title>\n<meta name=\"description\" content=\"P\u0159edstavujeme novou kolekci Artisan Choker, v n\u00ed\u017e se modern\u00ed geometrick\u00fd design snoub\u00ed s \u0159emeslnou zru\u010dnost\u00ed p\u0159edk\u016f. Navr\u017eeno v \u010cesk\u00e9 republice a ru\u010dn\u011b vyrobeno v Kolumbii.\" \/>\n<meta name=\"robots\" content=\"index, follow, max-snippet:-1, max-image-preview:large, max-video-preview:-1\" \/>\n<link rel=\"canonical\" href=\"https:\/\/matildagira.eu\/cs\/shop\/kolekce-artisan-choker\/\" \/>\n<meta property=\"og:locale\" content=\"cs_CZ\" \/>\n<meta property=\"og:type\" content=\"article\" \/>\n<meta property=\"og:title\" content=\"Kolekce Artisan Choker - Matilda Gira\" \/>\n<meta property=\"og:description\" content=\"P\u0159edstavujeme novou kolekci Artisan Choker, v n\u00ed\u017e se modern\u00ed geometrick\u00fd design snoub\u00ed s \u0159emeslnou zru\u010dnost\u00ed p\u0159edk\u016f. Navr\u017eeno v \u010cesk\u00e9 republice a ru\u010dn\u011b vyrobeno v Kolumbii.\" \/>\n<meta property=\"og:url\" content=\"https:\/\/matildagira.eu\/cs\/shop\/kolekce-artisan-choker\/\" \/>\n<meta property=\"og:site_name\" content=\"Matilda Gira\" \/>\n<meta property=\"article:publisher\" content=\"https:\/\/www.facebook.com\/matildagira\" \/>\n<meta property=\"article:modified_time\" content=\"2025-06-18T19:46:12+00:00\" \/>\n<meta property=\"og:image\" content=\"https:\/\/matildagira.eu\/wp-content\/uploads\/2024\/11\/Artisan-Choker-Collection_2.webp\" \/>\n\t<meta property=\"og:image:width\" content=\"984\" \/>\n\t<meta property=\"og:image:height\" content=\"1600\" \/>\n\t<meta property=\"og:image:type\" content=\"image\/webp\" \/>\n<meta name=\"twitter:card\" content=\"summary_large_image\" \/>\n<meta name=\"twitter:label1\" content=\"Dostupnost\" \/>\n\t<meta name=\"twitter:data1\" content=\"Skladem\" \/>\n<script type=\"application\/ld+json\" class=\"yoast-schema-graph\">{\"@context\":\"https:\\\/\\\/schema.org\",\"@graph\":[{\"@type\":\"WebPage\",\"@id\":\"https:\\\/\\\/matildagira.eu\\\/cs\\\/shop\\\/kolekce-artisan-choker\\\/\",\"url\":\"https:\\\/\\\/matildagira.eu\\\/cs\\\/shop\\\/kolekce-artisan-choker\\\/\",\"name\":\"Kolekce Artisan Choker - Matilda Gira\",\"isPartOf\":{\"@id\":\"https:\\\/\\\/matildagira.eu\\\/cs\\\/#website\"},\"primaryImageOfPage\":{\"@id\":\"https:\\\/\\\/matildagira.eu\\\/cs\\\/shop\\\/kolekce-artisan-choker\\\/#primaryimage\"},\"image\":{\"@id\":\"https:\\\/\\\/matildagira.eu\\\/cs\\\/shop\\\/kolekce-artisan-choker\\\/#primaryimage\"},\"thumbnailUrl\":\"https:\\\/\\\/matildagira.eu\\\/wp-content\\\/uploads\\\/2024\\\/11\\\/Artisan-Choker-Collection_2.webp\",\"datePublished\":\"2024-11-21T18:50:10+00:00\",\"dateModified\":\"2025-06-18T19:46:12+00:00\",\"description\":\"P\u0159edstavujeme novou kolekci Artisan Choker, v n\u00ed\u017e se modern\u00ed geometrick\u00fd design snoub\u00ed s \u0159emeslnou zru\u010dnost\u00ed p\u0159edk\u016f. Navr\u017eeno v \u010cesk\u00e9 republice a ru\u010dn\u011b vyrobeno v Kolumbii.\",\"breadcrumb\":{\"@id\":\"https:\\\/\\\/matildagira.eu\\\/cs\\\/shop\\\/kolekce-artisan-choker\\\/#breadcrumb\"},\"inLanguage\":\"cs\",\"potentialAction\":[{\"@type\":\"ReadAction\",\"target\":[\"https:\\\/\\\/matildagira.eu\\\/cs\\\/shop\\\/kolekce-artisan-choker\\\/\"]}]},{\"@type\":\"ImageObject\",\"inLanguage\":\"cs\",\"@id\":\"https:\\\/\\\/matildagira.eu\\\/cs\\\/shop\\\/kolekce-artisan-choker\\\/#primaryimage\",\"url\":\"https:\\\/\\\/matildagira.eu\\\/wp-content\\\/uploads\\\/2024\\\/11\\\/Artisan-Choker-Collection_2.webp\",\"contentUrl\":\"https:\\\/\\\/matildagira.eu\\\/wp-content\\\/uploads\\\/2024\\\/11\\\/Artisan-Choker-Collection_2.webp\",\"width\":984,\"height\":1600,\"caption\":\"\u017eena m\u00e1 na sob\u011b ru\u010dn\u011b vyr\u00e1b\u011bn\u00fd \u010desk\u00fd kor\u00e1lkov\u00fd n\u00e1hrdeln\u00edk\"},{\"@type\":\"BreadcrumbList\",\"@id\":\"https:\\\/\\\/matildagira.eu\\\/cs\\\/shop\\\/kolekce-artisan-choker\\\/#breadcrumb\",\"itemListElement\":[{\"@type\":\"ListItem\",\"position\":1,\"name\":\"Dom\u016f\",\"item\":\"https:\\\/\\\/matildagira.eu\\\/cs\\\/\"},{\"@type\":\"ListItem\",\"position\":2,\"name\":\"Shop\",\"item\":\"https:\\\/\\\/matildagira.eu\\\/cs\\\/shop\\\/\"},{\"@type\":\"ListItem\",\"position\":3,\"name\":\"Kolekce Artisan Choker\"}]},{\"@type\":\"WebSite\",\"@id\":\"https:\\\/\\\/matildagira.eu\\\/cs\\\/#website\",\"url\":\"https:\\\/\\\/matildagira.eu\\\/cs\\\/\",\"name\":\"Matilda Gira\",\"description\":\"Handcrafted Hats\",\"publisher\":{\"@id\":\"https:\\\/\\\/matildagira.eu\\\/cs\\\/#organization\"},\"potentialAction\":[{\"@type\":\"SearchAction\",\"target\":{\"@type\":\"EntryPoint\",\"urlTemplate\":\"https:\\\/\\\/matildagira.eu\\\/cs\\\/?s={search_term_string}\"},\"query-input\":{\"@type\":\"PropertyValueSpecification\",\"valueRequired\":true,\"valueName\":\"search_term_string\"}}],\"inLanguage\":\"cs\"},{\"@type\":\"Organization\",\"@id\":\"https:\\\/\\\/matildagira.eu\\\/cs\\\/#organization\",\"name\":\"Matilda Gira\",\"url\":\"https:\\\/\\\/matildagira.eu\\\/cs\\\/\",\"logo\":{\"@type\":\"ImageObject\",\"inLanguage\":\"cs\",\"@id\":\"https:\\\/\\\/matildagira.eu\\\/cs\\\/#\\\/schema\\\/logo\\\/image\\\/\",\"url\":\"https:\\\/\\\/matildagira.eu\\\/wp-content\\\/uploads\\\/2022\\\/09\\\/LOGO-COLOR-VERDE.png\",\"contentUrl\":\"https:\\\/\\\/matildagira.eu\\\/wp-content\\\/uploads\\\/2022\\\/09\\\/LOGO-COLOR-VERDE.png\",\"width\":1010,\"height\":446,\"caption\":\"Matilda Gira\"},\"image\":{\"@id\":\"https:\\\/\\\/matildagira.eu\\\/cs\\\/#\\\/schema\\\/logo\\\/image\\\/\"},\"sameAs\":[\"https:\\\/\\\/www.facebook.com\\\/matildagira\",\"https:\\\/\\\/www.instagram.com\\\/matilda.gira\\\/\",\"https:\\\/\\\/www.pinterest.com.au\\\/matildagira\\\/\",\"https:\\\/\\\/www.tiktok.com\\\/@matildagira?lang=es\"]}]}<\/script>\n<meta property=\"og:availability\" content=\"instock\" \/>\n<meta property=\"product:availability\" content=\"instock\" \/>\n<meta property=\"product:retailer_item_id\" content=\"ACC-NEC-CHOCKER\" \/>\n<meta property=\"product:condition\" content=\"new\" \/>\n<!-- \/ Yoast SEO plugin. -->","yoast_head_json":{"title":"Kolekce Artisan Choker - Matilda Gira","description":"P\u0159edstavujeme novou kolekci Artisan Choker, v n\u00ed\u017e se modern\u00ed geometrick\u00fd design snoub\u00ed s \u0159emeslnou zru\u010dnost\u00ed p\u0159edk\u016f. Navr\u017eeno v \u010cesk\u00e9 republice a ru\u010dn\u011b vyrobeno v Kolumbii.","robots":{"index":"index","follow":"follow","max-snippet":"max-snippet:-1","max-image-preview":"max-image-preview:large","max-video-preview":"max-video-preview:-1"},"canonical":"https:\/\/matildagira.eu\/cs\/shop\/kolekce-artisan-choker\/","og_locale":"cs_CZ","og_type":"article","og_title":"Kolekce Artisan Choker - Matilda Gira","og_description":"P\u0159edstavujeme novou kolekci Artisan Choker, v n\u00ed\u017e se modern\u00ed geometrick\u00fd design snoub\u00ed s \u0159emeslnou zru\u010dnost\u00ed p\u0159edk\u016f. Navr\u017eeno v \u010cesk\u00e9 republice a ru\u010dn\u011b vyrobeno v Kolumbii.","og_url":"https:\/\/matildagira.eu\/cs\/shop\/kolekce-artisan-choker\/","og_site_name":"Matilda Gira","article_publisher":"https:\/\/www.facebook.com\/matildagira","article_modified_time":"2025-06-18T19:46:12+00:00","og_image":[{"width":984,"height":1600,"url":"https:\/\/matildagira.eu\/wp-content\/uploads\/2024\/11\/Artisan-Choker-Collection_2.webp","type":"image\/webp"}],"twitter_card":"summary_large_image","twitter_misc":{"Dostupnost":"Skladem"},"schema":{"@context":"https:\/\/schema.org","@graph":[{"@type":"WebPage","@id":"https:\/\/matildagira.eu\/cs\/shop\/kolekce-artisan-choker\/","url":"https:\/\/matildagira.eu\/cs\/shop\/kolekce-artisan-choker\/","name":"Kolekce Artisan Choker - Matilda Gira","isPartOf":{"@id":"https:\/\/matildagira.eu\/cs\/#website"},"primaryImageOfPage":{"@id":"https:\/\/matildagira.eu\/cs\/shop\/kolekce-artisan-choker\/#primaryimage"},"image":{"@id":"https:\/\/matildagira.eu\/cs\/shop\/kolekce-artisan-choker\/#primaryimage"},"thumbnailUrl":"https:\/\/matildagira.eu\/wp-content\/uploads\/2024\/11\/Artisan-Choker-Collection_2.webp","datePublished":"2024-11-21T18:50:10+00:00","dateModified":"2025-06-18T19:46:12+00:00","description":"P\u0159edstavujeme novou kolekci Artisan Choker, v n\u00ed\u017e se modern\u00ed geometrick\u00fd design snoub\u00ed s \u0159emeslnou zru\u010dnost\u00ed p\u0159edk\u016f. Navr\u017eeno v \u010cesk\u00e9 republice a ru\u010dn\u011b vyrobeno v Kolumbii.","breadcrumb":{"@id":"https:\/\/matildagira.eu\/cs\/shop\/kolekce-artisan-choker\/#breadcrumb"},"inLanguage":"cs","potentialAction":[{"@type":"ReadAction","target":["https:\/\/matildagira.eu\/cs\/shop\/kolekce-artisan-choker\/"]}]},{"@type":"ImageObject","inLanguage":"cs","@id":"https:\/\/matildagira.eu\/cs\/shop\/kolekce-artisan-choker\/#primaryimage","url":"https:\/\/matildagira.eu\/wp-content\/uploads\/2024\/11\/Artisan-Choker-Collection_2.webp","contentUrl":"https:\/\/matildagira.eu\/wp-content\/uploads\/2024\/11\/Artisan-Choker-Collection_2.webp","width":984,"height":1600,"caption":"\u017eena m\u00e1 na sob\u011b ru\u010dn\u011b vyr\u00e1b\u011bn\u00fd \u010desk\u00fd kor\u00e1lkov\u00fd n\u00e1hrdeln\u00edk"},{"@type":"BreadcrumbList","@id":"https:\/\/matildagira.eu\/cs\/shop\/kolekce-artisan-choker\/#breadcrumb","itemListElement":[{"@type":"ListItem","position":1,"name":"Dom\u016f","item":"https:\/\/matildagira.eu\/cs\/"},{"@type":"ListItem","position":2,"name":"Shop","item":"https:\/\/matildagira.eu\/cs\/shop\/"},{"@type":"ListItem","position":3,"name":"Kolekce Artisan Choker"}]},{"@type":"WebSite","@id":"https:\/\/matildagira.eu\/cs\/#website","url":"https:\/\/matildagira.eu\/cs\/","name":"Matilda Gira","description":"Handcrafted Hats","publisher":{"@id":"https:\/\/matildagira.eu\/cs\/#organization"},"potentialAction":[{"@type":"SearchAction","target":{"@type":"EntryPoint","urlTemplate":"https:\/\/matildagira.eu\/cs\/?s={search_term_string}"},"query-input":{"@type":"PropertyValueSpecification","valueRequired":true,"valueName":"search_term_string"}}],"inLanguage":"cs"},{"@type":"Organization","@id":"https:\/\/matildagira.eu\/cs\/#organization","name":"Matilda Gira","url":"https:\/\/matildagira.eu\/cs\/","logo":{"@type":"ImageObject","inLanguage":"cs","@id":"https:\/\/matildagira.eu\/cs\/#\/schema\/logo\/image\/","url":"https:\/\/matildagira.eu\/wp-content\/uploads\/2022\/09\/LOGO-COLOR-VERDE.png","contentUrl":"https:\/\/matildagira.eu\/wp-content\/uploads\/2022\/09\/LOGO-COLOR-VERDE.png","width":1010,"height":446,"caption":"Matilda Gira"},"image":{"@id":"https:\/\/matildagira.eu\/cs\/#\/schema\/logo\/image\/"},"sameAs":["https:\/\/www.facebook.com\/matildagira","https:\/\/www.instagram.com\/matilda.gira\/","https:\/\/www.pinterest.com.au\/matildagira\/","https:\/\/www.tiktok.com\/@matildagira?lang=es"]}]},"og_availability":"instock","product_availability":"instock","product_retailer_item_id":"ACC-NEC-CHOCKER","product_condition":"new"},"_links":{"self":[{"href":"https:\/\/matildagira.eu\/cs\/wp-json\/wp\/v2\/product\/7824","targetHints":{"allow":["GET"]}}],"collection":[{"href":"https:\/\/matildagira.eu\/cs\/wp-json\/wp\/v2\/product"}],"about":[{"href":"https:\/\/matildagira.eu\/cs\/wp-json\/wp\/v2\/types\/product"}],"replies":[{"embeddable":true,"href":"https:\/\/matildagira.eu\/cs\/wp-json\/wp\/v2\/comments?post=7824"}],"version-history":[{"count":4,"href":"https:\/\/matildagira.eu\/cs\/wp-json\/wp\/v2\/product\/7824\/revisions"}],"predecessor-version":[{"id":7907,"href":"https:\/\/matildagira.eu\/cs\/wp-json\/wp\/v2\/product\/7824\/revisions\/7907"}],"wp:featuredmedia":[{"embeddable":true,"href":"https:\/\/matildagira.eu\/cs\/wp-json\/wp\/v2\/media\/7806"}],"wp:attachment":[{"href":"https:\/\/matildagira.eu\/cs\/wp-json\/wp\/v2\/media?parent=7824"}],"wp:term":[{"taxonomy":"product_brand","embeddable":true,"href":"https:\/\/matildagira.eu\/cs\/wp-json\/wp\/v2\/product_brand?post=7824"},{"taxonomy":"product_cat","embeddable":true,"href":"https:\/\/matildagira.eu\/cs\/wp-json\/wp\/v2\/product_cat?post=7824"},{"taxonomy":"product_tag","embeddable":true,"href":"https:\/\/matildagira.eu\/cs\/wp-json\/wp\/v2\/product_tag?post=7824"}],"curies":[{"name":"wp","href":"https:\/\/api.w.org\/{rel}","templated":true}]}}