



{"id":7518,"date":"2024-08-12T14:12:10","date_gmt":"2024-08-12T12:12:10","guid":{"rendered":"https:\/\/matildagira.eu\/shop\/svetle-modry-indiana-wide-brim-klobouk\/"},"modified":"2024-09-22T16:31:44","modified_gmt":"2024-09-22T14:31:44","slug":"svetle-modry-indiana-wide-brim-klobouk","status":"publish","type":"product","link":"https:\/\/matildagira.eu\/cs\/shop\/svetle-modry-indiana-wide-brim-klobouk\/","title":{"rendered":"Sv\u011btle modr\u00fd Indiana Wide Brim klobouk"},"content":{"rendered":"<p class=\"p1\">\u00dachvatn\u00fd nebesky modr\u00fd odst\u00edn tohoto klobouku, inspirovan\u00fd klidnou a nekone\u010dnou oblohou, dod\u00e1v\u00e1 va\u0161emu vzhledu n\u00e1dech klidu a eleganci.<br \/>\nDisponuje odn\u00edmateln\u00fdm vegansk\u00fdm pol\u0161t\u00e1\u0159em.<br \/>\nNavr\u017eeno pro no\u0161en\u00ed samostatn\u011b nebo stylizovan\u00e9 s jedn\u00edm z na\u0161ich ru\u010dn\u011b vyr\u00e1b\u011bn\u00fdch dopl\u0148k\u016f klobouk\u016f pro p\u0159id\u00e1n\u00ed textury a barvy.<br \/>\nVyrobeno s l\u00e1skou v Mexiku.   <\/p>\n","protected":false},"excerpt":{"rendered":"<p class=\"p1\"><strong>Vlastnosti:<\/strong><\/p>\n<p class=\"p1\">Vyrobeno v Mexiku<\/p>\n<p class=\"p1\">Ru\u010dn\u00ed v\u00fdroba<\/p>\n<p class=\"p1\"><strong>Barva<\/strong>: Nebesky modr\u00e1<\/p>\n<p class=\"p1\">Odn\u00edmateln\u00fd vegansk\u00fd polop\u00e1sek<\/p>\n<p class=\"p1\"><strong>Materi\u00e1l je v po\u0159\u00e1dku<\/strong>: Vegansk\u00fd polotovar, tvrzen\u00fd materi\u00e1l pro zaji\u0161t\u011bn\u00ed tvaru klobouku, jeho dlouhodob\u00e9 \u017eivotnosti a odolnosti proti po\u0161kozen\u00ed<\/p>\n","protected":false},"featured_media":7080,"comment_status":"closed","ping_status":"closed","template":"","meta":{"_monsterinsights_skip_tracking":false,"_monsterinsights_sitenote_active":false,"_monsterinsights_sitenote_note":"","_monsterinsights_sitenote_category":0},"product_brand":[],"product_cat":[15],"product_tag":[],"class_list":{"0":"post-7518","1":"product","2":"type-product","3":"status-publish","4":"has-post-thumbnail","6":"product_cat-summer-hats-en","8":"first","9":"instock","10":"taxable","11":"shipping-taxable","12":"purchasable","13":"product-type-variable"},"supplier_id":null,"supplier_sku":"","barcode":null,"atum_controlled":true,"out_stock_date":null,"out_stock_threshold":null,"inheritable":true,"inbound_stock":null,"stock_on_hold":0,"sold_today":0,"sales_last_days":0,"reserved_stock":0,"customer_returns":0,"warehouse_damage":null,"lost_in_post":0,"other_logs":null,"out_stock_days":0,"lost_sales":0,"has_location":false,"update_date":"2026-04-11T00:18:42","atum_locations":[],"atum_stock_status":"instock","restock_status":false,"low_stock_amount":0,"sales_update_date":"2026-04-11T00:18:42","calc_backorders":null,"yoast_head":"<!-- This site is optimized with the Yoast SEO plugin v27.3 - https:\/\/yoast.com\/product\/yoast-seo-wordpress\/ -->\n<title>Sv\u011btle modr\u00fd Indiana Wide Brim klobouk - Matilda Gira<\/title>\n<meta name=\"description\" content=\"Indiana vegansk\u00fd polosyrov\u00fd klobouk se \u0161irok\u00fdm okrajem. S odn\u00edmateln\u00fdm p\u00e1skem. Dopl\u0148te jej na\u0161imi ru\u010dn\u011b vyroben\u00fdmi dopl\u0148ky klobouk\u016f. Vyrobeno s l\u00e1skou v Mexiku.\" \/>\n<meta name=\"robots\" content=\"index, follow, max-snippet:-1, max-image-preview:large, max-video-preview:-1\" \/>\n<link rel=\"canonical\" href=\"https:\/\/matildagira.eu\/cs\/shop\/svetle-modry-indiana-wide-brim-klobouk\/\" \/>\n<meta property=\"og:locale\" content=\"cs_CZ\" \/>\n<meta property=\"og:type\" content=\"article\" \/>\n<meta property=\"og:title\" content=\"Sv\u011btle modr\u00fd Indiana Wide Brim klobouk - Matilda Gira\" \/>\n<meta property=\"og:description\" content=\"Indiana vegansk\u00fd polosyrov\u00fd klobouk se \u0161irok\u00fdm okrajem. S odn\u00edmateln\u00fdm p\u00e1skem. Dopl\u0148te jej na\u0161imi ru\u010dn\u011b vyroben\u00fdmi dopl\u0148ky klobouk\u016f. Vyrobeno s l\u00e1skou v Mexiku.\" \/>\n<meta property=\"og:url\" content=\"https:\/\/matildagira.eu\/cs\/shop\/svetle-modry-indiana-wide-brim-klobouk\/\" \/>\n<meta property=\"og:site_name\" content=\"Matilda Gira\" \/>\n<meta property=\"article:publisher\" content=\"https:\/\/www.facebook.com\/matildagira\" \/>\n<meta property=\"article:modified_time\" content=\"2024-09-22T14:31:44+00:00\" \/>\n<meta property=\"og:image\" content=\"https:\/\/matildagira.eu\/wp-content\/uploads\/2024\/07\/DSC_0655-scaled.webp\" \/>\n\t<meta property=\"og:image:width\" content=\"1697\" \/>\n\t<meta property=\"og:image:height\" content=\"2560\" \/>\n\t<meta property=\"og:image:type\" content=\"image\/webp\" \/>\n<meta name=\"twitter:card\" content=\"summary_large_image\" \/>\n<meta name=\"twitter:label1\" content=\"Dostupnost\" \/>\n\t<meta name=\"twitter:data1\" content=\"Skladem\" \/>\n<script type=\"application\/ld+json\" class=\"yoast-schema-graph\">{\"@context\":\"https:\\\/\\\/schema.org\",\"@graph\":[{\"@type\":\"WebPage\",\"@id\":\"https:\\\/\\\/matildagira.eu\\\/cs\\\/shop\\\/svetle-modry-indiana-wide-brim-klobouk\\\/\",\"url\":\"https:\\\/\\\/matildagira.eu\\\/cs\\\/shop\\\/svetle-modry-indiana-wide-brim-klobouk\\\/\",\"name\":\"Sv\u011btle modr\u00fd Indiana Wide Brim klobouk - Matilda Gira\",\"isPartOf\":{\"@id\":\"https:\\\/\\\/matildagira.eu\\\/cs\\\/#website\"},\"primaryImageOfPage\":{\"@id\":\"https:\\\/\\\/matildagira.eu\\\/cs\\\/shop\\\/svetle-modry-indiana-wide-brim-klobouk\\\/#primaryimage\"},\"image\":{\"@id\":\"https:\\\/\\\/matildagira.eu\\\/cs\\\/shop\\\/svetle-modry-indiana-wide-brim-klobouk\\\/#primaryimage\"},\"thumbnailUrl\":\"https:\\\/\\\/matildagira.eu\\\/wp-content\\\/uploads\\\/2024\\\/07\\\/DSC_0655-scaled.webp\",\"datePublished\":\"2024-08-12T12:12:10+00:00\",\"dateModified\":\"2024-09-22T14:31:44+00:00\",\"description\":\"Indiana vegansk\u00fd polosyrov\u00fd klobouk se \u0161irok\u00fdm okrajem. S odn\u00edmateln\u00fdm p\u00e1skem. Dopl\u0148te jej na\u0161imi ru\u010dn\u011b vyroben\u00fdmi dopl\u0148ky klobouk\u016f. Vyrobeno s l\u00e1skou v Mexiku.\",\"breadcrumb\":{\"@id\":\"https:\\\/\\\/matildagira.eu\\\/cs\\\/shop\\\/svetle-modry-indiana-wide-brim-klobouk\\\/#breadcrumb\"},\"inLanguage\":\"cs\",\"potentialAction\":[{\"@type\":\"ReadAction\",\"target\":[\"https:\\\/\\\/matildagira.eu\\\/cs\\\/shop\\\/svetle-modry-indiana-wide-brim-klobouk\\\/\"]}]},{\"@type\":\"ImageObject\",\"inLanguage\":\"cs\",\"@id\":\"https:\\\/\\\/matildagira.eu\\\/cs\\\/shop\\\/svetle-modry-indiana-wide-brim-klobouk\\\/#primaryimage\",\"url\":\"https:\\\/\\\/matildagira.eu\\\/wp-content\\\/uploads\\\/2024\\\/07\\\/DSC_0655-scaled.webp\",\"contentUrl\":\"https:\\\/\\\/matildagira.eu\\\/wp-content\\\/uploads\\\/2024\\\/07\\\/DSC_0655-scaled.webp\",\"width\":1697,\"height\":2560},{\"@type\":\"BreadcrumbList\",\"@id\":\"https:\\\/\\\/matildagira.eu\\\/cs\\\/shop\\\/svetle-modry-indiana-wide-brim-klobouk\\\/#breadcrumb\",\"itemListElement\":[{\"@type\":\"ListItem\",\"position\":1,\"name\":\"Dom\u016f\",\"item\":\"https:\\\/\\\/matildagira.eu\\\/cs\\\/\"},{\"@type\":\"ListItem\",\"position\":2,\"name\":\"Shop\",\"item\":\"https:\\\/\\\/matildagira.eu\\\/cs\\\/shop\\\/\"},{\"@type\":\"ListItem\",\"position\":3,\"name\":\"Sv\u011btle modr\u00fd Indiana Wide Brim klobouk\"}]},{\"@type\":\"WebSite\",\"@id\":\"https:\\\/\\\/matildagira.eu\\\/cs\\\/#website\",\"url\":\"https:\\\/\\\/matildagira.eu\\\/cs\\\/\",\"name\":\"Matilda Gira\",\"description\":\"Handcrafted Hats\",\"publisher\":{\"@id\":\"https:\\\/\\\/matildagira.eu\\\/cs\\\/#organization\"},\"potentialAction\":[{\"@type\":\"SearchAction\",\"target\":{\"@type\":\"EntryPoint\",\"urlTemplate\":\"https:\\\/\\\/matildagira.eu\\\/cs\\\/?s={search_term_string}\"},\"query-input\":{\"@type\":\"PropertyValueSpecification\",\"valueRequired\":true,\"valueName\":\"search_term_string\"}}],\"inLanguage\":\"cs\"},{\"@type\":\"Organization\",\"@id\":\"https:\\\/\\\/matildagira.eu\\\/cs\\\/#organization\",\"name\":\"Matilda Gira\",\"url\":\"https:\\\/\\\/matildagira.eu\\\/cs\\\/\",\"logo\":{\"@type\":\"ImageObject\",\"inLanguage\":\"cs\",\"@id\":\"https:\\\/\\\/matildagira.eu\\\/cs\\\/#\\\/schema\\\/logo\\\/image\\\/\",\"url\":\"https:\\\/\\\/matildagira.eu\\\/wp-content\\\/uploads\\\/2022\\\/09\\\/LOGO-COLOR-VERDE.png\",\"contentUrl\":\"https:\\\/\\\/matildagira.eu\\\/wp-content\\\/uploads\\\/2022\\\/09\\\/LOGO-COLOR-VERDE.png\",\"width\":1010,\"height\":446,\"caption\":\"Matilda Gira\"},\"image\":{\"@id\":\"https:\\\/\\\/matildagira.eu\\\/cs\\\/#\\\/schema\\\/logo\\\/image\\\/\"},\"sameAs\":[\"https:\\\/\\\/www.facebook.com\\\/matildagira\",\"https:\\\/\\\/www.instagram.com\\\/matilda.gira\\\/\",\"https:\\\/\\\/www.pinterest.com.au\\\/matildagira\\\/\",\"https:\\\/\\\/www.tiktok.com\\\/@matildagira?lang=es\"]}]}<\/script>\n<meta property=\"og:availability\" content=\"instock\" \/>\n<meta property=\"product:availability\" content=\"instock\" \/>\n<meta property=\"product:retailer_item_id\" content=\"HAT-IND-SKYBLUE\" \/>\n<meta property=\"product:condition\" content=\"new\" \/>\n<!-- \/ Yoast SEO plugin. -->","yoast_head_json":{"title":"Sv\u011btle modr\u00fd Indiana Wide Brim klobouk - Matilda Gira","description":"Indiana vegansk\u00fd polosyrov\u00fd klobouk se \u0161irok\u00fdm okrajem. S odn\u00edmateln\u00fdm p\u00e1skem. Dopl\u0148te jej na\u0161imi ru\u010dn\u011b vyroben\u00fdmi dopl\u0148ky klobouk\u016f. Vyrobeno s l\u00e1skou v Mexiku.","robots":{"index":"index","follow":"follow","max-snippet":"max-snippet:-1","max-image-preview":"max-image-preview:large","max-video-preview":"max-video-preview:-1"},"canonical":"https:\/\/matildagira.eu\/cs\/shop\/svetle-modry-indiana-wide-brim-klobouk\/","og_locale":"cs_CZ","og_type":"article","og_title":"Sv\u011btle modr\u00fd Indiana Wide Brim klobouk - Matilda Gira","og_description":"Indiana vegansk\u00fd polosyrov\u00fd klobouk se \u0161irok\u00fdm okrajem. S odn\u00edmateln\u00fdm p\u00e1skem. Dopl\u0148te jej na\u0161imi ru\u010dn\u011b vyroben\u00fdmi dopl\u0148ky klobouk\u016f. Vyrobeno s l\u00e1skou v Mexiku.","og_url":"https:\/\/matildagira.eu\/cs\/shop\/svetle-modry-indiana-wide-brim-klobouk\/","og_site_name":"Matilda Gira","article_publisher":"https:\/\/www.facebook.com\/matildagira","article_modified_time":"2024-09-22T14:31:44+00:00","og_image":[{"width":1697,"height":2560,"url":"https:\/\/matildagira.eu\/wp-content\/uploads\/2024\/07\/DSC_0655-scaled.webp","type":"image\/webp"}],"twitter_card":"summary_large_image","twitter_misc":{"Dostupnost":"Skladem"},"schema":{"@context":"https:\/\/schema.org","@graph":[{"@type":"WebPage","@id":"https:\/\/matildagira.eu\/cs\/shop\/svetle-modry-indiana-wide-brim-klobouk\/","url":"https:\/\/matildagira.eu\/cs\/shop\/svetle-modry-indiana-wide-brim-klobouk\/","name":"Sv\u011btle modr\u00fd Indiana Wide Brim klobouk - Matilda Gira","isPartOf":{"@id":"https:\/\/matildagira.eu\/cs\/#website"},"primaryImageOfPage":{"@id":"https:\/\/matildagira.eu\/cs\/shop\/svetle-modry-indiana-wide-brim-klobouk\/#primaryimage"},"image":{"@id":"https:\/\/matildagira.eu\/cs\/shop\/svetle-modry-indiana-wide-brim-klobouk\/#primaryimage"},"thumbnailUrl":"https:\/\/matildagira.eu\/wp-content\/uploads\/2024\/07\/DSC_0655-scaled.webp","datePublished":"2024-08-12T12:12:10+00:00","dateModified":"2024-09-22T14:31:44+00:00","description":"Indiana vegansk\u00fd polosyrov\u00fd klobouk se \u0161irok\u00fdm okrajem. S odn\u00edmateln\u00fdm p\u00e1skem. Dopl\u0148te jej na\u0161imi ru\u010dn\u011b vyroben\u00fdmi dopl\u0148ky klobouk\u016f. Vyrobeno s l\u00e1skou v Mexiku.","breadcrumb":{"@id":"https:\/\/matildagira.eu\/cs\/shop\/svetle-modry-indiana-wide-brim-klobouk\/#breadcrumb"},"inLanguage":"cs","potentialAction":[{"@type":"ReadAction","target":["https:\/\/matildagira.eu\/cs\/shop\/svetle-modry-indiana-wide-brim-klobouk\/"]}]},{"@type":"ImageObject","inLanguage":"cs","@id":"https:\/\/matildagira.eu\/cs\/shop\/svetle-modry-indiana-wide-brim-klobouk\/#primaryimage","url":"https:\/\/matildagira.eu\/wp-content\/uploads\/2024\/07\/DSC_0655-scaled.webp","contentUrl":"https:\/\/matildagira.eu\/wp-content\/uploads\/2024\/07\/DSC_0655-scaled.webp","width":1697,"height":2560},{"@type":"BreadcrumbList","@id":"https:\/\/matildagira.eu\/cs\/shop\/svetle-modry-indiana-wide-brim-klobouk\/#breadcrumb","itemListElement":[{"@type":"ListItem","position":1,"name":"Dom\u016f","item":"https:\/\/matildagira.eu\/cs\/"},{"@type":"ListItem","position":2,"name":"Shop","item":"https:\/\/matildagira.eu\/cs\/shop\/"},{"@type":"ListItem","position":3,"name":"Sv\u011btle modr\u00fd Indiana Wide Brim klobouk"}]},{"@type":"WebSite","@id":"https:\/\/matildagira.eu\/cs\/#website","url":"https:\/\/matildagira.eu\/cs\/","name":"Matilda Gira","description":"Handcrafted Hats","publisher":{"@id":"https:\/\/matildagira.eu\/cs\/#organization"},"potentialAction":[{"@type":"SearchAction","target":{"@type":"EntryPoint","urlTemplate":"https:\/\/matildagira.eu\/cs\/?s={search_term_string}"},"query-input":{"@type":"PropertyValueSpecification","valueRequired":true,"valueName":"search_term_string"}}],"inLanguage":"cs"},{"@type":"Organization","@id":"https:\/\/matildagira.eu\/cs\/#organization","name":"Matilda Gira","url":"https:\/\/matildagira.eu\/cs\/","logo":{"@type":"ImageObject","inLanguage":"cs","@id":"https:\/\/matildagira.eu\/cs\/#\/schema\/logo\/image\/","url":"https:\/\/matildagira.eu\/wp-content\/uploads\/2022\/09\/LOGO-COLOR-VERDE.png","contentUrl":"https:\/\/matildagira.eu\/wp-content\/uploads\/2022\/09\/LOGO-COLOR-VERDE.png","width":1010,"height":446,"caption":"Matilda Gira"},"image":{"@id":"https:\/\/matildagira.eu\/cs\/#\/schema\/logo\/image\/"},"sameAs":["https:\/\/www.facebook.com\/matildagira","https:\/\/www.instagram.com\/matilda.gira\/","https:\/\/www.pinterest.com.au\/matildagira\/","https:\/\/www.tiktok.com\/@matildagira?lang=es"]}]},"og_availability":"instock","product_availability":"instock","product_retailer_item_id":"HAT-IND-SKYBLUE","product_condition":"new"},"_links":{"self":[{"href":"https:\/\/matildagira.eu\/cs\/wp-json\/wp\/v2\/product\/7518","targetHints":{"allow":["GET"]}}],"collection":[{"href":"https:\/\/matildagira.eu\/cs\/wp-json\/wp\/v2\/product"}],"about":[{"href":"https:\/\/matildagira.eu\/cs\/wp-json\/wp\/v2\/types\/product"}],"replies":[{"embeddable":true,"href":"https:\/\/matildagira.eu\/cs\/wp-json\/wp\/v2\/comments?post=7518"}],"version-history":[{"count":1,"href":"https:\/\/matildagira.eu\/cs\/wp-json\/wp\/v2\/product\/7518\/revisions"}],"predecessor-version":[{"id":7521,"href":"https:\/\/matildagira.eu\/cs\/wp-json\/wp\/v2\/product\/7518\/revisions\/7521"}],"wp:featuredmedia":[{"embeddable":true,"href":"https:\/\/matildagira.eu\/cs\/wp-json\/wp\/v2\/media\/7080"}],"wp:attachment":[{"href":"https:\/\/matildagira.eu\/cs\/wp-json\/wp\/v2\/media?parent=7518"}],"wp:term":[{"taxonomy":"product_brand","embeddable":true,"href":"https:\/\/matildagira.eu\/cs\/wp-json\/wp\/v2\/product_brand?post=7518"},{"taxonomy":"product_cat","embeddable":true,"href":"https:\/\/matildagira.eu\/cs\/wp-json\/wp\/v2\/product_cat?post=7518"},{"taxonomy":"product_tag","embeddable":true,"href":"https:\/\/matildagira.eu\/cs\/wp-json\/wp\/v2\/product_tag?post=7518"}],"curies":[{"name":"wp","href":"https:\/\/api.w.org\/{rel}","templated":true}]}}