



{"id":7502,"date":"2024-08-23T17:05:55","date_gmt":"2024-08-23T15:05:55","guid":{"rendered":"https:\/\/matildagira.eu\/shop\/ruzovy-rucne-malovany-klobouk\/"},"modified":"2024-09-22T16:31:40","modified_gmt":"2024-09-22T14:31:40","slug":"ruzovy-rucne-malovany-klobouk","status":"publish","type":"product","link":"https:\/\/matildagira.eu\/cs\/shop\/ruzovy-rucne-malovany-klobouk\/","title":{"rendered":"R\u016f\u017eov\u00fd ru\u010dn\u011b malovan\u00fd klobouk"},"content":{"rendered":"<p>R\u016f\u017eov\u00fd ru\u010dn\u011b malovan\u00fd klobouk je inspirov\u00e1n nevinnost\u00ed a mladistvost\u00ed, kterou v sob\u011b v\u0161ichni nos\u00edme.<br \/>\nTento klobouk, ru\u010dn\u011b vyroben\u00fd z tkan\u00fdch r\u00fd\u017eov\u00fdch list\u016f zru\u010dn\u00fdmi \u0159emesln\u00edky v Mexiku a s l\u00e1skou ru\u010dn\u011b malovan\u00fd v \u010cesk\u00e9 republice, kombinuje jemn\u00e9 um\u011bn\u00ed s nad\u010dasov\u00fdm kouzlem.<br \/>\nJeho m\u011bkk\u00fd, r\u016f\u017eov\u00fd design odr\u00e1\u017e\u00ed smysl pro \u010distotu a mladistvou eleganci, co\u017e z n\u011bj d\u011bl\u00e1 kr\u00e1sn\u00fd elegantn\u00ed kousek pro ka\u017edou p\u0159\u00edle\u017eitost.  <\/p>\n","protected":false},"excerpt":{"rendered":"<h3><strong>Vlastnosti:<\/strong><\/h3>\n<ul>\n<li>Vyrobeno z tkan\u00fdch r\u00fd\u017eov\u00fdch list\u016f<\/li>\n<li>Ru\u010dn\u011b vyrobeno v Mexiku<\/li>\n<li>Ru\u010dn\u011b malov\u00e1no v \u010cesk\u00e9 republice<\/li>\n<li>Jedine\u010dn\u00fd a stylov\u00fd design<\/li>\n<\/ul>\n<p>&nbsp;<\/p>\n<p><strong>Pozn\u00e1mka:<\/strong><\/p>\n<ul>\n<li>Ka\u017ed\u00fd klobouk je individu\u00e1ln\u011b ru\u010dn\u011b malovan\u00fd, tak\u017ee \u017e\u00e1dn\u00e9 dva kusy nejsou \u00fapln\u011b stejn\u00e9.<\/li>\n<\/ul>\n","protected":false},"featured_media":7147,"comment_status":"closed","ping_status":"closed","template":"","meta":{"_monsterinsights_skip_tracking":false,"_monsterinsights_sitenote_active":false,"_monsterinsights_sitenote_note":"","_monsterinsights_sitenote_category":0},"product_brand":[],"product_cat":[15],"product_tag":[],"class_list":{"0":"post-7502","1":"product","2":"type-product","3":"status-publish","4":"has-post-thumbnail","6":"product_cat-summer-hats-en","8":"first","9":"instock","10":"sale","11":"taxable","12":"shipping-taxable","13":"purchasable","14":"product-type-variable","15":"has-default-attributes"},"supplier_id":null,"supplier_sku":"","barcode":null,"atum_controlled":true,"out_stock_date":null,"out_stock_threshold":null,"inheritable":true,"inbound_stock":null,"stock_on_hold":0,"sold_today":0,"sales_last_days":0,"reserved_stock":0,"customer_returns":0,"warehouse_damage":null,"lost_in_post":0,"other_logs":null,"out_stock_days":0,"lost_sales":0,"has_location":false,"update_date":"2026-04-04T00:05:38","atum_locations":[],"atum_stock_status":"instock","restock_status":false,"low_stock_amount":"","sales_update_date":"2026-04-04T00:05:38","calc_backorders":null,"yoast_head":"<!-- This site is optimized with the Yoast SEO plugin v27.3 - https:\/\/yoast.com\/product\/yoast-seo-wordpress\/ -->\n<title>R\u016f\u017eov\u00fd ru\u010dn\u011b malovan\u00fd klobouk - Matilda Gira<\/title>\n<meta name=\"description\" content=\"Ru\u010dn\u011b vyroben\u00e9 klobouky zru\u010dn\u00fdmi \u0159emesln\u00edky v Mexiku a s l\u00e1skou ru\u010dn\u011b malovan\u00e9 v \u010cesk\u00e9 republice. Kolekce \u017eiv\u00fdch barev. Vyrobeno z tkan\u00fdch r\u00fd\u017eov\u00fdch list\u016f.\" \/>\n<meta name=\"robots\" content=\"index, follow, max-snippet:-1, max-image-preview:large, max-video-preview:-1\" \/>\n<link rel=\"canonical\" href=\"https:\/\/matildagira.eu\/cs\/shop\/ruzovy-rucne-malovany-klobouk\/\" \/>\n<meta property=\"og:locale\" content=\"cs_CZ\" \/>\n<meta property=\"og:type\" content=\"article\" \/>\n<meta property=\"og:title\" content=\"R\u016f\u017eov\u00fd ru\u010dn\u011b malovan\u00fd klobouk - Matilda Gira\" \/>\n<meta property=\"og:description\" content=\"Ru\u010dn\u011b vyroben\u00e9 klobouky zru\u010dn\u00fdmi \u0159emesln\u00edky v Mexiku a s l\u00e1skou ru\u010dn\u011b malovan\u00e9 v \u010cesk\u00e9 republice. Kolekce \u017eiv\u00fdch barev. Vyrobeno z tkan\u00fdch r\u00fd\u017eov\u00fdch list\u016f.\" \/>\n<meta property=\"og:url\" content=\"https:\/\/matildagira.eu\/cs\/shop\/ruzovy-rucne-malovany-klobouk\/\" \/>\n<meta property=\"og:site_name\" content=\"Matilda Gira\" \/>\n<meta property=\"article:publisher\" content=\"https:\/\/www.facebook.com\/matildagira\" \/>\n<meta property=\"article:modified_time\" content=\"2024-09-22T14:31:40+00:00\" \/>\n<meta property=\"og:image\" content=\"https:\/\/matildagira.eu\/wp-content\/uploads\/2024\/07\/DSC_0277-scaled.webp\" \/>\n\t<meta property=\"og:image:width\" content=\"1697\" \/>\n\t<meta property=\"og:image:height\" content=\"2560\" \/>\n\t<meta property=\"og:image:type\" content=\"image\/webp\" \/>\n<meta name=\"twitter:card\" content=\"summary_large_image\" \/>\n<meta name=\"twitter:label1\" content=\"Dostupnost\" \/>\n\t<meta name=\"twitter:data1\" content=\"Skladem\" \/>\n<script type=\"application\/ld+json\" class=\"yoast-schema-graph\">{\"@context\":\"https:\\\/\\\/schema.org\",\"@graph\":[{\"@type\":\"WebPage\",\"@id\":\"https:\\\/\\\/matildagira.eu\\\/cs\\\/shop\\\/ruzovy-rucne-malovany-klobouk\\\/\",\"url\":\"https:\\\/\\\/matildagira.eu\\\/cs\\\/shop\\\/ruzovy-rucne-malovany-klobouk\\\/\",\"name\":\"R\u016f\u017eov\u00fd ru\u010dn\u011b malovan\u00fd klobouk - Matilda Gira\",\"isPartOf\":{\"@id\":\"https:\\\/\\\/matildagira.eu\\\/cs\\\/#website\"},\"primaryImageOfPage\":{\"@id\":\"https:\\\/\\\/matildagira.eu\\\/cs\\\/shop\\\/ruzovy-rucne-malovany-klobouk\\\/#primaryimage\"},\"image\":{\"@id\":\"https:\\\/\\\/matildagira.eu\\\/cs\\\/shop\\\/ruzovy-rucne-malovany-klobouk\\\/#primaryimage\"},\"thumbnailUrl\":\"https:\\\/\\\/matildagira.eu\\\/wp-content\\\/uploads\\\/2024\\\/07\\\/DSC_0277-scaled.webp\",\"datePublished\":\"2024-08-23T15:05:55+00:00\",\"dateModified\":\"2024-09-22T14:31:40+00:00\",\"description\":\"Ru\u010dn\u011b vyroben\u00e9 klobouky zru\u010dn\u00fdmi \u0159emesln\u00edky v Mexiku a s l\u00e1skou ru\u010dn\u011b malovan\u00e9 v \u010cesk\u00e9 republice. Kolekce \u017eiv\u00fdch barev. Vyrobeno z tkan\u00fdch r\u00fd\u017eov\u00fdch list\u016f.\",\"breadcrumb\":{\"@id\":\"https:\\\/\\\/matildagira.eu\\\/cs\\\/shop\\\/ruzovy-rucne-malovany-klobouk\\\/#breadcrumb\"},\"inLanguage\":\"cs\",\"potentialAction\":[{\"@type\":\"ReadAction\",\"target\":[\"https:\\\/\\\/matildagira.eu\\\/cs\\\/shop\\\/ruzovy-rucne-malovany-klobouk\\\/\"]}]},{\"@type\":\"ImageObject\",\"inLanguage\":\"cs\",\"@id\":\"https:\\\/\\\/matildagira.eu\\\/cs\\\/shop\\\/ruzovy-rucne-malovany-klobouk\\\/#primaryimage\",\"url\":\"https:\\\/\\\/matildagira.eu\\\/wp-content\\\/uploads\\\/2024\\\/07\\\/DSC_0277-scaled.webp\",\"contentUrl\":\"https:\\\/\\\/matildagira.eu\\\/wp-content\\\/uploads\\\/2024\\\/07\\\/DSC_0277-scaled.webp\",\"width\":1697,\"height\":2560},{\"@type\":\"BreadcrumbList\",\"@id\":\"https:\\\/\\\/matildagira.eu\\\/cs\\\/shop\\\/ruzovy-rucne-malovany-klobouk\\\/#breadcrumb\",\"itemListElement\":[{\"@type\":\"ListItem\",\"position\":1,\"name\":\"Dom\u016f\",\"item\":\"https:\\\/\\\/matildagira.eu\\\/cs\\\/\"},{\"@type\":\"ListItem\",\"position\":2,\"name\":\"Shop\",\"item\":\"https:\\\/\\\/matildagira.eu\\\/cs\\\/shop\\\/\"},{\"@type\":\"ListItem\",\"position\":3,\"name\":\"R\u016f\u017eov\u00fd ru\u010dn\u011b malovan\u00fd klobouk\"}]},{\"@type\":\"WebSite\",\"@id\":\"https:\\\/\\\/matildagira.eu\\\/cs\\\/#website\",\"url\":\"https:\\\/\\\/matildagira.eu\\\/cs\\\/\",\"name\":\"Matilda Gira\",\"description\":\"Handcrafted Hats\",\"publisher\":{\"@id\":\"https:\\\/\\\/matildagira.eu\\\/cs\\\/#organization\"},\"potentialAction\":[{\"@type\":\"SearchAction\",\"target\":{\"@type\":\"EntryPoint\",\"urlTemplate\":\"https:\\\/\\\/matildagira.eu\\\/cs\\\/?s={search_term_string}\"},\"query-input\":{\"@type\":\"PropertyValueSpecification\",\"valueRequired\":true,\"valueName\":\"search_term_string\"}}],\"inLanguage\":\"cs\"},{\"@type\":\"Organization\",\"@id\":\"https:\\\/\\\/matildagira.eu\\\/cs\\\/#organization\",\"name\":\"Matilda Gira\",\"url\":\"https:\\\/\\\/matildagira.eu\\\/cs\\\/\",\"logo\":{\"@type\":\"ImageObject\",\"inLanguage\":\"cs\",\"@id\":\"https:\\\/\\\/matildagira.eu\\\/cs\\\/#\\\/schema\\\/logo\\\/image\\\/\",\"url\":\"https:\\\/\\\/matildagira.eu\\\/wp-content\\\/uploads\\\/2022\\\/09\\\/LOGO-COLOR-VERDE.png\",\"contentUrl\":\"https:\\\/\\\/matildagira.eu\\\/wp-content\\\/uploads\\\/2022\\\/09\\\/LOGO-COLOR-VERDE.png\",\"width\":1010,\"height\":446,\"caption\":\"Matilda Gira\"},\"image\":{\"@id\":\"https:\\\/\\\/matildagira.eu\\\/cs\\\/#\\\/schema\\\/logo\\\/image\\\/\"},\"sameAs\":[\"https:\\\/\\\/www.facebook.com\\\/matildagira\",\"https:\\\/\\\/www.instagram.com\\\/matilda.gira\\\/\",\"https:\\\/\\\/www.pinterest.com.au\\\/matildagira\\\/\",\"https:\\\/\\\/www.tiktok.com\\\/@matildagira?lang=es\"]}]}<\/script>\n<meta property=\"og:availability\" content=\"instock\" \/>\n<meta property=\"product:availability\" content=\"instock\" \/>\n<meta property=\"product:retailer_item_id\" content=\"HAT-HP-ROSE\" \/>\n<meta property=\"product:condition\" content=\"new\" \/>\n<!-- \/ Yoast SEO plugin. -->","yoast_head_json":{"title":"R\u016f\u017eov\u00fd ru\u010dn\u011b malovan\u00fd klobouk - Matilda Gira","description":"Ru\u010dn\u011b vyroben\u00e9 klobouky zru\u010dn\u00fdmi \u0159emesln\u00edky v Mexiku a s l\u00e1skou ru\u010dn\u011b malovan\u00e9 v \u010cesk\u00e9 republice. Kolekce \u017eiv\u00fdch barev. Vyrobeno z tkan\u00fdch r\u00fd\u017eov\u00fdch list\u016f.","robots":{"index":"index","follow":"follow","max-snippet":"max-snippet:-1","max-image-preview":"max-image-preview:large","max-video-preview":"max-video-preview:-1"},"canonical":"https:\/\/matildagira.eu\/cs\/shop\/ruzovy-rucne-malovany-klobouk\/","og_locale":"cs_CZ","og_type":"article","og_title":"R\u016f\u017eov\u00fd ru\u010dn\u011b malovan\u00fd klobouk - Matilda Gira","og_description":"Ru\u010dn\u011b vyroben\u00e9 klobouky zru\u010dn\u00fdmi \u0159emesln\u00edky v Mexiku a s l\u00e1skou ru\u010dn\u011b malovan\u00e9 v \u010cesk\u00e9 republice. Kolekce \u017eiv\u00fdch barev. Vyrobeno z tkan\u00fdch r\u00fd\u017eov\u00fdch list\u016f.","og_url":"https:\/\/matildagira.eu\/cs\/shop\/ruzovy-rucne-malovany-klobouk\/","og_site_name":"Matilda Gira","article_publisher":"https:\/\/www.facebook.com\/matildagira","article_modified_time":"2024-09-22T14:31:40+00:00","og_image":[{"width":1697,"height":2560,"url":"https:\/\/matildagira.eu\/wp-content\/uploads\/2024\/07\/DSC_0277-scaled.webp","type":"image\/webp"}],"twitter_card":"summary_large_image","twitter_misc":{"Dostupnost":"Skladem"},"schema":{"@context":"https:\/\/schema.org","@graph":[{"@type":"WebPage","@id":"https:\/\/matildagira.eu\/cs\/shop\/ruzovy-rucne-malovany-klobouk\/","url":"https:\/\/matildagira.eu\/cs\/shop\/ruzovy-rucne-malovany-klobouk\/","name":"R\u016f\u017eov\u00fd ru\u010dn\u011b malovan\u00fd klobouk - Matilda Gira","isPartOf":{"@id":"https:\/\/matildagira.eu\/cs\/#website"},"primaryImageOfPage":{"@id":"https:\/\/matildagira.eu\/cs\/shop\/ruzovy-rucne-malovany-klobouk\/#primaryimage"},"image":{"@id":"https:\/\/matildagira.eu\/cs\/shop\/ruzovy-rucne-malovany-klobouk\/#primaryimage"},"thumbnailUrl":"https:\/\/matildagira.eu\/wp-content\/uploads\/2024\/07\/DSC_0277-scaled.webp","datePublished":"2024-08-23T15:05:55+00:00","dateModified":"2024-09-22T14:31:40+00:00","description":"Ru\u010dn\u011b vyroben\u00e9 klobouky zru\u010dn\u00fdmi \u0159emesln\u00edky v Mexiku a s l\u00e1skou ru\u010dn\u011b malovan\u00e9 v \u010cesk\u00e9 republice. Kolekce \u017eiv\u00fdch barev. Vyrobeno z tkan\u00fdch r\u00fd\u017eov\u00fdch list\u016f.","breadcrumb":{"@id":"https:\/\/matildagira.eu\/cs\/shop\/ruzovy-rucne-malovany-klobouk\/#breadcrumb"},"inLanguage":"cs","potentialAction":[{"@type":"ReadAction","target":["https:\/\/matildagira.eu\/cs\/shop\/ruzovy-rucne-malovany-klobouk\/"]}]},{"@type":"ImageObject","inLanguage":"cs","@id":"https:\/\/matildagira.eu\/cs\/shop\/ruzovy-rucne-malovany-klobouk\/#primaryimage","url":"https:\/\/matildagira.eu\/wp-content\/uploads\/2024\/07\/DSC_0277-scaled.webp","contentUrl":"https:\/\/matildagira.eu\/wp-content\/uploads\/2024\/07\/DSC_0277-scaled.webp","width":1697,"height":2560},{"@type":"BreadcrumbList","@id":"https:\/\/matildagira.eu\/cs\/shop\/ruzovy-rucne-malovany-klobouk\/#breadcrumb","itemListElement":[{"@type":"ListItem","position":1,"name":"Dom\u016f","item":"https:\/\/matildagira.eu\/cs\/"},{"@type":"ListItem","position":2,"name":"Shop","item":"https:\/\/matildagira.eu\/cs\/shop\/"},{"@type":"ListItem","position":3,"name":"R\u016f\u017eov\u00fd ru\u010dn\u011b malovan\u00fd klobouk"}]},{"@type":"WebSite","@id":"https:\/\/matildagira.eu\/cs\/#website","url":"https:\/\/matildagira.eu\/cs\/","name":"Matilda Gira","description":"Handcrafted Hats","publisher":{"@id":"https:\/\/matildagira.eu\/cs\/#organization"},"potentialAction":[{"@type":"SearchAction","target":{"@type":"EntryPoint","urlTemplate":"https:\/\/matildagira.eu\/cs\/?s={search_term_string}"},"query-input":{"@type":"PropertyValueSpecification","valueRequired":true,"valueName":"search_term_string"}}],"inLanguage":"cs"},{"@type":"Organization","@id":"https:\/\/matildagira.eu\/cs\/#organization","name":"Matilda Gira","url":"https:\/\/matildagira.eu\/cs\/","logo":{"@type":"ImageObject","inLanguage":"cs","@id":"https:\/\/matildagira.eu\/cs\/#\/schema\/logo\/image\/","url":"https:\/\/matildagira.eu\/wp-content\/uploads\/2022\/09\/LOGO-COLOR-VERDE.png","contentUrl":"https:\/\/matildagira.eu\/wp-content\/uploads\/2022\/09\/LOGO-COLOR-VERDE.png","width":1010,"height":446,"caption":"Matilda Gira"},"image":{"@id":"https:\/\/matildagira.eu\/cs\/#\/schema\/logo\/image\/"},"sameAs":["https:\/\/www.facebook.com\/matildagira","https:\/\/www.instagram.com\/matilda.gira\/","https:\/\/www.pinterest.com.au\/matildagira\/","https:\/\/www.tiktok.com\/@matildagira?lang=es"]}]},"og_availability":"instock","product_availability":"instock","product_retailer_item_id":"HAT-HP-ROSE","product_condition":"new"},"_links":{"self":[{"href":"https:\/\/matildagira.eu\/cs\/wp-json\/wp\/v2\/product\/7502","targetHints":{"allow":["GET"]}}],"collection":[{"href":"https:\/\/matildagira.eu\/cs\/wp-json\/wp\/v2\/product"}],"about":[{"href":"https:\/\/matildagira.eu\/cs\/wp-json\/wp\/v2\/types\/product"}],"replies":[{"embeddable":true,"href":"https:\/\/matildagira.eu\/cs\/wp-json\/wp\/v2\/comments?post=7502"}],"version-history":[{"count":1,"href":"https:\/\/matildagira.eu\/cs\/wp-json\/wp\/v2\/product\/7502\/revisions"}],"predecessor-version":[{"id":7509,"href":"https:\/\/matildagira.eu\/cs\/wp-json\/wp\/v2\/product\/7502\/revisions\/7509"}],"wp:featuredmedia":[{"embeddable":true,"href":"https:\/\/matildagira.eu\/cs\/wp-json\/wp\/v2\/media\/7147"}],"wp:attachment":[{"href":"https:\/\/matildagira.eu\/cs\/wp-json\/wp\/v2\/media?parent=7502"}],"wp:term":[{"taxonomy":"product_brand","embeddable":true,"href":"https:\/\/matildagira.eu\/cs\/wp-json\/wp\/v2\/product_brand?post=7502"},{"taxonomy":"product_cat","embeddable":true,"href":"https:\/\/matildagira.eu\/cs\/wp-json\/wp\/v2\/product_cat?post=7502"},{"taxonomy":"product_tag","embeddable":true,"href":"https:\/\/matildagira.eu\/cs\/wp-json\/wp\/v2\/product_tag?post=7502"}],"curies":[{"name":"wp","href":"https:\/\/api.w.org\/{rel}","templated":true}]}}