



{"id":7498,"date":"2023-04-16T20:06:17","date_gmt":"2023-04-16T18:06:17","guid":{"rendered":"https:\/\/matildagira.eu\/shop\/klobouk-yemanja-explorer\/"},"modified":"2026-04-02T18:50:12","modified_gmt":"2026-04-02T16:50:12","slug":"klobouk-yemanja-explorer","status":"publish","type":"product","link":"https:\/\/matildagira.eu\/cs\/shop\/klobouk-yemanja-explorer\/","title":{"rendered":"Klobouk Yemanja Explorer"},"content":{"rendered":"<p data-sourcepos=\"3:1-3:20\">Klobouk Yemanja Explorer z vegansk\u00e9ho semi\u0161e je nad\u010dasov\u00fdm dopl\u0148kem, kter\u00fd se snadno za\u010dlen\u00ed do va\u0161eho \u0161atn\u00edku.<br \/>\nTento stylov\u00fd klobouk je vyroben z m\u011bkk\u00e9ho, m\u00e1slov\u00e9ho vegansk\u00e9ho semi\u0161e v univerz\u00e1ln\u00edm odst\u00ednu sv\u011btle \u0161ed\u00e9 barvy, tak\u017ee se skv\u011ble hod\u00ed pro b\u011b\u017en\u00e9 i form\u00e1ln\u00ed p\u0159\u00edle\u017eitosti.<br \/>\nJe odborn\u011b vyroben s d\u016frazem na detail, co\u017e zaji\u0161\u0165uje vysoce kvalitn\u00ed proveden\u00ed.<br \/>\nKlobouk je vybaven odn\u00edmateln\u00fdm vegansk\u00fdm semi\u0161ov\u00fdm p\u00e1skem, kter\u00fd lze p\u0159izp\u016fsobit va\u0161emu oble\u010den\u00ed.<br \/>\nVyrobeno v Mexiku s l\u00e1skou.<\/p>\n","protected":false},"excerpt":{"rendered":"<h3>Vlastnosti:<\/h3>\n<ul>\n<li>Vyrobeno v Mexiku<\/li>\n<li>Ru\u010dn\u00ed v\u00fdroba<\/li>\n<li>Barva: sv\u011btle \u0161ed\u00e1<\/li>\n<li>Vegansk\u00fd semi\u0161<\/li>\n<li>Odn\u00edmateln\u00fd vegansk\u00fd semi\u0161ov\u00fd p\u00e1sek<\/li>\n<li>Materi\u00e1ly: Vegansk\u00fd semi\u0161<\/li>\n<\/ul>\n<p>&nbsp;<\/p>\n<h3>A\u0165 je to WOW!<\/h3>\n<ul>\n<li>Nakupujte v na\u0161em obchod\u011b <strong><a href=\"https:\/\/matildagira.eu\/cs\/kategorie-produktu\/klobouk-doplnky\/\">ru\u010dn\u011b vyr\u00e1b\u011bn\u00e9 kloboukov\u00e9 dopl\u0148ky.<\/a><\/strong><\/li>\n<\/ul>\n","protected":false},"featured_media":6806,"comment_status":"closed","ping_status":"closed","template":"","meta":{"_monsterinsights_skip_tracking":false,"_monsterinsights_sitenote_active":false,"_monsterinsights_sitenote_note":"","_monsterinsights_sitenote_category":0},"product_brand":[],"product_cat":[694,651],"product_tag":[654],"class_list":{"0":"post-7498","1":"product","2":"type-product","3":"status-publish","4":"has-post-thumbnail","6":"product_cat-klobouk-explorer","7":"product_cat-klobouky","8":"product_tag-nova-kolekce-2","10":"first","11":"instock","12":"sale","13":"featured","14":"taxable","15":"shipping-taxable","16":"purchasable","17":"product-type-variable","18":"has-default-attributes"},"supplier_id":null,"supplier_sku":"","barcode":null,"atum_controlled":true,"out_stock_date":null,"out_stock_threshold":null,"inheritable":true,"inbound_stock":0,"stock_on_hold":1,"sold_today":0,"sales_last_days":1,"reserved_stock":0,"customer_returns":0,"warehouse_damage":0,"lost_in_post":0,"other_logs":0,"out_stock_days":0,"lost_sales":0,"has_location":false,"update_date":"2026-04-19T00:31:02","atum_locations":[],"atum_stock_status":"instock","restock_status":false,"low_stock_amount":"","sales_update_date":"2026-04-19T00:31:02","calc_backorders":null,"yoast_head":"<!-- This site is optimized with the Yoast SEO plugin v27.4 - https:\/\/yoast.com\/product\/yoast-seo-wordpress\/ -->\n<title>Klobouk Yemanja Explorer - Matilda Gira<\/title>\n<meta name=\"description\" content=\"Klobouk Explorer Vegan Suede. S odn\u00edmateln\u00fdm p\u00e1skem. Dopl\u0148te ho na\u0161imi ru\u010dn\u011b vyr\u00e1b\u011bn\u00fdmi kloboukov\u00fdmi dopl\u0148ky. Vyrobeno v Mexiku s l\u00e1skou.\" \/>\n<meta name=\"robots\" content=\"index, follow, max-snippet:-1, max-image-preview:large, max-video-preview:-1\" \/>\n<link rel=\"canonical\" href=\"https:\/\/matildagira.eu\/cs\/shop\/klobouk-yemanja-explorer\/\" \/>\n<meta property=\"og:locale\" content=\"cs_CZ\" \/>\n<meta property=\"og:type\" content=\"article\" \/>\n<meta property=\"og:title\" content=\"Klobouk Yemanja Explorer - Matilda Gira\" \/>\n<meta property=\"og:description\" content=\"Klobouk Explorer Vegan Suede. S odn\u00edmateln\u00fdm p\u00e1skem. Dopl\u0148te ho na\u0161imi ru\u010dn\u011b vyr\u00e1b\u011bn\u00fdmi kloboukov\u00fdmi dopl\u0148ky. Vyrobeno v Mexiku s l\u00e1skou.\" \/>\n<meta property=\"og:url\" content=\"https:\/\/matildagira.eu\/cs\/shop\/klobouk-yemanja-explorer\/\" \/>\n<meta property=\"og:site_name\" content=\"Matilda Gira\" \/>\n<meta property=\"article:publisher\" content=\"https:\/\/www.facebook.com\/matildagira\" \/>\n<meta property=\"article:modified_time\" content=\"2026-04-02T16:50:12+00:00\" \/>\n<meta property=\"og:image\" content=\"https:\/\/matildagira.eu\/wp-content\/uploads\/2023\/10\/Plata_2.jpg\" \/>\n\t<meta property=\"og:image:width\" content=\"1200\" \/>\n\t<meta property=\"og:image:height\" content=\"1200\" \/>\n\t<meta property=\"og:image:type\" content=\"image\/jpeg\" \/>\n<meta name=\"twitter:card\" content=\"summary_large_image\" \/>\n<meta name=\"twitter:label1\" content=\"Dostupnost\" \/>\n\t<meta name=\"twitter:data1\" content=\"Skladem\" \/>\n<script type=\"application\/ld+json\" class=\"yoast-schema-graph\">{\"@context\":\"https:\\\/\\\/schema.org\",\"@graph\":[{\"@type\":\"WebPage\",\"@id\":\"https:\\\/\\\/matildagira.eu\\\/cs\\\/shop\\\/klobouk-yemanja-explorer\\\/\",\"url\":\"https:\\\/\\\/matildagira.eu\\\/cs\\\/shop\\\/klobouk-yemanja-explorer\\\/\",\"name\":\"Klobouk Yemanja Explorer - Matilda Gira\",\"isPartOf\":{\"@id\":\"https:\\\/\\\/matildagira.eu\\\/cs\\\/#website\"},\"primaryImageOfPage\":{\"@id\":\"https:\\\/\\\/matildagira.eu\\\/cs\\\/shop\\\/klobouk-yemanja-explorer\\\/#primaryimage\"},\"image\":{\"@id\":\"https:\\\/\\\/matildagira.eu\\\/cs\\\/shop\\\/klobouk-yemanja-explorer\\\/#primaryimage\"},\"thumbnailUrl\":\"https:\\\/\\\/matildagira.eu\\\/wp-content\\\/uploads\\\/2023\\\/10\\\/Plata_2.jpg\",\"datePublished\":\"2023-04-16T18:06:17+00:00\",\"dateModified\":\"2026-04-02T16:50:12+00:00\",\"description\":\"Klobouk Explorer Vegan Suede. S odn\u00edmateln\u00fdm p\u00e1skem. Dopl\u0148te ho na\u0161imi ru\u010dn\u011b vyr\u00e1b\u011bn\u00fdmi kloboukov\u00fdmi dopl\u0148ky. Vyrobeno v Mexiku s l\u00e1skou.\",\"breadcrumb\":{\"@id\":\"https:\\\/\\\/matildagira.eu\\\/cs\\\/shop\\\/klobouk-yemanja-explorer\\\/#breadcrumb\"},\"inLanguage\":\"cs\",\"potentialAction\":[{\"@type\":\"ReadAction\",\"target\":[\"https:\\\/\\\/matildagira.eu\\\/cs\\\/shop\\\/klobouk-yemanja-explorer\\\/\"]}]},{\"@type\":\"ImageObject\",\"inLanguage\":\"cs\",\"@id\":\"https:\\\/\\\/matildagira.eu\\\/cs\\\/shop\\\/klobouk-yemanja-explorer\\\/#primaryimage\",\"url\":\"https:\\\/\\\/matildagira.eu\\\/wp-content\\\/uploads\\\/2023\\\/10\\\/Plata_2.jpg\",\"contentUrl\":\"https:\\\/\\\/matildagira.eu\\\/wp-content\\\/uploads\\\/2023\\\/10\\\/Plata_2.jpg\",\"width\":1200,\"height\":1200},{\"@type\":\"BreadcrumbList\",\"@id\":\"https:\\\/\\\/matildagira.eu\\\/cs\\\/shop\\\/klobouk-yemanja-explorer\\\/#breadcrumb\",\"itemListElement\":[{\"@type\":\"ListItem\",\"position\":1,\"name\":\"Dom\u016f\",\"item\":\"https:\\\/\\\/matildagira.eu\\\/cs\\\/\"},{\"@type\":\"ListItem\",\"position\":2,\"name\":\"Shop\",\"item\":\"https:\\\/\\\/matildagira.eu\\\/cs\\\/shop\\\/\"},{\"@type\":\"ListItem\",\"position\":3,\"name\":\"Klobouk Yemanja Explorer\"}]},{\"@type\":\"WebSite\",\"@id\":\"https:\\\/\\\/matildagira.eu\\\/cs\\\/#website\",\"url\":\"https:\\\/\\\/matildagira.eu\\\/cs\\\/\",\"name\":\"Matilda Gira\",\"description\":\"Handcrafted Hats\",\"publisher\":{\"@id\":\"https:\\\/\\\/matildagira.eu\\\/cs\\\/#organization\"},\"potentialAction\":[{\"@type\":\"SearchAction\",\"target\":{\"@type\":\"EntryPoint\",\"urlTemplate\":\"https:\\\/\\\/matildagira.eu\\\/cs\\\/?s={search_term_string}\"},\"query-input\":{\"@type\":\"PropertyValueSpecification\",\"valueRequired\":true,\"valueName\":\"search_term_string\"}}],\"inLanguage\":\"cs\"},{\"@type\":\"Organization\",\"@id\":\"https:\\\/\\\/matildagira.eu\\\/cs\\\/#organization\",\"name\":\"Matilda Gira\",\"url\":\"https:\\\/\\\/matildagira.eu\\\/cs\\\/\",\"logo\":{\"@type\":\"ImageObject\",\"inLanguage\":\"cs\",\"@id\":\"https:\\\/\\\/matildagira.eu\\\/cs\\\/#\\\/schema\\\/logo\\\/image\\\/\",\"url\":\"https:\\\/\\\/matildagira.eu\\\/wp-content\\\/uploads\\\/2022\\\/09\\\/LOGO-COLOR-VERDE.png\",\"contentUrl\":\"https:\\\/\\\/matildagira.eu\\\/wp-content\\\/uploads\\\/2022\\\/09\\\/LOGO-COLOR-VERDE.png\",\"width\":1010,\"height\":446,\"caption\":\"Matilda Gira\"},\"image\":{\"@id\":\"https:\\\/\\\/matildagira.eu\\\/cs\\\/#\\\/schema\\\/logo\\\/image\\\/\"},\"sameAs\":[\"https:\\\/\\\/www.facebook.com\\\/matildagira\",\"https:\\\/\\\/www.instagram.com\\\/matilda.gira\\\/\",\"https:\\\/\\\/www.pinterest.com.au\\\/matildagira\\\/\",\"https:\\\/\\\/www.tiktok.com\\\/@matildagira?lang=es\"]}]}<\/script>\n<meta property=\"og:availability\" content=\"instock\" \/>\n<meta property=\"product:availability\" content=\"instock\" \/>\n<meta property=\"product:retailer_item_id\" content=\"HAT-EXP-YEMANJA\" \/>\n<meta property=\"product:condition\" content=\"new\" \/>\n<!-- \/ Yoast SEO plugin. -->","yoast_head_json":{"title":"Klobouk Yemanja Explorer - Matilda Gira","description":"Klobouk Explorer Vegan Suede. S odn\u00edmateln\u00fdm p\u00e1skem. Dopl\u0148te ho na\u0161imi ru\u010dn\u011b vyr\u00e1b\u011bn\u00fdmi kloboukov\u00fdmi dopl\u0148ky. Vyrobeno v Mexiku s l\u00e1skou.","robots":{"index":"index","follow":"follow","max-snippet":"max-snippet:-1","max-image-preview":"max-image-preview:large","max-video-preview":"max-video-preview:-1"},"canonical":"https:\/\/matildagira.eu\/cs\/shop\/klobouk-yemanja-explorer\/","og_locale":"cs_CZ","og_type":"article","og_title":"Klobouk Yemanja Explorer - Matilda Gira","og_description":"Klobouk Explorer Vegan Suede. S odn\u00edmateln\u00fdm p\u00e1skem. Dopl\u0148te ho na\u0161imi ru\u010dn\u011b vyr\u00e1b\u011bn\u00fdmi kloboukov\u00fdmi dopl\u0148ky. Vyrobeno v Mexiku s l\u00e1skou.","og_url":"https:\/\/matildagira.eu\/cs\/shop\/klobouk-yemanja-explorer\/","og_site_name":"Matilda Gira","article_publisher":"https:\/\/www.facebook.com\/matildagira","article_modified_time":"2026-04-02T16:50:12+00:00","og_image":[{"width":1200,"height":1200,"url":"https:\/\/matildagira.eu\/wp-content\/uploads\/2023\/10\/Plata_2.jpg","type":"image\/jpeg"}],"twitter_card":"summary_large_image","twitter_misc":{"Dostupnost":"Skladem"},"schema":{"@context":"https:\/\/schema.org","@graph":[{"@type":"WebPage","@id":"https:\/\/matildagira.eu\/cs\/shop\/klobouk-yemanja-explorer\/","url":"https:\/\/matildagira.eu\/cs\/shop\/klobouk-yemanja-explorer\/","name":"Klobouk Yemanja Explorer - Matilda Gira","isPartOf":{"@id":"https:\/\/matildagira.eu\/cs\/#website"},"primaryImageOfPage":{"@id":"https:\/\/matildagira.eu\/cs\/shop\/klobouk-yemanja-explorer\/#primaryimage"},"image":{"@id":"https:\/\/matildagira.eu\/cs\/shop\/klobouk-yemanja-explorer\/#primaryimage"},"thumbnailUrl":"https:\/\/matildagira.eu\/wp-content\/uploads\/2023\/10\/Plata_2.jpg","datePublished":"2023-04-16T18:06:17+00:00","dateModified":"2026-04-02T16:50:12+00:00","description":"Klobouk Explorer Vegan Suede. S odn\u00edmateln\u00fdm p\u00e1skem. Dopl\u0148te ho na\u0161imi ru\u010dn\u011b vyr\u00e1b\u011bn\u00fdmi kloboukov\u00fdmi dopl\u0148ky. Vyrobeno v Mexiku s l\u00e1skou.","breadcrumb":{"@id":"https:\/\/matildagira.eu\/cs\/shop\/klobouk-yemanja-explorer\/#breadcrumb"},"inLanguage":"cs","potentialAction":[{"@type":"ReadAction","target":["https:\/\/matildagira.eu\/cs\/shop\/klobouk-yemanja-explorer\/"]}]},{"@type":"ImageObject","inLanguage":"cs","@id":"https:\/\/matildagira.eu\/cs\/shop\/klobouk-yemanja-explorer\/#primaryimage","url":"https:\/\/matildagira.eu\/wp-content\/uploads\/2023\/10\/Plata_2.jpg","contentUrl":"https:\/\/matildagira.eu\/wp-content\/uploads\/2023\/10\/Plata_2.jpg","width":1200,"height":1200},{"@type":"BreadcrumbList","@id":"https:\/\/matildagira.eu\/cs\/shop\/klobouk-yemanja-explorer\/#breadcrumb","itemListElement":[{"@type":"ListItem","position":1,"name":"Dom\u016f","item":"https:\/\/matildagira.eu\/cs\/"},{"@type":"ListItem","position":2,"name":"Shop","item":"https:\/\/matildagira.eu\/cs\/shop\/"},{"@type":"ListItem","position":3,"name":"Klobouk Yemanja Explorer"}]},{"@type":"WebSite","@id":"https:\/\/matildagira.eu\/cs\/#website","url":"https:\/\/matildagira.eu\/cs\/","name":"Matilda Gira","description":"Handcrafted Hats","publisher":{"@id":"https:\/\/matildagira.eu\/cs\/#organization"},"potentialAction":[{"@type":"SearchAction","target":{"@type":"EntryPoint","urlTemplate":"https:\/\/matildagira.eu\/cs\/?s={search_term_string}"},"query-input":{"@type":"PropertyValueSpecification","valueRequired":true,"valueName":"search_term_string"}}],"inLanguage":"cs"},{"@type":"Organization","@id":"https:\/\/matildagira.eu\/cs\/#organization","name":"Matilda Gira","url":"https:\/\/matildagira.eu\/cs\/","logo":{"@type":"ImageObject","inLanguage":"cs","@id":"https:\/\/matildagira.eu\/cs\/#\/schema\/logo\/image\/","url":"https:\/\/matildagira.eu\/wp-content\/uploads\/2022\/09\/LOGO-COLOR-VERDE.png","contentUrl":"https:\/\/matildagira.eu\/wp-content\/uploads\/2022\/09\/LOGO-COLOR-VERDE.png","width":1010,"height":446,"caption":"Matilda Gira"},"image":{"@id":"https:\/\/matildagira.eu\/cs\/#\/schema\/logo\/image\/"},"sameAs":["https:\/\/www.facebook.com\/matildagira","https:\/\/www.instagram.com\/matilda.gira\/","https:\/\/www.pinterest.com.au\/matildagira\/","https:\/\/www.tiktok.com\/@matildagira?lang=es"]}]},"og_availability":"instock","product_availability":"instock","product_retailer_item_id":"HAT-EXP-YEMANJA","product_condition":"new"},"_links":{"self":[{"href":"https:\/\/matildagira.eu\/cs\/wp-json\/wp\/v2\/product\/7498","targetHints":{"allow":["GET"]}}],"collection":[{"href":"https:\/\/matildagira.eu\/cs\/wp-json\/wp\/v2\/product"}],"about":[{"href":"https:\/\/matildagira.eu\/cs\/wp-json\/wp\/v2\/types\/product"}],"replies":[{"embeddable":true,"href":"https:\/\/matildagira.eu\/cs\/wp-json\/wp\/v2\/comments?post=7498"}],"version-history":[{"count":3,"href":"https:\/\/matildagira.eu\/cs\/wp-json\/wp\/v2\/product\/7498\/revisions"}],"predecessor-version":[{"id":7981,"href":"https:\/\/matildagira.eu\/cs\/wp-json\/wp\/v2\/product\/7498\/revisions\/7981"}],"wp:featuredmedia":[{"embeddable":true,"href":"https:\/\/matildagira.eu\/cs\/wp-json\/wp\/v2\/media\/6806"}],"wp:attachment":[{"href":"https:\/\/matildagira.eu\/cs\/wp-json\/wp\/v2\/media?parent=7498"}],"wp:term":[{"taxonomy":"product_brand","embeddable":true,"href":"https:\/\/matildagira.eu\/cs\/wp-json\/wp\/v2\/product_brand?post=7498"},{"taxonomy":"product_cat","embeddable":true,"href":"https:\/\/matildagira.eu\/cs\/wp-json\/wp\/v2\/product_cat?post=7498"},{"taxonomy":"product_tag","embeddable":true,"href":"https:\/\/matildagira.eu\/cs\/wp-json\/wp\/v2\/product_tag?post=7498"}],"curies":[{"name":"wp","href":"https:\/\/api.w.org\/{rel}","templated":true}]}}