



{"id":7442,"date":"2023-10-14T21:21:36","date_gmt":"2023-10-14T19:21:36","guid":{"rendered":"https:\/\/matildagira.eu\/shop\/klobouk-madre-cordobes\/"},"modified":"2026-04-02T18:51:15","modified_gmt":"2026-04-02T16:51:15","slug":"klobouk-madre-cordobes","status":"publish","type":"product","link":"https:\/\/matildagira.eu\/cs\/shop\/klobouk-madre-cordobes\/","title":{"rendered":"Klobouk Madre Cordobes"},"content":{"rendered":"<p>Klobouk <strong>Madre Cordobes<\/strong> je pr\u00e1zdn\u00e9 pl\u00e1tno pro v\u00e1\u0161 osobn\u00ed styl.<br \/>\nD\u00edky \u0161irok\u00e9mu okraji, ploch\u00e9 korunce a odn\u00edmateln\u00e9mu p\u00e1sku si tento klobouk m\u016f\u017eete p\u0159izp\u016fsobit a vytvo\u0159it si tak vzhled, kter\u00fd bude jen v\u00e1\u0161.<br \/>\nTento klobouk Madre Cordobes Vegan Suede Hat m\u016f\u017eete nosit samostatn\u011b nebo ho stylizovat s n\u011bkter\u00fdm z na\u0161ich ru\u010dn\u011b vyr\u00e1b\u011bn\u00fdch kloboukov\u00fdch dopl\u0148k\u016f, kter\u00e9 mu dodaj\u00ed texturu a barvu.<br \/>\nVyrobeno v Mexiku s l\u00e1skou.<\/p>\n","protected":false},"excerpt":{"rendered":"<h3>Vlastnosti:<\/h3>\n<ul>\n<li>Vyrobeno v Mexiku<\/li>\n<li>Ru\u010dn\u00ed v\u00fdroba<\/li>\n<li>Barva: Nah\u00e1<\/li>\n<li>Vegansk\u00fd semi\u0161<\/li>\n<li>Odn\u00edmateln\u00fd vegansk\u00fd semi\u0161ov\u00fd p\u00e1sek<\/li>\n<li>Materi\u00e1ly: Vegansk\u00fd semi\u0161<\/li>\n<\/ul>\n<p>&nbsp;<\/p>\n<h3>A\u0165 je to WOW!<\/h3>\n<ul>\n<li>Nakupujte v na\u0161em obchod\u011b <strong><a href=\"https:\/\/matildagira.eu\/cs\/kategorie-produktu\/klobouk-doplnky\/\">ru\u010dn\u011b vyr\u00e1b\u011bn\u00e9 kloboukov\u00e9 dopl\u0148ky.<\/a><\/strong><\/li>\n<\/ul>\n","protected":false},"featured_media":7862,"comment_status":"closed","ping_status":"closed","template":"","meta":{"_monsterinsights_skip_tracking":false,"_monsterinsights_sitenote_active":false,"_monsterinsights_sitenote_note":"","_monsterinsights_sitenote_category":0},"product_brand":[],"product_cat":[688,651],"product_tag":[],"class_list":{"0":"post-7442","1":"product","2":"type-product","3":"status-publish","4":"has-post-thumbnail","6":"product_cat-klobouk-cordobes","7":"product_cat-klobouky","9":"first","10":"outofstock","11":"sale","12":"taxable","13":"shipping-taxable","14":"purchasable","15":"product-type-variable","16":"has-default-attributes"},"supplier_id":null,"supplier_sku":"","barcode":null,"atum_controlled":true,"out_stock_date":null,"out_stock_threshold":null,"inheritable":true,"inbound_stock":0,"stock_on_hold":0,"sold_today":0,"sales_last_days":0,"reserved_stock":0,"customer_returns":0,"warehouse_damage":0,"lost_in_post":0,"other_logs":0,"out_stock_days":0,"lost_sales":0,"has_location":false,"update_date":"2026-04-11T00:18:44","atum_locations":[],"atum_stock_status":"outofstock","restock_status":false,"low_stock_amount":"","sales_update_date":"2026-04-11T00:18:44","calc_backorders":null,"yoast_head":"<!-- This site is optimized with the Yoast SEO plugin v27.3 - https:\/\/yoast.com\/product\/yoast-seo-wordpress\/ -->\n<title>Klobouk Madre Cordobes - Matilda Gira<\/title>\n<meta name=\"description\" content=\"Klobouk Cordobes Vegan Suede. M\u00e1 \u0161irok\u00fd okraj, plochou korunku a odn\u00edmateln\u00fd p\u00e1sek. Dopl\u0148te ho na\u0161imi ru\u010dn\u011b vyr\u00e1b\u011bn\u00fdmi kloboukov\u00fdmi dopl\u0148ky. Vyrobeno v Mexiku s l\u00e1skou.\" \/>\n<meta name=\"robots\" content=\"index, follow, max-snippet:-1, max-image-preview:large, max-video-preview:-1\" \/>\n<link rel=\"canonical\" href=\"https:\/\/matildagira.eu\/cs\/shop\/klobouk-madre-cordobes\/\" \/>\n<meta property=\"og:locale\" content=\"cs_CZ\" \/>\n<meta property=\"og:type\" content=\"article\" \/>\n<meta property=\"og:title\" content=\"Klobouk Madre Cordobes - Matilda Gira\" \/>\n<meta property=\"og:description\" content=\"Klobouk Cordobes Vegan Suede. M\u00e1 \u0161irok\u00fd okraj, plochou korunku a odn\u00edmateln\u00fd p\u00e1sek. Dopl\u0148te ho na\u0161imi ru\u010dn\u011b vyr\u00e1b\u011bn\u00fdmi kloboukov\u00fdmi dopl\u0148ky. Vyrobeno v Mexiku s l\u00e1skou.\" \/>\n<meta property=\"og:url\" content=\"https:\/\/matildagira.eu\/cs\/shop\/klobouk-madre-cordobes\/\" \/>\n<meta property=\"og:site_name\" content=\"Matilda Gira\" \/>\n<meta property=\"article:publisher\" content=\"https:\/\/www.facebook.com\/matildagira\" \/>\n<meta property=\"article:modified_time\" content=\"2026-04-02T16:51:15+00:00\" \/>\n<meta property=\"og:image\" content=\"https:\/\/matildagira.eu\/wp-content\/uploads\/2023\/10\/Madre-Cordobes-Hat_1-scaled.webp\" \/>\n\t<meta property=\"og:image:width\" content=\"1707\" \/>\n\t<meta property=\"og:image:height\" content=\"2560\" \/>\n\t<meta property=\"og:image:type\" content=\"image\/webp\" \/>\n<meta name=\"twitter:card\" content=\"summary_large_image\" \/>\n<meta name=\"twitter:label1\" content=\"Dostupnost\" \/>\n\t<meta name=\"twitter:data1\" content=\"Nen\u00ed skladem\" \/>\n<script type=\"application\/ld+json\" class=\"yoast-schema-graph\">{\"@context\":\"https:\\\/\\\/schema.org\",\"@graph\":[{\"@type\":\"WebPage\",\"@id\":\"https:\\\/\\\/matildagira.eu\\\/cs\\\/shop\\\/klobouk-madre-cordobes\\\/\",\"url\":\"https:\\\/\\\/matildagira.eu\\\/cs\\\/shop\\\/klobouk-madre-cordobes\\\/\",\"name\":\"Klobouk Madre Cordobes - Matilda Gira\",\"isPartOf\":{\"@id\":\"https:\\\/\\\/matildagira.eu\\\/cs\\\/#website\"},\"primaryImageOfPage\":{\"@id\":\"https:\\\/\\\/matildagira.eu\\\/cs\\\/shop\\\/klobouk-madre-cordobes\\\/#primaryimage\"},\"image\":{\"@id\":\"https:\\\/\\\/matildagira.eu\\\/cs\\\/shop\\\/klobouk-madre-cordobes\\\/#primaryimage\"},\"thumbnailUrl\":\"https:\\\/\\\/matildagira.eu\\\/wp-content\\\/uploads\\\/2023\\\/10\\\/Madre-Cordobes-Hat_1-scaled.webp\",\"datePublished\":\"2023-10-14T19:21:36+00:00\",\"dateModified\":\"2026-04-02T16:51:15+00:00\",\"description\":\"Klobouk Cordobes Vegan Suede. M\u00e1 \u0161irok\u00fd okraj, plochou korunku a odn\u00edmateln\u00fd p\u00e1sek. Dopl\u0148te ho na\u0161imi ru\u010dn\u011b vyr\u00e1b\u011bn\u00fdmi kloboukov\u00fdmi dopl\u0148ky. Vyrobeno v Mexiku s l\u00e1skou.\",\"breadcrumb\":{\"@id\":\"https:\\\/\\\/matildagira.eu\\\/cs\\\/shop\\\/klobouk-madre-cordobes\\\/#breadcrumb\"},\"inLanguage\":\"cs\",\"potentialAction\":[{\"@type\":\"ReadAction\",\"target\":[\"https:\\\/\\\/matildagira.eu\\\/cs\\\/shop\\\/klobouk-madre-cordobes\\\/\"]}]},{\"@type\":\"ImageObject\",\"inLanguage\":\"cs\",\"@id\":\"https:\\\/\\\/matildagira.eu\\\/cs\\\/shop\\\/klobouk-madre-cordobes\\\/#primaryimage\",\"url\":\"https:\\\/\\\/matildagira.eu\\\/wp-content\\\/uploads\\\/2023\\\/10\\\/Madre-Cordobes-Hat_1-scaled.webp\",\"contentUrl\":\"https:\\\/\\\/matildagira.eu\\\/wp-content\\\/uploads\\\/2023\\\/10\\\/Madre-Cordobes-Hat_1-scaled.webp\",\"width\":1707,\"height\":2560,\"caption\":\"\u017eena s ru\u010dn\u011b vyr\u00e1b\u011bn\u00fdm kloboukem\"},{\"@type\":\"BreadcrumbList\",\"@id\":\"https:\\\/\\\/matildagira.eu\\\/cs\\\/shop\\\/klobouk-madre-cordobes\\\/#breadcrumb\",\"itemListElement\":[{\"@type\":\"ListItem\",\"position\":1,\"name\":\"Dom\u016f\",\"item\":\"https:\\\/\\\/matildagira.eu\\\/cs\\\/\"},{\"@type\":\"ListItem\",\"position\":2,\"name\":\"Shop\",\"item\":\"https:\\\/\\\/matildagira.eu\\\/cs\\\/shop\\\/\"},{\"@type\":\"ListItem\",\"position\":3,\"name\":\"Klobouk Madre Cordobes\"}]},{\"@type\":\"WebSite\",\"@id\":\"https:\\\/\\\/matildagira.eu\\\/cs\\\/#website\",\"url\":\"https:\\\/\\\/matildagira.eu\\\/cs\\\/\",\"name\":\"Matilda Gira\",\"description\":\"Handcrafted Hats\",\"publisher\":{\"@id\":\"https:\\\/\\\/matildagira.eu\\\/cs\\\/#organization\"},\"potentialAction\":[{\"@type\":\"SearchAction\",\"target\":{\"@type\":\"EntryPoint\",\"urlTemplate\":\"https:\\\/\\\/matildagira.eu\\\/cs\\\/?s={search_term_string}\"},\"query-input\":{\"@type\":\"PropertyValueSpecification\",\"valueRequired\":true,\"valueName\":\"search_term_string\"}}],\"inLanguage\":\"cs\"},{\"@type\":\"Organization\",\"@id\":\"https:\\\/\\\/matildagira.eu\\\/cs\\\/#organization\",\"name\":\"Matilda Gira\",\"url\":\"https:\\\/\\\/matildagira.eu\\\/cs\\\/\",\"logo\":{\"@type\":\"ImageObject\",\"inLanguage\":\"cs\",\"@id\":\"https:\\\/\\\/matildagira.eu\\\/cs\\\/#\\\/schema\\\/logo\\\/image\\\/\",\"url\":\"https:\\\/\\\/matildagira.eu\\\/wp-content\\\/uploads\\\/2022\\\/09\\\/LOGO-COLOR-VERDE.png\",\"contentUrl\":\"https:\\\/\\\/matildagira.eu\\\/wp-content\\\/uploads\\\/2022\\\/09\\\/LOGO-COLOR-VERDE.png\",\"width\":1010,\"height\":446,\"caption\":\"Matilda Gira\"},\"image\":{\"@id\":\"https:\\\/\\\/matildagira.eu\\\/cs\\\/#\\\/schema\\\/logo\\\/image\\\/\"},\"sameAs\":[\"https:\\\/\\\/www.facebook.com\\\/matildagira\",\"https:\\\/\\\/www.instagram.com\\\/matilda.gira\\\/\",\"https:\\\/\\\/www.pinterest.com.au\\\/matildagira\\\/\",\"https:\\\/\\\/www.tiktok.com\\\/@matildagira?lang=es\"]}]}<\/script>\n<meta property=\"og:availability\" content=\"out of stock\" \/>\n<meta property=\"product:availability\" content=\"out of stock\" \/>\n<meta property=\"product:retailer_item_id\" content=\"HAT-COR-MADRE\" \/>\n<meta property=\"product:condition\" content=\"new\" \/>\n<!-- \/ Yoast SEO plugin. -->","yoast_head_json":{"title":"Klobouk Madre Cordobes - Matilda Gira","description":"Klobouk Cordobes Vegan Suede. M\u00e1 \u0161irok\u00fd okraj, plochou korunku a odn\u00edmateln\u00fd p\u00e1sek. Dopl\u0148te ho na\u0161imi ru\u010dn\u011b vyr\u00e1b\u011bn\u00fdmi kloboukov\u00fdmi dopl\u0148ky. Vyrobeno v Mexiku s l\u00e1skou.","robots":{"index":"index","follow":"follow","max-snippet":"max-snippet:-1","max-image-preview":"max-image-preview:large","max-video-preview":"max-video-preview:-1"},"canonical":"https:\/\/matildagira.eu\/cs\/shop\/klobouk-madre-cordobes\/","og_locale":"cs_CZ","og_type":"article","og_title":"Klobouk Madre Cordobes - Matilda Gira","og_description":"Klobouk Cordobes Vegan Suede. M\u00e1 \u0161irok\u00fd okraj, plochou korunku a odn\u00edmateln\u00fd p\u00e1sek. Dopl\u0148te ho na\u0161imi ru\u010dn\u011b vyr\u00e1b\u011bn\u00fdmi kloboukov\u00fdmi dopl\u0148ky. Vyrobeno v Mexiku s l\u00e1skou.","og_url":"https:\/\/matildagira.eu\/cs\/shop\/klobouk-madre-cordobes\/","og_site_name":"Matilda Gira","article_publisher":"https:\/\/www.facebook.com\/matildagira","article_modified_time":"2026-04-02T16:51:15+00:00","og_image":[{"width":1707,"height":2560,"url":"https:\/\/matildagira.eu\/wp-content\/uploads\/2023\/10\/Madre-Cordobes-Hat_1-scaled.webp","type":"image\/webp"}],"twitter_card":"summary_large_image","twitter_misc":{"Dostupnost":"Nen\u00ed skladem"},"schema":{"@context":"https:\/\/schema.org","@graph":[{"@type":"WebPage","@id":"https:\/\/matildagira.eu\/cs\/shop\/klobouk-madre-cordobes\/","url":"https:\/\/matildagira.eu\/cs\/shop\/klobouk-madre-cordobes\/","name":"Klobouk Madre Cordobes - Matilda Gira","isPartOf":{"@id":"https:\/\/matildagira.eu\/cs\/#website"},"primaryImageOfPage":{"@id":"https:\/\/matildagira.eu\/cs\/shop\/klobouk-madre-cordobes\/#primaryimage"},"image":{"@id":"https:\/\/matildagira.eu\/cs\/shop\/klobouk-madre-cordobes\/#primaryimage"},"thumbnailUrl":"https:\/\/matildagira.eu\/wp-content\/uploads\/2023\/10\/Madre-Cordobes-Hat_1-scaled.webp","datePublished":"2023-10-14T19:21:36+00:00","dateModified":"2026-04-02T16:51:15+00:00","description":"Klobouk Cordobes Vegan Suede. M\u00e1 \u0161irok\u00fd okraj, plochou korunku a odn\u00edmateln\u00fd p\u00e1sek. Dopl\u0148te ho na\u0161imi ru\u010dn\u011b vyr\u00e1b\u011bn\u00fdmi kloboukov\u00fdmi dopl\u0148ky. Vyrobeno v Mexiku s l\u00e1skou.","breadcrumb":{"@id":"https:\/\/matildagira.eu\/cs\/shop\/klobouk-madre-cordobes\/#breadcrumb"},"inLanguage":"cs","potentialAction":[{"@type":"ReadAction","target":["https:\/\/matildagira.eu\/cs\/shop\/klobouk-madre-cordobes\/"]}]},{"@type":"ImageObject","inLanguage":"cs","@id":"https:\/\/matildagira.eu\/cs\/shop\/klobouk-madre-cordobes\/#primaryimage","url":"https:\/\/matildagira.eu\/wp-content\/uploads\/2023\/10\/Madre-Cordobes-Hat_1-scaled.webp","contentUrl":"https:\/\/matildagira.eu\/wp-content\/uploads\/2023\/10\/Madre-Cordobes-Hat_1-scaled.webp","width":1707,"height":2560,"caption":"\u017eena s ru\u010dn\u011b vyr\u00e1b\u011bn\u00fdm kloboukem"},{"@type":"BreadcrumbList","@id":"https:\/\/matildagira.eu\/cs\/shop\/klobouk-madre-cordobes\/#breadcrumb","itemListElement":[{"@type":"ListItem","position":1,"name":"Dom\u016f","item":"https:\/\/matildagira.eu\/cs\/"},{"@type":"ListItem","position":2,"name":"Shop","item":"https:\/\/matildagira.eu\/cs\/shop\/"},{"@type":"ListItem","position":3,"name":"Klobouk Madre Cordobes"}]},{"@type":"WebSite","@id":"https:\/\/matildagira.eu\/cs\/#website","url":"https:\/\/matildagira.eu\/cs\/","name":"Matilda Gira","description":"Handcrafted Hats","publisher":{"@id":"https:\/\/matildagira.eu\/cs\/#organization"},"potentialAction":[{"@type":"SearchAction","target":{"@type":"EntryPoint","urlTemplate":"https:\/\/matildagira.eu\/cs\/?s={search_term_string}"},"query-input":{"@type":"PropertyValueSpecification","valueRequired":true,"valueName":"search_term_string"}}],"inLanguage":"cs"},{"@type":"Organization","@id":"https:\/\/matildagira.eu\/cs\/#organization","name":"Matilda Gira","url":"https:\/\/matildagira.eu\/cs\/","logo":{"@type":"ImageObject","inLanguage":"cs","@id":"https:\/\/matildagira.eu\/cs\/#\/schema\/logo\/image\/","url":"https:\/\/matildagira.eu\/wp-content\/uploads\/2022\/09\/LOGO-COLOR-VERDE.png","contentUrl":"https:\/\/matildagira.eu\/wp-content\/uploads\/2022\/09\/LOGO-COLOR-VERDE.png","width":1010,"height":446,"caption":"Matilda Gira"},"image":{"@id":"https:\/\/matildagira.eu\/cs\/#\/schema\/logo\/image\/"},"sameAs":["https:\/\/www.facebook.com\/matildagira","https:\/\/www.instagram.com\/matilda.gira\/","https:\/\/www.pinterest.com.au\/matildagira\/","https:\/\/www.tiktok.com\/@matildagira?lang=es"]}]},"og_availability":"out of stock","product_availability":"out of stock","product_retailer_item_id":"HAT-COR-MADRE","product_condition":"new"},"_links":{"self":[{"href":"https:\/\/matildagira.eu\/cs\/wp-json\/wp\/v2\/product\/7442","targetHints":{"allow":["GET"]}}],"collection":[{"href":"https:\/\/matildagira.eu\/cs\/wp-json\/wp\/v2\/product"}],"about":[{"href":"https:\/\/matildagira.eu\/cs\/wp-json\/wp\/v2\/types\/product"}],"replies":[{"embeddable":true,"href":"https:\/\/matildagira.eu\/cs\/wp-json\/wp\/v2\/comments?post=7442"}],"version-history":[{"count":3,"href":"https:\/\/matildagira.eu\/cs\/wp-json\/wp\/v2\/product\/7442\/revisions"}],"predecessor-version":[{"id":7966,"href":"https:\/\/matildagira.eu\/cs\/wp-json\/wp\/v2\/product\/7442\/revisions\/7966"}],"wp:featuredmedia":[{"embeddable":true,"href":"https:\/\/matildagira.eu\/cs\/wp-json\/wp\/v2\/media\/7862"}],"wp:attachment":[{"href":"https:\/\/matildagira.eu\/cs\/wp-json\/wp\/v2\/media?parent=7442"}],"wp:term":[{"taxonomy":"product_brand","embeddable":true,"href":"https:\/\/matildagira.eu\/cs\/wp-json\/wp\/v2\/product_brand?post=7442"},{"taxonomy":"product_cat","embeddable":true,"href":"https:\/\/matildagira.eu\/cs\/wp-json\/wp\/v2\/product_cat?post=7442"},{"taxonomy":"product_tag","embeddable":true,"href":"https:\/\/matildagira.eu\/cs\/wp-json\/wp\/v2\/product_tag?post=7442"}],"curies":[{"name":"wp","href":"https:\/\/api.w.org\/{rel}","templated":true}]}}