



{"id":7432,"date":"2023-10-14T21:21:36","date_gmt":"2023-10-14T19:21:36","guid":{"rendered":"https:\/\/matildagira.eu\/shop\/klobouk-nina-cordobes\/"},"modified":"2026-04-02T18:53:26","modified_gmt":"2026-04-02T16:53:26","slug":"klobouk-nina-cordobes","status":"publish","type":"product","link":"https:\/\/matildagira.eu\/cs\/shop\/klobouk-nina-cordobes\/","title":{"rendered":"Klobouk Ni\u00f1a Cordobes"},"content":{"rendered":"<p>Klobouk <strong>Ni\u00f1a Cordobes<\/strong> Vegan Suede Hat je nad\u010dasov\u00fd a elegantn\u00ed dopln\u011bk, kter\u00fd se hod\u00ed pro ka\u017edou p\u0159\u00edle\u017eitost.<br \/>\nD\u00edky \u0161irok\u00e9mu okraji, ploch\u00e9 korunce a odn\u00edmateln\u00e9mu p\u00e1sku.<br \/>\nBarva slonov\u00e9 kosti je univerz\u00e1ln\u00ed a lichotiv\u00e1 a lze ji obl\u00e9knout nahoru i dol\u016f.<br \/>\nKlobouk Ni\u00f1a Cordobes Hat m\u016f\u017eete stylizovat s n\u011bkter\u00fdm z na\u0161ich ru\u010dn\u011b vyr\u00e1b\u011bn\u00fdch kloboukov\u00fdch dopl\u0148k\u016f, kter\u00e9 mu dodaj\u00ed texturu a barvu.<br \/>\nVyrobeno v Mexiku s l\u00e1skou.<\/p>\n","protected":false},"excerpt":{"rendered":"<h3>Vlastnosti:<\/h3>\n<ul>\n<li>Vyrobeno v Mexiku<\/li>\n<li>Ru\u010dn\u00ed v\u00fdroba<\/li>\n<li>Barva: slonov\u00e1 kost<\/li>\n<li>Vegansk\u00fd semi\u0161<\/li>\n<li>Odn\u00edmateln\u00fd vegansk\u00fd semi\u0161ov\u00fd p\u00e1sek<\/li>\n<li>Materi\u00e1ly: Vegansk\u00fd semi\u0161<\/li>\n<li>Tato polo\u017eka nezahrnuje p\u0159\u00edslu\u0161enstv\u00ed klobouku<\/li>\n<li>P\u0159\u00edslu\u0161enstv\u00ed ke klobouku se prod\u00e1v\u00e1 samostatn\u011b<\/li>\n<\/ul>\n<p>&nbsp;<\/p>\n<h3>A\u0165 je to WOW!<\/h3>\n<ul>\n<li>Nakupujte v na\u0161em obchod\u011b <strong><a href=\"https:\/\/matildagira.eu\/cs\/kategorie-produktu\/klobouk-doplnky\/\">ru\u010dn\u011b vyr\u00e1b\u011bn\u00e9 kloboukov\u00e9 dopl\u0148ky.<\/a><\/strong><\/li>\n<\/ul>\n","protected":false},"featured_media":6831,"comment_status":"closed","ping_status":"closed","template":"","meta":{"_monsterinsights_skip_tracking":false,"_monsterinsights_sitenote_active":false,"_monsterinsights_sitenote_note":"","_monsterinsights_sitenote_category":0},"product_brand":[],"product_cat":[688,651],"product_tag":[],"class_list":{"0":"post-7432","1":"product","2":"type-product","3":"status-publish","4":"has-post-thumbnail","6":"product_cat-klobouk-cordobes","7":"product_cat-klobouky","9":"first","10":"instock","11":"sale","12":"taxable","13":"shipping-taxable","14":"purchasable","15":"product-type-variable","16":"has-default-attributes"},"supplier_id":null,"supplier_sku":"","barcode":null,"atum_controlled":true,"out_stock_date":null,"out_stock_threshold":null,"inheritable":true,"inbound_stock":0,"stock_on_hold":0,"sold_today":0,"sales_last_days":0,"reserved_stock":0,"customer_returns":0,"warehouse_damage":0,"lost_in_post":0,"other_logs":0,"out_stock_days":0,"lost_sales":0,"has_location":false,"update_date":"2026-04-07T00:10:53","atum_locations":[],"atum_stock_status":"instock","restock_status":false,"low_stock_amount":"","sales_update_date":"2026-04-07T00:10:53","calc_backorders":null,"yoast_head":"<!-- This site is optimized with the Yoast SEO plugin v27.3 - https:\/\/yoast.com\/product\/yoast-seo-wordpress\/ -->\n<title>Klobouk Ni\u00f1a Cordobes - Matilda Gira<\/title>\n<meta name=\"description\" content=\"Klobouk Cordobes Vegan Suede. M\u00e1 \u0161irok\u00fd okraj, plochou korunku a odn\u00edmateln\u00fd p\u00e1sek. Dopl\u0148te ho na\u0161imi ru\u010dn\u011b vyr\u00e1b\u011bn\u00fdmi kloboukov\u00fdmi dopl\u0148ky. Vyrobeno v Mexiku s l\u00e1skou.\" \/>\n<meta name=\"robots\" content=\"index, follow, max-snippet:-1, max-image-preview:large, max-video-preview:-1\" \/>\n<link rel=\"canonical\" href=\"https:\/\/matildagira.eu\/cs\/shop\/klobouk-nina-cordobes\/\" \/>\n<meta property=\"og:locale\" content=\"cs_CZ\" \/>\n<meta property=\"og:type\" content=\"article\" \/>\n<meta property=\"og:title\" content=\"Klobouk Ni\u00f1a Cordobes - Matilda Gira\" \/>\n<meta property=\"og:description\" content=\"Klobouk Cordobes Vegan Suede. M\u00e1 \u0161irok\u00fd okraj, plochou korunku a odn\u00edmateln\u00fd p\u00e1sek. Dopl\u0148te ho na\u0161imi ru\u010dn\u011b vyr\u00e1b\u011bn\u00fdmi kloboukov\u00fdmi dopl\u0148ky. Vyrobeno v Mexiku s l\u00e1skou.\" \/>\n<meta property=\"og:url\" content=\"https:\/\/matildagira.eu\/cs\/shop\/klobouk-nina-cordobes\/\" \/>\n<meta property=\"og:site_name\" content=\"Matilda Gira\" \/>\n<meta property=\"article:publisher\" content=\"https:\/\/www.facebook.com\/matildagira\" \/>\n<meta property=\"article:modified_time\" content=\"2026-04-02T16:53:26+00:00\" \/>\n<meta property=\"og:image\" content=\"https:\/\/matildagira.eu\/wp-content\/uploads\/2023\/10\/Nina5.jpeg\" \/>\n\t<meta property=\"og:image:width\" content=\"1027\" \/>\n\t<meta property=\"og:image:height\" content=\"1440\" \/>\n\t<meta property=\"og:image:type\" content=\"image\/jpeg\" \/>\n<meta name=\"twitter:card\" content=\"summary_large_image\" \/>\n<meta name=\"twitter:label1\" content=\"Dostupnost\" \/>\n\t<meta name=\"twitter:data1\" content=\"Skladem\" \/>\n<script type=\"application\/ld+json\" class=\"yoast-schema-graph\">{\"@context\":\"https:\\\/\\\/schema.org\",\"@graph\":[{\"@type\":\"WebPage\",\"@id\":\"https:\\\/\\\/matildagira.eu\\\/cs\\\/shop\\\/klobouk-nina-cordobes\\\/\",\"url\":\"https:\\\/\\\/matildagira.eu\\\/cs\\\/shop\\\/klobouk-nina-cordobes\\\/\",\"name\":\"Klobouk Ni\u00f1a Cordobes - Matilda Gira\",\"isPartOf\":{\"@id\":\"https:\\\/\\\/matildagira.eu\\\/cs\\\/#website\"},\"primaryImageOfPage\":{\"@id\":\"https:\\\/\\\/matildagira.eu\\\/cs\\\/shop\\\/klobouk-nina-cordobes\\\/#primaryimage\"},\"image\":{\"@id\":\"https:\\\/\\\/matildagira.eu\\\/cs\\\/shop\\\/klobouk-nina-cordobes\\\/#primaryimage\"},\"thumbnailUrl\":\"https:\\\/\\\/matildagira.eu\\\/wp-content\\\/uploads\\\/2023\\\/10\\\/Nina5.jpeg\",\"datePublished\":\"2023-10-14T19:21:36+00:00\",\"dateModified\":\"2026-04-02T16:53:26+00:00\",\"description\":\"Klobouk Cordobes Vegan Suede. M\u00e1 \u0161irok\u00fd okraj, plochou korunku a odn\u00edmateln\u00fd p\u00e1sek. Dopl\u0148te ho na\u0161imi ru\u010dn\u011b vyr\u00e1b\u011bn\u00fdmi kloboukov\u00fdmi dopl\u0148ky. Vyrobeno v Mexiku s l\u00e1skou.\",\"breadcrumb\":{\"@id\":\"https:\\\/\\\/matildagira.eu\\\/cs\\\/shop\\\/klobouk-nina-cordobes\\\/#breadcrumb\"},\"inLanguage\":\"cs\",\"potentialAction\":[{\"@type\":\"ReadAction\",\"target\":[\"https:\\\/\\\/matildagira.eu\\\/cs\\\/shop\\\/klobouk-nina-cordobes\\\/\"]}]},{\"@type\":\"ImageObject\",\"inLanguage\":\"cs\",\"@id\":\"https:\\\/\\\/matildagira.eu\\\/cs\\\/shop\\\/klobouk-nina-cordobes\\\/#primaryimage\",\"url\":\"https:\\\/\\\/matildagira.eu\\\/wp-content\\\/uploads\\\/2023\\\/10\\\/Nina5.jpeg\",\"contentUrl\":\"https:\\\/\\\/matildagira.eu\\\/wp-content\\\/uploads\\\/2023\\\/10\\\/Nina5.jpeg\",\"width\":1027,\"height\":1440},{\"@type\":\"BreadcrumbList\",\"@id\":\"https:\\\/\\\/matildagira.eu\\\/cs\\\/shop\\\/klobouk-nina-cordobes\\\/#breadcrumb\",\"itemListElement\":[{\"@type\":\"ListItem\",\"position\":1,\"name\":\"Dom\u016f\",\"item\":\"https:\\\/\\\/matildagira.eu\\\/cs\\\/\"},{\"@type\":\"ListItem\",\"position\":2,\"name\":\"Shop\",\"item\":\"https:\\\/\\\/matildagira.eu\\\/cs\\\/shop\\\/\"},{\"@type\":\"ListItem\",\"position\":3,\"name\":\"Klobouk Ni\u00f1a Cordobes\"}]},{\"@type\":\"WebSite\",\"@id\":\"https:\\\/\\\/matildagira.eu\\\/cs\\\/#website\",\"url\":\"https:\\\/\\\/matildagira.eu\\\/cs\\\/\",\"name\":\"Matilda Gira\",\"description\":\"Handcrafted Hats\",\"publisher\":{\"@id\":\"https:\\\/\\\/matildagira.eu\\\/cs\\\/#organization\"},\"potentialAction\":[{\"@type\":\"SearchAction\",\"target\":{\"@type\":\"EntryPoint\",\"urlTemplate\":\"https:\\\/\\\/matildagira.eu\\\/cs\\\/?s={search_term_string}\"},\"query-input\":{\"@type\":\"PropertyValueSpecification\",\"valueRequired\":true,\"valueName\":\"search_term_string\"}}],\"inLanguage\":\"cs\"},{\"@type\":\"Organization\",\"@id\":\"https:\\\/\\\/matildagira.eu\\\/cs\\\/#organization\",\"name\":\"Matilda Gira\",\"url\":\"https:\\\/\\\/matildagira.eu\\\/cs\\\/\",\"logo\":{\"@type\":\"ImageObject\",\"inLanguage\":\"cs\",\"@id\":\"https:\\\/\\\/matildagira.eu\\\/cs\\\/#\\\/schema\\\/logo\\\/image\\\/\",\"url\":\"https:\\\/\\\/matildagira.eu\\\/wp-content\\\/uploads\\\/2022\\\/09\\\/LOGO-COLOR-VERDE.png\",\"contentUrl\":\"https:\\\/\\\/matildagira.eu\\\/wp-content\\\/uploads\\\/2022\\\/09\\\/LOGO-COLOR-VERDE.png\",\"width\":1010,\"height\":446,\"caption\":\"Matilda Gira\"},\"image\":{\"@id\":\"https:\\\/\\\/matildagira.eu\\\/cs\\\/#\\\/schema\\\/logo\\\/image\\\/\"},\"sameAs\":[\"https:\\\/\\\/www.facebook.com\\\/matildagira\",\"https:\\\/\\\/www.instagram.com\\\/matilda.gira\\\/\",\"https:\\\/\\\/www.pinterest.com.au\\\/matildagira\\\/\",\"https:\\\/\\\/www.tiktok.com\\\/@matildagira?lang=es\"]}]}<\/script>\n<meta property=\"og:availability\" content=\"instock\" \/>\n<meta property=\"product:availability\" content=\"instock\" \/>\n<meta property=\"product:retailer_item_id\" content=\"HAT-COR-NINACORDOBES\" \/>\n<meta property=\"product:condition\" content=\"new\" \/>\n<!-- \/ Yoast SEO plugin. -->","yoast_head_json":{"title":"Klobouk Ni\u00f1a Cordobes - Matilda Gira","description":"Klobouk Cordobes Vegan Suede. M\u00e1 \u0161irok\u00fd okraj, plochou korunku a odn\u00edmateln\u00fd p\u00e1sek. Dopl\u0148te ho na\u0161imi ru\u010dn\u011b vyr\u00e1b\u011bn\u00fdmi kloboukov\u00fdmi dopl\u0148ky. Vyrobeno v Mexiku s l\u00e1skou.","robots":{"index":"index","follow":"follow","max-snippet":"max-snippet:-1","max-image-preview":"max-image-preview:large","max-video-preview":"max-video-preview:-1"},"canonical":"https:\/\/matildagira.eu\/cs\/shop\/klobouk-nina-cordobes\/","og_locale":"cs_CZ","og_type":"article","og_title":"Klobouk Ni\u00f1a Cordobes - Matilda Gira","og_description":"Klobouk Cordobes Vegan Suede. M\u00e1 \u0161irok\u00fd okraj, plochou korunku a odn\u00edmateln\u00fd p\u00e1sek. Dopl\u0148te ho na\u0161imi ru\u010dn\u011b vyr\u00e1b\u011bn\u00fdmi kloboukov\u00fdmi dopl\u0148ky. Vyrobeno v Mexiku s l\u00e1skou.","og_url":"https:\/\/matildagira.eu\/cs\/shop\/klobouk-nina-cordobes\/","og_site_name":"Matilda Gira","article_publisher":"https:\/\/www.facebook.com\/matildagira","article_modified_time":"2026-04-02T16:53:26+00:00","og_image":[{"width":1027,"height":1440,"url":"https:\/\/matildagira.eu\/wp-content\/uploads\/2023\/10\/Nina5.jpeg","type":"image\/jpeg"}],"twitter_card":"summary_large_image","twitter_misc":{"Dostupnost":"Skladem"},"schema":{"@context":"https:\/\/schema.org","@graph":[{"@type":"WebPage","@id":"https:\/\/matildagira.eu\/cs\/shop\/klobouk-nina-cordobes\/","url":"https:\/\/matildagira.eu\/cs\/shop\/klobouk-nina-cordobes\/","name":"Klobouk Ni\u00f1a Cordobes - Matilda Gira","isPartOf":{"@id":"https:\/\/matildagira.eu\/cs\/#website"},"primaryImageOfPage":{"@id":"https:\/\/matildagira.eu\/cs\/shop\/klobouk-nina-cordobes\/#primaryimage"},"image":{"@id":"https:\/\/matildagira.eu\/cs\/shop\/klobouk-nina-cordobes\/#primaryimage"},"thumbnailUrl":"https:\/\/matildagira.eu\/wp-content\/uploads\/2023\/10\/Nina5.jpeg","datePublished":"2023-10-14T19:21:36+00:00","dateModified":"2026-04-02T16:53:26+00:00","description":"Klobouk Cordobes Vegan Suede. M\u00e1 \u0161irok\u00fd okraj, plochou korunku a odn\u00edmateln\u00fd p\u00e1sek. Dopl\u0148te ho na\u0161imi ru\u010dn\u011b vyr\u00e1b\u011bn\u00fdmi kloboukov\u00fdmi dopl\u0148ky. Vyrobeno v Mexiku s l\u00e1skou.","breadcrumb":{"@id":"https:\/\/matildagira.eu\/cs\/shop\/klobouk-nina-cordobes\/#breadcrumb"},"inLanguage":"cs","potentialAction":[{"@type":"ReadAction","target":["https:\/\/matildagira.eu\/cs\/shop\/klobouk-nina-cordobes\/"]}]},{"@type":"ImageObject","inLanguage":"cs","@id":"https:\/\/matildagira.eu\/cs\/shop\/klobouk-nina-cordobes\/#primaryimage","url":"https:\/\/matildagira.eu\/wp-content\/uploads\/2023\/10\/Nina5.jpeg","contentUrl":"https:\/\/matildagira.eu\/wp-content\/uploads\/2023\/10\/Nina5.jpeg","width":1027,"height":1440},{"@type":"BreadcrumbList","@id":"https:\/\/matildagira.eu\/cs\/shop\/klobouk-nina-cordobes\/#breadcrumb","itemListElement":[{"@type":"ListItem","position":1,"name":"Dom\u016f","item":"https:\/\/matildagira.eu\/cs\/"},{"@type":"ListItem","position":2,"name":"Shop","item":"https:\/\/matildagira.eu\/cs\/shop\/"},{"@type":"ListItem","position":3,"name":"Klobouk Ni\u00f1a Cordobes"}]},{"@type":"WebSite","@id":"https:\/\/matildagira.eu\/cs\/#website","url":"https:\/\/matildagira.eu\/cs\/","name":"Matilda Gira","description":"Handcrafted Hats","publisher":{"@id":"https:\/\/matildagira.eu\/cs\/#organization"},"potentialAction":[{"@type":"SearchAction","target":{"@type":"EntryPoint","urlTemplate":"https:\/\/matildagira.eu\/cs\/?s={search_term_string}"},"query-input":{"@type":"PropertyValueSpecification","valueRequired":true,"valueName":"search_term_string"}}],"inLanguage":"cs"},{"@type":"Organization","@id":"https:\/\/matildagira.eu\/cs\/#organization","name":"Matilda Gira","url":"https:\/\/matildagira.eu\/cs\/","logo":{"@type":"ImageObject","inLanguage":"cs","@id":"https:\/\/matildagira.eu\/cs\/#\/schema\/logo\/image\/","url":"https:\/\/matildagira.eu\/wp-content\/uploads\/2022\/09\/LOGO-COLOR-VERDE.png","contentUrl":"https:\/\/matildagira.eu\/wp-content\/uploads\/2022\/09\/LOGO-COLOR-VERDE.png","width":1010,"height":446,"caption":"Matilda Gira"},"image":{"@id":"https:\/\/matildagira.eu\/cs\/#\/schema\/logo\/image\/"},"sameAs":["https:\/\/www.facebook.com\/matildagira","https:\/\/www.instagram.com\/matilda.gira\/","https:\/\/www.pinterest.com.au\/matildagira\/","https:\/\/www.tiktok.com\/@matildagira?lang=es"]}]},"og_availability":"instock","product_availability":"instock","product_retailer_item_id":"HAT-COR-NINACORDOBES","product_condition":"new"},"_links":{"self":[{"href":"https:\/\/matildagira.eu\/cs\/wp-json\/wp\/v2\/product\/7432","targetHints":{"allow":["GET"]}}],"collection":[{"href":"https:\/\/matildagira.eu\/cs\/wp-json\/wp\/v2\/product"}],"about":[{"href":"https:\/\/matildagira.eu\/cs\/wp-json\/wp\/v2\/types\/product"}],"replies":[{"embeddable":true,"href":"https:\/\/matildagira.eu\/cs\/wp-json\/wp\/v2\/comments?post=7432"}],"version-history":[{"count":2,"href":"https:\/\/matildagira.eu\/cs\/wp-json\/wp\/v2\/product\/7432\/revisions"}],"predecessor-version":[{"id":7968,"href":"https:\/\/matildagira.eu\/cs\/wp-json\/wp\/v2\/product\/7432\/revisions\/7968"}],"wp:featuredmedia":[{"embeddable":true,"href":"https:\/\/matildagira.eu\/cs\/wp-json\/wp\/v2\/media\/6831"}],"wp:attachment":[{"href":"https:\/\/matildagira.eu\/cs\/wp-json\/wp\/v2\/media?parent=7432"}],"wp:term":[{"taxonomy":"product_brand","embeddable":true,"href":"https:\/\/matildagira.eu\/cs\/wp-json\/wp\/v2\/product_brand?post=7432"},{"taxonomy":"product_cat","embeddable":true,"href":"https:\/\/matildagira.eu\/cs\/wp-json\/wp\/v2\/product_cat?post=7432"},{"taxonomy":"product_tag","embeddable":true,"href":"https:\/\/matildagira.eu\/cs\/wp-json\/wp\/v2\/product_tag?post=7432"}],"curies":[{"name":"wp","href":"https:\/\/api.w.org\/{rel}","templated":true}]}}