



{"id":7416,"date":"2023-10-21T23:11:44","date_gmt":"2023-10-21T21:11:44","guid":{"rendered":"https:\/\/matildagira.eu\/shop\/zarivy-klobouk-band\/"},"modified":"2026-04-02T19:01:33","modified_gmt":"2026-04-02T17:01:33","slug":"radiant-i-hat-band","status":"publish","type":"product","link":"https:\/\/matildagira.eu\/cs\/shop\/radiant-i-hat-band\/","title":{"rendered":"Radiant I"},"content":{"rendered":"<p>Matilda Gira p\u0159edstavuje v\u00fdjime\u010dn\u00fd model <strong>Radiant I<\/strong>, ru\u010dn\u011b vyr\u00e1b\u011bn\u00fd dopln\u011bk na klobouk, kter\u00fd upout\u00e1 pozornost luxusn\u00edm zlat\u00fdm lemov\u00e1n\u00edm a velkoryse \u0161irok\u00fdm b\u00edl\u00fdm st\u0159edem z nejjemn\u011bj\u0161\u00edch \u010desk\u00fdch perli\u010dek. Tento n\u00e1dhern\u00fd kousek je v\u00fdsledkem pe\u010dliv\u00e9 ru\u010dn\u00ed pr\u00e1ce domorod\u00e9ho kmene Embera Chami, jeho\u017e osv\u011bd\u010den\u00e9 kor\u00e1lkov\u00e9 tradice vdechuj\u00ed ka\u017ed\u00e9mu dopl\u0148ku du\u0161i a p\u0159\u00edb\u011bh ze srdce Kolumbie. <strong>Elegantn\u00ed design, \u0159emesln\u00e9 ko\u0159eny<\/strong> Radiant I je v\u00fdrazn\u00fdm kontrastem bohatstv\u00ed a \u0159emesln\u00e9 jednoduchosti. Leskl\u00e9 zlat\u00e9 okraje uzav\u00edraj\u00ed \u010distotu b\u00edl\u00fdch kor\u00e1lk\u016f a vytv\u00e1\u0159ej\u00ed odv\u00e1\u017en\u00e9 prohl\u00e1\u0161en\u00ed, kter\u00e9 je sofistikovan\u00e9 a z\u00e1rove\u0148 zakotven\u00e9 v autenticit\u011b sv\u00e9ho vzniku.<\/p>\n","protected":false},"excerpt":{"rendered":"<h3>Vlastnosti:<\/h3>\n<ul>\n<li>Ru\u010dn\u00ed v\u00fdroba<\/li>\n<li>Perli\u010dky<\/li>\n<li>B\u00edl\u00e9 a zlat\u00e9 perli\u010dky<\/li>\n<li>Tato polo\u017eka nezahrnuje klobouk.<br \/>\nKlobouk se prod\u00e1v\u00e1 samostatn\u011b.<\/li>\n<\/ul>\n<p>&nbsp;<\/p>\n<h3>Dopl\u0148te vzhled:<\/h3>\n<p>Nakupujte v na\u0161em obchod\u011b <a href=\"https:\/\/matildagira.eu\/page\/1\/?s=vegan+suede&amp;post_type=product\">Kolekce klobouk\u016f Matilda Gira zde!<\/a><\/p>\n<p>&nbsp;<\/p>\n<h3>Rozm\u011bry:<\/h3>\n<p>Obvod: 24 palc\u016f.<\/p>\n<h3><\/h3>\n<h3>P\u00e9\u010de:<\/h3>\n<ul>\n<li>\u0160perky z klobouku si po no\u0161en\u00ed ulo\u017ete do pouzdra Matilda Gira.<\/li>\n<li>Neodst\u0159ihujte nit\u011b.<\/li>\n<li>Nenoste je ve vod\u011b.<\/li>\n<li>Vy\u010dist\u011bte \u0161perky le\u0161t\u00edc\u00edm had\u0159\u00edkem.<\/li>\n<\/ul>\n<p>&nbsp;<\/p>\n<p>&nbsp;<\/p>\n","protected":false},"featured_media":7102,"comment_status":"closed","ping_status":"closed","template":"","meta":{"_monsterinsights_skip_tracking":false,"_monsterinsights_sitenote_active":false,"_monsterinsights_sitenote_note":"","_monsterinsights_sitenote_category":0},"product_brand":[],"product_cat":[678],"product_tag":[],"class_list":{"0":"post-7416","1":"product","2":"type-product","3":"status-publish","4":"has-post-thumbnail","6":"product_cat-paskovy-doplnek","8":"first","9":"instock","10":"sale","11":"taxable","12":"shipping-taxable","13":"purchasable","14":"product-type-simple"},"supplier_id":null,"supplier_sku":"","barcode":null,"atum_controlled":true,"out_stock_date":null,"out_stock_threshold":null,"inheritable":false,"inbound_stock":null,"stock_on_hold":0,"sold_today":0,"sales_last_days":0,"reserved_stock":null,"customer_returns":null,"warehouse_damage":null,"lost_in_post":null,"other_logs":null,"out_stock_days":0,"lost_sales":0,"has_location":false,"update_date":"2026-04-05T00:07:49","atum_locations":[],"atum_stock_status":"instock","restock_status":false,"low_stock_amount":"","sales_update_date":"2026-04-05T00:07:49","calc_backorders":null,"yoast_head":"<!-- This site is optimized with the Yoast SEO plugin v27.3 - https:\/\/yoast.com\/product\/yoast-seo-wordpress\/ -->\n<title>Radiant I - Matilda Gira<\/title>\n<meta name=\"description\" content=\"Zv\u00fdrazn\u011bte sv\u016fj klobouk ru\u010dn\u011b vyroben\u00fdm dopl\u0148kem Radiant I od Matildy Giry s v\u00fdrazn\u00fdmi zlat\u00fdmi okraji a b\u00edl\u00fdm st\u0159edem z \u010desk\u00fdch kor\u00e1lk\u016f.\" \/>\n<meta name=\"robots\" content=\"index, follow, max-snippet:-1, max-image-preview:large, max-video-preview:-1\" \/>\n<link rel=\"canonical\" href=\"https:\/\/matildagira.eu\/cs\/shop\/radiant-i-hat-band\/\" \/>\n<meta property=\"og:locale\" content=\"cs_CZ\" \/>\n<meta property=\"og:type\" content=\"article\" \/>\n<meta property=\"og:title\" content=\"Radiant I - Matilda Gira\" \/>\n<meta property=\"og:description\" content=\"Zv\u00fdrazn\u011bte sv\u016fj klobouk ru\u010dn\u011b vyroben\u00fdm dopl\u0148kem Radiant I od Matildy Giry s v\u00fdrazn\u00fdmi zlat\u00fdmi okraji a b\u00edl\u00fdm st\u0159edem z \u010desk\u00fdch kor\u00e1lk\u016f.\" \/>\n<meta property=\"og:url\" content=\"https:\/\/matildagira.eu\/cs\/shop\/radiant-i-hat-band\/\" \/>\n<meta property=\"og:site_name\" content=\"Matilda Gira\" \/>\n<meta property=\"article:publisher\" content=\"https:\/\/www.facebook.com\/matildagira\" \/>\n<meta property=\"article:modified_time\" content=\"2026-04-02T17:01:33+00:00\" \/>\n<meta property=\"og:image\" content=\"https:\/\/matildagira.eu\/wp-content\/uploads\/2024\/07\/DSC_0498-_1_-scaled.webp\" \/>\n\t<meta property=\"og:image:width\" content=\"1698\" \/>\n\t<meta property=\"og:image:height\" content=\"2560\" \/>\n\t<meta property=\"og:image:type\" content=\"image\/webp\" \/>\n<meta name=\"twitter:card\" content=\"summary_large_image\" \/>\n<meta name=\"twitter:label1\" content=\"Cena\" \/>\n\t<meta name=\"twitter:data1\" content=\"569&nbsp;&#075;&#269;\" \/>\n\t<meta name=\"twitter:label2\" content=\"Dostupnost\" \/>\n\t<meta name=\"twitter:data2\" content=\"Skladem\" \/>\n<script type=\"application\/ld+json\" class=\"yoast-schema-graph\">{\"@context\":\"https:\\\/\\\/schema.org\",\"@graph\":[{\"@type\":\"WebPage\",\"@id\":\"https:\\\/\\\/matildagira.eu\\\/cs\\\/shop\\\/radiant-i-hat-band\\\/\",\"url\":\"https:\\\/\\\/matildagira.eu\\\/cs\\\/shop\\\/radiant-i-hat-band\\\/\",\"name\":\"Radiant I - Matilda Gira\",\"isPartOf\":{\"@id\":\"https:\\\/\\\/matildagira.eu\\\/cs\\\/#website\"},\"primaryImageOfPage\":{\"@id\":\"https:\\\/\\\/matildagira.eu\\\/cs\\\/shop\\\/radiant-i-hat-band\\\/#primaryimage\"},\"image\":{\"@id\":\"https:\\\/\\\/matildagira.eu\\\/cs\\\/shop\\\/radiant-i-hat-band\\\/#primaryimage\"},\"thumbnailUrl\":\"https:\\\/\\\/matildagira.eu\\\/wp-content\\\/uploads\\\/2024\\\/07\\\/DSC_0498-_1_-scaled.webp\",\"datePublished\":\"2023-10-21T21:11:44+00:00\",\"dateModified\":\"2026-04-02T17:01:33+00:00\",\"description\":\"Zv\u00fdrazn\u011bte sv\u016fj klobouk ru\u010dn\u011b vyroben\u00fdm dopl\u0148kem Radiant I od Matildy Giry s v\u00fdrazn\u00fdmi zlat\u00fdmi okraji a b\u00edl\u00fdm st\u0159edem z \u010desk\u00fdch kor\u00e1lk\u016f.\",\"breadcrumb\":{\"@id\":\"https:\\\/\\\/matildagira.eu\\\/cs\\\/shop\\\/radiant-i-hat-band\\\/#breadcrumb\"},\"inLanguage\":\"cs\",\"potentialAction\":[{\"@type\":\"ReadAction\",\"target\":[\"https:\\\/\\\/matildagira.eu\\\/cs\\\/shop\\\/radiant-i-hat-band\\\/\"]}]},{\"@type\":\"ImageObject\",\"inLanguage\":\"cs\",\"@id\":\"https:\\\/\\\/matildagira.eu\\\/cs\\\/shop\\\/radiant-i-hat-band\\\/#primaryimage\",\"url\":\"https:\\\/\\\/matildagira.eu\\\/wp-content\\\/uploads\\\/2024\\\/07\\\/DSC_0498-_1_-scaled.webp\",\"contentUrl\":\"https:\\\/\\\/matildagira.eu\\\/wp-content\\\/uploads\\\/2024\\\/07\\\/DSC_0498-_1_-scaled.webp\",\"width\":1698,\"height\":2560},{\"@type\":\"BreadcrumbList\",\"@id\":\"https:\\\/\\\/matildagira.eu\\\/cs\\\/shop\\\/radiant-i-hat-band\\\/#breadcrumb\",\"itemListElement\":[{\"@type\":\"ListItem\",\"position\":1,\"name\":\"Dom\u016f\",\"item\":\"https:\\\/\\\/matildagira.eu\\\/cs\\\/\"},{\"@type\":\"ListItem\",\"position\":2,\"name\":\"Shop\",\"item\":\"https:\\\/\\\/matildagira.eu\\\/cs\\\/shop\\\/\"},{\"@type\":\"ListItem\",\"position\":3,\"name\":\"Radiant I\"}]},{\"@type\":\"WebSite\",\"@id\":\"https:\\\/\\\/matildagira.eu\\\/cs\\\/#website\",\"url\":\"https:\\\/\\\/matildagira.eu\\\/cs\\\/\",\"name\":\"Matilda Gira\",\"description\":\"Handcrafted Hats\",\"publisher\":{\"@id\":\"https:\\\/\\\/matildagira.eu\\\/cs\\\/#organization\"},\"potentialAction\":[{\"@type\":\"SearchAction\",\"target\":{\"@type\":\"EntryPoint\",\"urlTemplate\":\"https:\\\/\\\/matildagira.eu\\\/cs\\\/?s={search_term_string}\"},\"query-input\":{\"@type\":\"PropertyValueSpecification\",\"valueRequired\":true,\"valueName\":\"search_term_string\"}}],\"inLanguage\":\"cs\"},{\"@type\":\"Organization\",\"@id\":\"https:\\\/\\\/matildagira.eu\\\/cs\\\/#organization\",\"name\":\"Matilda Gira\",\"url\":\"https:\\\/\\\/matildagira.eu\\\/cs\\\/\",\"logo\":{\"@type\":\"ImageObject\",\"inLanguage\":\"cs\",\"@id\":\"https:\\\/\\\/matildagira.eu\\\/cs\\\/#\\\/schema\\\/logo\\\/image\\\/\",\"url\":\"https:\\\/\\\/matildagira.eu\\\/wp-content\\\/uploads\\\/2022\\\/09\\\/LOGO-COLOR-VERDE.png\",\"contentUrl\":\"https:\\\/\\\/matildagira.eu\\\/wp-content\\\/uploads\\\/2022\\\/09\\\/LOGO-COLOR-VERDE.png\",\"width\":1010,\"height\":446,\"caption\":\"Matilda Gira\"},\"image\":{\"@id\":\"https:\\\/\\\/matildagira.eu\\\/cs\\\/#\\\/schema\\\/logo\\\/image\\\/\"},\"sameAs\":[\"https:\\\/\\\/www.facebook.com\\\/matildagira\",\"https:\\\/\\\/www.instagram.com\\\/matilda.gira\\\/\",\"https:\\\/\\\/www.pinterest.com.au\\\/matildagira\\\/\",\"https:\\\/\\\/www.tiktok.com\\\/@matildagira?lang=es\"]}]}<\/script>\n<meta property=\"product:price:amount\" content=\"569\" \/>\n<meta property=\"product:price:currency\" content=\"CZK\" \/>\n<meta property=\"og:availability\" content=\"instock\" \/>\n<meta property=\"product:availability\" content=\"instock\" \/>\n<meta property=\"product:retailer_item_id\" content=\"ACC-BAND-RADIANT\" \/>\n<meta property=\"product:condition\" content=\"new\" \/>\n<!-- \/ Yoast SEO plugin. -->","yoast_head_json":{"title":"Radiant I - Matilda Gira","description":"Zv\u00fdrazn\u011bte sv\u016fj klobouk ru\u010dn\u011b vyroben\u00fdm dopl\u0148kem Radiant I od Matildy Giry s v\u00fdrazn\u00fdmi zlat\u00fdmi okraji a b\u00edl\u00fdm st\u0159edem z \u010desk\u00fdch kor\u00e1lk\u016f.","robots":{"index":"index","follow":"follow","max-snippet":"max-snippet:-1","max-image-preview":"max-image-preview:large","max-video-preview":"max-video-preview:-1"},"canonical":"https:\/\/matildagira.eu\/cs\/shop\/radiant-i-hat-band\/","og_locale":"cs_CZ","og_type":"article","og_title":"Radiant I - Matilda Gira","og_description":"Zv\u00fdrazn\u011bte sv\u016fj klobouk ru\u010dn\u011b vyroben\u00fdm dopl\u0148kem Radiant I od Matildy Giry s v\u00fdrazn\u00fdmi zlat\u00fdmi okraji a b\u00edl\u00fdm st\u0159edem z \u010desk\u00fdch kor\u00e1lk\u016f.","og_url":"https:\/\/matildagira.eu\/cs\/shop\/radiant-i-hat-band\/","og_site_name":"Matilda Gira","article_publisher":"https:\/\/www.facebook.com\/matildagira","article_modified_time":"2026-04-02T17:01:33+00:00","og_image":[{"width":1698,"height":2560,"url":"https:\/\/matildagira.eu\/wp-content\/uploads\/2024\/07\/DSC_0498-_1_-scaled.webp","type":"image\/webp"}],"twitter_card":"summary_large_image","twitter_misc":{"Cena":"569&nbsp;&#75;&#269;","Dostupnost":"Skladem"},"schema":{"@context":"https:\/\/schema.org","@graph":[{"@type":"WebPage","@id":"https:\/\/matildagira.eu\/cs\/shop\/radiant-i-hat-band\/","url":"https:\/\/matildagira.eu\/cs\/shop\/radiant-i-hat-band\/","name":"Radiant I - Matilda Gira","isPartOf":{"@id":"https:\/\/matildagira.eu\/cs\/#website"},"primaryImageOfPage":{"@id":"https:\/\/matildagira.eu\/cs\/shop\/radiant-i-hat-band\/#primaryimage"},"image":{"@id":"https:\/\/matildagira.eu\/cs\/shop\/radiant-i-hat-band\/#primaryimage"},"thumbnailUrl":"https:\/\/matildagira.eu\/wp-content\/uploads\/2024\/07\/DSC_0498-_1_-scaled.webp","datePublished":"2023-10-21T21:11:44+00:00","dateModified":"2026-04-02T17:01:33+00:00","description":"Zv\u00fdrazn\u011bte sv\u016fj klobouk ru\u010dn\u011b vyroben\u00fdm dopl\u0148kem Radiant I od Matildy Giry s v\u00fdrazn\u00fdmi zlat\u00fdmi okraji a b\u00edl\u00fdm st\u0159edem z \u010desk\u00fdch kor\u00e1lk\u016f.","breadcrumb":{"@id":"https:\/\/matildagira.eu\/cs\/shop\/radiant-i-hat-band\/#breadcrumb"},"inLanguage":"cs","potentialAction":[{"@type":"ReadAction","target":["https:\/\/matildagira.eu\/cs\/shop\/radiant-i-hat-band\/"]}]},{"@type":"ImageObject","inLanguage":"cs","@id":"https:\/\/matildagira.eu\/cs\/shop\/radiant-i-hat-band\/#primaryimage","url":"https:\/\/matildagira.eu\/wp-content\/uploads\/2024\/07\/DSC_0498-_1_-scaled.webp","contentUrl":"https:\/\/matildagira.eu\/wp-content\/uploads\/2024\/07\/DSC_0498-_1_-scaled.webp","width":1698,"height":2560},{"@type":"BreadcrumbList","@id":"https:\/\/matildagira.eu\/cs\/shop\/radiant-i-hat-band\/#breadcrumb","itemListElement":[{"@type":"ListItem","position":1,"name":"Dom\u016f","item":"https:\/\/matildagira.eu\/cs\/"},{"@type":"ListItem","position":2,"name":"Shop","item":"https:\/\/matildagira.eu\/cs\/shop\/"},{"@type":"ListItem","position":3,"name":"Radiant I"}]},{"@type":"WebSite","@id":"https:\/\/matildagira.eu\/cs\/#website","url":"https:\/\/matildagira.eu\/cs\/","name":"Matilda Gira","description":"Handcrafted Hats","publisher":{"@id":"https:\/\/matildagira.eu\/cs\/#organization"},"potentialAction":[{"@type":"SearchAction","target":{"@type":"EntryPoint","urlTemplate":"https:\/\/matildagira.eu\/cs\/?s={search_term_string}"},"query-input":{"@type":"PropertyValueSpecification","valueRequired":true,"valueName":"search_term_string"}}],"inLanguage":"cs"},{"@type":"Organization","@id":"https:\/\/matildagira.eu\/cs\/#organization","name":"Matilda Gira","url":"https:\/\/matildagira.eu\/cs\/","logo":{"@type":"ImageObject","inLanguage":"cs","@id":"https:\/\/matildagira.eu\/cs\/#\/schema\/logo\/image\/","url":"https:\/\/matildagira.eu\/wp-content\/uploads\/2022\/09\/LOGO-COLOR-VERDE.png","contentUrl":"https:\/\/matildagira.eu\/wp-content\/uploads\/2022\/09\/LOGO-COLOR-VERDE.png","width":1010,"height":446,"caption":"Matilda Gira"},"image":{"@id":"https:\/\/matildagira.eu\/cs\/#\/schema\/logo\/image\/"},"sameAs":["https:\/\/www.facebook.com\/matildagira","https:\/\/www.instagram.com\/matilda.gira\/","https:\/\/www.pinterest.com.au\/matildagira\/","https:\/\/www.tiktok.com\/@matildagira?lang=es"]}]},"product_price_amount":"569","product_price_currency":"CZK","og_availability":"instock","product_availability":"instock","product_retailer_item_id":"ACC-BAND-RADIANT","product_condition":"new"},"_links":{"self":[{"href":"https:\/\/matildagira.eu\/cs\/wp-json\/wp\/v2\/product\/7416","targetHints":{"allow":["GET"]}}],"collection":[{"href":"https:\/\/matildagira.eu\/cs\/wp-json\/wp\/v2\/product"}],"about":[{"href":"https:\/\/matildagira.eu\/cs\/wp-json\/wp\/v2\/types\/product"}],"replies":[{"embeddable":true,"href":"https:\/\/matildagira.eu\/cs\/wp-json\/wp\/v2\/comments?post=7416"}],"version-history":[{"count":4,"href":"https:\/\/matildagira.eu\/cs\/wp-json\/wp\/v2\/product\/7416\/revisions"}],"predecessor-version":[{"id":8602,"href":"https:\/\/matildagira.eu\/cs\/wp-json\/wp\/v2\/product\/7416\/revisions\/8602"}],"wp:featuredmedia":[{"embeddable":true,"href":"https:\/\/matildagira.eu\/cs\/wp-json\/wp\/v2\/media\/7102"}],"wp:attachment":[{"href":"https:\/\/matildagira.eu\/cs\/wp-json\/wp\/v2\/media?parent=7416"}],"wp:term":[{"taxonomy":"product_brand","embeddable":true,"href":"https:\/\/matildagira.eu\/cs\/wp-json\/wp\/v2\/product_brand?post=7416"},{"taxonomy":"product_cat","embeddable":true,"href":"https:\/\/matildagira.eu\/cs\/wp-json\/wp\/v2\/product_cat?post=7416"},{"taxonomy":"product_tag","embeddable":true,"href":"https:\/\/matildagira.eu\/cs\/wp-json\/wp\/v2\/product_tag?post=7416"}],"curies":[{"name":"wp","href":"https:\/\/api.w.org\/{rel}","templated":true}]}}