



{"id":7411,"date":"2023-10-31T12:36:01","date_gmt":"2023-10-31T11:36:01","guid":{"rendered":"https:\/\/matildagira.eu\/shop\/vibrujici-kloboukova-kapela\/"},"modified":"2026-04-02T19:00:24","modified_gmt":"2026-04-02T17:00:24","slug":"vibrant-hat-band","status":"publish","type":"product","link":"https:\/\/matildagira.eu\/cs\/shop\/vibrant-hat-band\/","title":{"rendered":"Vibrant"},"content":{"rendered":"<p>Matilda Gira s hrdost\u00ed p\u0159edstavuje <strong>Vibrant<\/strong>, \u0159emesln\u00fd dopln\u011bk na klobouky, kter\u00fd je stejn\u011b energick\u00fd, jako napov\u00edd\u00e1 jeho n\u00e1zev. Tento kousek je pe\u010dliv\u011b zdoben perle\u0165ov\u00fdmi a kovov\u011b fialov\u00fdmi \u010desk\u00fdmi perli\u010dkami, kter\u00e9 jsou rozlo\u017eeny do n\u00e1dhern\u00e9ho geometrick\u00e9ho vzoru s mnoha diamanty, jen\u017e vystihuje podstatu tradi\u010dn\u00ed kolumbijsk\u00e9 perli\u010dkov\u00e9 tvorby Embera Chami. <strong>Geometrick\u00e1 n\u00e1dhera v perli\u010dkov\u00e9 v\u00fd\u0161ivce<\/strong> Vibrant&#8217;s design obsahuje podmaniv\u00fd sled koso\u010dtverc\u016f, z nich\u017e ka\u017ed\u00fd je miniaturn\u00edm pl\u00e1tnem zobrazuj\u00edc\u00edm virtuozitu tohoto kmene v perli\u010dkov\u00e9 v\u00fd\u0161ivce. St\u0159\u00eddaj\u00edc\u00ed se perle\u0165ov\u00e9 a kovov\u011b fialov\u00e9 kor\u00e1lky vytv\u00e1\u0159ej\u00ed dynamickou hru sv\u011btla a barev a zaji\u0161\u0165uj\u00ed, \u017ee ka\u017ed\u00fd klobouk, kter\u00fd zdob\u00ed, se stane v\u00fdrazn\u00fdm kouskem.<\/p>\n","protected":false},"excerpt":{"rendered":"<h3>Vlastnosti:<\/h3>\n<ul>\n<li>Ru\u010dn\u00ed v\u00fdroba<\/li>\n<li>\u010cesk\u00e9 perli\u010dky<\/li>\n<li>Metalick\u00e9 fialov\u00e9 a perle\u0165ov\u00e9 barvy<\/li>\n<\/ul>\n<p>&nbsp;<\/p>\n<h3>Rozm\u011bry:<\/h3>\n<ul>\n<li>Obvod: 22 palc\u016f.<\/li>\n<\/ul>\n<h3>P\u00e9\u010de:<\/h3>\n<ul>\n<li>\u0160perky z klobouku si po no\u0161en\u00ed ulo\u017ete do pouzdra Matilda Gira.<\/li>\n<li>Neodst\u0159ihujte nit\u011b.<\/li>\n<li>Nenoste je ve vod\u011b.<\/li>\n<li>Vy\u010dist\u011bte \u0161perky le\u0161t\u00edc\u00edm had\u0159\u00edkem.<\/li>\n<\/ul>\n<p>&nbsp;<\/p>\n<p><em><strong>Tato polo\u017eka nezahrnuje klobouk.<br \/>\nKlobouk se prod\u00e1v\u00e1 samostatn\u011b. <\/strong><\/em><\/p>\n","protected":false},"featured_media":6911,"comment_status":"closed","ping_status":"closed","template":"","meta":{"_monsterinsights_skip_tracking":false,"_monsterinsights_sitenote_active":false,"_monsterinsights_sitenote_note":"","_monsterinsights_sitenote_category":0},"product_brand":[],"product_cat":[678],"product_tag":[],"class_list":{"0":"post-7411","1":"product","2":"type-product","3":"status-publish","4":"has-post-thumbnail","6":"product_cat-paskovy-doplnek","8":"first","9":"instock","10":"sale","11":"taxable","12":"shipping-taxable","13":"purchasable","14":"product-type-simple"},"supplier_id":null,"supplier_sku":"","barcode":null,"atum_controlled":true,"out_stock_date":null,"out_stock_threshold":null,"inheritable":false,"inbound_stock":null,"stock_on_hold":0,"sold_today":0,"sales_last_days":0,"reserved_stock":null,"customer_returns":null,"warehouse_damage":null,"lost_in_post":null,"other_logs":null,"out_stock_days":0,"lost_sales":0,"has_location":false,"update_date":"2026-04-11T00:18:49","atum_locations":[],"atum_stock_status":"instock","restock_status":false,"low_stock_amount":"","sales_update_date":"2026-04-11T00:18:49","calc_backorders":null,"yoast_head":"<!-- This site is optimized with the Yoast SEO plugin v27.3 - https:\/\/yoast.com\/product\/yoast-seo-wordpress\/ -->\n<title>Vibrant - Matilda Gira<\/title>\n<meta name=\"description\" content=\"vdechn\u011bte sv\u00e9mu stylu tradici a eleganci s p\u00e1skem na klobouk Vibrant od Matildy Giry, kter\u00fd obsahuje perle\u0165ov\u00e9 a kovov\u011b fialov\u00e9 \u010desk\u00e9 perli\u010dky v \u00fa\u017easn\u00e9m geometrick\u00e9m vzoru.\" \/>\n<meta name=\"robots\" content=\"index, follow, max-snippet:-1, max-image-preview:large, max-video-preview:-1\" \/>\n<link rel=\"canonical\" href=\"https:\/\/matildagira.eu\/cs\/shop\/vibrant-hat-band\/\" \/>\n<meta property=\"og:locale\" content=\"cs_CZ\" \/>\n<meta property=\"og:type\" content=\"article\" \/>\n<meta property=\"og:title\" content=\"Vibrant - Matilda Gira\" \/>\n<meta property=\"og:description\" content=\"vdechn\u011bte sv\u00e9mu stylu tradici a eleganci s p\u00e1skem na klobouk Vibrant od Matildy Giry, kter\u00fd obsahuje perle\u0165ov\u00e9 a kovov\u011b fialov\u00e9 \u010desk\u00e9 perli\u010dky v \u00fa\u017easn\u00e9m geometrick\u00e9m vzoru.\" \/>\n<meta property=\"og:url\" content=\"https:\/\/matildagira.eu\/cs\/shop\/vibrant-hat-band\/\" \/>\n<meta property=\"og:site_name\" content=\"Matilda Gira\" \/>\n<meta property=\"article:publisher\" content=\"https:\/\/www.facebook.com\/matildagira\" \/>\n<meta property=\"article:modified_time\" content=\"2026-04-02T17:00:24+00:00\" \/>\n<meta property=\"og:image\" content=\"https:\/\/matildagira.eu\/wp-content\/uploads\/2023\/10\/VIBRANT.png\" \/>\n\t<meta property=\"og:image:width\" content=\"1080\" \/>\n\t<meta property=\"og:image:height\" content=\"1080\" \/>\n\t<meta property=\"og:image:type\" content=\"image\/png\" \/>\n<meta name=\"twitter:card\" content=\"summary_large_image\" \/>\n<meta name=\"twitter:label1\" content=\"Cena\" \/>\n\t<meta name=\"twitter:data1\" content=\"569&nbsp;&#075;&#269;\" \/>\n\t<meta name=\"twitter:label2\" content=\"Dostupnost\" \/>\n\t<meta name=\"twitter:data2\" content=\"Skladem\" \/>\n<script type=\"application\/ld+json\" class=\"yoast-schema-graph\">{\"@context\":\"https:\\\/\\\/schema.org\",\"@graph\":[{\"@type\":\"WebPage\",\"@id\":\"https:\\\/\\\/matildagira.eu\\\/cs\\\/shop\\\/vibrant-hat-band\\\/\",\"url\":\"https:\\\/\\\/matildagira.eu\\\/cs\\\/shop\\\/vibrant-hat-band\\\/\",\"name\":\"Vibrant - Matilda Gira\",\"isPartOf\":{\"@id\":\"https:\\\/\\\/matildagira.eu\\\/cs\\\/#website\"},\"primaryImageOfPage\":{\"@id\":\"https:\\\/\\\/matildagira.eu\\\/cs\\\/shop\\\/vibrant-hat-band\\\/#primaryimage\"},\"image\":{\"@id\":\"https:\\\/\\\/matildagira.eu\\\/cs\\\/shop\\\/vibrant-hat-band\\\/#primaryimage\"},\"thumbnailUrl\":\"https:\\\/\\\/matildagira.eu\\\/wp-content\\\/uploads\\\/2023\\\/10\\\/VIBRANT.png\",\"datePublished\":\"2023-10-31T11:36:01+00:00\",\"dateModified\":\"2026-04-02T17:00:24+00:00\",\"description\":\"vdechn\u011bte sv\u00e9mu stylu tradici a eleganci s p\u00e1skem na klobouk Vibrant od Matildy Giry, kter\u00fd obsahuje perle\u0165ov\u00e9 a kovov\u011b fialov\u00e9 \u010desk\u00e9 perli\u010dky v \u00fa\u017easn\u00e9m geometrick\u00e9m vzoru.\",\"breadcrumb\":{\"@id\":\"https:\\\/\\\/matildagira.eu\\\/cs\\\/shop\\\/vibrant-hat-band\\\/#breadcrumb\"},\"inLanguage\":\"cs\",\"potentialAction\":[{\"@type\":\"ReadAction\",\"target\":[\"https:\\\/\\\/matildagira.eu\\\/cs\\\/shop\\\/vibrant-hat-band\\\/\"]}]},{\"@type\":\"ImageObject\",\"inLanguage\":\"cs\",\"@id\":\"https:\\\/\\\/matildagira.eu\\\/cs\\\/shop\\\/vibrant-hat-band\\\/#primaryimage\",\"url\":\"https:\\\/\\\/matildagira.eu\\\/wp-content\\\/uploads\\\/2023\\\/10\\\/VIBRANT.png\",\"contentUrl\":\"https:\\\/\\\/matildagira.eu\\\/wp-content\\\/uploads\\\/2023\\\/10\\\/VIBRANT.png\",\"width\":1080,\"height\":1080},{\"@type\":\"BreadcrumbList\",\"@id\":\"https:\\\/\\\/matildagira.eu\\\/cs\\\/shop\\\/vibrant-hat-band\\\/#breadcrumb\",\"itemListElement\":[{\"@type\":\"ListItem\",\"position\":1,\"name\":\"Dom\u016f\",\"item\":\"https:\\\/\\\/matildagira.eu\\\/cs\\\/\"},{\"@type\":\"ListItem\",\"position\":2,\"name\":\"Shop\",\"item\":\"https:\\\/\\\/matildagira.eu\\\/cs\\\/shop\\\/\"},{\"@type\":\"ListItem\",\"position\":3,\"name\":\"Vibrant\"}]},{\"@type\":\"WebSite\",\"@id\":\"https:\\\/\\\/matildagira.eu\\\/cs\\\/#website\",\"url\":\"https:\\\/\\\/matildagira.eu\\\/cs\\\/\",\"name\":\"Matilda Gira\",\"description\":\"Handcrafted Hats\",\"publisher\":{\"@id\":\"https:\\\/\\\/matildagira.eu\\\/cs\\\/#organization\"},\"potentialAction\":[{\"@type\":\"SearchAction\",\"target\":{\"@type\":\"EntryPoint\",\"urlTemplate\":\"https:\\\/\\\/matildagira.eu\\\/cs\\\/?s={search_term_string}\"},\"query-input\":{\"@type\":\"PropertyValueSpecification\",\"valueRequired\":true,\"valueName\":\"search_term_string\"}}],\"inLanguage\":\"cs\"},{\"@type\":\"Organization\",\"@id\":\"https:\\\/\\\/matildagira.eu\\\/cs\\\/#organization\",\"name\":\"Matilda Gira\",\"url\":\"https:\\\/\\\/matildagira.eu\\\/cs\\\/\",\"logo\":{\"@type\":\"ImageObject\",\"inLanguage\":\"cs\",\"@id\":\"https:\\\/\\\/matildagira.eu\\\/cs\\\/#\\\/schema\\\/logo\\\/image\\\/\",\"url\":\"https:\\\/\\\/matildagira.eu\\\/wp-content\\\/uploads\\\/2022\\\/09\\\/LOGO-COLOR-VERDE.png\",\"contentUrl\":\"https:\\\/\\\/matildagira.eu\\\/wp-content\\\/uploads\\\/2022\\\/09\\\/LOGO-COLOR-VERDE.png\",\"width\":1010,\"height\":446,\"caption\":\"Matilda Gira\"},\"image\":{\"@id\":\"https:\\\/\\\/matildagira.eu\\\/cs\\\/#\\\/schema\\\/logo\\\/image\\\/\"},\"sameAs\":[\"https:\\\/\\\/www.facebook.com\\\/matildagira\",\"https:\\\/\\\/www.instagram.com\\\/matilda.gira\\\/\",\"https:\\\/\\\/www.pinterest.com.au\\\/matildagira\\\/\",\"https:\\\/\\\/www.tiktok.com\\\/@matildagira?lang=es\"]}]}<\/script>\n<meta property=\"product:price:amount\" content=\"569\" \/>\n<meta property=\"product:price:currency\" content=\"CZK\" \/>\n<meta property=\"og:availability\" content=\"instock\" \/>\n<meta property=\"product:availability\" content=\"instock\" \/>\n<meta property=\"product:retailer_item_id\" content=\"ACC-BAND-VIBRANT\" \/>\n<meta property=\"product:condition\" content=\"new\" \/>\n<!-- \/ Yoast SEO plugin. -->","yoast_head_json":{"title":"Vibrant - Matilda Gira","description":"vdechn\u011bte sv\u00e9mu stylu tradici a eleganci s p\u00e1skem na klobouk Vibrant od Matildy Giry, kter\u00fd obsahuje perle\u0165ov\u00e9 a kovov\u011b fialov\u00e9 \u010desk\u00e9 perli\u010dky v \u00fa\u017easn\u00e9m geometrick\u00e9m vzoru.","robots":{"index":"index","follow":"follow","max-snippet":"max-snippet:-1","max-image-preview":"max-image-preview:large","max-video-preview":"max-video-preview:-1"},"canonical":"https:\/\/matildagira.eu\/cs\/shop\/vibrant-hat-band\/","og_locale":"cs_CZ","og_type":"article","og_title":"Vibrant - Matilda Gira","og_description":"vdechn\u011bte sv\u00e9mu stylu tradici a eleganci s p\u00e1skem na klobouk Vibrant od Matildy Giry, kter\u00fd obsahuje perle\u0165ov\u00e9 a kovov\u011b fialov\u00e9 \u010desk\u00e9 perli\u010dky v \u00fa\u017easn\u00e9m geometrick\u00e9m vzoru.","og_url":"https:\/\/matildagira.eu\/cs\/shop\/vibrant-hat-band\/","og_site_name":"Matilda Gira","article_publisher":"https:\/\/www.facebook.com\/matildagira","article_modified_time":"2026-04-02T17:00:24+00:00","og_image":[{"width":1080,"height":1080,"url":"https:\/\/matildagira.eu\/wp-content\/uploads\/2023\/10\/VIBRANT.png","type":"image\/png"}],"twitter_card":"summary_large_image","twitter_misc":{"Cena":"569&nbsp;&#75;&#269;","Dostupnost":"Skladem"},"schema":{"@context":"https:\/\/schema.org","@graph":[{"@type":"WebPage","@id":"https:\/\/matildagira.eu\/cs\/shop\/vibrant-hat-band\/","url":"https:\/\/matildagira.eu\/cs\/shop\/vibrant-hat-band\/","name":"Vibrant - Matilda Gira","isPartOf":{"@id":"https:\/\/matildagira.eu\/cs\/#website"},"primaryImageOfPage":{"@id":"https:\/\/matildagira.eu\/cs\/shop\/vibrant-hat-band\/#primaryimage"},"image":{"@id":"https:\/\/matildagira.eu\/cs\/shop\/vibrant-hat-band\/#primaryimage"},"thumbnailUrl":"https:\/\/matildagira.eu\/wp-content\/uploads\/2023\/10\/VIBRANT.png","datePublished":"2023-10-31T11:36:01+00:00","dateModified":"2026-04-02T17:00:24+00:00","description":"vdechn\u011bte sv\u00e9mu stylu tradici a eleganci s p\u00e1skem na klobouk Vibrant od Matildy Giry, kter\u00fd obsahuje perle\u0165ov\u00e9 a kovov\u011b fialov\u00e9 \u010desk\u00e9 perli\u010dky v \u00fa\u017easn\u00e9m geometrick\u00e9m vzoru.","breadcrumb":{"@id":"https:\/\/matildagira.eu\/cs\/shop\/vibrant-hat-band\/#breadcrumb"},"inLanguage":"cs","potentialAction":[{"@type":"ReadAction","target":["https:\/\/matildagira.eu\/cs\/shop\/vibrant-hat-band\/"]}]},{"@type":"ImageObject","inLanguage":"cs","@id":"https:\/\/matildagira.eu\/cs\/shop\/vibrant-hat-band\/#primaryimage","url":"https:\/\/matildagira.eu\/wp-content\/uploads\/2023\/10\/VIBRANT.png","contentUrl":"https:\/\/matildagira.eu\/wp-content\/uploads\/2023\/10\/VIBRANT.png","width":1080,"height":1080},{"@type":"BreadcrumbList","@id":"https:\/\/matildagira.eu\/cs\/shop\/vibrant-hat-band\/#breadcrumb","itemListElement":[{"@type":"ListItem","position":1,"name":"Dom\u016f","item":"https:\/\/matildagira.eu\/cs\/"},{"@type":"ListItem","position":2,"name":"Shop","item":"https:\/\/matildagira.eu\/cs\/shop\/"},{"@type":"ListItem","position":3,"name":"Vibrant"}]},{"@type":"WebSite","@id":"https:\/\/matildagira.eu\/cs\/#website","url":"https:\/\/matildagira.eu\/cs\/","name":"Matilda Gira","description":"Handcrafted Hats","publisher":{"@id":"https:\/\/matildagira.eu\/cs\/#organization"},"potentialAction":[{"@type":"SearchAction","target":{"@type":"EntryPoint","urlTemplate":"https:\/\/matildagira.eu\/cs\/?s={search_term_string}"},"query-input":{"@type":"PropertyValueSpecification","valueRequired":true,"valueName":"search_term_string"}}],"inLanguage":"cs"},{"@type":"Organization","@id":"https:\/\/matildagira.eu\/cs\/#organization","name":"Matilda Gira","url":"https:\/\/matildagira.eu\/cs\/","logo":{"@type":"ImageObject","inLanguage":"cs","@id":"https:\/\/matildagira.eu\/cs\/#\/schema\/logo\/image\/","url":"https:\/\/matildagira.eu\/wp-content\/uploads\/2022\/09\/LOGO-COLOR-VERDE.png","contentUrl":"https:\/\/matildagira.eu\/wp-content\/uploads\/2022\/09\/LOGO-COLOR-VERDE.png","width":1010,"height":446,"caption":"Matilda Gira"},"image":{"@id":"https:\/\/matildagira.eu\/cs\/#\/schema\/logo\/image\/"},"sameAs":["https:\/\/www.facebook.com\/matildagira","https:\/\/www.instagram.com\/matilda.gira\/","https:\/\/www.pinterest.com.au\/matildagira\/","https:\/\/www.tiktok.com\/@matildagira?lang=es"]}]},"product_price_amount":"569","product_price_currency":"CZK","og_availability":"instock","product_availability":"instock","product_retailer_item_id":"ACC-BAND-VIBRANT","product_condition":"new"},"_links":{"self":[{"href":"https:\/\/matildagira.eu\/cs\/wp-json\/wp\/v2\/product\/7411","targetHints":{"allow":["GET"]}}],"collection":[{"href":"https:\/\/matildagira.eu\/cs\/wp-json\/wp\/v2\/product"}],"about":[{"href":"https:\/\/matildagira.eu\/cs\/wp-json\/wp\/v2\/types\/product"}],"replies":[{"embeddable":true,"href":"https:\/\/matildagira.eu\/cs\/wp-json\/wp\/v2\/comments?post=7411"}],"version-history":[{"count":7,"href":"https:\/\/matildagira.eu\/cs\/wp-json\/wp\/v2\/product\/7411\/revisions"}],"predecessor-version":[{"id":8605,"href":"https:\/\/matildagira.eu\/cs\/wp-json\/wp\/v2\/product\/7411\/revisions\/8605"}],"wp:featuredmedia":[{"embeddable":true,"href":"https:\/\/matildagira.eu\/cs\/wp-json\/wp\/v2\/media\/6911"}],"wp:attachment":[{"href":"https:\/\/matildagira.eu\/cs\/wp-json\/wp\/v2\/media?parent=7411"}],"wp:term":[{"taxonomy":"product_brand","embeddable":true,"href":"https:\/\/matildagira.eu\/cs\/wp-json\/wp\/v2\/product_brand?post=7411"},{"taxonomy":"product_cat","embeddable":true,"href":"https:\/\/matildagira.eu\/cs\/wp-json\/wp\/v2\/product_cat?post=7411"},{"taxonomy":"product_tag","embeddable":true,"href":"https:\/\/matildagira.eu\/cs\/wp-json\/wp\/v2\/product_tag?post=7411"}],"curies":[{"name":"wp","href":"https:\/\/api.w.org\/{rel}","templated":true}]}}