



{"id":7407,"date":"2023-10-31T12:59:37","date_gmt":"2023-10-31T11:59:37","guid":{"rendered":"https:\/\/matildagira.eu\/shop\/anonymni-klobouk-prislusenstvi\/"},"modified":"2025-10-23T22:34:18","modified_gmt":"2025-10-23T20:34:18","slug":"anonymous","status":"publish","type":"product","link":"https:\/\/matildagira.eu\/cs\/shop\/anonymous\/","title":{"rendered":"Anonymous"},"content":{"rendered":"<p>P\u0159edstavujeme <strong>Anonymous<\/strong><strong><strong>, <\/strong><\/strong>n\u00e1dhern\u00fd ru\u010dn\u011b vyr\u00e1b\u011bn\u00fd kloboukov\u00fd dopln\u011bk, mistrovsk\u00e9 d\u00edlo geometrick\u00e9 harmonie. <strong> <strong>Ru\u010dn\u011b vyr\u00e1b\u011bn\u00fd kloboukov\u00fd dopln\u011bk <\/strong> Anonymous <\/strong>je z\u00e1zrakem kor\u00e1lkov\u00e9 architektury. Struktura dopl\u0148ku je d\u016fkazem pe\u010dliv\u00e9ho \u0159emesln\u00e9ho um\u011bn\u00ed, p\u0159i\u010dem\u017e ka\u017ed\u00fd kor\u00e1lek je pe\u010dliv\u011b um\u00edst\u011bn tak, aby tvo\u0159il n\u00e1padn\u00fd klikat\u00fd motiv, kter\u00fd rezonuje s modern\u00ed, ale nad\u010dasovou estetikou. <strong> Spojen\u00ed tradice a modern\u00ed estetiky <strong><br \/>\n<\/strong><\/strong>Anonymous p\u0159edstavuje dokonal\u00e9 spojen\u00ed tradi\u010dn\u00edch kor\u00e1lkov\u00fdch technik s modern\u00edm designov\u00fdm c\u00edt\u011bn\u00edm. Tento dopln\u011bk nen\u00ed jen poklonou pe\u010dliv\u00e9mu \u0159emeslu domorod\u00e9ho spole\u010denstv\u00ed Embera Chami, ale i modern\u00edm dopl\u0148kem ur\u010den\u00fdm \u017een\u011b, kter\u00e1 je str\u00e1\u017ekyn\u00ed d\u011bdictv\u00ed i pr\u016fkopnic\u00ed stylu.<\/p>\n<p><strong><strong>\u00a0<\/strong><\/strong><\/p>\n","protected":false},"excerpt":{"rendered":"<h3>Vlastnosti:<\/h3>\n<ul>\n<li>Ru\u010dn\u00ed v\u00fdroba<\/li>\n<li>\u010cesk\u00e9 perli\u010dky<\/li>\n<li>Metalick\u00e1 \u0161ed\u00e1 se zlatou<\/li>\n<li>Tato polo\u017eka nezahrnuje klobouk.<br \/>\nKlobouk se prod\u00e1v\u00e1 samostatn\u011b.<\/li>\n<\/ul>\n<p>&nbsp;<\/p>\n<h3>Dopl\u0148te vzhled:<\/h3>\n<p>Nakupujte v na\u0161em obchod\u011b <a href=\"https:\/\/matildagira.eu\/page\/1\/?s=vegan+suede&amp;post_type=product\">Kolekce klobouk\u016f Matilda Gira zde!<\/a><\/p>\n<p>&nbsp;<\/p>\n<h3>Rozm\u011bry:<\/h3>\n<p>Obvod: 24 palc\u016f.<\/p>\n<h3><\/h3>\n<h3>P\u00e9\u010de:<\/h3>\n<ul>\n<li>\u0160perky z klobouku si po no\u0161en\u00ed ulo\u017ete do pouzdra Matilda Gira.<\/li>\n<li>Neodst\u0159ihujte nit\u011b.<\/li>\n<li>Nenoste je ve vod\u011b.<\/li>\n<li>Vy\u010dist\u011bte \u0161perky le\u0161t\u00edc\u00edm had\u0159\u00edkem.<\/li>\n<\/ul>\n<p>&nbsp;<\/p>\n<p>&nbsp;<\/p>\n","protected":false},"featured_media":6740,"comment_status":"closed","ping_status":"closed","template":"","meta":{"_monsterinsights_skip_tracking":false,"_monsterinsights_sitenote_active":false,"_monsterinsights_sitenote_note":"","_monsterinsights_sitenote_category":0},"product_brand":[],"product_cat":[680],"product_tag":[],"class_list":{"0":"post-7407","1":"product","2":"type-product","3":"status-publish","4":"has-post-thumbnail","6":"product_cat-celkovy-doplnek","8":"first","9":"instock","10":"sale","11":"taxable","12":"shipping-taxable","13":"purchasable","14":"product-type-simple"},"supplier_id":null,"supplier_sku":"","barcode":null,"atum_controlled":true,"out_stock_date":null,"out_stock_threshold":null,"inheritable":false,"inbound_stock":null,"stock_on_hold":0,"sold_today":0,"sales_last_days":0,"reserved_stock":null,"customer_returns":null,"warehouse_damage":null,"lost_in_post":null,"other_logs":null,"out_stock_days":0,"lost_sales":0,"has_location":false,"update_date":"2026-04-05T00:07:43","atum_locations":[],"atum_stock_status":"instock","restock_status":false,"low_stock_amount":"","sales_update_date":"2026-04-05T00:07:43","calc_backorders":null,"yoast_head":"<!-- This site is optimized with the Yoast SEO plugin v27.3 - https:\/\/yoast.com\/product\/yoast-seo-wordpress\/ -->\n<title>Anonymous - Matilda Gira<\/title>\n<meta name=\"description\" content=\"Objevte Anonymous by Matilda Gira - \u0159emesln\u00fd kloboukov\u00fd dopln\u011bk v metalick\u00e9 \u0161ed\u00e9 a zlat\u00e9 barv\u011b. Ru\u010dn\u011b vyr\u00e1b\u011bn\u00e1 elegance, kter\u00e1 spojuje tradici s modern\u00edm n\u00e1dechem.\" \/>\n<meta name=\"robots\" content=\"index, follow, max-snippet:-1, max-image-preview:large, max-video-preview:-1\" \/>\n<link rel=\"canonical\" href=\"https:\/\/matildagira.eu\/cs\/shop\/anonymous\/\" \/>\n<meta property=\"og:locale\" content=\"cs_CZ\" \/>\n<meta property=\"og:type\" content=\"article\" \/>\n<meta property=\"og:title\" content=\"Anonymous - Matilda Gira\" \/>\n<meta property=\"og:description\" content=\"Objevte Anonymous by Matilda Gira - \u0159emesln\u00fd kloboukov\u00fd dopln\u011bk v metalick\u00e9 \u0161ed\u00e9 a zlat\u00e9 barv\u011b. Ru\u010dn\u011b vyr\u00e1b\u011bn\u00e1 elegance, kter\u00e1 spojuje tradici s modern\u00edm n\u00e1dechem.\" \/>\n<meta property=\"og:url\" content=\"https:\/\/matildagira.eu\/cs\/shop\/anonymous\/\" \/>\n<meta property=\"og:site_name\" content=\"Matilda Gira\" \/>\n<meta property=\"article:publisher\" content=\"https:\/\/www.facebook.com\/matildagira\" \/>\n<meta property=\"article:modified_time\" content=\"2025-10-23T20:34:18+00:00\" \/>\n<meta property=\"og:image\" content=\"https:\/\/matildagira.eu\/wp-content\/uploads\/2023\/01\/79-3-scaled.jpg\" \/>\n\t<meta property=\"og:image:width\" content=\"1735\" \/>\n\t<meta property=\"og:image:height\" content=\"2560\" \/>\n\t<meta property=\"og:image:type\" content=\"image\/jpeg\" \/>\n<meta name=\"twitter:card\" content=\"summary_large_image\" \/>\n<meta name=\"twitter:label1\" content=\"Cena\" \/>\n\t<meta name=\"twitter:data1\" content=\"844&nbsp;&#075;&#269;\" \/>\n\t<meta name=\"twitter:label2\" content=\"Dostupnost\" \/>\n\t<meta name=\"twitter:data2\" content=\"Skladem\" \/>\n<script type=\"application\/ld+json\" class=\"yoast-schema-graph\">{\"@context\":\"https:\\\/\\\/schema.org\",\"@graph\":[{\"@type\":\"WebPage\",\"@id\":\"https:\\\/\\\/matildagira.eu\\\/cs\\\/shop\\\/anonymous\\\/\",\"url\":\"https:\\\/\\\/matildagira.eu\\\/cs\\\/shop\\\/anonymous\\\/\",\"name\":\"Anonymous - Matilda Gira\",\"isPartOf\":{\"@id\":\"https:\\\/\\\/matildagira.eu\\\/cs\\\/#website\"},\"primaryImageOfPage\":{\"@id\":\"https:\\\/\\\/matildagira.eu\\\/cs\\\/shop\\\/anonymous\\\/#primaryimage\"},\"image\":{\"@id\":\"https:\\\/\\\/matildagira.eu\\\/cs\\\/shop\\\/anonymous\\\/#primaryimage\"},\"thumbnailUrl\":\"https:\\\/\\\/matildagira.eu\\\/wp-content\\\/uploads\\\/2023\\\/01\\\/79-3-scaled.jpg\",\"datePublished\":\"2023-10-31T11:59:37+00:00\",\"dateModified\":\"2025-10-23T20:34:18+00:00\",\"description\":\"Objevte Anonymous by Matilda Gira - \u0159emesln\u00fd kloboukov\u00fd dopln\u011bk v metalick\u00e9 \u0161ed\u00e9 a zlat\u00e9 barv\u011b. Ru\u010dn\u011b vyr\u00e1b\u011bn\u00e1 elegance, kter\u00e1 spojuje tradici s modern\u00edm n\u00e1dechem.\",\"breadcrumb\":{\"@id\":\"https:\\\/\\\/matildagira.eu\\\/cs\\\/shop\\\/anonymous\\\/#breadcrumb\"},\"inLanguage\":\"cs\",\"potentialAction\":[{\"@type\":\"ReadAction\",\"target\":[\"https:\\\/\\\/matildagira.eu\\\/cs\\\/shop\\\/anonymous\\\/\"]}]},{\"@type\":\"ImageObject\",\"inLanguage\":\"cs\",\"@id\":\"https:\\\/\\\/matildagira.eu\\\/cs\\\/shop\\\/anonymous\\\/#primaryimage\",\"url\":\"https:\\\/\\\/matildagira.eu\\\/wp-content\\\/uploads\\\/2023\\\/01\\\/79-3-scaled.jpg\",\"contentUrl\":\"https:\\\/\\\/matildagira.eu\\\/wp-content\\\/uploads\\\/2023\\\/01\\\/79-3-scaled.jpg\",\"width\":1735,\"height\":2560},{\"@type\":\"BreadcrumbList\",\"@id\":\"https:\\\/\\\/matildagira.eu\\\/cs\\\/shop\\\/anonymous\\\/#breadcrumb\",\"itemListElement\":[{\"@type\":\"ListItem\",\"position\":1,\"name\":\"Dom\u016f\",\"item\":\"https:\\\/\\\/matildagira.eu\\\/cs\\\/\"},{\"@type\":\"ListItem\",\"position\":2,\"name\":\"Shop\",\"item\":\"https:\\\/\\\/matildagira.eu\\\/cs\\\/shop\\\/\"},{\"@type\":\"ListItem\",\"position\":3,\"name\":\"Anonymous\"}]},{\"@type\":\"WebSite\",\"@id\":\"https:\\\/\\\/matildagira.eu\\\/cs\\\/#website\",\"url\":\"https:\\\/\\\/matildagira.eu\\\/cs\\\/\",\"name\":\"Matilda Gira\",\"description\":\"Handcrafted Hats\",\"publisher\":{\"@id\":\"https:\\\/\\\/matildagira.eu\\\/cs\\\/#organization\"},\"potentialAction\":[{\"@type\":\"SearchAction\",\"target\":{\"@type\":\"EntryPoint\",\"urlTemplate\":\"https:\\\/\\\/matildagira.eu\\\/cs\\\/?s={search_term_string}\"},\"query-input\":{\"@type\":\"PropertyValueSpecification\",\"valueRequired\":true,\"valueName\":\"search_term_string\"}}],\"inLanguage\":\"cs\"},{\"@type\":\"Organization\",\"@id\":\"https:\\\/\\\/matildagira.eu\\\/cs\\\/#organization\",\"name\":\"Matilda Gira\",\"url\":\"https:\\\/\\\/matildagira.eu\\\/cs\\\/\",\"logo\":{\"@type\":\"ImageObject\",\"inLanguage\":\"cs\",\"@id\":\"https:\\\/\\\/matildagira.eu\\\/cs\\\/#\\\/schema\\\/logo\\\/image\\\/\",\"url\":\"https:\\\/\\\/matildagira.eu\\\/wp-content\\\/uploads\\\/2022\\\/09\\\/LOGO-COLOR-VERDE.png\",\"contentUrl\":\"https:\\\/\\\/matildagira.eu\\\/wp-content\\\/uploads\\\/2022\\\/09\\\/LOGO-COLOR-VERDE.png\",\"width\":1010,\"height\":446,\"caption\":\"Matilda Gira\"},\"image\":{\"@id\":\"https:\\\/\\\/matildagira.eu\\\/cs\\\/#\\\/schema\\\/logo\\\/image\\\/\"},\"sameAs\":[\"https:\\\/\\\/www.facebook.com\\\/matildagira\",\"https:\\\/\\\/www.instagram.com\\\/matilda.gira\\\/\",\"https:\\\/\\\/www.pinterest.com.au\\\/matildagira\\\/\",\"https:\\\/\\\/www.tiktok.com\\\/@matildagira?lang=es\"]}]}<\/script>\n<meta property=\"product:price:amount\" content=\"844\" \/>\n<meta property=\"product:price:currency\" content=\"CZK\" \/>\n<meta property=\"og:availability\" content=\"instock\" \/>\n<meta property=\"product:availability\" content=\"instock\" \/>\n<meta property=\"product:retailer_item_id\" content=\"ACC-FULL-ANONYMOUS\" \/>\n<meta property=\"product:condition\" content=\"new\" \/>\n<!-- \/ Yoast SEO plugin. -->","yoast_head_json":{"title":"Anonymous - Matilda Gira","description":"Objevte Anonymous by Matilda Gira - \u0159emesln\u00fd kloboukov\u00fd dopln\u011bk v metalick\u00e9 \u0161ed\u00e9 a zlat\u00e9 barv\u011b. Ru\u010dn\u011b vyr\u00e1b\u011bn\u00e1 elegance, kter\u00e1 spojuje tradici s modern\u00edm n\u00e1dechem.","robots":{"index":"index","follow":"follow","max-snippet":"max-snippet:-1","max-image-preview":"max-image-preview:large","max-video-preview":"max-video-preview:-1"},"canonical":"https:\/\/matildagira.eu\/cs\/shop\/anonymous\/","og_locale":"cs_CZ","og_type":"article","og_title":"Anonymous - Matilda Gira","og_description":"Objevte Anonymous by Matilda Gira - \u0159emesln\u00fd kloboukov\u00fd dopln\u011bk v metalick\u00e9 \u0161ed\u00e9 a zlat\u00e9 barv\u011b. Ru\u010dn\u011b vyr\u00e1b\u011bn\u00e1 elegance, kter\u00e1 spojuje tradici s modern\u00edm n\u00e1dechem.","og_url":"https:\/\/matildagira.eu\/cs\/shop\/anonymous\/","og_site_name":"Matilda Gira","article_publisher":"https:\/\/www.facebook.com\/matildagira","article_modified_time":"2025-10-23T20:34:18+00:00","og_image":[{"width":1735,"height":2560,"url":"https:\/\/matildagira.eu\/wp-content\/uploads\/2023\/01\/79-3-scaled.jpg","type":"image\/jpeg"}],"twitter_card":"summary_large_image","twitter_misc":{"Cena":"844&nbsp;&#75;&#269;","Dostupnost":"Skladem"},"schema":{"@context":"https:\/\/schema.org","@graph":[{"@type":"WebPage","@id":"https:\/\/matildagira.eu\/cs\/shop\/anonymous\/","url":"https:\/\/matildagira.eu\/cs\/shop\/anonymous\/","name":"Anonymous - Matilda Gira","isPartOf":{"@id":"https:\/\/matildagira.eu\/cs\/#website"},"primaryImageOfPage":{"@id":"https:\/\/matildagira.eu\/cs\/shop\/anonymous\/#primaryimage"},"image":{"@id":"https:\/\/matildagira.eu\/cs\/shop\/anonymous\/#primaryimage"},"thumbnailUrl":"https:\/\/matildagira.eu\/wp-content\/uploads\/2023\/01\/79-3-scaled.jpg","datePublished":"2023-10-31T11:59:37+00:00","dateModified":"2025-10-23T20:34:18+00:00","description":"Objevte Anonymous by Matilda Gira - \u0159emesln\u00fd kloboukov\u00fd dopln\u011bk v metalick\u00e9 \u0161ed\u00e9 a zlat\u00e9 barv\u011b. Ru\u010dn\u011b vyr\u00e1b\u011bn\u00e1 elegance, kter\u00e1 spojuje tradici s modern\u00edm n\u00e1dechem.","breadcrumb":{"@id":"https:\/\/matildagira.eu\/cs\/shop\/anonymous\/#breadcrumb"},"inLanguage":"cs","potentialAction":[{"@type":"ReadAction","target":["https:\/\/matildagira.eu\/cs\/shop\/anonymous\/"]}]},{"@type":"ImageObject","inLanguage":"cs","@id":"https:\/\/matildagira.eu\/cs\/shop\/anonymous\/#primaryimage","url":"https:\/\/matildagira.eu\/wp-content\/uploads\/2023\/01\/79-3-scaled.jpg","contentUrl":"https:\/\/matildagira.eu\/wp-content\/uploads\/2023\/01\/79-3-scaled.jpg","width":1735,"height":2560},{"@type":"BreadcrumbList","@id":"https:\/\/matildagira.eu\/cs\/shop\/anonymous\/#breadcrumb","itemListElement":[{"@type":"ListItem","position":1,"name":"Dom\u016f","item":"https:\/\/matildagira.eu\/cs\/"},{"@type":"ListItem","position":2,"name":"Shop","item":"https:\/\/matildagira.eu\/cs\/shop\/"},{"@type":"ListItem","position":3,"name":"Anonymous"}]},{"@type":"WebSite","@id":"https:\/\/matildagira.eu\/cs\/#website","url":"https:\/\/matildagira.eu\/cs\/","name":"Matilda Gira","description":"Handcrafted Hats","publisher":{"@id":"https:\/\/matildagira.eu\/cs\/#organization"},"potentialAction":[{"@type":"SearchAction","target":{"@type":"EntryPoint","urlTemplate":"https:\/\/matildagira.eu\/cs\/?s={search_term_string}"},"query-input":{"@type":"PropertyValueSpecification","valueRequired":true,"valueName":"search_term_string"}}],"inLanguage":"cs"},{"@type":"Organization","@id":"https:\/\/matildagira.eu\/cs\/#organization","name":"Matilda Gira","url":"https:\/\/matildagira.eu\/cs\/","logo":{"@type":"ImageObject","inLanguage":"cs","@id":"https:\/\/matildagira.eu\/cs\/#\/schema\/logo\/image\/","url":"https:\/\/matildagira.eu\/wp-content\/uploads\/2022\/09\/LOGO-COLOR-VERDE.png","contentUrl":"https:\/\/matildagira.eu\/wp-content\/uploads\/2022\/09\/LOGO-COLOR-VERDE.png","width":1010,"height":446,"caption":"Matilda Gira"},"image":{"@id":"https:\/\/matildagira.eu\/cs\/#\/schema\/logo\/image\/"},"sameAs":["https:\/\/www.facebook.com\/matildagira","https:\/\/www.instagram.com\/matilda.gira\/","https:\/\/www.pinterest.com.au\/matildagira\/","https:\/\/www.tiktok.com\/@matildagira?lang=es"]}]},"product_price_amount":"844","product_price_currency":"CZK","og_availability":"instock","product_availability":"instock","product_retailer_item_id":"ACC-FULL-ANONYMOUS","product_condition":"new"},"_links":{"self":[{"href":"https:\/\/matildagira.eu\/cs\/wp-json\/wp\/v2\/product\/7407","targetHints":{"allow":["GET"]}}],"collection":[{"href":"https:\/\/matildagira.eu\/cs\/wp-json\/wp\/v2\/product"}],"about":[{"href":"https:\/\/matildagira.eu\/cs\/wp-json\/wp\/v2\/types\/product"}],"replies":[{"embeddable":true,"href":"https:\/\/matildagira.eu\/cs\/wp-json\/wp\/v2\/comments?post=7407"}],"version-history":[{"count":4,"href":"https:\/\/matildagira.eu\/cs\/wp-json\/wp\/v2\/product\/7407\/revisions"}],"predecessor-version":[{"id":8621,"href":"https:\/\/matildagira.eu\/cs\/wp-json\/wp\/v2\/product\/7407\/revisions\/8621"}],"wp:featuredmedia":[{"embeddable":true,"href":"https:\/\/matildagira.eu\/cs\/wp-json\/wp\/v2\/media\/6740"}],"wp:attachment":[{"href":"https:\/\/matildagira.eu\/cs\/wp-json\/wp\/v2\/media?parent=7407"}],"wp:term":[{"taxonomy":"product_brand","embeddable":true,"href":"https:\/\/matildagira.eu\/cs\/wp-json\/wp\/v2\/product_brand?post=7407"},{"taxonomy":"product_cat","embeddable":true,"href":"https:\/\/matildagira.eu\/cs\/wp-json\/wp\/v2\/product_cat?post=7407"},{"taxonomy":"product_tag","embeddable":true,"href":"https:\/\/matildagira.eu\/cs\/wp-json\/wp\/v2\/product_tag?post=7407"}],"curies":[{"name":"wp","href":"https:\/\/api.w.org\/{rel}","templated":true}]}}