



{"id":7406,"date":"2023-10-31T11:31:53","date_gmt":"2023-10-31T10:31:53","guid":{"rendered":"https:\/\/matildagira.eu\/shop\/klobouk-shine-hat-band\/"},"modified":"2026-04-02T19:01:34","modified_gmt":"2026-04-02T17:01:34","slug":"shine-hat-band","status":"publish","type":"product","link":"https:\/\/matildagira.eu\/cs\/shop\/shine-hat-band\/","title":{"rendered":"Shine"},"content":{"rendered":"<p>P\u0159edstavujeme <strong>Shine<\/strong>, n\u00e1dhern\u00fd ru\u010dn\u011b vyr\u00e1b\u011bn\u00fd kloboukov\u00fd dopln\u011bk od Matildy Gira, v n\u011bm\u017e se tradi\u010dn\u00ed um\u011bn\u00ed domorod\u00e9ho kmene Embera Chami setk\u00e1v\u00e1 se sou\u010dasnou eleganc\u00ed. Tento p\u00e1sek zdoben\u00fd \u010dist\u011b b\u00edl\u00fdmi a t\u0159pytiv\u00fdmi zlat\u00fdmi \u010desk\u00fdmi perli\u010dkami vyza\u0159uje z\u00e1\u0159ivou sofistikovanost. <strong>Geometrick\u00e1 elegance, \u0159emesln\u00fd<\/strong> lesk <strong>p\u0159edk\u016f<\/strong> je sv\u011bdectv\u00edm o um\u011bn\u00ed geometrie. Preciznost jeho perli\u010dkov\u00e9 v\u00fdzdoby s hranat\u00fdmi vzory a line\u00e1rn\u00ed symetri\u00ed odr\u00e1\u017e\u00ed rovnov\u00e1hu mezi technikami p\u0159edk\u016f a modern\u00edm designem. Tento dopln\u011bk v podob\u011b kloboukov\u00e9ho p\u00e1sku s \u010dist\u011b b\u00edl\u00fdm pozad\u00edm je zv\u00fdrazn\u011bn souhv\u011bzd\u00edm zlat\u00fdch kor\u00e1lk\u016f, kter\u00e9 vytv\u00e1\u0159ej\u00ed ohromuj\u00edc\u00ed vizu\u00e1ln\u00ed rytmus kolem okraje klobouku. <strong>Ru\u010dn\u00ed pr\u00e1ce s odkazem D\u011bdictv\u00ed<\/strong> Ka\u017ed\u00fd p\u00e1sek Shine je ru\u010dn\u011b tkan\u00fd s v\u00e1\u0161n\u00ed a preciznost\u00ed \u0159emesln\u00edk\u016f Embera Chami, jejich\u017e d\u011bdictv\u00ed pr\u00e1ce s kor\u00e1lky se t\u00e1hne po generace. Tento dopln\u011bk nejen obohat\u00ed v\u00e1\u0161 \u0161atn\u00edk, ale nese tak\u00e9 p\u0159\u00edb\u011bh bohat\u00e9ho kulturn\u00edho d\u011bdictv\u00ed ze srdce Kolumbie.<\/p>\n","protected":false},"excerpt":{"rendered":"<h3>Vlastnosti:<\/h3>\n<ul>\n<li>Ru\u010dn\u00ed v\u00fdroba<\/li>\n<li>Perli\u010dky<\/li>\n<li>B\u00edl\u00e9 a zlat\u00e9 perli\u010dky<\/li>\n<li>Tato polo\u017eka nezahrnuje klobouk.<br \/>\nKlobouk se prod\u00e1v\u00e1 samostatn\u011b.<\/li>\n<\/ul>\n<p>&nbsp;<\/p>\n<h3>Dopl\u0148te vzhled:<\/h3>\n<p>Nakupujte v na\u0161em obchod\u011b <a href=\"https:\/\/matildagira.eu\/page\/1\/?s=vegan+suede&amp;post_type=product\">Kolekce klobouk\u016f Matilda Gira zde!<\/a><\/p>\n<p>&nbsp;<\/p>\n<h3>Rozm\u011bry:<\/h3>\n<p>Obvod: 24 palc\u016f.<\/p>\n<h3><\/h3>\n<h3>P\u00e9\u010de:<\/h3>\n<ul>\n<li>\u0160perky z klobouku si po no\u0161en\u00ed ulo\u017ete do pouzdra Matilda Gira.<\/li>\n<li>Neodst\u0159ihujte nit\u011b.<\/li>\n<li>Nenoste je ve vod\u011b.<\/li>\n<li>Vy\u010dist\u011bte \u0161perky le\u0161t\u00edc\u00edm had\u0159\u00edkem.<\/li>\n<\/ul>\n<p>&nbsp;<\/p>\n<p>&nbsp;<\/p>\n","protected":false},"featured_media":7130,"comment_status":"closed","ping_status":"closed","template":"","meta":{"_monsterinsights_skip_tracking":false,"_monsterinsights_sitenote_active":false,"_monsterinsights_sitenote_note":"","_monsterinsights_sitenote_category":0},"product_brand":[],"product_cat":[678],"product_tag":[685],"class_list":{"0":"post-7406","1":"product","2":"type-product","3":"status-publish","4":"has-post-thumbnail","6":"product_cat-paskovy-doplnek","7":"product_tag-nejprodavanejsi-cs","9":"first","10":"instock","11":"sale","12":"featured","13":"taxable","14":"shipping-taxable","15":"purchasable","16":"product-type-simple"},"supplier_id":null,"supplier_sku":"","barcode":null,"atum_controlled":true,"out_stock_date":null,"out_stock_threshold":null,"inheritable":false,"inbound_stock":null,"stock_on_hold":0,"sold_today":0,"sales_last_days":0,"reserved_stock":null,"customer_returns":null,"warehouse_damage":null,"lost_in_post":null,"other_logs":null,"out_stock_days":0,"lost_sales":0,"has_location":false,"update_date":"2026-04-09T00:17:16","atum_locations":[],"atum_stock_status":"instock","restock_status":false,"low_stock_amount":"","sales_update_date":"2026-04-09T00:17:16","calc_backorders":null,"yoast_head":"<!-- This site is optimized with the Yoast SEO plugin v27.3 - https:\/\/yoast.com\/product\/yoast-seo-wordpress\/ -->\n<title>Shine - Matilda Gira<\/title>\n<meta name=\"description\" content=\"Odhalen\u00ed Shine, n\u00e1dhern\u00e9ho ru\u010dn\u011b vyr\u00e1b\u011bn\u00e9ho dopl\u0148ku na klobouk od Matildy Gira, kde se projevuje tradi\u010dn\u00ed um\u011bn\u00ed domorod\u00e9ho kmene Embera Chami.\" \/>\n<meta name=\"robots\" content=\"index, follow, max-snippet:-1, max-image-preview:large, max-video-preview:-1\" \/>\n<link rel=\"canonical\" href=\"https:\/\/matildagira.eu\/cs\/shop\/shine-hat-band\/\" \/>\n<meta property=\"og:locale\" content=\"cs_CZ\" \/>\n<meta property=\"og:type\" content=\"article\" \/>\n<meta property=\"og:title\" content=\"Shine - Matilda Gira\" \/>\n<meta property=\"og:description\" content=\"Odhalen\u00ed Shine, n\u00e1dhern\u00e9ho ru\u010dn\u011b vyr\u00e1b\u011bn\u00e9ho dopl\u0148ku na klobouk od Matildy Gira, kde se projevuje tradi\u010dn\u00ed um\u011bn\u00ed domorod\u00e9ho kmene Embera Chami.\" \/>\n<meta property=\"og:url\" content=\"https:\/\/matildagira.eu\/cs\/shop\/shine-hat-band\/\" \/>\n<meta property=\"og:site_name\" content=\"Matilda Gira\" \/>\n<meta property=\"article:publisher\" content=\"https:\/\/www.facebook.com\/matildagira\" \/>\n<meta property=\"article:modified_time\" content=\"2026-04-02T17:01:34+00:00\" \/>\n<meta property=\"og:image\" content=\"https:\/\/matildagira.eu\/wp-content\/uploads\/2023\/10\/beb848c6-89b7-4bef-9774-d5d265260c61-scaled.webp\" \/>\n\t<meta property=\"og:image:width\" content=\"1697\" \/>\n\t<meta property=\"og:image:height\" content=\"2560\" \/>\n\t<meta property=\"og:image:type\" content=\"image\/webp\" \/>\n<meta name=\"twitter:card\" content=\"summary_large_image\" \/>\n<meta name=\"twitter:label1\" content=\"Cena\" \/>\n\t<meta name=\"twitter:data1\" content=\"569&nbsp;&#075;&#269;\" \/>\n\t<meta name=\"twitter:label2\" content=\"Dostupnost\" \/>\n\t<meta name=\"twitter:data2\" content=\"Skladem\" \/>\n<script type=\"application\/ld+json\" class=\"yoast-schema-graph\">{\"@context\":\"https:\\\/\\\/schema.org\",\"@graph\":[{\"@type\":\"WebPage\",\"@id\":\"https:\\\/\\\/matildagira.eu\\\/cs\\\/shop\\\/shine-hat-band\\\/\",\"url\":\"https:\\\/\\\/matildagira.eu\\\/cs\\\/shop\\\/shine-hat-band\\\/\",\"name\":\"Shine - Matilda Gira\",\"isPartOf\":{\"@id\":\"https:\\\/\\\/matildagira.eu\\\/cs\\\/#website\"},\"primaryImageOfPage\":{\"@id\":\"https:\\\/\\\/matildagira.eu\\\/cs\\\/shop\\\/shine-hat-band\\\/#primaryimage\"},\"image\":{\"@id\":\"https:\\\/\\\/matildagira.eu\\\/cs\\\/shop\\\/shine-hat-band\\\/#primaryimage\"},\"thumbnailUrl\":\"https:\\\/\\\/matildagira.eu\\\/wp-content\\\/uploads\\\/2023\\\/10\\\/beb848c6-89b7-4bef-9774-d5d265260c61-scaled.webp\",\"datePublished\":\"2023-10-31T10:31:53+00:00\",\"dateModified\":\"2026-04-02T17:01:34+00:00\",\"description\":\"Odhalen\u00ed Shine, n\u00e1dhern\u00e9ho ru\u010dn\u011b vyr\u00e1b\u011bn\u00e9ho dopl\u0148ku na klobouk od Matildy Gira, kde se projevuje tradi\u010dn\u00ed um\u011bn\u00ed domorod\u00e9ho kmene Embera Chami.\",\"breadcrumb\":{\"@id\":\"https:\\\/\\\/matildagira.eu\\\/cs\\\/shop\\\/shine-hat-band\\\/#breadcrumb\"},\"inLanguage\":\"cs\",\"potentialAction\":[{\"@type\":\"ReadAction\",\"target\":[\"https:\\\/\\\/matildagira.eu\\\/cs\\\/shop\\\/shine-hat-band\\\/\"]}]},{\"@type\":\"ImageObject\",\"inLanguage\":\"cs\",\"@id\":\"https:\\\/\\\/matildagira.eu\\\/cs\\\/shop\\\/shine-hat-band\\\/#primaryimage\",\"url\":\"https:\\\/\\\/matildagira.eu\\\/wp-content\\\/uploads\\\/2023\\\/10\\\/beb848c6-89b7-4bef-9774-d5d265260c61-scaled.webp\",\"contentUrl\":\"https:\\\/\\\/matildagira.eu\\\/wp-content\\\/uploads\\\/2023\\\/10\\\/beb848c6-89b7-4bef-9774-d5d265260c61-scaled.webp\",\"width\":1697,\"height\":2560},{\"@type\":\"BreadcrumbList\",\"@id\":\"https:\\\/\\\/matildagira.eu\\\/cs\\\/shop\\\/shine-hat-band\\\/#breadcrumb\",\"itemListElement\":[{\"@type\":\"ListItem\",\"position\":1,\"name\":\"Dom\u016f\",\"item\":\"https:\\\/\\\/matildagira.eu\\\/cs\\\/\"},{\"@type\":\"ListItem\",\"position\":2,\"name\":\"Shop\",\"item\":\"https:\\\/\\\/matildagira.eu\\\/cs\\\/shop\\\/\"},{\"@type\":\"ListItem\",\"position\":3,\"name\":\"Shine\"}]},{\"@type\":\"WebSite\",\"@id\":\"https:\\\/\\\/matildagira.eu\\\/cs\\\/#website\",\"url\":\"https:\\\/\\\/matildagira.eu\\\/cs\\\/\",\"name\":\"Matilda Gira\",\"description\":\"Handcrafted Hats\",\"publisher\":{\"@id\":\"https:\\\/\\\/matildagira.eu\\\/cs\\\/#organization\"},\"potentialAction\":[{\"@type\":\"SearchAction\",\"target\":{\"@type\":\"EntryPoint\",\"urlTemplate\":\"https:\\\/\\\/matildagira.eu\\\/cs\\\/?s={search_term_string}\"},\"query-input\":{\"@type\":\"PropertyValueSpecification\",\"valueRequired\":true,\"valueName\":\"search_term_string\"}}],\"inLanguage\":\"cs\"},{\"@type\":\"Organization\",\"@id\":\"https:\\\/\\\/matildagira.eu\\\/cs\\\/#organization\",\"name\":\"Matilda Gira\",\"url\":\"https:\\\/\\\/matildagira.eu\\\/cs\\\/\",\"logo\":{\"@type\":\"ImageObject\",\"inLanguage\":\"cs\",\"@id\":\"https:\\\/\\\/matildagira.eu\\\/cs\\\/#\\\/schema\\\/logo\\\/image\\\/\",\"url\":\"https:\\\/\\\/matildagira.eu\\\/wp-content\\\/uploads\\\/2022\\\/09\\\/LOGO-COLOR-VERDE.png\",\"contentUrl\":\"https:\\\/\\\/matildagira.eu\\\/wp-content\\\/uploads\\\/2022\\\/09\\\/LOGO-COLOR-VERDE.png\",\"width\":1010,\"height\":446,\"caption\":\"Matilda Gira\"},\"image\":{\"@id\":\"https:\\\/\\\/matildagira.eu\\\/cs\\\/#\\\/schema\\\/logo\\\/image\\\/\"},\"sameAs\":[\"https:\\\/\\\/www.facebook.com\\\/matildagira\",\"https:\\\/\\\/www.instagram.com\\\/matilda.gira\\\/\",\"https:\\\/\\\/www.pinterest.com.au\\\/matildagira\\\/\",\"https:\\\/\\\/www.tiktok.com\\\/@matildagira?lang=es\"]}]}<\/script>\n<meta property=\"product:price:amount\" content=\"569\" \/>\n<meta property=\"product:price:currency\" content=\"CZK\" \/>\n<meta property=\"og:availability\" content=\"instock\" \/>\n<meta property=\"product:availability\" content=\"instock\" \/>\n<meta property=\"product:retailer_item_id\" content=\"ACC-BAND-SHINE\" \/>\n<meta property=\"product:condition\" content=\"new\" \/>\n<!-- \/ Yoast SEO plugin. -->","yoast_head_json":{"title":"Shine - Matilda Gira","description":"Odhalen\u00ed Shine, n\u00e1dhern\u00e9ho ru\u010dn\u011b vyr\u00e1b\u011bn\u00e9ho dopl\u0148ku na klobouk od Matildy Gira, kde se projevuje tradi\u010dn\u00ed um\u011bn\u00ed domorod\u00e9ho kmene Embera Chami.","robots":{"index":"index","follow":"follow","max-snippet":"max-snippet:-1","max-image-preview":"max-image-preview:large","max-video-preview":"max-video-preview:-1"},"canonical":"https:\/\/matildagira.eu\/cs\/shop\/shine-hat-band\/","og_locale":"cs_CZ","og_type":"article","og_title":"Shine - Matilda Gira","og_description":"Odhalen\u00ed Shine, n\u00e1dhern\u00e9ho ru\u010dn\u011b vyr\u00e1b\u011bn\u00e9ho dopl\u0148ku na klobouk od Matildy Gira, kde se projevuje tradi\u010dn\u00ed um\u011bn\u00ed domorod\u00e9ho kmene Embera Chami.","og_url":"https:\/\/matildagira.eu\/cs\/shop\/shine-hat-band\/","og_site_name":"Matilda Gira","article_publisher":"https:\/\/www.facebook.com\/matildagira","article_modified_time":"2026-04-02T17:01:34+00:00","og_image":[{"width":1697,"height":2560,"url":"https:\/\/matildagira.eu\/wp-content\/uploads\/2023\/10\/beb848c6-89b7-4bef-9774-d5d265260c61-scaled.webp","type":"image\/webp"}],"twitter_card":"summary_large_image","twitter_misc":{"Cena":"569&nbsp;&#75;&#269;","Dostupnost":"Skladem"},"schema":{"@context":"https:\/\/schema.org","@graph":[{"@type":"WebPage","@id":"https:\/\/matildagira.eu\/cs\/shop\/shine-hat-band\/","url":"https:\/\/matildagira.eu\/cs\/shop\/shine-hat-band\/","name":"Shine - Matilda Gira","isPartOf":{"@id":"https:\/\/matildagira.eu\/cs\/#website"},"primaryImageOfPage":{"@id":"https:\/\/matildagira.eu\/cs\/shop\/shine-hat-band\/#primaryimage"},"image":{"@id":"https:\/\/matildagira.eu\/cs\/shop\/shine-hat-band\/#primaryimage"},"thumbnailUrl":"https:\/\/matildagira.eu\/wp-content\/uploads\/2023\/10\/beb848c6-89b7-4bef-9774-d5d265260c61-scaled.webp","datePublished":"2023-10-31T10:31:53+00:00","dateModified":"2026-04-02T17:01:34+00:00","description":"Odhalen\u00ed Shine, n\u00e1dhern\u00e9ho ru\u010dn\u011b vyr\u00e1b\u011bn\u00e9ho dopl\u0148ku na klobouk od Matildy Gira, kde se projevuje tradi\u010dn\u00ed um\u011bn\u00ed domorod\u00e9ho kmene Embera Chami.","breadcrumb":{"@id":"https:\/\/matildagira.eu\/cs\/shop\/shine-hat-band\/#breadcrumb"},"inLanguage":"cs","potentialAction":[{"@type":"ReadAction","target":["https:\/\/matildagira.eu\/cs\/shop\/shine-hat-band\/"]}]},{"@type":"ImageObject","inLanguage":"cs","@id":"https:\/\/matildagira.eu\/cs\/shop\/shine-hat-band\/#primaryimage","url":"https:\/\/matildagira.eu\/wp-content\/uploads\/2023\/10\/beb848c6-89b7-4bef-9774-d5d265260c61-scaled.webp","contentUrl":"https:\/\/matildagira.eu\/wp-content\/uploads\/2023\/10\/beb848c6-89b7-4bef-9774-d5d265260c61-scaled.webp","width":1697,"height":2560},{"@type":"BreadcrumbList","@id":"https:\/\/matildagira.eu\/cs\/shop\/shine-hat-band\/#breadcrumb","itemListElement":[{"@type":"ListItem","position":1,"name":"Dom\u016f","item":"https:\/\/matildagira.eu\/cs\/"},{"@type":"ListItem","position":2,"name":"Shop","item":"https:\/\/matildagira.eu\/cs\/shop\/"},{"@type":"ListItem","position":3,"name":"Shine"}]},{"@type":"WebSite","@id":"https:\/\/matildagira.eu\/cs\/#website","url":"https:\/\/matildagira.eu\/cs\/","name":"Matilda Gira","description":"Handcrafted Hats","publisher":{"@id":"https:\/\/matildagira.eu\/cs\/#organization"},"potentialAction":[{"@type":"SearchAction","target":{"@type":"EntryPoint","urlTemplate":"https:\/\/matildagira.eu\/cs\/?s={search_term_string}"},"query-input":{"@type":"PropertyValueSpecification","valueRequired":true,"valueName":"search_term_string"}}],"inLanguage":"cs"},{"@type":"Organization","@id":"https:\/\/matildagira.eu\/cs\/#organization","name":"Matilda Gira","url":"https:\/\/matildagira.eu\/cs\/","logo":{"@type":"ImageObject","inLanguage":"cs","@id":"https:\/\/matildagira.eu\/cs\/#\/schema\/logo\/image\/","url":"https:\/\/matildagira.eu\/wp-content\/uploads\/2022\/09\/LOGO-COLOR-VERDE.png","contentUrl":"https:\/\/matildagira.eu\/wp-content\/uploads\/2022\/09\/LOGO-COLOR-VERDE.png","width":1010,"height":446,"caption":"Matilda Gira"},"image":{"@id":"https:\/\/matildagira.eu\/cs\/#\/schema\/logo\/image\/"},"sameAs":["https:\/\/www.facebook.com\/matildagira","https:\/\/www.instagram.com\/matilda.gira\/","https:\/\/www.pinterest.com.au\/matildagira\/","https:\/\/www.tiktok.com\/@matildagira?lang=es"]}]},"product_price_amount":"569","product_price_currency":"CZK","og_availability":"instock","product_availability":"instock","product_retailer_item_id":"ACC-BAND-SHINE","product_condition":"new"},"_links":{"self":[{"href":"https:\/\/matildagira.eu\/cs\/wp-json\/wp\/v2\/product\/7406","targetHints":{"allow":["GET"]}}],"collection":[{"href":"https:\/\/matildagira.eu\/cs\/wp-json\/wp\/v2\/product"}],"about":[{"href":"https:\/\/matildagira.eu\/cs\/wp-json\/wp\/v2\/types\/product"}],"replies":[{"embeddable":true,"href":"https:\/\/matildagira.eu\/cs\/wp-json\/wp\/v2\/comments?post=7406"}],"version-history":[{"count":4,"href":"https:\/\/matildagira.eu\/cs\/wp-json\/wp\/v2\/product\/7406\/revisions"}],"predecessor-version":[{"id":8598,"href":"https:\/\/matildagira.eu\/cs\/wp-json\/wp\/v2\/product\/7406\/revisions\/8598"}],"wp:featuredmedia":[{"embeddable":true,"href":"https:\/\/matildagira.eu\/cs\/wp-json\/wp\/v2\/media\/7130"}],"wp:attachment":[{"href":"https:\/\/matildagira.eu\/cs\/wp-json\/wp\/v2\/media?parent=7406"}],"wp:term":[{"taxonomy":"product_brand","embeddable":true,"href":"https:\/\/matildagira.eu\/cs\/wp-json\/wp\/v2\/product_brand?post=7406"},{"taxonomy":"product_cat","embeddable":true,"href":"https:\/\/matildagira.eu\/cs\/wp-json\/wp\/v2\/product_cat?post=7406"},{"taxonomy":"product_tag","embeddable":true,"href":"https:\/\/matildagira.eu\/cs\/wp-json\/wp\/v2\/product_tag?post=7406"}],"curies":[{"name":"wp","href":"https:\/\/api.w.org\/{rel}","templated":true}]}}