



{"id":7403,"date":"2023-10-31T11:36:50","date_gmt":"2023-10-31T10:36:50","guid":{"rendered":"https:\/\/matildagira.eu\/shop\/journey-black-white-hat-band\/"},"modified":"2026-04-02T19:01:34","modified_gmt":"2026-04-02T17:01:34","slug":"journey-black-white-hat-band","status":"publish","type":"product","link":"https:\/\/matildagira.eu\/cs\/shop\/journey-black-white-hat-band\/","title":{"rendered":"Journey Black &amp; White"},"content":{"rendered":"<p>Vstupte do \u0159\u00ed\u0161e klasick\u00e9 elegance s <strong>\u010dernob\u00edl\u00fdm<\/strong> kloboukov\u00fdm dopl\u0148kem <strong>Journey<\/strong> od Matildy Giry. Tento \u0161perk je sartori\u00e1ln\u00ed \u00f3dou na nad\u010dasovou jednobarevnou paletu, kterou o\u017eivuj\u00ed precizn\u011b um\u00edst\u011bn\u00e9 \u010dern\u00e9 a b\u00edl\u00e9 \u010desk\u00e9 perli\u010dky, ru\u010dn\u011b vyroben\u00e9 mistrovsk\u00fdm domorod\u00fdm kmenem Embera Chami z Kolumbie. <strong>Tapiserie geometrick\u00fdch intrik<\/strong> Cesta \u010dern\u00e9 a b\u00edl\u00e9 vystihuje p\u016fvab geometrick\u00e9ho designu a vyzna\u010duje se slo\u017eit\u00fdm klikat\u00fdm vzorem, kter\u00fd upout\u00e1 pozornost a p\u0159itahuje pozornost. Kontrast \u010dern\u00fdch a b\u00edl\u00fdch kor\u00e1lk\u016f vytv\u00e1\u0159\u00ed hypnotickou hru sv\u011btla a st\u00ednu, dynamick\u00fd tanec tvar\u016f, kter\u00fd obklopuje klobouk s eleganc\u00ed.<\/p>\n","protected":false},"excerpt":{"rendered":"<h3>Vlastnosti:<\/h3>\n<ul>\n<li>Ru\u010dn\u00ed v\u00fdroba<\/li>\n<li>Perli\u010dky<\/li>\n<li>B\u00edl\u00e9 a zlat\u00e9 perli\u010dky<\/li>\n<\/ul>\n<p>&nbsp;<\/p>\n<h3>Rozm\u011bry:<\/h3>\n<p>Obvod: 24 palc\u016f.<\/p>\n<h3><\/h3>\n<h3>P\u00e9\u010de:<\/h3>\n<p>\u0160perky z klobouku si po no\u0161en\u00ed ulo\u017ete do pouzdra Matilda Gira.<\/p>\n<p>Neodst\u0159ihujte nit\u011b.<\/p>\n<p>Nenoste je ve vod\u011b.<\/p>\n<p>Vy\u010dist\u011bte \u0161perky le\u0161t\u00edc\u00edm had\u0159\u00edkem.<\/p>\n<p>&nbsp;<\/p>\n<p><em><strong>Tato polo\u017eka nezahrnuje klobouk.<br \/>\nKlobouk se prod\u00e1v\u00e1 samostatn\u011b. <\/strong><\/em><\/p>\n","protected":false},"featured_media":7918,"comment_status":"closed","ping_status":"closed","template":"","meta":{"_monsterinsights_skip_tracking":false,"_monsterinsights_sitenote_active":false,"_monsterinsights_sitenote_note":"","_monsterinsights_sitenote_category":0},"product_brand":[],"product_cat":[678],"product_tag":[],"class_list":{"0":"post-7403","1":"product","2":"type-product","3":"status-publish","4":"has-post-thumbnail","6":"product_cat-paskovy-doplnek","8":"first","9":"instock","10":"sale","11":"taxable","12":"shipping-taxable","13":"purchasable","14":"product-type-simple"},"supplier_id":null,"supplier_sku":"","barcode":null,"atum_controlled":true,"out_stock_date":null,"out_stock_threshold":null,"inheritable":false,"inbound_stock":null,"stock_on_hold":0,"sold_today":0,"sales_last_days":0,"reserved_stock":null,"customer_returns":null,"warehouse_damage":null,"lost_in_post":null,"other_logs":null,"out_stock_days":0,"lost_sales":0,"has_location":false,"update_date":"2026-04-05T00:07:49","atum_locations":[],"atum_stock_status":"instock","restock_status":false,"low_stock_amount":"","sales_update_date":"2026-04-05T00:07:49","calc_backorders":null,"yoast_head":"<!-- This site is optimized with the Yoast SEO plugin v27.3 - https:\/\/yoast.com\/product\/yoast-seo-wordpress\/ -->\n<title>Journey Black &amp; White - Matilda Gira<\/title>\n<meta name=\"description\" content=\"Vylep\u0161ete sv\u016fj styl klobouku p\u00e1skem Journey Black &amp; White od Matildy Gira, kter\u00fd je ru\u010dn\u011b vyroben\u00fd z \u010dernob\u00edl\u00fdch \u010desk\u00fdch perli\u010dek kolumbijsk\u00e9ho kmene Embera Chami.\" \/>\n<meta name=\"robots\" content=\"index, follow, max-snippet:-1, max-image-preview:large, max-video-preview:-1\" \/>\n<link rel=\"canonical\" href=\"https:\/\/matildagira.eu\/cs\/shop\/journey-black-white-hat-band\/\" \/>\n<meta property=\"og:locale\" content=\"cs_CZ\" \/>\n<meta property=\"og:type\" content=\"article\" \/>\n<meta property=\"og:title\" content=\"Journey Black &amp; White - Matilda Gira\" \/>\n<meta property=\"og:description\" content=\"Vylep\u0161ete sv\u016fj styl klobouku p\u00e1skem Journey Black &amp; White od Matildy Gira, kter\u00fd je ru\u010dn\u011b vyroben\u00fd z \u010dernob\u00edl\u00fdch \u010desk\u00fdch perli\u010dek kolumbijsk\u00e9ho kmene Embera Chami.\" \/>\n<meta property=\"og:url\" content=\"https:\/\/matildagira.eu\/cs\/shop\/journey-black-white-hat-band\/\" \/>\n<meta property=\"og:site_name\" content=\"Matilda Gira\" \/>\n<meta property=\"article:publisher\" content=\"https:\/\/www.facebook.com\/matildagira\" \/>\n<meta property=\"article:modified_time\" content=\"2026-04-02T17:01:34+00:00\" \/>\n<meta property=\"og:image\" content=\"https:\/\/matildagira.eu\/wp-content\/uploads\/2023\/10\/Journey-Black-White-Hat-Band_1-scaled-e1734958036645.webp\" \/>\n\t<meta property=\"og:image:width\" content=\"1707\" \/>\n\t<meta property=\"og:image:height\" content=\"2560\" \/>\n\t<meta property=\"og:image:type\" content=\"image\/webp\" \/>\n<meta name=\"twitter:card\" content=\"summary_large_image\" \/>\n<meta name=\"twitter:label1\" content=\"Cena\" \/>\n\t<meta name=\"twitter:data1\" content=\"569&nbsp;&#075;&#269;\" \/>\n\t<meta name=\"twitter:label2\" content=\"Dostupnost\" \/>\n\t<meta name=\"twitter:data2\" content=\"Skladem\" \/>\n<script type=\"application\/ld+json\" class=\"yoast-schema-graph\">{\"@context\":\"https:\\\/\\\/schema.org\",\"@graph\":[{\"@type\":\"WebPage\",\"@id\":\"https:\\\/\\\/matildagira.eu\\\/cs\\\/shop\\\/journey-black-white-hat-band\\\/\",\"url\":\"https:\\\/\\\/matildagira.eu\\\/cs\\\/shop\\\/journey-black-white-hat-band\\\/\",\"name\":\"Journey Black &amp; White - Matilda Gira\",\"isPartOf\":{\"@id\":\"https:\\\/\\\/matildagira.eu\\\/cs\\\/#website\"},\"primaryImageOfPage\":{\"@id\":\"https:\\\/\\\/matildagira.eu\\\/cs\\\/shop\\\/journey-black-white-hat-band\\\/#primaryimage\"},\"image\":{\"@id\":\"https:\\\/\\\/matildagira.eu\\\/cs\\\/shop\\\/journey-black-white-hat-band\\\/#primaryimage\"},\"thumbnailUrl\":\"https:\\\/\\\/matildagira.eu\\\/wp-content\\\/uploads\\\/2023\\\/10\\\/Journey-Black-White-Hat-Band_1-scaled-e1734958036645.webp\",\"datePublished\":\"2023-10-31T10:36:50+00:00\",\"dateModified\":\"2026-04-02T17:01:34+00:00\",\"description\":\"Vylep\u0161ete sv\u016fj styl klobouku p\u00e1skem Journey Black & White od Matildy Gira, kter\u00fd je ru\u010dn\u011b vyroben\u00fd z \u010dernob\u00edl\u00fdch \u010desk\u00fdch perli\u010dek kolumbijsk\u00e9ho kmene Embera Chami.\",\"breadcrumb\":{\"@id\":\"https:\\\/\\\/matildagira.eu\\\/cs\\\/shop\\\/journey-black-white-hat-band\\\/#breadcrumb\"},\"inLanguage\":\"cs\",\"potentialAction\":[{\"@type\":\"ReadAction\",\"target\":[\"https:\\\/\\\/matildagira.eu\\\/cs\\\/shop\\\/journey-black-white-hat-band\\\/\"]}]},{\"@type\":\"ImageObject\",\"inLanguage\":\"cs\",\"@id\":\"https:\\\/\\\/matildagira.eu\\\/cs\\\/shop\\\/journey-black-white-hat-band\\\/#primaryimage\",\"url\":\"https:\\\/\\\/matildagira.eu\\\/wp-content\\\/uploads\\\/2023\\\/10\\\/Journey-Black-White-Hat-Band_1-scaled-e1734958036645.webp\",\"contentUrl\":\"https:\\\/\\\/matildagira.eu\\\/wp-content\\\/uploads\\\/2023\\\/10\\\/Journey-Black-White-Hat-Band_1-scaled-e1734958036645.webp\",\"width\":1707,\"height\":2560},{\"@type\":\"BreadcrumbList\",\"@id\":\"https:\\\/\\\/matildagira.eu\\\/cs\\\/shop\\\/journey-black-white-hat-band\\\/#breadcrumb\",\"itemListElement\":[{\"@type\":\"ListItem\",\"position\":1,\"name\":\"Dom\u016f\",\"item\":\"https:\\\/\\\/matildagira.eu\\\/cs\\\/\"},{\"@type\":\"ListItem\",\"position\":2,\"name\":\"Shop\",\"item\":\"https:\\\/\\\/matildagira.eu\\\/cs\\\/shop\\\/\"},{\"@type\":\"ListItem\",\"position\":3,\"name\":\"Journey Black &amp; White\"}]},{\"@type\":\"WebSite\",\"@id\":\"https:\\\/\\\/matildagira.eu\\\/cs\\\/#website\",\"url\":\"https:\\\/\\\/matildagira.eu\\\/cs\\\/\",\"name\":\"Matilda Gira\",\"description\":\"Handcrafted Hats\",\"publisher\":{\"@id\":\"https:\\\/\\\/matildagira.eu\\\/cs\\\/#organization\"},\"potentialAction\":[{\"@type\":\"SearchAction\",\"target\":{\"@type\":\"EntryPoint\",\"urlTemplate\":\"https:\\\/\\\/matildagira.eu\\\/cs\\\/?s={search_term_string}\"},\"query-input\":{\"@type\":\"PropertyValueSpecification\",\"valueRequired\":true,\"valueName\":\"search_term_string\"}}],\"inLanguage\":\"cs\"},{\"@type\":\"Organization\",\"@id\":\"https:\\\/\\\/matildagira.eu\\\/cs\\\/#organization\",\"name\":\"Matilda Gira\",\"url\":\"https:\\\/\\\/matildagira.eu\\\/cs\\\/\",\"logo\":{\"@type\":\"ImageObject\",\"inLanguage\":\"cs\",\"@id\":\"https:\\\/\\\/matildagira.eu\\\/cs\\\/#\\\/schema\\\/logo\\\/image\\\/\",\"url\":\"https:\\\/\\\/matildagira.eu\\\/wp-content\\\/uploads\\\/2022\\\/09\\\/LOGO-COLOR-VERDE.png\",\"contentUrl\":\"https:\\\/\\\/matildagira.eu\\\/wp-content\\\/uploads\\\/2022\\\/09\\\/LOGO-COLOR-VERDE.png\",\"width\":1010,\"height\":446,\"caption\":\"Matilda Gira\"},\"image\":{\"@id\":\"https:\\\/\\\/matildagira.eu\\\/cs\\\/#\\\/schema\\\/logo\\\/image\\\/\"},\"sameAs\":[\"https:\\\/\\\/www.facebook.com\\\/matildagira\",\"https:\\\/\\\/www.instagram.com\\\/matilda.gira\\\/\",\"https:\\\/\\\/www.pinterest.com.au\\\/matildagira\\\/\",\"https:\\\/\\\/www.tiktok.com\\\/@matildagira?lang=es\"]}]}<\/script>\n<meta property=\"product:price:amount\" content=\"569\" \/>\n<meta property=\"product:price:currency\" content=\"CZK\" \/>\n<meta property=\"og:availability\" content=\"instock\" \/>\n<meta property=\"product:availability\" content=\"instock\" \/>\n<meta property=\"product:retailer_item_id\" content=\"ACC-BAND-JOURNEYBW\" \/>\n<meta property=\"product:condition\" content=\"new\" \/>\n<!-- \/ Yoast SEO plugin. -->","yoast_head_json":{"title":"Journey Black &amp; White - Matilda Gira","description":"Vylep\u0161ete sv\u016fj styl klobouku p\u00e1skem Journey Black & White od Matildy Gira, kter\u00fd je ru\u010dn\u011b vyroben\u00fd z \u010dernob\u00edl\u00fdch \u010desk\u00fdch perli\u010dek kolumbijsk\u00e9ho kmene Embera Chami.","robots":{"index":"index","follow":"follow","max-snippet":"max-snippet:-1","max-image-preview":"max-image-preview:large","max-video-preview":"max-video-preview:-1"},"canonical":"https:\/\/matildagira.eu\/cs\/shop\/journey-black-white-hat-band\/","og_locale":"cs_CZ","og_type":"article","og_title":"Journey Black &amp; White - Matilda Gira","og_description":"Vylep\u0161ete sv\u016fj styl klobouku p\u00e1skem Journey Black & White od Matildy Gira, kter\u00fd je ru\u010dn\u011b vyroben\u00fd z \u010dernob\u00edl\u00fdch \u010desk\u00fdch perli\u010dek kolumbijsk\u00e9ho kmene Embera Chami.","og_url":"https:\/\/matildagira.eu\/cs\/shop\/journey-black-white-hat-band\/","og_site_name":"Matilda Gira","article_publisher":"https:\/\/www.facebook.com\/matildagira","article_modified_time":"2026-04-02T17:01:34+00:00","og_image":[{"width":1707,"height":2560,"url":"https:\/\/matildagira.eu\/wp-content\/uploads\/2023\/10\/Journey-Black-White-Hat-Band_1-scaled-e1734958036645.webp","type":"image\/webp"}],"twitter_card":"summary_large_image","twitter_misc":{"Cena":"569&nbsp;&#75;&#269;","Dostupnost":"Skladem"},"schema":{"@context":"https:\/\/schema.org","@graph":[{"@type":"WebPage","@id":"https:\/\/matildagira.eu\/cs\/shop\/journey-black-white-hat-band\/","url":"https:\/\/matildagira.eu\/cs\/shop\/journey-black-white-hat-band\/","name":"Journey Black &amp; White - Matilda Gira","isPartOf":{"@id":"https:\/\/matildagira.eu\/cs\/#website"},"primaryImageOfPage":{"@id":"https:\/\/matildagira.eu\/cs\/shop\/journey-black-white-hat-band\/#primaryimage"},"image":{"@id":"https:\/\/matildagira.eu\/cs\/shop\/journey-black-white-hat-band\/#primaryimage"},"thumbnailUrl":"https:\/\/matildagira.eu\/wp-content\/uploads\/2023\/10\/Journey-Black-White-Hat-Band_1-scaled-e1734958036645.webp","datePublished":"2023-10-31T10:36:50+00:00","dateModified":"2026-04-02T17:01:34+00:00","description":"Vylep\u0161ete sv\u016fj styl klobouku p\u00e1skem Journey Black & White od Matildy Gira, kter\u00fd je ru\u010dn\u011b vyroben\u00fd z \u010dernob\u00edl\u00fdch \u010desk\u00fdch perli\u010dek kolumbijsk\u00e9ho kmene Embera Chami.","breadcrumb":{"@id":"https:\/\/matildagira.eu\/cs\/shop\/journey-black-white-hat-band\/#breadcrumb"},"inLanguage":"cs","potentialAction":[{"@type":"ReadAction","target":["https:\/\/matildagira.eu\/cs\/shop\/journey-black-white-hat-band\/"]}]},{"@type":"ImageObject","inLanguage":"cs","@id":"https:\/\/matildagira.eu\/cs\/shop\/journey-black-white-hat-band\/#primaryimage","url":"https:\/\/matildagira.eu\/wp-content\/uploads\/2023\/10\/Journey-Black-White-Hat-Band_1-scaled-e1734958036645.webp","contentUrl":"https:\/\/matildagira.eu\/wp-content\/uploads\/2023\/10\/Journey-Black-White-Hat-Band_1-scaled-e1734958036645.webp","width":1707,"height":2560},{"@type":"BreadcrumbList","@id":"https:\/\/matildagira.eu\/cs\/shop\/journey-black-white-hat-band\/#breadcrumb","itemListElement":[{"@type":"ListItem","position":1,"name":"Dom\u016f","item":"https:\/\/matildagira.eu\/cs\/"},{"@type":"ListItem","position":2,"name":"Shop","item":"https:\/\/matildagira.eu\/cs\/shop\/"},{"@type":"ListItem","position":3,"name":"Journey Black &amp; White"}]},{"@type":"WebSite","@id":"https:\/\/matildagira.eu\/cs\/#website","url":"https:\/\/matildagira.eu\/cs\/","name":"Matilda Gira","description":"Handcrafted Hats","publisher":{"@id":"https:\/\/matildagira.eu\/cs\/#organization"},"potentialAction":[{"@type":"SearchAction","target":{"@type":"EntryPoint","urlTemplate":"https:\/\/matildagira.eu\/cs\/?s={search_term_string}"},"query-input":{"@type":"PropertyValueSpecification","valueRequired":true,"valueName":"search_term_string"}}],"inLanguage":"cs"},{"@type":"Organization","@id":"https:\/\/matildagira.eu\/cs\/#organization","name":"Matilda Gira","url":"https:\/\/matildagira.eu\/cs\/","logo":{"@type":"ImageObject","inLanguage":"cs","@id":"https:\/\/matildagira.eu\/cs\/#\/schema\/logo\/image\/","url":"https:\/\/matildagira.eu\/wp-content\/uploads\/2022\/09\/LOGO-COLOR-VERDE.png","contentUrl":"https:\/\/matildagira.eu\/wp-content\/uploads\/2022\/09\/LOGO-COLOR-VERDE.png","width":1010,"height":446,"caption":"Matilda Gira"},"image":{"@id":"https:\/\/matildagira.eu\/cs\/#\/schema\/logo\/image\/"},"sameAs":["https:\/\/www.facebook.com\/matildagira","https:\/\/www.instagram.com\/matilda.gira\/","https:\/\/www.pinterest.com.au\/matildagira\/","https:\/\/www.tiktok.com\/@matildagira?lang=es"]}]},"product_price_amount":"569","product_price_currency":"CZK","og_availability":"instock","product_availability":"instock","product_retailer_item_id":"ACC-BAND-JOURNEYBW","product_condition":"new"},"_links":{"self":[{"href":"https:\/\/matildagira.eu\/cs\/wp-json\/wp\/v2\/product\/7403","targetHints":{"allow":["GET"]}}],"collection":[{"href":"https:\/\/matildagira.eu\/cs\/wp-json\/wp\/v2\/product"}],"about":[{"href":"https:\/\/matildagira.eu\/cs\/wp-json\/wp\/v2\/types\/product"}],"replies":[{"embeddable":true,"href":"https:\/\/matildagira.eu\/cs\/wp-json\/wp\/v2\/comments?post=7403"}],"version-history":[{"count":3,"href":"https:\/\/matildagira.eu\/cs\/wp-json\/wp\/v2\/product\/7403\/revisions"}],"predecessor-version":[{"id":8607,"href":"https:\/\/matildagira.eu\/cs\/wp-json\/wp\/v2\/product\/7403\/revisions\/8607"}],"wp:featuredmedia":[{"embeddable":true,"href":"https:\/\/matildagira.eu\/cs\/wp-json\/wp\/v2\/media\/7918"}],"wp:attachment":[{"href":"https:\/\/matildagira.eu\/cs\/wp-json\/wp\/v2\/media?parent=7403"}],"wp:term":[{"taxonomy":"product_brand","embeddable":true,"href":"https:\/\/matildagira.eu\/cs\/wp-json\/wp\/v2\/product_brand?post=7403"},{"taxonomy":"product_cat","embeddable":true,"href":"https:\/\/matildagira.eu\/cs\/wp-json\/wp\/v2\/product_cat?post=7403"},{"taxonomy":"product_tag","embeddable":true,"href":"https:\/\/matildagira.eu\/cs\/wp-json\/wp\/v2\/product_tag?post=7403"}],"curies":[{"name":"wp","href":"https:\/\/api.w.org\/{rel}","templated":true}]}}