



{"id":7398,"date":"2023-11-10T13:56:41","date_gmt":"2023-11-10T12:56:41","guid":{"rendered":"https:\/\/matildagira.eu\/shop\/nausnice-se-strapci-polibenymi-sluncem\/"},"modified":"2024-10-07T12:55:56","modified_gmt":"2024-10-07T10:55:56","slug":"nausnice-se-strapci-polibenymi-sluncem","status":"publish","type":"product","link":"https:\/\/matildagira.eu\/cs\/shop\/nausnice-se-strapci-polibenymi-sluncem\/","title":{"rendered":"N\u00e1u\u0161nice se st\u0159apci pol\u00edben\u00fdmi sluncem"},"content":{"rendered":"<p>P\u0159edstavujeme v\u00e1m okouzluj\u00edc\u00ed <strong>n\u00e1u\u0161nice Sun-kissed Tassels,<\/strong> mistrovsk\u00e9 d\u00edlo sv\u011bt\u00e9lkov\u00e1n\u00ed a um\u011bleck\u00e9ho zpracov\u00e1n\u00ed, kter\u00e9 vytvo\u0159il zru\u010dn\u00fd domorod\u00fd kmen Embera Chami z Kolumbie.<br \/>\nTyto ru\u010dn\u011b vyr\u00e1b\u011bn\u00e9 n\u00e1u\u0161nice p\u0159edstavuj\u00ed fascinuj\u00edc\u00ed tok perle\u0165ov\u00fdch \u010desk\u00fdch perli\u010dek, pe\u010dliv\u011b uspo\u0159\u00e1dan\u00fdch tak, aby vytv\u00e1\u0159ely vodop\u00e1d perle\u0165ov\u00fdch odst\u00edn\u016f, korunovan\u00fd jemn\u00fdm dotekem zlata.<br \/>\nKa\u017ed\u00fd kor\u00e1lek je sv\u011bdectv\u00edm bohat\u00e9 kulturn\u00ed tapiserie kmene, vetkan\u00e9 do \u00fachvatn\u00e9ho designu, kter\u00fd odr\u00e1\u017e\u00ed kask\u00e1dovitou kr\u00e1su kolumbijsk\u00fdch p\u0159\u00edrodn\u00edch div\u016f.<br \/>\nJemn\u00fd p\u0159echod od kr\u00e9mov\u00e9ho klidu perle\u0165ov\u00fdch barev k tepl\u00e9 z\u00e1\u0159i zlata zt\u011bles\u0148uje p\u0159echod od prvn\u00edho sv\u00edt\u00e1n\u00ed k pln\u00e9 n\u00e1dhe\u0159e dne.<br \/>\nNo\u0161en\u00ed n\u00e1u\u0161nic Zlacen\u00e1 kask\u00e1da nen\u00ed jen m\u00f3dn\u00ed z\u00e1le\u017eitost\u00ed, ale oslavou d\u011bdictv\u00ed a \u0159emesln\u00e9 zru\u010dnosti.<br \/>\nJsou \u00f3dou na tradi\u010dn\u00ed techniky pr\u00e1ce s kor\u00e1lky p\u0159ed\u00e1van\u00e9 z generace na generaci, nyn\u00ed p\u0159etvo\u0159en\u00e9 do podoby nositeln\u00e9ho um\u011bleck\u00e9ho d\u00edla, kter\u00e9 posiluje a zdob\u00ed modern\u00ed \u017eenu.     <\/p>\n","protected":false},"excerpt":{"rendered":"<h3>Vlastnosti:<\/h3>\n<ul>\n<li>Ru\u010dn\u00ed v\u00fdroba<\/li>\n<li>\u010cesk\u00e9 perli\u010dky<\/li>\n<li>Perle\u0165ov\u00e9 a zlat\u00e9 barvy<\/li>\n<li>Kvalitn\u00ed mosazn\u00e9 n\u00e1u\u0161nicov\u00e9 h\u00e1\u010dky<\/li>\n<\/ul>\n<p>&nbsp;<\/p>\n<h3>Rozm\u011bry:<\/h3>\n<p>  Obvod: 10 cm dlouh\u00fd | 3 cm \u0161irok\u00fd  <\/p>\n<h3><\/h3>\n<h3>P\u00e9\u010de:<\/h3>\n<ul>\n<li>Po no\u0161en\u00ed n\u00e1u\u0161nic je ulo\u017ete do pouzdra Matilda Gira.<\/li>\n<li>Neodst\u0159ihujte nit\u011b.<\/li>\n<li>Nenoste je ve vod\u011b.<\/li>\n<li>Vy\u010dist\u011bte \u0161perky le\u0161t\u00edc\u00edm had\u0159\u00edkem.<\/li>\n<\/ul>\n<p>&nbsp;<\/p>\n<p><em><strong>Tato polo\u017eka nezahrnuje klobouk.<br \/>\nKlobouk se prod\u00e1v\u00e1 samostatn\u011b. <\/strong><\/em><\/p>\n","protected":false},"featured_media":6929,"comment_status":"closed","ping_status":"closed","template":"","meta":{"_monsterinsights_skip_tracking":false,"_monsterinsights_sitenote_active":false,"_monsterinsights_sitenote_note":"","_monsterinsights_sitenote_category":0},"product_brand":[],"product_cat":[672],"product_tag":[],"class_list":{"0":"post-7398","1":"product","2":"type-product","3":"status-publish","4":"has-post-thumbnail","6":"product_cat-nausnice","8":"first","9":"instock","10":"taxable","11":"shipping-taxable","12":"purchasable","13":"product-type-simple"},"supplier_id":null,"supplier_sku":"","barcode":null,"atum_controlled":true,"out_stock_date":null,"out_stock_threshold":null,"inheritable":false,"inbound_stock":null,"stock_on_hold":0,"sold_today":0,"sales_last_days":0,"reserved_stock":0,"customer_returns":0,"warehouse_damage":null,"lost_in_post":0,"other_logs":null,"out_stock_days":0,"lost_sales":0,"has_location":false,"update_date":"2026-04-05T00:07:43","atum_locations":[],"atum_stock_status":"instock","restock_status":false,"low_stock_amount":"","sales_update_date":"2026-04-05T00:07:43","calc_backorders":null,"yoast_head":"<!-- This site is optimized with the Yoast SEO plugin v27.3 - https:\/\/yoast.com\/product\/yoast-seo-wordpress\/ -->\n<title>N\u00e1u\u0161nice se st\u0159apci pol\u00edben\u00fdmi sluncem - Matilda Gira<\/title>\n<meta name=\"description\" content=\"Ozdobte sv\u00e9 u\u0161i n\u00e1u\u0161nicemi Sun-kissed Tassels od Matildy Gira, kter\u00e9 ru\u010dn\u011b a precizn\u011b vyrobil kolumbijsk\u00fd kmen Embera Chami.\" \/>\n<meta name=\"robots\" content=\"index, follow, max-snippet:-1, max-image-preview:large, max-video-preview:-1\" \/>\n<link rel=\"canonical\" href=\"https:\/\/matildagira.eu\/cs\/shop\/nausnice-se-strapci-polibenymi-sluncem\/\" \/>\n<meta property=\"og:locale\" content=\"cs_CZ\" \/>\n<meta property=\"og:type\" content=\"article\" \/>\n<meta property=\"og:title\" content=\"N\u00e1u\u0161nice se st\u0159apci pol\u00edben\u00fdmi sluncem - Matilda Gira\" \/>\n<meta property=\"og:description\" content=\"Ozdobte sv\u00e9 u\u0161i n\u00e1u\u0161nicemi Sun-kissed Tassels od Matildy Gira, kter\u00e9 ru\u010dn\u011b a precizn\u011b vyrobil kolumbijsk\u00fd kmen Embera Chami.\" \/>\n<meta property=\"og:url\" content=\"https:\/\/matildagira.eu\/cs\/shop\/nausnice-se-strapci-polibenymi-sluncem\/\" \/>\n<meta property=\"og:site_name\" content=\"Matilda Gira\" \/>\n<meta property=\"article:publisher\" content=\"https:\/\/www.facebook.com\/matildagira\" \/>\n<meta property=\"article:modified_time\" content=\"2024-10-07T10:55:56+00:00\" \/>\n<meta property=\"og:image\" content=\"https:\/\/matildagira.eu\/wp-content\/uploads\/2023\/11\/earrings3.png\" \/>\n\t<meta property=\"og:image:width\" content=\"1080\" \/>\n\t<meta property=\"og:image:height\" content=\"1080\" \/>\n\t<meta property=\"og:image:type\" content=\"image\/png\" \/>\n<meta name=\"twitter:card\" content=\"summary_large_image\" \/>\n<meta name=\"twitter:label1\" content=\"Cena\" \/>\n\t<meta name=\"twitter:data1\" content=\"550&nbsp;&#075;&#269;\" \/>\n\t<meta name=\"twitter:label2\" content=\"Dostupnost\" \/>\n\t<meta name=\"twitter:data2\" content=\"Skladem\" \/>\n<script type=\"application\/ld+json\" class=\"yoast-schema-graph\">{\"@context\":\"https:\\\/\\\/schema.org\",\"@graph\":[{\"@type\":\"WebPage\",\"@id\":\"https:\\\/\\\/matildagira.eu\\\/cs\\\/shop\\\/nausnice-se-strapci-polibenymi-sluncem\\\/\",\"url\":\"https:\\\/\\\/matildagira.eu\\\/cs\\\/shop\\\/nausnice-se-strapci-polibenymi-sluncem\\\/\",\"name\":\"N\u00e1u\u0161nice se st\u0159apci pol\u00edben\u00fdmi sluncem - Matilda Gira\",\"isPartOf\":{\"@id\":\"https:\\\/\\\/matildagira.eu\\\/cs\\\/#website\"},\"primaryImageOfPage\":{\"@id\":\"https:\\\/\\\/matildagira.eu\\\/cs\\\/shop\\\/nausnice-se-strapci-polibenymi-sluncem\\\/#primaryimage\"},\"image\":{\"@id\":\"https:\\\/\\\/matildagira.eu\\\/cs\\\/shop\\\/nausnice-se-strapci-polibenymi-sluncem\\\/#primaryimage\"},\"thumbnailUrl\":\"https:\\\/\\\/matildagira.eu\\\/wp-content\\\/uploads\\\/2023\\\/11\\\/earrings3.png\",\"datePublished\":\"2023-11-10T12:56:41+00:00\",\"dateModified\":\"2024-10-07T10:55:56+00:00\",\"description\":\"Ozdobte sv\u00e9 u\u0161i n\u00e1u\u0161nicemi Sun-kissed Tassels od Matildy Gira, kter\u00e9 ru\u010dn\u011b a precizn\u011b vyrobil kolumbijsk\u00fd kmen Embera Chami.\",\"breadcrumb\":{\"@id\":\"https:\\\/\\\/matildagira.eu\\\/cs\\\/shop\\\/nausnice-se-strapci-polibenymi-sluncem\\\/#breadcrumb\"},\"inLanguage\":\"cs\",\"potentialAction\":[{\"@type\":\"ReadAction\",\"target\":[\"https:\\\/\\\/matildagira.eu\\\/cs\\\/shop\\\/nausnice-se-strapci-polibenymi-sluncem\\\/\"]}]},{\"@type\":\"ImageObject\",\"inLanguage\":\"cs\",\"@id\":\"https:\\\/\\\/matildagira.eu\\\/cs\\\/shop\\\/nausnice-se-strapci-polibenymi-sluncem\\\/#primaryimage\",\"url\":\"https:\\\/\\\/matildagira.eu\\\/wp-content\\\/uploads\\\/2023\\\/11\\\/earrings3.png\",\"contentUrl\":\"https:\\\/\\\/matildagira.eu\\\/wp-content\\\/uploads\\\/2023\\\/11\\\/earrings3.png\",\"width\":1080,\"height\":1080},{\"@type\":\"BreadcrumbList\",\"@id\":\"https:\\\/\\\/matildagira.eu\\\/cs\\\/shop\\\/nausnice-se-strapci-polibenymi-sluncem\\\/#breadcrumb\",\"itemListElement\":[{\"@type\":\"ListItem\",\"position\":1,\"name\":\"Dom\u016f\",\"item\":\"https:\\\/\\\/matildagira.eu\\\/cs\\\/\"},{\"@type\":\"ListItem\",\"position\":2,\"name\":\"Shop\",\"item\":\"https:\\\/\\\/matildagira.eu\\\/cs\\\/shop\\\/\"},{\"@type\":\"ListItem\",\"position\":3,\"name\":\"N\u00e1u\u0161nice se st\u0159apci pol\u00edben\u00fdmi sluncem\"}]},{\"@type\":\"WebSite\",\"@id\":\"https:\\\/\\\/matildagira.eu\\\/cs\\\/#website\",\"url\":\"https:\\\/\\\/matildagira.eu\\\/cs\\\/\",\"name\":\"Matilda Gira\",\"description\":\"Handcrafted Hats\",\"publisher\":{\"@id\":\"https:\\\/\\\/matildagira.eu\\\/cs\\\/#organization\"},\"potentialAction\":[{\"@type\":\"SearchAction\",\"target\":{\"@type\":\"EntryPoint\",\"urlTemplate\":\"https:\\\/\\\/matildagira.eu\\\/cs\\\/?s={search_term_string}\"},\"query-input\":{\"@type\":\"PropertyValueSpecification\",\"valueRequired\":true,\"valueName\":\"search_term_string\"}}],\"inLanguage\":\"cs\"},{\"@type\":\"Organization\",\"@id\":\"https:\\\/\\\/matildagira.eu\\\/cs\\\/#organization\",\"name\":\"Matilda Gira\",\"url\":\"https:\\\/\\\/matildagira.eu\\\/cs\\\/\",\"logo\":{\"@type\":\"ImageObject\",\"inLanguage\":\"cs\",\"@id\":\"https:\\\/\\\/matildagira.eu\\\/cs\\\/#\\\/schema\\\/logo\\\/image\\\/\",\"url\":\"https:\\\/\\\/matildagira.eu\\\/wp-content\\\/uploads\\\/2022\\\/09\\\/LOGO-COLOR-VERDE.png\",\"contentUrl\":\"https:\\\/\\\/matildagira.eu\\\/wp-content\\\/uploads\\\/2022\\\/09\\\/LOGO-COLOR-VERDE.png\",\"width\":1010,\"height\":446,\"caption\":\"Matilda Gira\"},\"image\":{\"@id\":\"https:\\\/\\\/matildagira.eu\\\/cs\\\/#\\\/schema\\\/logo\\\/image\\\/\"},\"sameAs\":[\"https:\\\/\\\/www.facebook.com\\\/matildagira\",\"https:\\\/\\\/www.instagram.com\\\/matilda.gira\\\/\",\"https:\\\/\\\/www.pinterest.com.au\\\/matildagira\\\/\",\"https:\\\/\\\/www.tiktok.com\\\/@matildagira?lang=es\"]}]}<\/script>\n<meta property=\"product:price:amount\" content=\"550\" \/>\n<meta property=\"product:price:currency\" content=\"CZK\" \/>\n<meta property=\"og:availability\" content=\"instock\" \/>\n<meta property=\"product:availability\" content=\"instock\" \/>\n<meta property=\"product:retailer_item_id\" content=\"ACC-EAR-SUNKISSED\" \/>\n<meta property=\"product:condition\" content=\"new\" \/>\n<!-- \/ Yoast SEO plugin. -->","yoast_head_json":{"title":"N\u00e1u\u0161nice se st\u0159apci pol\u00edben\u00fdmi sluncem - Matilda Gira","description":"Ozdobte sv\u00e9 u\u0161i n\u00e1u\u0161nicemi Sun-kissed Tassels od Matildy Gira, kter\u00e9 ru\u010dn\u011b a precizn\u011b vyrobil kolumbijsk\u00fd kmen Embera Chami.","robots":{"index":"index","follow":"follow","max-snippet":"max-snippet:-1","max-image-preview":"max-image-preview:large","max-video-preview":"max-video-preview:-1"},"canonical":"https:\/\/matildagira.eu\/cs\/shop\/nausnice-se-strapci-polibenymi-sluncem\/","og_locale":"cs_CZ","og_type":"article","og_title":"N\u00e1u\u0161nice se st\u0159apci pol\u00edben\u00fdmi sluncem - Matilda Gira","og_description":"Ozdobte sv\u00e9 u\u0161i n\u00e1u\u0161nicemi Sun-kissed Tassels od Matildy Gira, kter\u00e9 ru\u010dn\u011b a precizn\u011b vyrobil kolumbijsk\u00fd kmen Embera Chami.","og_url":"https:\/\/matildagira.eu\/cs\/shop\/nausnice-se-strapci-polibenymi-sluncem\/","og_site_name":"Matilda Gira","article_publisher":"https:\/\/www.facebook.com\/matildagira","article_modified_time":"2024-10-07T10:55:56+00:00","og_image":[{"width":1080,"height":1080,"url":"https:\/\/matildagira.eu\/wp-content\/uploads\/2023\/11\/earrings3.png","type":"image\/png"}],"twitter_card":"summary_large_image","twitter_misc":{"Cena":"550&nbsp;&#75;&#269;","Dostupnost":"Skladem"},"schema":{"@context":"https:\/\/schema.org","@graph":[{"@type":"WebPage","@id":"https:\/\/matildagira.eu\/cs\/shop\/nausnice-se-strapci-polibenymi-sluncem\/","url":"https:\/\/matildagira.eu\/cs\/shop\/nausnice-se-strapci-polibenymi-sluncem\/","name":"N\u00e1u\u0161nice se st\u0159apci pol\u00edben\u00fdmi sluncem - Matilda Gira","isPartOf":{"@id":"https:\/\/matildagira.eu\/cs\/#website"},"primaryImageOfPage":{"@id":"https:\/\/matildagira.eu\/cs\/shop\/nausnice-se-strapci-polibenymi-sluncem\/#primaryimage"},"image":{"@id":"https:\/\/matildagira.eu\/cs\/shop\/nausnice-se-strapci-polibenymi-sluncem\/#primaryimage"},"thumbnailUrl":"https:\/\/matildagira.eu\/wp-content\/uploads\/2023\/11\/earrings3.png","datePublished":"2023-11-10T12:56:41+00:00","dateModified":"2024-10-07T10:55:56+00:00","description":"Ozdobte sv\u00e9 u\u0161i n\u00e1u\u0161nicemi Sun-kissed Tassels od Matildy Gira, kter\u00e9 ru\u010dn\u011b a precizn\u011b vyrobil kolumbijsk\u00fd kmen Embera Chami.","breadcrumb":{"@id":"https:\/\/matildagira.eu\/cs\/shop\/nausnice-se-strapci-polibenymi-sluncem\/#breadcrumb"},"inLanguage":"cs","potentialAction":[{"@type":"ReadAction","target":["https:\/\/matildagira.eu\/cs\/shop\/nausnice-se-strapci-polibenymi-sluncem\/"]}]},{"@type":"ImageObject","inLanguage":"cs","@id":"https:\/\/matildagira.eu\/cs\/shop\/nausnice-se-strapci-polibenymi-sluncem\/#primaryimage","url":"https:\/\/matildagira.eu\/wp-content\/uploads\/2023\/11\/earrings3.png","contentUrl":"https:\/\/matildagira.eu\/wp-content\/uploads\/2023\/11\/earrings3.png","width":1080,"height":1080},{"@type":"BreadcrumbList","@id":"https:\/\/matildagira.eu\/cs\/shop\/nausnice-se-strapci-polibenymi-sluncem\/#breadcrumb","itemListElement":[{"@type":"ListItem","position":1,"name":"Dom\u016f","item":"https:\/\/matildagira.eu\/cs\/"},{"@type":"ListItem","position":2,"name":"Shop","item":"https:\/\/matildagira.eu\/cs\/shop\/"},{"@type":"ListItem","position":3,"name":"N\u00e1u\u0161nice se st\u0159apci pol\u00edben\u00fdmi sluncem"}]},{"@type":"WebSite","@id":"https:\/\/matildagira.eu\/cs\/#website","url":"https:\/\/matildagira.eu\/cs\/","name":"Matilda Gira","description":"Handcrafted Hats","publisher":{"@id":"https:\/\/matildagira.eu\/cs\/#organization"},"potentialAction":[{"@type":"SearchAction","target":{"@type":"EntryPoint","urlTemplate":"https:\/\/matildagira.eu\/cs\/?s={search_term_string}"},"query-input":{"@type":"PropertyValueSpecification","valueRequired":true,"valueName":"search_term_string"}}],"inLanguage":"cs"},{"@type":"Organization","@id":"https:\/\/matildagira.eu\/cs\/#organization","name":"Matilda Gira","url":"https:\/\/matildagira.eu\/cs\/","logo":{"@type":"ImageObject","inLanguage":"cs","@id":"https:\/\/matildagira.eu\/cs\/#\/schema\/logo\/image\/","url":"https:\/\/matildagira.eu\/wp-content\/uploads\/2022\/09\/LOGO-COLOR-VERDE.png","contentUrl":"https:\/\/matildagira.eu\/wp-content\/uploads\/2022\/09\/LOGO-COLOR-VERDE.png","width":1010,"height":446,"caption":"Matilda Gira"},"image":{"@id":"https:\/\/matildagira.eu\/cs\/#\/schema\/logo\/image\/"},"sameAs":["https:\/\/www.facebook.com\/matildagira","https:\/\/www.instagram.com\/matilda.gira\/","https:\/\/www.pinterest.com.au\/matildagira\/","https:\/\/www.tiktok.com\/@matildagira?lang=es"]}]},"product_price_amount":"550","product_price_currency":"CZK","og_availability":"instock","product_availability":"instock","product_retailer_item_id":"ACC-EAR-SUNKISSED","product_condition":"new"},"_links":{"self":[{"href":"https:\/\/matildagira.eu\/cs\/wp-json\/wp\/v2\/product\/7398","targetHints":{"allow":["GET"]}}],"collection":[{"href":"https:\/\/matildagira.eu\/cs\/wp-json\/wp\/v2\/product"}],"about":[{"href":"https:\/\/matildagira.eu\/cs\/wp-json\/wp\/v2\/types\/product"}],"replies":[{"embeddable":true,"href":"https:\/\/matildagira.eu\/cs\/wp-json\/wp\/v2\/comments?post=7398"}],"version-history":[{"count":1,"href":"https:\/\/matildagira.eu\/cs\/wp-json\/wp\/v2\/product\/7398\/revisions"}],"predecessor-version":[{"id":7400,"href":"https:\/\/matildagira.eu\/cs\/wp-json\/wp\/v2\/product\/7398\/revisions\/7400"}],"wp:featuredmedia":[{"embeddable":true,"href":"https:\/\/matildagira.eu\/cs\/wp-json\/wp\/v2\/media\/6929"}],"wp:attachment":[{"href":"https:\/\/matildagira.eu\/cs\/wp-json\/wp\/v2\/media?parent=7398"}],"wp:term":[{"taxonomy":"product_brand","embeddable":true,"href":"https:\/\/matildagira.eu\/cs\/wp-json\/wp\/v2\/product_brand?post=7398"},{"taxonomy":"product_cat","embeddable":true,"href":"https:\/\/matildagira.eu\/cs\/wp-json\/wp\/v2\/product_cat?post=7398"},{"taxonomy":"product_tag","embeddable":true,"href":"https:\/\/matildagira.eu\/cs\/wp-json\/wp\/v2\/product_tag?post=7398"}],"curies":[{"name":"wp","href":"https:\/\/api.w.org\/{rel}","templated":true}]}}