



{"id":7395,"date":"2023-10-31T12:03:22","date_gmt":"2023-10-31T11:03:22","guid":{"rendered":"https:\/\/matildagira.eu\/shop\/kloboukova-kapela-star-dust\/"},"modified":"2026-04-09T13:21:05","modified_gmt":"2026-04-09T11:21:05","slug":"star-dust-hat-band","status":"publish","type":"product","link":"https:\/\/matildagira.eu\/cs\/shop\/star-dust-hat-band\/","title":{"rendered":"Star Dust"},"content":{"rendered":"<p>Matilda Gira hrd\u011b p\u0159edstavuje <strong>Star Dust<\/strong>, nebesk\u00fd kloboukov\u00fd dopln\u011bk, kter\u00fd pe\u010dliv\u011b ru\u010dn\u011b vyrobil domorod\u00fd kmen Embera Chami z Kolumbie. Tento okouzluj\u00edc\u00ed kousek zachycuje majest\u00e1tnost no\u010dn\u00ed oblohy s hlubok\u00fdm \u010dern\u00fdm pozad\u00edm p\u0159eru\u0161ovan\u00fdm t\u0159pytiv\u00fdmi zlat\u00fdmi hv\u011bzdami, kter\u00e9 jsou realizov\u00e1ny slo\u017eit\u00fdm rozm\u00edst\u011bn\u00edm \u010desk\u00fdch perli\u010dek. <strong>Kosmick\u00e9 \u0159emesln\u00e9 zpracov\u00e1n\u00ed a geometrick\u00e1 preciznost<\/strong> N\u00e1ramek Stardust je z\u00e1zrakem geometrick\u00e9ho designu se souhv\u011bzd\u00edm perli\u010dek ve tvaru hv\u011bzd, kter\u00e9 do va\u0161eho \u0161atn\u00edku vnesou vesm\u00edr. Precizn\u00ed technika ru\u010dn\u00edho kor\u00e1lkov\u00e1n\u00ed, kterou pou\u017e\u00edvaj\u00ed \u0159emesln\u00edci Embera Chami, prop\u016fj\u010duje ka\u017ed\u00e9mu kusu osobn\u00ed n\u00e1dech kosmu a zaji\u0161\u0165uje, \u017ee \u017e\u00e1dn\u00e9 dva n\u00e1ramky nejsou stejn\u00e9.<\/p>\n","protected":false},"excerpt":{"rendered":"<h3>Vlastnosti:<\/h3>\n<ul>\n<li>Ru\u010dn\u00ed v\u00fdroba<\/li>\n<li>\u010cesk\u00e9 perli\u010dky<\/li>\n<li>Kovov\u011b \u0161ed\u00e1 a m\u011bd\u011bn\u00e1 barva<\/li>\n<li>Tato polo\u017eka nezahrnuje klobouk.<br \/>\nKlobouk se prod\u00e1v\u00e1 samostatn\u011b.<\/li>\n<\/ul>\n<p>&nbsp;<\/p>\n<h3>Dopl\u0148te vzhled:<\/h3>\n<p>Nakupujte v na\u0161em obchod\u011b <a href=\"https:\/\/matildagira.eu\/page\/1\/?s=vegan+suede&amp;post_type=product\">Kolekce klobouk\u016f Matilda Gira zde!<\/a><\/p>\n<h3>Rozm\u011bry:<\/h3>\n<p>Obvod: 22 palc\u016f.<\/p>\n<h3><\/h3>\n<h3>P\u00e9\u010de:<\/h3>\n<ul>\n<li>\u0160perky z klobouku si po no\u0161en\u00ed ulo\u017ete do pouzdra Matilda Gira.<\/li>\n<li>Neodst\u0159ihujte nit\u011b.<\/li>\n<li>Nenoste je ve vod\u011b.<\/li>\n<li>Vy\u010dist\u011bte \u0161perky le\u0161t\u00edc\u00edm had\u0159\u00edkem.<\/li>\n<\/ul>\n<p>&nbsp;<\/p>\n<p>&nbsp;<\/p>\n","protected":false},"featured_media":7124,"comment_status":"closed","ping_status":"closed","template":"","meta":{"_monsterinsights_skip_tracking":false,"_monsterinsights_sitenote_active":false,"_monsterinsights_sitenote_note":"","_monsterinsights_sitenote_category":0},"product_brand":[],"product_cat":[678],"product_tag":[685],"class_list":{"0":"post-7395","1":"product","2":"type-product","3":"status-publish","4":"has-post-thumbnail","6":"product_cat-paskovy-doplnek","7":"product_tag-nejprodavanejsi-cs","9":"first","10":"instock","11":"sale","12":"taxable","13":"shipping-taxable","14":"purchasable","15":"product-type-simple"},"supplier_id":null,"supplier_sku":"","barcode":null,"atum_controlled":true,"out_stock_date":null,"out_stock_threshold":null,"inheritable":false,"inbound_stock":null,"stock_on_hold":0,"sold_today":0,"sales_last_days":0,"reserved_stock":null,"customer_returns":null,"warehouse_damage":null,"lost_in_post":null,"other_logs":null,"out_stock_days":0,"lost_sales":0,"has_location":false,"update_date":"2026-04-11T00:18:49","atum_locations":[],"atum_stock_status":"instock","restock_status":false,"low_stock_amount":"","sales_update_date":"2026-04-11T00:18:49","calc_backorders":null,"yoast_head":"<!-- This site is optimized with the Yoast SEO plugin v27.3 - https:\/\/yoast.com\/product\/yoast-seo-wordpress\/ -->\n<title>Star Dust - Matilda Gira<\/title>\n<meta name=\"description\" content=\"Rozza\u0159te sv\u016fj vzhled kloboukovou p\u00e1skou &quot;Stardust&quot; od Matildy Giry, kterou ru\u010dn\u011b vyrobil kolumbijsk\u00fd kmen Embera Chami z \u010dern\u00fdch a zlat\u00fdch \u010desk\u00fdch perli\u010dek.\" \/>\n<meta name=\"robots\" content=\"index, follow, max-snippet:-1, max-image-preview:large, max-video-preview:-1\" \/>\n<link rel=\"canonical\" href=\"https:\/\/matildagira.eu\/cs\/shop\/star-dust-hat-band\/\" \/>\n<meta property=\"og:locale\" content=\"cs_CZ\" \/>\n<meta property=\"og:type\" content=\"article\" \/>\n<meta property=\"og:title\" content=\"Star Dust - Matilda Gira\" \/>\n<meta property=\"og:description\" content=\"Rozza\u0159te sv\u016fj vzhled kloboukovou p\u00e1skou &quot;Stardust&quot; od Matildy Giry, kterou ru\u010dn\u011b vyrobil kolumbijsk\u00fd kmen Embera Chami z \u010dern\u00fdch a zlat\u00fdch \u010desk\u00fdch perli\u010dek.\" \/>\n<meta property=\"og:url\" content=\"https:\/\/matildagira.eu\/cs\/shop\/star-dust-hat-band\/\" \/>\n<meta property=\"og:site_name\" content=\"Matilda Gira\" \/>\n<meta property=\"article:publisher\" content=\"https:\/\/www.facebook.com\/matildagira\" \/>\n<meta property=\"article:modified_time\" content=\"2026-04-09T11:21:05+00:00\" \/>\n<meta property=\"og:image\" content=\"https:\/\/matildagira.eu\/wp-content\/uploads\/2023\/10\/36484d8e-b1dc-4103-b63f-eef1509d98b6-scaled.jpg\" \/>\n\t<meta property=\"og:image:width\" content=\"1697\" \/>\n\t<meta property=\"og:image:height\" content=\"2560\" \/>\n\t<meta property=\"og:image:type\" content=\"image\/jpeg\" \/>\n<meta name=\"twitter:card\" content=\"summary_large_image\" \/>\n<meta name=\"twitter:label1\" content=\"Cena\" \/>\n\t<meta name=\"twitter:data1\" content=\"569&nbsp;&#075;&#269;\" \/>\n\t<meta name=\"twitter:label2\" content=\"Dostupnost\" \/>\n\t<meta name=\"twitter:data2\" content=\"Skladem\" \/>\n<script type=\"application\/ld+json\" class=\"yoast-schema-graph\">{\"@context\":\"https:\\\/\\\/schema.org\",\"@graph\":[{\"@type\":\"WebPage\",\"@id\":\"https:\\\/\\\/matildagira.eu\\\/cs\\\/shop\\\/star-dust-hat-band\\\/\",\"url\":\"https:\\\/\\\/matildagira.eu\\\/cs\\\/shop\\\/star-dust-hat-band\\\/\",\"name\":\"Star Dust - Matilda Gira\",\"isPartOf\":{\"@id\":\"https:\\\/\\\/matildagira.eu\\\/cs\\\/#website\"},\"primaryImageOfPage\":{\"@id\":\"https:\\\/\\\/matildagira.eu\\\/cs\\\/shop\\\/star-dust-hat-band\\\/#primaryimage\"},\"image\":{\"@id\":\"https:\\\/\\\/matildagira.eu\\\/cs\\\/shop\\\/star-dust-hat-band\\\/#primaryimage\"},\"thumbnailUrl\":\"https:\\\/\\\/matildagira.eu\\\/wp-content\\\/uploads\\\/2023\\\/10\\\/36484d8e-b1dc-4103-b63f-eef1509d98b6-scaled.jpg\",\"datePublished\":\"2023-10-31T11:03:22+00:00\",\"dateModified\":\"2026-04-09T11:21:05+00:00\",\"description\":\"Rozza\u0159te sv\u016fj vzhled kloboukovou p\u00e1skou \\\"Stardust\\\" od Matildy Giry, kterou ru\u010dn\u011b vyrobil kolumbijsk\u00fd kmen Embera Chami z \u010dern\u00fdch a zlat\u00fdch \u010desk\u00fdch perli\u010dek.\",\"breadcrumb\":{\"@id\":\"https:\\\/\\\/matildagira.eu\\\/cs\\\/shop\\\/star-dust-hat-band\\\/#breadcrumb\"},\"inLanguage\":\"cs\",\"potentialAction\":[{\"@type\":\"ReadAction\",\"target\":[\"https:\\\/\\\/matildagira.eu\\\/cs\\\/shop\\\/star-dust-hat-band\\\/\"]}]},{\"@type\":\"ImageObject\",\"inLanguage\":\"cs\",\"@id\":\"https:\\\/\\\/matildagira.eu\\\/cs\\\/shop\\\/star-dust-hat-band\\\/#primaryimage\",\"url\":\"https:\\\/\\\/matildagira.eu\\\/wp-content\\\/uploads\\\/2023\\\/10\\\/36484d8e-b1dc-4103-b63f-eef1509d98b6-scaled.jpg\",\"contentUrl\":\"https:\\\/\\\/matildagira.eu\\\/wp-content\\\/uploads\\\/2023\\\/10\\\/36484d8e-b1dc-4103-b63f-eef1509d98b6-scaled.jpg\",\"width\":1697,\"height\":2560},{\"@type\":\"BreadcrumbList\",\"@id\":\"https:\\\/\\\/matildagira.eu\\\/cs\\\/shop\\\/star-dust-hat-band\\\/#breadcrumb\",\"itemListElement\":[{\"@type\":\"ListItem\",\"position\":1,\"name\":\"Dom\u016f\",\"item\":\"https:\\\/\\\/matildagira.eu\\\/cs\\\/\"},{\"@type\":\"ListItem\",\"position\":2,\"name\":\"Shop\",\"item\":\"https:\\\/\\\/matildagira.eu\\\/cs\\\/shop\\\/\"},{\"@type\":\"ListItem\",\"position\":3,\"name\":\"Star Dust\"}]},{\"@type\":\"WebSite\",\"@id\":\"https:\\\/\\\/matildagira.eu\\\/cs\\\/#website\",\"url\":\"https:\\\/\\\/matildagira.eu\\\/cs\\\/\",\"name\":\"Matilda Gira\",\"description\":\"Handcrafted Hats\",\"publisher\":{\"@id\":\"https:\\\/\\\/matildagira.eu\\\/cs\\\/#organization\"},\"potentialAction\":[{\"@type\":\"SearchAction\",\"target\":{\"@type\":\"EntryPoint\",\"urlTemplate\":\"https:\\\/\\\/matildagira.eu\\\/cs\\\/?s={search_term_string}\"},\"query-input\":{\"@type\":\"PropertyValueSpecification\",\"valueRequired\":true,\"valueName\":\"search_term_string\"}}],\"inLanguage\":\"cs\"},{\"@type\":\"Organization\",\"@id\":\"https:\\\/\\\/matildagira.eu\\\/cs\\\/#organization\",\"name\":\"Matilda Gira\",\"url\":\"https:\\\/\\\/matildagira.eu\\\/cs\\\/\",\"logo\":{\"@type\":\"ImageObject\",\"inLanguage\":\"cs\",\"@id\":\"https:\\\/\\\/matildagira.eu\\\/cs\\\/#\\\/schema\\\/logo\\\/image\\\/\",\"url\":\"https:\\\/\\\/matildagira.eu\\\/wp-content\\\/uploads\\\/2022\\\/09\\\/LOGO-COLOR-VERDE.png\",\"contentUrl\":\"https:\\\/\\\/matildagira.eu\\\/wp-content\\\/uploads\\\/2022\\\/09\\\/LOGO-COLOR-VERDE.png\",\"width\":1010,\"height\":446,\"caption\":\"Matilda Gira\"},\"image\":{\"@id\":\"https:\\\/\\\/matildagira.eu\\\/cs\\\/#\\\/schema\\\/logo\\\/image\\\/\"},\"sameAs\":[\"https:\\\/\\\/www.facebook.com\\\/matildagira\",\"https:\\\/\\\/www.instagram.com\\\/matilda.gira\\\/\",\"https:\\\/\\\/www.pinterest.com.au\\\/matildagira\\\/\",\"https:\\\/\\\/www.tiktok.com\\\/@matildagira?lang=es\"]}]}<\/script>\n<meta property=\"product:price:amount\" content=\"569\" \/>\n<meta property=\"product:price:currency\" content=\"CZK\" \/>\n<meta property=\"og:availability\" content=\"instock\" \/>\n<meta property=\"product:availability\" content=\"instock\" \/>\n<meta property=\"product:retailer_item_id\" content=\"ACC-BAND-STARDUST\" \/>\n<meta property=\"product:condition\" content=\"new\" \/>\n<!-- \/ Yoast SEO plugin. -->","yoast_head_json":{"title":"Star Dust - Matilda Gira","description":"Rozza\u0159te sv\u016fj vzhled kloboukovou p\u00e1skou \"Stardust\" od Matildy Giry, kterou ru\u010dn\u011b vyrobil kolumbijsk\u00fd kmen Embera Chami z \u010dern\u00fdch a zlat\u00fdch \u010desk\u00fdch perli\u010dek.","robots":{"index":"index","follow":"follow","max-snippet":"max-snippet:-1","max-image-preview":"max-image-preview:large","max-video-preview":"max-video-preview:-1"},"canonical":"https:\/\/matildagira.eu\/cs\/shop\/star-dust-hat-band\/","og_locale":"cs_CZ","og_type":"article","og_title":"Star Dust - Matilda Gira","og_description":"Rozza\u0159te sv\u016fj vzhled kloboukovou p\u00e1skou \"Stardust\" od Matildy Giry, kterou ru\u010dn\u011b vyrobil kolumbijsk\u00fd kmen Embera Chami z \u010dern\u00fdch a zlat\u00fdch \u010desk\u00fdch perli\u010dek.","og_url":"https:\/\/matildagira.eu\/cs\/shop\/star-dust-hat-band\/","og_site_name":"Matilda Gira","article_publisher":"https:\/\/www.facebook.com\/matildagira","article_modified_time":"2026-04-09T11:21:05+00:00","og_image":[{"width":1697,"height":2560,"url":"https:\/\/matildagira.eu\/wp-content\/uploads\/2023\/10\/36484d8e-b1dc-4103-b63f-eef1509d98b6-scaled.jpg","type":"image\/jpeg"}],"twitter_card":"summary_large_image","twitter_misc":{"Cena":"569&nbsp;&#75;&#269;","Dostupnost":"Skladem"},"schema":{"@context":"https:\/\/schema.org","@graph":[{"@type":"WebPage","@id":"https:\/\/matildagira.eu\/cs\/shop\/star-dust-hat-band\/","url":"https:\/\/matildagira.eu\/cs\/shop\/star-dust-hat-band\/","name":"Star Dust - Matilda Gira","isPartOf":{"@id":"https:\/\/matildagira.eu\/cs\/#website"},"primaryImageOfPage":{"@id":"https:\/\/matildagira.eu\/cs\/shop\/star-dust-hat-band\/#primaryimage"},"image":{"@id":"https:\/\/matildagira.eu\/cs\/shop\/star-dust-hat-band\/#primaryimage"},"thumbnailUrl":"https:\/\/matildagira.eu\/wp-content\/uploads\/2023\/10\/36484d8e-b1dc-4103-b63f-eef1509d98b6-scaled.jpg","datePublished":"2023-10-31T11:03:22+00:00","dateModified":"2026-04-09T11:21:05+00:00","description":"Rozza\u0159te sv\u016fj vzhled kloboukovou p\u00e1skou \"Stardust\" od Matildy Giry, kterou ru\u010dn\u011b vyrobil kolumbijsk\u00fd kmen Embera Chami z \u010dern\u00fdch a zlat\u00fdch \u010desk\u00fdch perli\u010dek.","breadcrumb":{"@id":"https:\/\/matildagira.eu\/cs\/shop\/star-dust-hat-band\/#breadcrumb"},"inLanguage":"cs","potentialAction":[{"@type":"ReadAction","target":["https:\/\/matildagira.eu\/cs\/shop\/star-dust-hat-band\/"]}]},{"@type":"ImageObject","inLanguage":"cs","@id":"https:\/\/matildagira.eu\/cs\/shop\/star-dust-hat-band\/#primaryimage","url":"https:\/\/matildagira.eu\/wp-content\/uploads\/2023\/10\/36484d8e-b1dc-4103-b63f-eef1509d98b6-scaled.jpg","contentUrl":"https:\/\/matildagira.eu\/wp-content\/uploads\/2023\/10\/36484d8e-b1dc-4103-b63f-eef1509d98b6-scaled.jpg","width":1697,"height":2560},{"@type":"BreadcrumbList","@id":"https:\/\/matildagira.eu\/cs\/shop\/star-dust-hat-band\/#breadcrumb","itemListElement":[{"@type":"ListItem","position":1,"name":"Dom\u016f","item":"https:\/\/matildagira.eu\/cs\/"},{"@type":"ListItem","position":2,"name":"Shop","item":"https:\/\/matildagira.eu\/cs\/shop\/"},{"@type":"ListItem","position":3,"name":"Star Dust"}]},{"@type":"WebSite","@id":"https:\/\/matildagira.eu\/cs\/#website","url":"https:\/\/matildagira.eu\/cs\/","name":"Matilda Gira","description":"Handcrafted Hats","publisher":{"@id":"https:\/\/matildagira.eu\/cs\/#organization"},"potentialAction":[{"@type":"SearchAction","target":{"@type":"EntryPoint","urlTemplate":"https:\/\/matildagira.eu\/cs\/?s={search_term_string}"},"query-input":{"@type":"PropertyValueSpecification","valueRequired":true,"valueName":"search_term_string"}}],"inLanguage":"cs"},{"@type":"Organization","@id":"https:\/\/matildagira.eu\/cs\/#organization","name":"Matilda Gira","url":"https:\/\/matildagira.eu\/cs\/","logo":{"@type":"ImageObject","inLanguage":"cs","@id":"https:\/\/matildagira.eu\/cs\/#\/schema\/logo\/image\/","url":"https:\/\/matildagira.eu\/wp-content\/uploads\/2022\/09\/LOGO-COLOR-VERDE.png","contentUrl":"https:\/\/matildagira.eu\/wp-content\/uploads\/2022\/09\/LOGO-COLOR-VERDE.png","width":1010,"height":446,"caption":"Matilda Gira"},"image":{"@id":"https:\/\/matildagira.eu\/cs\/#\/schema\/logo\/image\/"},"sameAs":["https:\/\/www.facebook.com\/matildagira","https:\/\/www.instagram.com\/matilda.gira\/","https:\/\/www.pinterest.com.au\/matildagira\/","https:\/\/www.tiktok.com\/@matildagira?lang=es"]}]},"product_price_amount":"569","product_price_currency":"CZK","og_availability":"instock","product_availability":"instock","product_retailer_item_id":"ACC-BAND-STARDUST","product_condition":"new"},"_links":{"self":[{"href":"https:\/\/matildagira.eu\/cs\/wp-json\/wp\/v2\/product\/7395","targetHints":{"allow":["GET"]}}],"collection":[{"href":"https:\/\/matildagira.eu\/cs\/wp-json\/wp\/v2\/product"}],"about":[{"href":"https:\/\/matildagira.eu\/cs\/wp-json\/wp\/v2\/types\/product"}],"replies":[{"embeddable":true,"href":"https:\/\/matildagira.eu\/cs\/wp-json\/wp\/v2\/comments?post=7395"}],"version-history":[{"count":5,"href":"https:\/\/matildagira.eu\/cs\/wp-json\/wp\/v2\/product\/7395\/revisions"}],"predecessor-version":[{"id":8603,"href":"https:\/\/matildagira.eu\/cs\/wp-json\/wp\/v2\/product\/7395\/revisions\/8603"}],"wp:featuredmedia":[{"embeddable":true,"href":"https:\/\/matildagira.eu\/cs\/wp-json\/wp\/v2\/media\/7124"}],"wp:attachment":[{"href":"https:\/\/matildagira.eu\/cs\/wp-json\/wp\/v2\/media?parent=7395"}],"wp:term":[{"taxonomy":"product_brand","embeddable":true,"href":"https:\/\/matildagira.eu\/cs\/wp-json\/wp\/v2\/product_brand?post=7395"},{"taxonomy":"product_cat","embeddable":true,"href":"https:\/\/matildagira.eu\/cs\/wp-json\/wp\/v2\/product_cat?post=7395"},{"taxonomy":"product_tag","embeddable":true,"href":"https:\/\/matildagira.eu\/cs\/wp-json\/wp\/v2\/product_tag?post=7395"}],"curies":[{"name":"wp","href":"https:\/\/api.w.org\/{rel}","templated":true}]}}