



{"id":7391,"date":"2024-03-10T17:06:10","date_gmt":"2024-03-10T16:06:10","guid":{"rendered":"https:\/\/matildagira.eu\/shop\/nausnice-z-japonskych-koralku-rosa-miyuki-mini-hoops\/"},"modified":"2025-07-18T17:29:23","modified_gmt":"2025-07-18T15:29:23","slug":"nausnice-z-japonskych-koralku-rosa-miyuki-mini-hoops","status":"publish","type":"product","link":"https:\/\/matildagira.eu\/cs\/shop\/nausnice-z-japonskych-koralku-rosa-miyuki-mini-hoops\/","title":{"rendered":"N\u00e1u\u0161nice z japonsk\u00fdch kor\u00e1lk\u016f Rosa Miyuki Mini Hoops"},"content":{"rendered":"","protected":false},"excerpt":{"rendered":"<h3>Vlastnosti:<\/h3>\n<ul>\n<li>Vyrobeno z oceli s 24kar\u00e1tov\u00fdm pozlacen\u00edm.<\/li>\n<li>Ru\u010dn\u00ed v\u00fdroba v Kolumbii.<\/li>\n<li>Obsahuje: p\u00e1r dlouh\u00fdch zlat\u00fdch n\u00e1u\u0161nic.<\/li>\n<\/ul>\n<h3>Rozm\u011bry:<\/h3>\n<h3>P\u00e9\u010de:<\/h3>\n","protected":false},"featured_media":7024,"comment_status":"closed","ping_status":"closed","template":"","meta":{"_monsterinsights_skip_tracking":false,"_monsterinsights_sitenote_active":false,"_monsterinsights_sitenote_note":"","_monsterinsights_sitenote_category":0},"product_brand":[],"product_cat":[672],"product_tag":[],"class_list":{"0":"post-7391","1":"product","2":"type-product","3":"status-publish","4":"has-post-thumbnail","6":"product_cat-nausnice","8":"first","9":"instock","10":"sale","11":"taxable","12":"shipping-taxable","13":"purchasable","14":"product-type-simple"},"supplier_id":null,"supplier_sku":"","barcode":null,"atum_controlled":true,"out_stock_date":null,"out_stock_threshold":null,"inheritable":false,"inbound_stock":0,"stock_on_hold":0,"sold_today":0,"sales_last_days":0,"reserved_stock":0,"customer_returns":0,"warehouse_damage":0,"lost_in_post":0,"other_logs":0,"out_stock_days":0,"lost_sales":0,"has_location":false,"update_date":"2026-04-05T00:07:43","atum_locations":[],"atum_stock_status":"instock","restock_status":false,"low_stock_amount":"","sales_update_date":"2026-04-05T00:07:43","calc_backorders":null,"yoast_head":"<!-- This site is optimized with the Yoast SEO plugin v27.3 - https:\/\/yoast.com\/product\/yoast-seo-wordpress\/ -->\n<title>N\u00e1u\u0161nice z japonsk\u00fdch kor\u00e1lk\u016f Rosa Miyuki Mini Hoops - Matilda Gira<\/title>\n<meta name=\"robots\" content=\"index, follow, max-snippet:-1, max-image-preview:large, max-video-preview:-1\" \/>\n<link rel=\"canonical\" href=\"https:\/\/matildagira.eu\/cs\/shop\/nausnice-z-japonskych-koralku-rosa-miyuki-mini-hoops\/\" \/>\n<meta property=\"og:locale\" content=\"cs_CZ\" \/>\n<meta property=\"og:type\" content=\"article\" \/>\n<meta property=\"og:title\" content=\"N\u00e1u\u0161nice z japonsk\u00fdch kor\u00e1lk\u016f Rosa Miyuki Mini Hoops - Matilda Gira\" \/>\n<meta property=\"og:description\" content=\"Vlastnosti:  Vyrobeno z oceli s 24kar\u00e1tov\u00fdm pozlacen\u00edm.  Ru\u010dn\u00ed v\u00fdroba v Kolumbii.  Obsahuje: p\u00e1r dlouh\u00fdch zlat\u00fdch n\u00e1u\u0161nic. Rozm\u011bry: P\u00e9\u010de:\" \/>\n<meta property=\"og:url\" content=\"https:\/\/matildagira.eu\/cs\/shop\/nausnice-z-japonskych-koralku-rosa-miyuki-mini-hoops\/\" \/>\n<meta property=\"og:site_name\" content=\"Matilda Gira\" \/>\n<meta property=\"article:publisher\" content=\"https:\/\/www.facebook.com\/matildagira\" \/>\n<meta property=\"article:modified_time\" content=\"2025-07-18T15:29:23+00:00\" \/>\n<meta property=\"og:image\" content=\"https:\/\/matildagira.eu\/wp-content\/uploads\/2024\/03\/Pandora-Miyuki-Japanese-Beads-Mini-Hoops-Earrings.jpg\" \/>\n\t<meta property=\"og:image:width\" content=\"561\" \/>\n\t<meta property=\"og:image:height\" content=\"841\" \/>\n\t<meta property=\"og:image:type\" content=\"image\/jpeg\" \/>\n<meta name=\"twitter:card\" content=\"summary_large_image\" \/>\n<meta name=\"twitter:label1\" content=\"Cena\" \/>\n\t<meta name=\"twitter:data1\" content=\"250&nbsp;&#075;&#269;\" \/>\n\t<meta name=\"twitter:label2\" content=\"Dostupnost\" \/>\n\t<meta name=\"twitter:data2\" content=\"Skladem\" \/>\n<script type=\"application\/ld+json\" class=\"yoast-schema-graph\">{\"@context\":\"https:\\\/\\\/schema.org\",\"@graph\":[{\"@type\":\"WebPage\",\"@id\":\"https:\\\/\\\/matildagira.eu\\\/cs\\\/shop\\\/nausnice-z-japonskych-koralku-rosa-miyuki-mini-hoops\\\/\",\"url\":\"https:\\\/\\\/matildagira.eu\\\/cs\\\/shop\\\/nausnice-z-japonskych-koralku-rosa-miyuki-mini-hoops\\\/\",\"name\":\"N\u00e1u\u0161nice z japonsk\u00fdch kor\u00e1lk\u016f Rosa Miyuki Mini Hoops - Matilda Gira\",\"isPartOf\":{\"@id\":\"https:\\\/\\\/matildagira.eu\\\/cs\\\/#website\"},\"primaryImageOfPage\":{\"@id\":\"https:\\\/\\\/matildagira.eu\\\/cs\\\/shop\\\/nausnice-z-japonskych-koralku-rosa-miyuki-mini-hoops\\\/#primaryimage\"},\"image\":{\"@id\":\"https:\\\/\\\/matildagira.eu\\\/cs\\\/shop\\\/nausnice-z-japonskych-koralku-rosa-miyuki-mini-hoops\\\/#primaryimage\"},\"thumbnailUrl\":\"https:\\\/\\\/matildagira.eu\\\/wp-content\\\/uploads\\\/2024\\\/03\\\/Pandora-Miyuki-Japanese-Beads-Mini-Hoops-Earrings.jpg\",\"datePublished\":\"2024-03-10T16:06:10+00:00\",\"dateModified\":\"2025-07-18T15:29:23+00:00\",\"breadcrumb\":{\"@id\":\"https:\\\/\\\/matildagira.eu\\\/cs\\\/shop\\\/nausnice-z-japonskych-koralku-rosa-miyuki-mini-hoops\\\/#breadcrumb\"},\"inLanguage\":\"cs\",\"potentialAction\":[{\"@type\":\"ReadAction\",\"target\":[\"https:\\\/\\\/matildagira.eu\\\/cs\\\/shop\\\/nausnice-z-japonskych-koralku-rosa-miyuki-mini-hoops\\\/\"]}]},{\"@type\":\"ImageObject\",\"inLanguage\":\"cs\",\"@id\":\"https:\\\/\\\/matildagira.eu\\\/cs\\\/shop\\\/nausnice-z-japonskych-koralku-rosa-miyuki-mini-hoops\\\/#primaryimage\",\"url\":\"https:\\\/\\\/matildagira.eu\\\/wp-content\\\/uploads\\\/2024\\\/03\\\/Pandora-Miyuki-Japanese-Beads-Mini-Hoops-Earrings.jpg\",\"contentUrl\":\"https:\\\/\\\/matildagira.eu\\\/wp-content\\\/uploads\\\/2024\\\/03\\\/Pandora-Miyuki-Japanese-Beads-Mini-Hoops-Earrings.jpg\",\"width\":561,\"height\":841},{\"@type\":\"BreadcrumbList\",\"@id\":\"https:\\\/\\\/matildagira.eu\\\/cs\\\/shop\\\/nausnice-z-japonskych-koralku-rosa-miyuki-mini-hoops\\\/#breadcrumb\",\"itemListElement\":[{\"@type\":\"ListItem\",\"position\":1,\"name\":\"Dom\u016f\",\"item\":\"https:\\\/\\\/matildagira.eu\\\/cs\\\/\"},{\"@type\":\"ListItem\",\"position\":2,\"name\":\"Shop\",\"item\":\"https:\\\/\\\/matildagira.eu\\\/cs\\\/shop\\\/\"},{\"@type\":\"ListItem\",\"position\":3,\"name\":\"N\u00e1u\u0161nice z japonsk\u00fdch kor\u00e1lk\u016f Rosa Miyuki Mini Hoops\"}]},{\"@type\":\"WebSite\",\"@id\":\"https:\\\/\\\/matildagira.eu\\\/cs\\\/#website\",\"url\":\"https:\\\/\\\/matildagira.eu\\\/cs\\\/\",\"name\":\"Matilda Gira\",\"description\":\"Handcrafted Hats\",\"publisher\":{\"@id\":\"https:\\\/\\\/matildagira.eu\\\/cs\\\/#organization\"},\"potentialAction\":[{\"@type\":\"SearchAction\",\"target\":{\"@type\":\"EntryPoint\",\"urlTemplate\":\"https:\\\/\\\/matildagira.eu\\\/cs\\\/?s={search_term_string}\"},\"query-input\":{\"@type\":\"PropertyValueSpecification\",\"valueRequired\":true,\"valueName\":\"search_term_string\"}}],\"inLanguage\":\"cs\"},{\"@type\":\"Organization\",\"@id\":\"https:\\\/\\\/matildagira.eu\\\/cs\\\/#organization\",\"name\":\"Matilda Gira\",\"url\":\"https:\\\/\\\/matildagira.eu\\\/cs\\\/\",\"logo\":{\"@type\":\"ImageObject\",\"inLanguage\":\"cs\",\"@id\":\"https:\\\/\\\/matildagira.eu\\\/cs\\\/#\\\/schema\\\/logo\\\/image\\\/\",\"url\":\"https:\\\/\\\/matildagira.eu\\\/wp-content\\\/uploads\\\/2022\\\/09\\\/LOGO-COLOR-VERDE.png\",\"contentUrl\":\"https:\\\/\\\/matildagira.eu\\\/wp-content\\\/uploads\\\/2022\\\/09\\\/LOGO-COLOR-VERDE.png\",\"width\":1010,\"height\":446,\"caption\":\"Matilda Gira\"},\"image\":{\"@id\":\"https:\\\/\\\/matildagira.eu\\\/cs\\\/#\\\/schema\\\/logo\\\/image\\\/\"},\"sameAs\":[\"https:\\\/\\\/www.facebook.com\\\/matildagira\",\"https:\\\/\\\/www.instagram.com\\\/matilda.gira\\\/\",\"https:\\\/\\\/www.pinterest.com.au\\\/matildagira\\\/\",\"https:\\\/\\\/www.tiktok.com\\\/@matildagira?lang=es\"]}]}<\/script>\n<meta property=\"product:price:amount\" content=\"250\" \/>\n<meta property=\"product:price:currency\" content=\"CZK\" \/>\n<meta property=\"og:availability\" content=\"instock\" \/>\n<meta property=\"product:availability\" content=\"instock\" \/>\n<meta property=\"product:retailer_item_id\" content=\"ACC-EAR-ROSA\" \/>\n<meta property=\"product:condition\" content=\"new\" \/>\n<!-- \/ Yoast SEO plugin. -->","yoast_head_json":{"title":"N\u00e1u\u0161nice z japonsk\u00fdch kor\u00e1lk\u016f Rosa Miyuki Mini Hoops - Matilda Gira","robots":{"index":"index","follow":"follow","max-snippet":"max-snippet:-1","max-image-preview":"max-image-preview:large","max-video-preview":"max-video-preview:-1"},"canonical":"https:\/\/matildagira.eu\/cs\/shop\/nausnice-z-japonskych-koralku-rosa-miyuki-mini-hoops\/","og_locale":"cs_CZ","og_type":"article","og_title":"N\u00e1u\u0161nice z japonsk\u00fdch kor\u00e1lk\u016f Rosa Miyuki Mini Hoops - Matilda Gira","og_description":"Vlastnosti:  Vyrobeno z oceli s 24kar\u00e1tov\u00fdm pozlacen\u00edm.  Ru\u010dn\u00ed v\u00fdroba v Kolumbii.  Obsahuje: p\u00e1r dlouh\u00fdch zlat\u00fdch n\u00e1u\u0161nic. Rozm\u011bry: P\u00e9\u010de:","og_url":"https:\/\/matildagira.eu\/cs\/shop\/nausnice-z-japonskych-koralku-rosa-miyuki-mini-hoops\/","og_site_name":"Matilda Gira","article_publisher":"https:\/\/www.facebook.com\/matildagira","article_modified_time":"2025-07-18T15:29:23+00:00","og_image":[{"width":561,"height":841,"url":"https:\/\/matildagira.eu\/wp-content\/uploads\/2024\/03\/Pandora-Miyuki-Japanese-Beads-Mini-Hoops-Earrings.jpg","type":"image\/jpeg"}],"twitter_card":"summary_large_image","twitter_misc":{"Cena":"250&nbsp;&#75;&#269;","Dostupnost":"Skladem"},"schema":{"@context":"https:\/\/schema.org","@graph":[{"@type":"WebPage","@id":"https:\/\/matildagira.eu\/cs\/shop\/nausnice-z-japonskych-koralku-rosa-miyuki-mini-hoops\/","url":"https:\/\/matildagira.eu\/cs\/shop\/nausnice-z-japonskych-koralku-rosa-miyuki-mini-hoops\/","name":"N\u00e1u\u0161nice z japonsk\u00fdch kor\u00e1lk\u016f Rosa Miyuki Mini Hoops - Matilda Gira","isPartOf":{"@id":"https:\/\/matildagira.eu\/cs\/#website"},"primaryImageOfPage":{"@id":"https:\/\/matildagira.eu\/cs\/shop\/nausnice-z-japonskych-koralku-rosa-miyuki-mini-hoops\/#primaryimage"},"image":{"@id":"https:\/\/matildagira.eu\/cs\/shop\/nausnice-z-japonskych-koralku-rosa-miyuki-mini-hoops\/#primaryimage"},"thumbnailUrl":"https:\/\/matildagira.eu\/wp-content\/uploads\/2024\/03\/Pandora-Miyuki-Japanese-Beads-Mini-Hoops-Earrings.jpg","datePublished":"2024-03-10T16:06:10+00:00","dateModified":"2025-07-18T15:29:23+00:00","breadcrumb":{"@id":"https:\/\/matildagira.eu\/cs\/shop\/nausnice-z-japonskych-koralku-rosa-miyuki-mini-hoops\/#breadcrumb"},"inLanguage":"cs","potentialAction":[{"@type":"ReadAction","target":["https:\/\/matildagira.eu\/cs\/shop\/nausnice-z-japonskych-koralku-rosa-miyuki-mini-hoops\/"]}]},{"@type":"ImageObject","inLanguage":"cs","@id":"https:\/\/matildagira.eu\/cs\/shop\/nausnice-z-japonskych-koralku-rosa-miyuki-mini-hoops\/#primaryimage","url":"https:\/\/matildagira.eu\/wp-content\/uploads\/2024\/03\/Pandora-Miyuki-Japanese-Beads-Mini-Hoops-Earrings.jpg","contentUrl":"https:\/\/matildagira.eu\/wp-content\/uploads\/2024\/03\/Pandora-Miyuki-Japanese-Beads-Mini-Hoops-Earrings.jpg","width":561,"height":841},{"@type":"BreadcrumbList","@id":"https:\/\/matildagira.eu\/cs\/shop\/nausnice-z-japonskych-koralku-rosa-miyuki-mini-hoops\/#breadcrumb","itemListElement":[{"@type":"ListItem","position":1,"name":"Dom\u016f","item":"https:\/\/matildagira.eu\/cs\/"},{"@type":"ListItem","position":2,"name":"Shop","item":"https:\/\/matildagira.eu\/cs\/shop\/"},{"@type":"ListItem","position":3,"name":"N\u00e1u\u0161nice z japonsk\u00fdch kor\u00e1lk\u016f Rosa Miyuki Mini Hoops"}]},{"@type":"WebSite","@id":"https:\/\/matildagira.eu\/cs\/#website","url":"https:\/\/matildagira.eu\/cs\/","name":"Matilda Gira","description":"Handcrafted Hats","publisher":{"@id":"https:\/\/matildagira.eu\/cs\/#organization"},"potentialAction":[{"@type":"SearchAction","target":{"@type":"EntryPoint","urlTemplate":"https:\/\/matildagira.eu\/cs\/?s={search_term_string}"},"query-input":{"@type":"PropertyValueSpecification","valueRequired":true,"valueName":"search_term_string"}}],"inLanguage":"cs"},{"@type":"Organization","@id":"https:\/\/matildagira.eu\/cs\/#organization","name":"Matilda Gira","url":"https:\/\/matildagira.eu\/cs\/","logo":{"@type":"ImageObject","inLanguage":"cs","@id":"https:\/\/matildagira.eu\/cs\/#\/schema\/logo\/image\/","url":"https:\/\/matildagira.eu\/wp-content\/uploads\/2022\/09\/LOGO-COLOR-VERDE.png","contentUrl":"https:\/\/matildagira.eu\/wp-content\/uploads\/2022\/09\/LOGO-COLOR-VERDE.png","width":1010,"height":446,"caption":"Matilda Gira"},"image":{"@id":"https:\/\/matildagira.eu\/cs\/#\/schema\/logo\/image\/"},"sameAs":["https:\/\/www.facebook.com\/matildagira","https:\/\/www.instagram.com\/matilda.gira\/","https:\/\/www.pinterest.com.au\/matildagira\/","https:\/\/www.tiktok.com\/@matildagira?lang=es"]}]},"product_price_amount":"250","product_price_currency":"CZK","og_availability":"instock","product_availability":"instock","product_retailer_item_id":"ACC-EAR-ROSA","product_condition":"new"},"_links":{"self":[{"href":"https:\/\/matildagira.eu\/cs\/wp-json\/wp\/v2\/product\/7391","targetHints":{"allow":["GET"]}}],"collection":[{"href":"https:\/\/matildagira.eu\/cs\/wp-json\/wp\/v2\/product"}],"about":[{"href":"https:\/\/matildagira.eu\/cs\/wp-json\/wp\/v2\/types\/product"}],"replies":[{"embeddable":true,"href":"https:\/\/matildagira.eu\/cs\/wp-json\/wp\/v2\/comments?post=7391"}],"version-history":[{"count":1,"href":"https:\/\/matildagira.eu\/cs\/wp-json\/wp\/v2\/product\/7391\/revisions"}],"predecessor-version":[{"id":7393,"href":"https:\/\/matildagira.eu\/cs\/wp-json\/wp\/v2\/product\/7391\/revisions\/7393"}],"wp:featuredmedia":[{"embeddable":true,"href":"https:\/\/matildagira.eu\/cs\/wp-json\/wp\/v2\/media\/7024"}],"wp:attachment":[{"href":"https:\/\/matildagira.eu\/cs\/wp-json\/wp\/v2\/media?parent=7391"}],"wp:term":[{"taxonomy":"product_brand","embeddable":true,"href":"https:\/\/matildagira.eu\/cs\/wp-json\/wp\/v2\/product_brand?post=7391"},{"taxonomy":"product_cat","embeddable":true,"href":"https:\/\/matildagira.eu\/cs\/wp-json\/wp\/v2\/product_cat?post=7391"},{"taxonomy":"product_tag","embeddable":true,"href":"https:\/\/matildagira.eu\/cs\/wp-json\/wp\/v2\/product_tag?post=7391"}],"curies":[{"name":"wp","href":"https:\/\/api.w.org\/{rel}","templated":true}]}}