



{"id":7306,"date":"2024-07-23T22:08:28","date_gmt":"2024-07-23T20:08:28","guid":{"rendered":"https:\/\/matildagira.eu\/shop\/palma-boater\/"},"modified":"2025-06-18T21:21:17","modified_gmt":"2025-06-18T19:21:17","slug":"palma-boater","status":"publish","type":"product","link":"https:\/\/matildagira.eu\/cs\/shop\/palma-boater\/","title":{"rendered":"Palma Boater"},"content":{"rendered":"<p>Tento klobouk je ru\u010dn\u011b vyroben\u00fd zru\u010dn\u00fdmi \u0159emesln\u00edky v Mexiku a m\u00e1 klasick\u00fd lodi\u010dkov\u00fd design ze 100% pe\u010den\u00e9ho palmov\u00e9ho listu.<br \/>\nD\u00edky pevn\u011b tkan\u00e9 konstrukci a ploch\u00e9mu okraji je ide\u00e1ln\u00edm dopl\u0148kem pro slune\u010dn\u00e9 dny a tepl\u00e9 ve\u010dery.<br \/>\nIde\u00e1ln\u00ed na jakoukoli letn\u00ed se\u0161lost.  <\/p>\n","protected":false},"excerpt":{"rendered":"<ul>\n<li><span data-sheets-root=\"1\">Vyrobeno v Mexiku<\/span><\/li>\n<li><span data-sheets-root=\"1\">Ru\u010dn\u00ed v\u00fdroba<\/span><\/li>\n<li><span data-sheets-root=\"1\">Barva: p\u0159\u00edrodn\u00ed<\/span><\/li>\n<li><span data-sheets-root=\"1\">Palmov\u00fd list<\/span><\/li>\n<li><span data-sheets-root=\"1\">Odn\u00edmateln\u00fd p\u00e1sek<\/span><\/li>\n<li><span data-sheets-root=\"1\">Varianta s nebo bez hn\u011bd\u00e9ho podbradn\u00edho p\u00e1sku z um\u011bl\u00e9 k\u016f\u017ee a d\u0159ev\u011bn\u00e9ho kor\u00e1lkov\u00e9ho knofl\u00edku.<\/span><\/li>\n<\/ul>\n<p>&nbsp;<\/p>\n<h3>A\u0165 je to WOW!<\/h3>\n<ul>\n<li>Nakupujte v na\u0161em obchod\u011b <strong><a href=\"https:\/\/matildagira.eu\/product-category\/hat-accessories\/\">ru\u010dn\u011b vyr\u00e1b\u011bn\u00e9 kloboukov\u00e9 dopl\u0148ky.<\/a><\/strong><\/li>\n<\/ul>\n","protected":false},"featured_media":7091,"comment_status":"closed","ping_status":"closed","template":"","meta":{"_monsterinsights_skip_tracking":false,"_monsterinsights_sitenote_active":false,"_monsterinsights_sitenote_note":"","_monsterinsights_sitenote_category":0},"product_brand":[],"product_cat":[651,650],"product_tag":[654],"class_list":{"0":"post-7306","1":"product","2":"type-product","3":"status-publish","4":"has-post-thumbnail","6":"product_cat-klobouky","7":"product_cat-letni-klobouky","8":"product_tag-nova-kolekce-2","10":"first","11":"instock","12":"taxable","13":"shipping-taxable","14":"purchasable","15":"product-type-variable","16":"has-default-attributes"},"supplier_id":null,"supplier_sku":"","barcode":null,"atum_controlled":true,"out_stock_date":null,"out_stock_threshold":null,"inheritable":true,"inbound_stock":null,"stock_on_hold":0,"sold_today":0,"sales_last_days":0,"reserved_stock":0,"customer_returns":0,"warehouse_damage":null,"lost_in_post":0,"other_logs":null,"out_stock_days":0,"lost_sales":0,"has_location":false,"update_date":"2026-04-05T00:07:40","atum_locations":[],"atum_stock_status":"instock","restock_status":false,"low_stock_amount":"","sales_update_date":"2026-04-05T00:07:40","calc_backorders":null,"yoast_head":"<!-- This site is optimized with the Yoast SEO plugin v27.3 - https:\/\/yoast.com\/product\/yoast-seo-wordpress\/ -->\n<title>Palma Boater - Matilda Gira<\/title>\n<meta name=\"description\" content=\"je stylov\u00fd a funk\u010dn\u00ed letn\u00ed klobouk Palma Fedora, kter\u00fd je ru\u010dn\u011b vyroben\u00fd ze 100% pe\u010den\u00fdch palmov\u00fdch list\u016f zru\u010dn\u00fdmi \u0159emesln\u00edky v Mexiku.\" \/>\n<meta name=\"robots\" content=\"index, follow, max-snippet:-1, max-image-preview:large, max-video-preview:-1\" \/>\n<link rel=\"canonical\" href=\"https:\/\/matildagira.eu\/cs\/shop\/palma-boater\/\" \/>\n<meta property=\"og:locale\" content=\"cs_CZ\" \/>\n<meta property=\"og:type\" content=\"article\" \/>\n<meta property=\"og:title\" content=\"Palma Boater - Matilda Gira\" \/>\n<meta property=\"og:description\" content=\"je stylov\u00fd a funk\u010dn\u00ed letn\u00ed klobouk Palma Fedora, kter\u00fd je ru\u010dn\u011b vyroben\u00fd ze 100% pe\u010den\u00fdch palmov\u00fdch list\u016f zru\u010dn\u00fdmi \u0159emesln\u00edky v Mexiku.\" \/>\n<meta property=\"og:url\" content=\"https:\/\/matildagira.eu\/cs\/shop\/palma-boater\/\" \/>\n<meta property=\"og:site_name\" content=\"Matilda Gira\" \/>\n<meta property=\"article:publisher\" content=\"https:\/\/www.facebook.com\/matildagira\" \/>\n<meta property=\"article:modified_time\" content=\"2025-06-18T19:21:17+00:00\" \/>\n<meta property=\"og:image\" content=\"https:\/\/matildagira.eu\/wp-content\/uploads\/2024\/07\/DSC_0800-scaled.webp\" \/>\n\t<meta property=\"og:image:width\" content=\"1696\" \/>\n\t<meta property=\"og:image:height\" content=\"2560\" \/>\n\t<meta property=\"og:image:type\" content=\"image\/webp\" \/>\n<meta name=\"twitter:card\" content=\"summary_large_image\" \/>\n<meta name=\"twitter:label1\" content=\"Dostupnost\" \/>\n\t<meta name=\"twitter:data1\" content=\"Skladem\" \/>\n<script type=\"application\/ld+json\" class=\"yoast-schema-graph\">{\"@context\":\"https:\\\/\\\/schema.org\",\"@graph\":[{\"@type\":\"WebPage\",\"@id\":\"https:\\\/\\\/matildagira.eu\\\/cs\\\/shop\\\/palma-boater\\\/\",\"url\":\"https:\\\/\\\/matildagira.eu\\\/cs\\\/shop\\\/palma-boater\\\/\",\"name\":\"Palma Boater - Matilda Gira\",\"isPartOf\":{\"@id\":\"https:\\\/\\\/matildagira.eu\\\/cs\\\/#website\"},\"primaryImageOfPage\":{\"@id\":\"https:\\\/\\\/matildagira.eu\\\/cs\\\/shop\\\/palma-boater\\\/#primaryimage\"},\"image\":{\"@id\":\"https:\\\/\\\/matildagira.eu\\\/cs\\\/shop\\\/palma-boater\\\/#primaryimage\"},\"thumbnailUrl\":\"https:\\\/\\\/matildagira.eu\\\/wp-content\\\/uploads\\\/2024\\\/07\\\/DSC_0800-scaled.webp\",\"datePublished\":\"2024-07-23T20:08:28+00:00\",\"dateModified\":\"2025-06-18T19:21:17+00:00\",\"description\":\"je stylov\u00fd a funk\u010dn\u00ed letn\u00ed klobouk Palma Fedora, kter\u00fd je ru\u010dn\u011b vyroben\u00fd ze 100% pe\u010den\u00fdch palmov\u00fdch list\u016f zru\u010dn\u00fdmi \u0159emesln\u00edky v Mexiku.\",\"breadcrumb\":{\"@id\":\"https:\\\/\\\/matildagira.eu\\\/cs\\\/shop\\\/palma-boater\\\/#breadcrumb\"},\"inLanguage\":\"cs\",\"potentialAction\":[{\"@type\":\"ReadAction\",\"target\":[\"https:\\\/\\\/matildagira.eu\\\/cs\\\/shop\\\/palma-boater\\\/\"]}]},{\"@type\":\"ImageObject\",\"inLanguage\":\"cs\",\"@id\":\"https:\\\/\\\/matildagira.eu\\\/cs\\\/shop\\\/palma-boater\\\/#primaryimage\",\"url\":\"https:\\\/\\\/matildagira.eu\\\/wp-content\\\/uploads\\\/2024\\\/07\\\/DSC_0800-scaled.webp\",\"contentUrl\":\"https:\\\/\\\/matildagira.eu\\\/wp-content\\\/uploads\\\/2024\\\/07\\\/DSC_0800-scaled.webp\",\"width\":1696,\"height\":2560},{\"@type\":\"BreadcrumbList\",\"@id\":\"https:\\\/\\\/matildagira.eu\\\/cs\\\/shop\\\/palma-boater\\\/#breadcrumb\",\"itemListElement\":[{\"@type\":\"ListItem\",\"position\":1,\"name\":\"Dom\u016f\",\"item\":\"https:\\\/\\\/matildagira.eu\\\/cs\\\/\"},{\"@type\":\"ListItem\",\"position\":2,\"name\":\"Shop\",\"item\":\"https:\\\/\\\/matildagira.eu\\\/cs\\\/shop\\\/\"},{\"@type\":\"ListItem\",\"position\":3,\"name\":\"Palma Boater\"}]},{\"@type\":\"WebSite\",\"@id\":\"https:\\\/\\\/matildagira.eu\\\/cs\\\/#website\",\"url\":\"https:\\\/\\\/matildagira.eu\\\/cs\\\/\",\"name\":\"Matilda Gira\",\"description\":\"Handcrafted Hats\",\"publisher\":{\"@id\":\"https:\\\/\\\/matildagira.eu\\\/cs\\\/#organization\"},\"potentialAction\":[{\"@type\":\"SearchAction\",\"target\":{\"@type\":\"EntryPoint\",\"urlTemplate\":\"https:\\\/\\\/matildagira.eu\\\/cs\\\/?s={search_term_string}\"},\"query-input\":{\"@type\":\"PropertyValueSpecification\",\"valueRequired\":true,\"valueName\":\"search_term_string\"}}],\"inLanguage\":\"cs\"},{\"@type\":\"Organization\",\"@id\":\"https:\\\/\\\/matildagira.eu\\\/cs\\\/#organization\",\"name\":\"Matilda Gira\",\"url\":\"https:\\\/\\\/matildagira.eu\\\/cs\\\/\",\"logo\":{\"@type\":\"ImageObject\",\"inLanguage\":\"cs\",\"@id\":\"https:\\\/\\\/matildagira.eu\\\/cs\\\/#\\\/schema\\\/logo\\\/image\\\/\",\"url\":\"https:\\\/\\\/matildagira.eu\\\/wp-content\\\/uploads\\\/2022\\\/09\\\/LOGO-COLOR-VERDE.png\",\"contentUrl\":\"https:\\\/\\\/matildagira.eu\\\/wp-content\\\/uploads\\\/2022\\\/09\\\/LOGO-COLOR-VERDE.png\",\"width\":1010,\"height\":446,\"caption\":\"Matilda Gira\"},\"image\":{\"@id\":\"https:\\\/\\\/matildagira.eu\\\/cs\\\/#\\\/schema\\\/logo\\\/image\\\/\"},\"sameAs\":[\"https:\\\/\\\/www.facebook.com\\\/matildagira\",\"https:\\\/\\\/www.instagram.com\\\/matilda.gira\\\/\",\"https:\\\/\\\/www.pinterest.com.au\\\/matildagira\\\/\",\"https:\\\/\\\/www.tiktok.com\\\/@matildagira?lang=es\"]}]}<\/script>\n<meta property=\"og:availability\" content=\"instock\" \/>\n<meta property=\"product:availability\" content=\"instock\" \/>\n<meta property=\"product:retailer_item_id\" content=\"HAT-SUM-PALMA-1\" \/>\n<meta property=\"product:condition\" content=\"new\" \/>\n<!-- \/ Yoast SEO plugin. -->","yoast_head_json":{"title":"Palma Boater - Matilda Gira","description":"je stylov\u00fd a funk\u010dn\u00ed letn\u00ed klobouk Palma Fedora, kter\u00fd je ru\u010dn\u011b vyroben\u00fd ze 100% pe\u010den\u00fdch palmov\u00fdch list\u016f zru\u010dn\u00fdmi \u0159emesln\u00edky v Mexiku.","robots":{"index":"index","follow":"follow","max-snippet":"max-snippet:-1","max-image-preview":"max-image-preview:large","max-video-preview":"max-video-preview:-1"},"canonical":"https:\/\/matildagira.eu\/cs\/shop\/palma-boater\/","og_locale":"cs_CZ","og_type":"article","og_title":"Palma Boater - Matilda Gira","og_description":"je stylov\u00fd a funk\u010dn\u00ed letn\u00ed klobouk Palma Fedora, kter\u00fd je ru\u010dn\u011b vyroben\u00fd ze 100% pe\u010den\u00fdch palmov\u00fdch list\u016f zru\u010dn\u00fdmi \u0159emesln\u00edky v Mexiku.","og_url":"https:\/\/matildagira.eu\/cs\/shop\/palma-boater\/","og_site_name":"Matilda Gira","article_publisher":"https:\/\/www.facebook.com\/matildagira","article_modified_time":"2025-06-18T19:21:17+00:00","og_image":[{"width":1696,"height":2560,"url":"https:\/\/matildagira.eu\/wp-content\/uploads\/2024\/07\/DSC_0800-scaled.webp","type":"image\/webp"}],"twitter_card":"summary_large_image","twitter_misc":{"Dostupnost":"Skladem"},"schema":{"@context":"https:\/\/schema.org","@graph":[{"@type":"WebPage","@id":"https:\/\/matildagira.eu\/cs\/shop\/palma-boater\/","url":"https:\/\/matildagira.eu\/cs\/shop\/palma-boater\/","name":"Palma Boater - Matilda Gira","isPartOf":{"@id":"https:\/\/matildagira.eu\/cs\/#website"},"primaryImageOfPage":{"@id":"https:\/\/matildagira.eu\/cs\/shop\/palma-boater\/#primaryimage"},"image":{"@id":"https:\/\/matildagira.eu\/cs\/shop\/palma-boater\/#primaryimage"},"thumbnailUrl":"https:\/\/matildagira.eu\/wp-content\/uploads\/2024\/07\/DSC_0800-scaled.webp","datePublished":"2024-07-23T20:08:28+00:00","dateModified":"2025-06-18T19:21:17+00:00","description":"je stylov\u00fd a funk\u010dn\u00ed letn\u00ed klobouk Palma Fedora, kter\u00fd je ru\u010dn\u011b vyroben\u00fd ze 100% pe\u010den\u00fdch palmov\u00fdch list\u016f zru\u010dn\u00fdmi \u0159emesln\u00edky v Mexiku.","breadcrumb":{"@id":"https:\/\/matildagira.eu\/cs\/shop\/palma-boater\/#breadcrumb"},"inLanguage":"cs","potentialAction":[{"@type":"ReadAction","target":["https:\/\/matildagira.eu\/cs\/shop\/palma-boater\/"]}]},{"@type":"ImageObject","inLanguage":"cs","@id":"https:\/\/matildagira.eu\/cs\/shop\/palma-boater\/#primaryimage","url":"https:\/\/matildagira.eu\/wp-content\/uploads\/2024\/07\/DSC_0800-scaled.webp","contentUrl":"https:\/\/matildagira.eu\/wp-content\/uploads\/2024\/07\/DSC_0800-scaled.webp","width":1696,"height":2560},{"@type":"BreadcrumbList","@id":"https:\/\/matildagira.eu\/cs\/shop\/palma-boater\/#breadcrumb","itemListElement":[{"@type":"ListItem","position":1,"name":"Dom\u016f","item":"https:\/\/matildagira.eu\/cs\/"},{"@type":"ListItem","position":2,"name":"Shop","item":"https:\/\/matildagira.eu\/cs\/shop\/"},{"@type":"ListItem","position":3,"name":"Palma Boater"}]},{"@type":"WebSite","@id":"https:\/\/matildagira.eu\/cs\/#website","url":"https:\/\/matildagira.eu\/cs\/","name":"Matilda Gira","description":"Handcrafted Hats","publisher":{"@id":"https:\/\/matildagira.eu\/cs\/#organization"},"potentialAction":[{"@type":"SearchAction","target":{"@type":"EntryPoint","urlTemplate":"https:\/\/matildagira.eu\/cs\/?s={search_term_string}"},"query-input":{"@type":"PropertyValueSpecification","valueRequired":true,"valueName":"search_term_string"}}],"inLanguage":"cs"},{"@type":"Organization","@id":"https:\/\/matildagira.eu\/cs\/#organization","name":"Matilda Gira","url":"https:\/\/matildagira.eu\/cs\/","logo":{"@type":"ImageObject","inLanguage":"cs","@id":"https:\/\/matildagira.eu\/cs\/#\/schema\/logo\/image\/","url":"https:\/\/matildagira.eu\/wp-content\/uploads\/2022\/09\/LOGO-COLOR-VERDE.png","contentUrl":"https:\/\/matildagira.eu\/wp-content\/uploads\/2022\/09\/LOGO-COLOR-VERDE.png","width":1010,"height":446,"caption":"Matilda Gira"},"image":{"@id":"https:\/\/matildagira.eu\/cs\/#\/schema\/logo\/image\/"},"sameAs":["https:\/\/www.facebook.com\/matildagira","https:\/\/www.instagram.com\/matilda.gira\/","https:\/\/www.pinterest.com.au\/matildagira\/","https:\/\/www.tiktok.com\/@matildagira?lang=es"]}]},"og_availability":"instock","product_availability":"instock","product_retailer_item_id":"HAT-SUM-PALMA-1","product_condition":"new"},"_links":{"self":[{"href":"https:\/\/matildagira.eu\/cs\/wp-json\/wp\/v2\/product\/7306","targetHints":{"allow":["GET"]}}],"collection":[{"href":"https:\/\/matildagira.eu\/cs\/wp-json\/wp\/v2\/product"}],"about":[{"href":"https:\/\/matildagira.eu\/cs\/wp-json\/wp\/v2\/types\/product"}],"replies":[{"embeddable":true,"href":"https:\/\/matildagira.eu\/cs\/wp-json\/wp\/v2\/comments?post=7306"}],"version-history":[{"count":1,"href":"https:\/\/matildagira.eu\/cs\/wp-json\/wp\/v2\/product\/7306\/revisions"}],"predecessor-version":[{"id":7313,"href":"https:\/\/matildagira.eu\/cs\/wp-json\/wp\/v2\/product\/7306\/revisions\/7313"}],"wp:featuredmedia":[{"embeddable":true,"href":"https:\/\/matildagira.eu\/cs\/wp-json\/wp\/v2\/media\/7091"}],"wp:attachment":[{"href":"https:\/\/matildagira.eu\/cs\/wp-json\/wp\/v2\/media?parent=7306"}],"wp:term":[{"taxonomy":"product_brand","embeddable":true,"href":"https:\/\/matildagira.eu\/cs\/wp-json\/wp\/v2\/product_brand?post=7306"},{"taxonomy":"product_cat","embeddable":true,"href":"https:\/\/matildagira.eu\/cs\/wp-json\/wp\/v2\/product_cat?post=7306"},{"taxonomy":"product_tag","embeddable":true,"href":"https:\/\/matildagira.eu\/cs\/wp-json\/wp\/v2\/product_tag?post=7306"}],"curies":[{"name":"wp","href":"https:\/\/api.w.org\/{rel}","templated":true}]}}