



{"id":7219,"date":"2024-01-22T16:16:55","date_gmt":"2024-01-22T15:16:55","guid":{"rendered":"https:\/\/matildagira.eu\/spojme-se\/"},"modified":"2024-09-22T16:27:42","modified_gmt":"2024-09-22T14:27:42","slug":"spojme-se","status":"publish","type":"page","link":"https:\/\/matildagira.eu\/cs\/spojme-se\/","title":{"rendered":"Spojme se!"},"content":{"rendered":"\t\t<div data-elementor-type=\"wp-page\" data-elementor-id=\"7219\" class=\"elementor elementor-7219 elementor-5620\">\n\t\t\t\t\t\t<section class=\"elementor-section elementor-top-section elementor-element elementor-element-7d2a0b1 elementor-section-boxed elementor-section-height-default elementor-section-height-default\" data-id=\"7d2a0b1\" data-element_type=\"section\" data-e-type=\"section\">\n\t\t\t\t\t\t<div class=\"elementor-container elementor-column-gap-default\">\n\t\t\t\t\t<div class=\"elementor-column elementor-col-100 elementor-top-column elementor-element elementor-element-2671991\" data-id=\"2671991\" data-element_type=\"column\" data-e-type=\"column\" data-settings=\"{&quot;background_background&quot;:&quot;classic&quot;}\">\n\t\t\t<div class=\"elementor-widget-wrap elementor-element-populated\">\n\t\t\t\t\t\t<div class=\"elementor-element elementor-element-ccb8287 elementor-widget elementor-widget-image\" data-id=\"ccb8287\" data-element_type=\"widget\" data-e-type=\"widget\" data-widget_type=\"image.default\">\n\t\t\t\t<div class=\"elementor-widget-container\">\n\t\t\t\t\t\t\t\t\t\t\t\t\t\t\t<img fetchpriority=\"high\" decoding=\"async\" width=\"768\" height=\"731\" src=\"https:\/\/matildagira.eu\/wp-content\/uploads\/2024\/01\/Matilda-Gira-Multilink-768x731.png\" class=\"attachment-medium_large size-medium_large wp-image-6985\" alt=\"\" srcset=\"https:\/\/matildagira.eu\/wp-content\/uploads\/2024\/01\/Matilda-Gira-Multilink-768x731.png 768w, https:\/\/matildagira.eu\/wp-content\/uploads\/2024\/01\/Matilda-Gira-Multilink-378x360.png 378w, https:\/\/matildagira.eu\/wp-content\/uploads\/2024\/01\/Matilda-Gira-Multilink-605x576.png 605w, https:\/\/matildagira.eu\/wp-content\/uploads\/2024\/01\/Matilda-Gira-Multilink-800x761.png 800w, https:\/\/matildagira.eu\/wp-content\/uploads\/2024\/01\/Matilda-Gira-Multilink.png 1080w\" sizes=\"(max-width: 768px) 100vw, 768px\" \/>\t\t\t\t\t\t\t\t\t\t\t\t\t\t\t<\/div>\n\t\t\t\t<\/div>\n\t\t\t\t\t<\/div>\n\t\t<\/div>\n\t\t\t\t\t<\/div>\n\t\t<\/section>\n\t\t\t\t<section class=\"elementor-section elementor-top-section elementor-element elementor-element-84d8b67 elementor-section-boxed elementor-section-height-default elementor-section-height-default\" data-id=\"84d8b67\" data-element_type=\"section\" data-e-type=\"section\">\n\t\t\t\t\t\t<div class=\"elementor-container elementor-column-gap-default\">\n\t\t\t\t\t<div class=\"elementor-column elementor-col-100 elementor-top-column elementor-element elementor-element-ba5598d\" data-id=\"ba5598d\" data-element_type=\"column\" data-e-type=\"column\" data-settings=\"{&quot;background_background&quot;:&quot;classic&quot;}\">\n\t\t\t<div class=\"elementor-widget-wrap elementor-element-populated\">\n\t\t\t\t\t\t<div class=\"elementor-element elementor-element-eea3577 elementor-widget elementor-widget-spacer\" data-id=\"eea3577\" data-element_type=\"widget\" data-e-type=\"widget\" data-widget_type=\"spacer.default\">\n\t\t\t\t<div class=\"elementor-widget-container\">\n\t\t\t\t\t\t\t<div class=\"elementor-spacer\">\n\t\t\t<div class=\"elementor-spacer-inner\"><\/div>\n\t\t<\/div>\n\t\t\t\t\t\t<\/div>\n\t\t\t\t<\/div>\n\t\t\t\t<div class=\"elementor-element elementor-element-7eb8d79 elementor-widget elementor-widget-heading\" data-id=\"7eb8d79\" data-element_type=\"widget\" data-e-type=\"widget\" data-widget_type=\"heading.default\">\n\t\t\t\t<div class=\"elementor-widget-container\">\n\t\t\t\t\t<h2 class=\"elementor-heading-title elementor-size-default\">#HatsOffToYou<\/h2>\t\t\t\t<\/div>\n\t\t\t\t<\/div>\n\t\t\t\t\t<\/div>\n\t\t<\/div>\n\t\t\t\t\t<\/div>\n\t\t<\/section>\n\t\t\t\t<section class=\"elementor-section elementor-top-section elementor-element elementor-element-94c9de5 elementor-section-boxed elementor-section-height-default elementor-section-height-default\" data-id=\"94c9de5\" data-element_type=\"section\" data-e-type=\"section\">\n\t\t\t\t\t\t<div class=\"elementor-container elementor-column-gap-default\">\n\t\t\t\t\t<div class=\"elementor-column elementor-col-100 elementor-top-column elementor-element elementor-element-7385928\" data-id=\"7385928\" data-element_type=\"column\" data-e-type=\"column\" data-settings=\"{&quot;background_background&quot;:&quot;classic&quot;}\">\n\t\t\t<div class=\"elementor-widget-wrap elementor-element-populated\">\n\t\t\t\t\t\t<div class=\"elementor-element elementor-element-7a95c99 elementor-widget elementor-widget-image\" data-id=\"7a95c99\" data-element_type=\"widget\" data-e-type=\"widget\" data-widget_type=\"image.default\">\n\t\t\t\t<div class=\"elementor-widget-container\">\n\t\t\t\t\t\t\t\t\t\t\t\t\t\t\t\t<a href=\"https:\/\/matildagira.eu\/cs\/\" target=\"_blank\">\n\t\t\t\t\t\t\t<img decoding=\"async\" width=\"480\" height=\"73\" src=\"https:\/\/matildagira.eu\/wp-content\/uploads\/2024\/01\/Matilda-Gira-Multilink-1-480x73.png\" class=\"attachment-medium size-medium wp-image-6986\" alt=\"\" srcset=\"https:\/\/matildagira.eu\/wp-content\/uploads\/2024\/01\/Matilda-Gira-Multilink-1-480x73.png 480w, https:\/\/matildagira.eu\/wp-content\/uploads\/2024\/01\/Matilda-Gira-Multilink-1-768x117.png 768w, https:\/\/matildagira.eu\/wp-content\/uploads\/2024\/01\/Matilda-Gira-Multilink-1-800x122.png 800w, https:\/\/matildagira.eu\/wp-content\/uploads\/2024\/01\/Matilda-Gira-Multilink-1.png 862w\" sizes=\"(max-width: 480px) 100vw, 480px\" \/>\t\t\t\t\t\t\t\t<\/a>\n\t\t\t\t\t\t\t\t\t\t\t\t\t\t\t<\/div>\n\t\t\t\t<\/div>\n\t\t\t\t<div class=\"elementor-element elementor-element-810e786 elementor-widget elementor-widget-image\" data-id=\"810e786\" data-element_type=\"widget\" data-e-type=\"widget\" data-widget_type=\"image.default\">\n\t\t\t\t<div class=\"elementor-widget-container\">\n\t\t\t\t\t\t\t\t\t\t\t\t\t\t\t\t<a href=\"https:\/\/www.instagram.com\/matilda.gira\/\">\n\t\t\t\t\t\t\t<img decoding=\"async\" width=\"480\" height=\"73\" src=\"https:\/\/matildagira.eu\/wp-content\/uploads\/2024\/01\/Matilda-Gira-Multilink-2-480x73.png\" class=\"attachment-medium size-medium wp-image-6987\" alt=\"\" srcset=\"https:\/\/matildagira.eu\/wp-content\/uploads\/2024\/01\/Matilda-Gira-Multilink-2-480x73.png 480w, https:\/\/matildagira.eu\/wp-content\/uploads\/2024\/01\/Matilda-Gira-Multilink-2-768x117.png 768w, https:\/\/matildagira.eu\/wp-content\/uploads\/2024\/01\/Matilda-Gira-Multilink-2-800x122.png 800w, https:\/\/matildagira.eu\/wp-content\/uploads\/2024\/01\/Matilda-Gira-Multilink-2.png 862w\" sizes=\"(max-width: 480px) 100vw, 480px\" \/>\t\t\t\t\t\t\t\t<\/a>\n\t\t\t\t\t\t\t\t\t\t\t\t\t\t\t<\/div>\n\t\t\t\t<\/div>\n\t\t\t\t<div class=\"elementor-element elementor-element-ff6031f elementor-widget elementor-widget-image\" data-id=\"ff6031f\" data-element_type=\"widget\" data-e-type=\"widget\" data-widget_type=\"image.default\">\n\t\t\t\t<div class=\"elementor-widget-container\">\n\t\t\t\t\t\t\t\t\t\t\t\t\t\t\t\t<a href=\"https:\/\/youtu.be\/wQxB5Ezn3kY\" target=\"_blank\">\n\t\t\t\t\t\t\t<img loading=\"lazy\" decoding=\"async\" width=\"480\" height=\"73\" src=\"https:\/\/matildagira.eu\/wp-content\/uploads\/2024\/02\/Matilda-Gira-Multilink-5-480x73.png\" class=\"attachment-medium size-medium wp-image-6997\" alt=\"\" srcset=\"https:\/\/matildagira.eu\/wp-content\/uploads\/2024\/02\/Matilda-Gira-Multilink-5-480x73.png 480w, https:\/\/matildagira.eu\/wp-content\/uploads\/2024\/02\/Matilda-Gira-Multilink-5-768x117.png 768w, https:\/\/matildagira.eu\/wp-content\/uploads\/2024\/02\/Matilda-Gira-Multilink-5-800x122.png 800w, https:\/\/matildagira.eu\/wp-content\/uploads\/2024\/02\/Matilda-Gira-Multilink-5.png 862w\" sizes=\"(max-width: 480px) 100vw, 480px\" \/>\t\t\t\t\t\t\t\t<\/a>\n\t\t\t\t\t\t\t\t\t\t\t\t\t\t\t<\/div>\n\t\t\t\t<\/div>\n\t\t\t\t<div class=\"elementor-element elementor-element-90160b3 elementor-widget elementor-widget-image\" data-id=\"90160b3\" data-element_type=\"widget\" data-e-type=\"widget\" data-widget_type=\"image.default\">\n\t\t\t\t<div class=\"elementor-widget-container\">\n\t\t\t\t\t\t\t\t\t\t\t\t\t\t\t\t<a href=\"https:\/\/youtu.be\/lwJu5KRd1WY\" target=\"_blank\">\n\t\t\t\t\t\t\t<img loading=\"lazy\" decoding=\"async\" width=\"480\" height=\"74\" src=\"https:\/\/matildagira.eu\/wp-content\/uploads\/2024\/02\/Matilda-Gira-Multilink-4-480x74.png\" class=\"attachment-medium size-medium wp-image-6996\" alt=\"\" srcset=\"https:\/\/matildagira.eu\/wp-content\/uploads\/2024\/02\/Matilda-Gira-Multilink-4-480x74.png 480w, https:\/\/matildagira.eu\/wp-content\/uploads\/2024\/02\/Matilda-Gira-Multilink-4-768x118.png 768w, https:\/\/matildagira.eu\/wp-content\/uploads\/2024\/02\/Matilda-Gira-Multilink-4-800x123.png 800w, https:\/\/matildagira.eu\/wp-content\/uploads\/2024\/02\/Matilda-Gira-Multilink-4.png 862w\" sizes=\"(max-width: 480px) 100vw, 480px\" \/>\t\t\t\t\t\t\t\t<\/a>\n\t\t\t\t\t\t\t\t\t\t\t\t\t\t\t<\/div>\n\t\t\t\t<\/div>\n\t\t\t\t<div class=\"elementor-element elementor-element-05bc098 elementor-widget elementor-widget-image\" data-id=\"05bc098\" data-element_type=\"widget\" data-e-type=\"widget\" data-widget_type=\"image.default\">\n\t\t\t\t<div class=\"elementor-widget-container\">\n\t\t\t\t\t\t\t\t\t\t\t\t\t\t\t\t<a href=\"https:\/\/matildagira.eu\/collaborations\/\">\n\t\t\t\t\t\t\t<img loading=\"lazy\" decoding=\"async\" width=\"480\" height=\"74\" src=\"https:\/\/matildagira.eu\/wp-content\/uploads\/2024\/01\/Matilda-Gira-Multilink-10-480x74.png\" class=\"attachment-medium size-medium wp-image-6993\" alt=\"\" srcset=\"https:\/\/matildagira.eu\/wp-content\/uploads\/2024\/01\/Matilda-Gira-Multilink-10-480x74.png 480w, https:\/\/matildagira.eu\/wp-content\/uploads\/2024\/01\/Matilda-Gira-Multilink-10-768x118.png 768w, https:\/\/matildagira.eu\/wp-content\/uploads\/2024\/01\/Matilda-Gira-Multilink-10-800x123.png 800w, https:\/\/matildagira.eu\/wp-content\/uploads\/2024\/01\/Matilda-Gira-Multilink-10.png 862w\" sizes=\"(max-width: 480px) 100vw, 480px\" \/>\t\t\t\t\t\t\t\t<\/a>\n\t\t\t\t\t\t\t\t\t\t\t\t\t\t\t<\/div>\n\t\t\t\t<\/div>\n\t\t\t\t<div class=\"elementor-element elementor-element-ab771d4 elementor-widget elementor-widget-image\" data-id=\"ab771d4\" data-element_type=\"widget\" data-e-type=\"widget\" data-widget_type=\"image.default\">\n\t\t\t\t<div class=\"elementor-widget-container\">\n\t\t\t\t\t\t\t\t\t\t\t\t\t\t\t\t<a href=\"https:\/\/matildagira.eu\/cs\/\">\n\t\t\t\t\t\t\t<img loading=\"lazy\" decoding=\"async\" width=\"480\" height=\"73\" src=\"https:\/\/matildagira.eu\/wp-content\/uploads\/2024\/01\/Matilda-Gira-Multilink-3-480x73.png\" class=\"attachment-medium size-medium wp-image-6988\" alt=\"\" srcset=\"https:\/\/matildagira.eu\/wp-content\/uploads\/2024\/01\/Matilda-Gira-Multilink-3-480x73.png 480w, https:\/\/matildagira.eu\/wp-content\/uploads\/2024\/01\/Matilda-Gira-Multilink-3-768x117.png 768w, https:\/\/matildagira.eu\/wp-content\/uploads\/2024\/01\/Matilda-Gira-Multilink-3-800x121.png 800w, https:\/\/matildagira.eu\/wp-content\/uploads\/2024\/01\/Matilda-Gira-Multilink-3.png 863w\" sizes=\"(max-width: 480px) 100vw, 480px\" \/>\t\t\t\t\t\t\t\t<\/a>\n\t\t\t\t\t\t\t\t\t\t\t\t\t\t\t<\/div>\n\t\t\t\t<\/div>\n\t\t\t\t<div class=\"elementor-element elementor-element-835a784 elementor-widget elementor-widget-image\" data-id=\"835a784\" data-element_type=\"widget\" data-e-type=\"widget\" data-widget_type=\"image.default\">\n\t\t\t\t<div class=\"elementor-widget-container\">\n\t\t\t\t\t\t\t\t\t\t\t\t\t\t\t\t<a href=\"https:\/\/matildagira.eu\/blog\/\">\n\t\t\t\t\t\t\t<img loading=\"lazy\" decoding=\"async\" width=\"480\" height=\"73\" src=\"https:\/\/matildagira.eu\/wp-content\/uploads\/2024\/01\/Matilda-Gira-Multilink-9-480x73.png\" class=\"attachment-medium size-medium wp-image-6992\" alt=\"\" srcset=\"https:\/\/matildagira.eu\/wp-content\/uploads\/2024\/01\/Matilda-Gira-Multilink-9-480x73.png 480w, https:\/\/matildagira.eu\/wp-content\/uploads\/2024\/01\/Matilda-Gira-Multilink-9-768x117.png 768w, https:\/\/matildagira.eu\/wp-content\/uploads\/2024\/01\/Matilda-Gira-Multilink-9-800x122.png 800w, https:\/\/matildagira.eu\/wp-content\/uploads\/2024\/01\/Matilda-Gira-Multilink-9.png 862w\" sizes=\"(max-width: 480px) 100vw, 480px\" \/>\t\t\t\t\t\t\t\t<\/a>\n\t\t\t\t\t\t\t\t\t\t\t\t\t\t\t<\/div>\n\t\t\t\t<\/div>\n\t\t\t\t\t<\/div>\n\t\t<\/div>\n\t\t\t\t\t<\/div>\n\t\t<\/section>\n\t\t\t\t<\/div>\n\t\t","protected":false},"excerpt":{"rendered":"<p>#HatsOffToYou<\/p>\n","protected":false},"author":1,"featured_media":6985,"parent":0,"menu_order":0,"comment_status":"closed","ping_status":"closed","template":"","meta":{"_monsterinsights_skip_tracking":false,"_monsterinsights_sitenote_active":false,"_monsterinsights_sitenote_note":"","_monsterinsights_sitenote_category":0,"footnotes":""},"folder":[],"class_list":["post-7219","page","type-page","status-publish","has-post-thumbnail","hentry"],"yoast_head":"<!-- This site is optimized with the Yoast SEO plugin v27.5 - https:\/\/yoast.com\/product\/yoast-seo-wordpress\/ -->\n<title>Spojme se! - Matilda Gira<\/title>\n<meta name=\"description\" content=\"Zapojte se do konverzace na soci\u00e1ln\u00edch s\u00edt\u00edch, chatujte s n\u00e1mi na WhatsAppu nebo si prohl\u00e9dn\u011bte na\u0161e webov\u00e9 str\u00e1nky, kde najdete ru\u010dn\u011b vyr\u00e1b\u011bn\u00e9 klobouky, kter\u00e9 vypr\u00e1v\u011bj\u00ed p\u0159\u00edb\u011bhy.\" \/>\n<meta name=\"robots\" content=\"index, follow, max-snippet:-1, max-image-preview:large, max-video-preview:-1\" \/>\n<link rel=\"canonical\" href=\"https:\/\/matildagira.eu\/cs\/spojme-se\/\" \/>\n<meta property=\"og:locale\" content=\"cs_CZ\" \/>\n<meta property=\"og:type\" content=\"article\" \/>\n<meta property=\"og:title\" content=\"Spojme se! - Matilda Gira\" \/>\n<meta property=\"og:description\" content=\"Zapojte se do konverzace na soci\u00e1ln\u00edch s\u00edt\u00edch, chatujte s n\u00e1mi na WhatsAppu nebo si prohl\u00e9dn\u011bte na\u0161e webov\u00e9 str\u00e1nky, kde najdete ru\u010dn\u011b vyr\u00e1b\u011bn\u00e9 klobouky, kter\u00e9 vypr\u00e1v\u011bj\u00ed p\u0159\u00edb\u011bhy.\" \/>\n<meta property=\"og:url\" content=\"https:\/\/matildagira.eu\/cs\/spojme-se\/\" \/>\n<meta property=\"og:site_name\" content=\"Matilda Gira\" \/>\n<meta property=\"article:publisher\" content=\"https:\/\/www.facebook.com\/matildagira\" \/>\n<meta property=\"article:modified_time\" content=\"2024-09-22T14:27:42+00:00\" \/>\n<meta property=\"og:image\" content=\"https:\/\/matildagira.eu\/wp-content\/uploads\/2024\/01\/Matilda-Gira-Multilink.png\" \/>\n\t<meta property=\"og:image:width\" content=\"1080\" \/>\n\t<meta property=\"og:image:height\" content=\"1028\" \/>\n\t<meta property=\"og:image:type\" content=\"image\/png\" \/>\n<meta name=\"twitter:card\" content=\"summary_large_image\" \/>\n<script type=\"application\/ld+json\" class=\"yoast-schema-graph\">{\"@context\":\"https:\\\/\\\/schema.org\",\"@graph\":[{\"@type\":\"WebPage\",\"@id\":\"https:\\\/\\\/matildagira.eu\\\/cs\\\/spojme-se\\\/\",\"url\":\"https:\\\/\\\/matildagira.eu\\\/cs\\\/spojme-se\\\/\",\"name\":\"Spojme se! - Matilda Gira\",\"isPartOf\":{\"@id\":\"https:\\\/\\\/matildagira.eu\\\/cs\\\/#website\"},\"primaryImageOfPage\":{\"@id\":\"https:\\\/\\\/matildagira.eu\\\/cs\\\/spojme-se\\\/#primaryimage\"},\"image\":{\"@id\":\"https:\\\/\\\/matildagira.eu\\\/cs\\\/spojme-se\\\/#primaryimage\"},\"thumbnailUrl\":\"https:\\\/\\\/matildagira.eu\\\/wp-content\\\/uploads\\\/2024\\\/01\\\/Matilda-Gira-Multilink.png\",\"datePublished\":\"2024-01-22T15:16:55+00:00\",\"dateModified\":\"2024-09-22T14:27:42+00:00\",\"description\":\"Zapojte se do konverzace na soci\u00e1ln\u00edch s\u00edt\u00edch, chatujte s n\u00e1mi na WhatsAppu nebo si prohl\u00e9dn\u011bte na\u0161e webov\u00e9 str\u00e1nky, kde najdete ru\u010dn\u011b vyr\u00e1b\u011bn\u00e9 klobouky, kter\u00e9 vypr\u00e1v\u011bj\u00ed p\u0159\u00edb\u011bhy.\",\"breadcrumb\":{\"@id\":\"https:\\\/\\\/matildagira.eu\\\/cs\\\/spojme-se\\\/#breadcrumb\"},\"inLanguage\":\"cs\",\"potentialAction\":[{\"@type\":\"ReadAction\",\"target\":[\"https:\\\/\\\/matildagira.eu\\\/cs\\\/spojme-se\\\/\"]}]},{\"@type\":\"ImageObject\",\"inLanguage\":\"cs\",\"@id\":\"https:\\\/\\\/matildagira.eu\\\/cs\\\/spojme-se\\\/#primaryimage\",\"url\":\"https:\\\/\\\/matildagira.eu\\\/wp-content\\\/uploads\\\/2024\\\/01\\\/Matilda-Gira-Multilink.png\",\"contentUrl\":\"https:\\\/\\\/matildagira.eu\\\/wp-content\\\/uploads\\\/2024\\\/01\\\/Matilda-Gira-Multilink.png\",\"width\":1080,\"height\":1028},{\"@type\":\"BreadcrumbList\",\"@id\":\"https:\\\/\\\/matildagira.eu\\\/cs\\\/spojme-se\\\/#breadcrumb\",\"itemListElement\":[{\"@type\":\"ListItem\",\"position\":1,\"name\":\"Dom\u016f\",\"item\":\"https:\\\/\\\/matildagira.eu\\\/cs\\\/\"},{\"@type\":\"ListItem\",\"position\":2,\"name\":\"Spojme se!\"}]},{\"@type\":\"WebSite\",\"@id\":\"https:\\\/\\\/matildagira.eu\\\/cs\\\/#website\",\"url\":\"https:\\\/\\\/matildagira.eu\\\/cs\\\/\",\"name\":\"Matilda Gira\",\"description\":\"Handcrafted Hats\",\"publisher\":{\"@id\":\"https:\\\/\\\/matildagira.eu\\\/cs\\\/#organization\"},\"potentialAction\":[{\"@type\":\"SearchAction\",\"target\":{\"@type\":\"EntryPoint\",\"urlTemplate\":\"https:\\\/\\\/matildagira.eu\\\/cs\\\/?s={search_term_string}\"},\"query-input\":{\"@type\":\"PropertyValueSpecification\",\"valueRequired\":true,\"valueName\":\"search_term_string\"}}],\"inLanguage\":\"cs\"},{\"@type\":\"Organization\",\"@id\":\"https:\\\/\\\/matildagira.eu\\\/cs\\\/#organization\",\"name\":\"Matilda Gira\",\"url\":\"https:\\\/\\\/matildagira.eu\\\/cs\\\/\",\"logo\":{\"@type\":\"ImageObject\",\"inLanguage\":\"cs\",\"@id\":\"https:\\\/\\\/matildagira.eu\\\/cs\\\/#\\\/schema\\\/logo\\\/image\\\/\",\"url\":\"https:\\\/\\\/matildagira.eu\\\/wp-content\\\/uploads\\\/2022\\\/09\\\/LOGO-COLOR-VERDE.png\",\"contentUrl\":\"https:\\\/\\\/matildagira.eu\\\/wp-content\\\/uploads\\\/2022\\\/09\\\/LOGO-COLOR-VERDE.png\",\"width\":1010,\"height\":446,\"caption\":\"Matilda Gira\"},\"image\":{\"@id\":\"https:\\\/\\\/matildagira.eu\\\/cs\\\/#\\\/schema\\\/logo\\\/image\\\/\"},\"sameAs\":[\"https:\\\/\\\/www.facebook.com\\\/matildagira\",\"https:\\\/\\\/www.instagram.com\\\/matilda.gira\\\/\",\"https:\\\/\\\/www.pinterest.com.au\\\/matildagira\\\/\",\"https:\\\/\\\/www.tiktok.com\\\/@matildagira?lang=es\"]}]}<\/script>\n<!-- \/ Yoast SEO plugin. -->","yoast_head_json":{"title":"Spojme se! - Matilda Gira","description":"Zapojte se do konverzace na soci\u00e1ln\u00edch s\u00edt\u00edch, chatujte s n\u00e1mi na WhatsAppu nebo si prohl\u00e9dn\u011bte na\u0161e webov\u00e9 str\u00e1nky, kde najdete ru\u010dn\u011b vyr\u00e1b\u011bn\u00e9 klobouky, kter\u00e9 vypr\u00e1v\u011bj\u00ed p\u0159\u00edb\u011bhy.","robots":{"index":"index","follow":"follow","max-snippet":"max-snippet:-1","max-image-preview":"max-image-preview:large","max-video-preview":"max-video-preview:-1"},"canonical":"https:\/\/matildagira.eu\/cs\/spojme-se\/","og_locale":"cs_CZ","og_type":"article","og_title":"Spojme se! - Matilda Gira","og_description":"Zapojte se do konverzace na soci\u00e1ln\u00edch s\u00edt\u00edch, chatujte s n\u00e1mi na WhatsAppu nebo si prohl\u00e9dn\u011bte na\u0161e webov\u00e9 str\u00e1nky, kde najdete ru\u010dn\u011b vyr\u00e1b\u011bn\u00e9 klobouky, kter\u00e9 vypr\u00e1v\u011bj\u00ed p\u0159\u00edb\u011bhy.","og_url":"https:\/\/matildagira.eu\/cs\/spojme-se\/","og_site_name":"Matilda Gira","article_publisher":"https:\/\/www.facebook.com\/matildagira","article_modified_time":"2024-09-22T14:27:42+00:00","og_image":[{"width":1080,"height":1028,"url":"https:\/\/matildagira.eu\/wp-content\/uploads\/2024\/01\/Matilda-Gira-Multilink.png","type":"image\/png"}],"twitter_card":"summary_large_image","schema":{"@context":"https:\/\/schema.org","@graph":[{"@type":"WebPage","@id":"https:\/\/matildagira.eu\/cs\/spojme-se\/","url":"https:\/\/matildagira.eu\/cs\/spojme-se\/","name":"Spojme se! - Matilda Gira","isPartOf":{"@id":"https:\/\/matildagira.eu\/cs\/#website"},"primaryImageOfPage":{"@id":"https:\/\/matildagira.eu\/cs\/spojme-se\/#primaryimage"},"image":{"@id":"https:\/\/matildagira.eu\/cs\/spojme-se\/#primaryimage"},"thumbnailUrl":"https:\/\/matildagira.eu\/wp-content\/uploads\/2024\/01\/Matilda-Gira-Multilink.png","datePublished":"2024-01-22T15:16:55+00:00","dateModified":"2024-09-22T14:27:42+00:00","description":"Zapojte se do konverzace na soci\u00e1ln\u00edch s\u00edt\u00edch, chatujte s n\u00e1mi na WhatsAppu nebo si prohl\u00e9dn\u011bte na\u0161e webov\u00e9 str\u00e1nky, kde najdete ru\u010dn\u011b vyr\u00e1b\u011bn\u00e9 klobouky, kter\u00e9 vypr\u00e1v\u011bj\u00ed p\u0159\u00edb\u011bhy.","breadcrumb":{"@id":"https:\/\/matildagira.eu\/cs\/spojme-se\/#breadcrumb"},"inLanguage":"cs","potentialAction":[{"@type":"ReadAction","target":["https:\/\/matildagira.eu\/cs\/spojme-se\/"]}]},{"@type":"ImageObject","inLanguage":"cs","@id":"https:\/\/matildagira.eu\/cs\/spojme-se\/#primaryimage","url":"https:\/\/matildagira.eu\/wp-content\/uploads\/2024\/01\/Matilda-Gira-Multilink.png","contentUrl":"https:\/\/matildagira.eu\/wp-content\/uploads\/2024\/01\/Matilda-Gira-Multilink.png","width":1080,"height":1028},{"@type":"BreadcrumbList","@id":"https:\/\/matildagira.eu\/cs\/spojme-se\/#breadcrumb","itemListElement":[{"@type":"ListItem","position":1,"name":"Dom\u016f","item":"https:\/\/matildagira.eu\/cs\/"},{"@type":"ListItem","position":2,"name":"Spojme se!"}]},{"@type":"WebSite","@id":"https:\/\/matildagira.eu\/cs\/#website","url":"https:\/\/matildagira.eu\/cs\/","name":"Matilda Gira","description":"Handcrafted Hats","publisher":{"@id":"https:\/\/matildagira.eu\/cs\/#organization"},"potentialAction":[{"@type":"SearchAction","target":{"@type":"EntryPoint","urlTemplate":"https:\/\/matildagira.eu\/cs\/?s={search_term_string}"},"query-input":{"@type":"PropertyValueSpecification","valueRequired":true,"valueName":"search_term_string"}}],"inLanguage":"cs"},{"@type":"Organization","@id":"https:\/\/matildagira.eu\/cs\/#organization","name":"Matilda Gira","url":"https:\/\/matildagira.eu\/cs\/","logo":{"@type":"ImageObject","inLanguage":"cs","@id":"https:\/\/matildagira.eu\/cs\/#\/schema\/logo\/image\/","url":"https:\/\/matildagira.eu\/wp-content\/uploads\/2022\/09\/LOGO-COLOR-VERDE.png","contentUrl":"https:\/\/matildagira.eu\/wp-content\/uploads\/2022\/09\/LOGO-COLOR-VERDE.png","width":1010,"height":446,"caption":"Matilda Gira"},"image":{"@id":"https:\/\/matildagira.eu\/cs\/#\/schema\/logo\/image\/"},"sameAs":["https:\/\/www.facebook.com\/matildagira","https:\/\/www.instagram.com\/matilda.gira\/","https:\/\/www.pinterest.com.au\/matildagira\/","https:\/\/www.tiktok.com\/@matildagira?lang=es"]}]}},"_links":{"self":[{"href":"https:\/\/matildagira.eu\/cs\/wp-json\/wp\/v2\/pages\/7219","targetHints":{"allow":["GET"]}}],"collection":[{"href":"https:\/\/matildagira.eu\/cs\/wp-json\/wp\/v2\/pages"}],"about":[{"href":"https:\/\/matildagira.eu\/cs\/wp-json\/wp\/v2\/types\/page"}],"author":[{"embeddable":true,"href":"https:\/\/matildagira.eu\/cs\/wp-json\/wp\/v2\/users\/1"}],"replies":[{"embeddable":true,"href":"https:\/\/matildagira.eu\/cs\/wp-json\/wp\/v2\/comments?post=7219"}],"version-history":[{"count":2,"href":"https:\/\/matildagira.eu\/cs\/wp-json\/wp\/v2\/pages\/7219\/revisions"}],"predecessor-version":[{"id":7221,"href":"https:\/\/matildagira.eu\/cs\/wp-json\/wp\/v2\/pages\/7219\/revisions\/7221"}],"wp:featuredmedia":[{"embeddable":true,"href":"https:\/\/matildagira.eu\/cs\/wp-json\/wp\/v2\/media\/6985"}],"wp:attachment":[{"href":"https:\/\/matildagira.eu\/cs\/wp-json\/wp\/v2\/media?parent=7219"}],"wp:term":[{"taxonomy":"folder","embeddable":true,"href":"https:\/\/matildagira.eu\/cs\/wp-json\/wp\/v2\/folder?post=7219"}],"curies":[{"name":"wp","href":"https:\/\/api.w.org\/{rel}","templated":true}]}}