



{"id":7217,"date":"2024-08-07T12:32:23","date_gmt":"2024-08-07T10:32:23","guid":{"rendered":"https:\/\/matildagira.eu\/blog-2\/"},"modified":"2024-09-22T16:27:41","modified_gmt":"2024-09-22T14:27:41","slug":"blog-2","status":"publish","type":"page","link":"https:\/\/matildagira.eu\/cs\/blog-2\/","title":{"rendered":"Blog"},"content":{"rendered":"\t\t<div data-elementor-type=\"wp-page\" data-elementor-id=\"7217\" class=\"elementor elementor-7217 elementor-6510\">\n\t\t\t\t\t\t<section class=\"elementor-section elementor-top-section elementor-element elementor-element-446dd17 elementor-section-boxed elementor-section-height-default elementor-section-height-default\" data-id=\"446dd17\" data-element_type=\"section\" data-e-type=\"section\">\n\t\t\t\t\t\t<div class=\"elementor-container elementor-column-gap-default\">\n\t\t\t\t\t<div class=\"elementor-column elementor-col-100 elementor-top-column elementor-element elementor-element-38eeeca\" data-id=\"38eeeca\" data-element_type=\"column\" data-e-type=\"column\">\n\t\t\t<div class=\"elementor-widget-wrap elementor-element-populated\">\n\t\t\t\t\t\t<div class=\"elementor-element elementor-element-3267d75 elementor-widget elementor-widget-image\" data-id=\"3267d75\" data-element_type=\"widget\" data-e-type=\"widget\" data-widget_type=\"image.default\">\n\t\t\t\t<div class=\"elementor-widget-container\">\n\t\t\t\t\t\t\t\t\t\t\t\t\t\t\t<img fetchpriority=\"high\" decoding=\"async\" width=\"1024\" height=\"576\" src=\"https:\/\/matildagira.eu\/wp-content\/uploads\/2023\/11\/6.png\" class=\"attachment-large size-large wp-image-6942\" alt=\"\" srcset=\"https:\/\/matildagira.eu\/wp-content\/uploads\/2023\/11\/6.png 1024w, https:\/\/matildagira.eu\/wp-content\/uploads\/2023\/11\/6-480x270.png 480w, https:\/\/matildagira.eu\/wp-content\/uploads\/2023\/11\/6-768x432.png 768w, https:\/\/matildagira.eu\/wp-content\/uploads\/2023\/11\/6-800x450.png 800w\" sizes=\"(max-width: 1024px) 100vw, 1024px\" \/>\t\t\t\t\t\t\t\t\t\t\t\t\t\t\t<\/div>\n\t\t\t\t<\/div>\n\t\t\t\t<div class=\"elementor-element elementor-element-9520fce elementor-widget elementor-widget-pls-blog\" data-id=\"9520fce\" data-element_type=\"widget\" data-e-type=\"widget\" data-widget_type=\"pls-blog.default\">\n\t\t\t\t<div class=\"elementor-widget-container\">\n\t\t\t\t\t<div id=\"section-14474\" class=\"pls-element pls-blog\">\n\t<div class=\"articles-list row blog-grid masonry-grid read-more-button-fill\">\n\n\n<article id=\"post-7267\" class=\"blog-post-loop  col-lg-4 col-md-6 col-12 meta-separator-hyphen post-meta-label post-7267 post type-post status-publish format-standard has-post-thumbnail hentry category-moda tag-ceske-budejovice-cs tag-evropa-moda tag-klobouky tag-modni-prehlidka tag-womens-hat-fashion\">\n\t\n\t<div class=\"entry-post\">\t\n\t<div class=\"entry-thumbnail-wrapper\">\n\t\t\n<div class=\"post-thumbnail\">\n\t<a href=\"https:\/\/matildagira.eu\/cs\/matilda-gira-na-art-fashion-show-s-esse-shop-gallery-space\/\" > <img decoding=\"async\" width=\"480\" height=\"270\" src=\"https:\/\/matildagira.eu\/wp-content\/uploads\/2023\/12\/ESSE-SHOP-CESKE-BUDEJOVICE-480x270.png\" class=\"attachment-medium size-medium wp-post-image\" alt=\"\" srcset=\"https:\/\/matildagira.eu\/wp-content\/uploads\/2023\/12\/ESSE-SHOP-CESKE-BUDEJOVICE-480x270.png 480w, https:\/\/matildagira.eu\/wp-content\/uploads\/2023\/12\/ESSE-SHOP-CESKE-BUDEJOVICE-768x432.png 768w, https:\/\/matildagira.eu\/wp-content\/uploads\/2023\/12\/ESSE-SHOP-CESKE-BUDEJOVICE-800x450.png 800w, https:\/\/matildagira.eu\/wp-content\/uploads\/2023\/12\/ESSE-SHOP-CESKE-BUDEJOVICE.png 1024w\" sizes=\"(max-width: 480px) 100vw, 480px\" \/><\/a>\n<\/div>\t<\/div>\n\t\n\t<div class=\"entry-content-wrapper\">\n\t\t\n<header class=\"entry-header\">\n\n\t<div class=\"entry-meta\">\n\n\t\t\t\n\t\n\t\t\n\t\t\t\t<span class=\"author-link vcard\">\n\t\t\t\t\t<a href=\"https:\/\/matildagira.eu\/cs\/author\/mao\/\" title=\"P\u0159\u00edsp\u011bvky od mao\" rel=\"author\">mao<\/a>\t\t\t\t<\/span> \t\t\t\t\t\n\t\t\t\t<span class=\"posted-date\">\n\t\t\t\t\t<a href=\"https:\/\/matildagira.eu\/cs\/matilda-gira-na-art-fashion-show-s-esse-shop-gallery-space\/ \">18. 12. 2023<\/a>\n\t\t\t\t<\/span>\t\t\t\n\t\n\t\t\t\n\t\n<\/div><h2 class=\"entry-title\"><a href=\"https:\/\/matildagira.eu\/cs\/matilda-gira-na-art-fashion-show-s-esse-shop-gallery-space\/\" rel=\"bookmark\">Matilda Gira na Art &amp; Fashion Show s Esse Shop Gallery Space<\/a><\/h2>\t\n<\/header><!-- .entry-header -->\n<div class=\"entry-content\">\n\tV srdci \u010cesk\u00fdch Bud\u011bjovic, v \u010cesk\u00e9 republice, m\u011bla Matilda Gira tu \u010dest b\u00fdt sou\u010d\u00e1st\u00ed Art &amp; Fashion Show v Esse Shop Gallery Space 13. \u0159\u00edjna 2023. P\u0159ehl\u00eddka, kter\u00e1 se konala\t\n<\/div>\n<div class=\"entry-footer\">\n\t\n<p class=\"read-more-btn\">\n\t<a href=\"https:\/\/matildagira.eu\/cs\/matilda-gira-na-art-fashion-show-s-esse-shop-gallery-space\/\" class=\"more-link\">Pokra\u010dovat ve \u010dten\u00ed <\/a>\n<\/p><\/div>\t<\/div>\n\t\n\t<\/div>\t\t\n<\/article>\n\n\n\n<article id=\"post-7262\" class=\"blog-post-loop  col-lg-4 col-md-6 col-12 meta-separator-hyphen post-meta-label post-7262 post type-post status-publish format-standard hentry category-nezarazene\">\n\t\n\t<div class=\"entry-post\">\t\n\t<div class=\"entry-thumbnail-wrapper\">\n\t\t\t<\/div>\n\t\n\t<div class=\"entry-content-wrapper\">\n\t\t\n<header class=\"entry-header\">\n\n\t<div class=\"entry-meta\">\n\n\t\t\t\n\t\n\t\t\n\t\t\t\t<span class=\"author-link vcard\">\n\t\t\t\t\t<a href=\"https:\/\/matildagira.eu\/cs\/author\/mao\/\" title=\"P\u0159\u00edsp\u011bvky od mao\" rel=\"author\">mao<\/a>\t\t\t\t<\/span> \t\t\t\t\t\n\t\t\t\t<span class=\"posted-date\">\n\t\t\t\t\t<a href=\"https:\/\/matildagira.eu\/cs\/klobouky-svobody-klobouky-svobody-role-klobouku-v-zenskem-pravu-na-svobodu\/ \">18. 12. 2023<\/a>\n\t\t\t\t<\/span>\t\t\t\n\t\n\t\t\t\n\t\n<\/div><h2 class=\"entry-title\"><a href=\"https:\/\/matildagira.eu\/cs\/klobouky-svobody-klobouky-svobody-role-klobouku-v-zenskem-pravu-na-svobodu\/\" rel=\"bookmark\">Klobouky svobody: Klobouky svobody: role klobouk\u016f v \u017eensk\u00e9m pr\u00e1vu na svobodu<\/a><\/h2>\t\n<\/header><!-- .entry-header -->\n<div class=\"entry-content\">\n\tKdysi d\u00e1vno, na po\u010d\u00e1tku 20. stolet\u00ed, se \u017eeny vydaly na odv\u00e1\u017enou cestu za rovnopr\u00e1vnost. V tomto p\u0159\u00edb\u011bhu se klobouky staly n\u011b\u010d\u00edm v\u00edc ne\u017e pouh\u00fdm dopl\u0148kem; byly symbolem identity a pos\u00edlen\u00ed\t\n<\/div>\n<div class=\"entry-footer\">\n\t\n<p class=\"read-more-btn\">\n\t<a href=\"https:\/\/matildagira.eu\/cs\/klobouky-svobody-klobouky-svobody-role-klobouku-v-zenskem-pravu-na-svobodu\/\" class=\"more-link\">Pokra\u010dovat ve \u010dten\u00ed <\/a>\n<\/p><\/div>\t<\/div>\n\t\n\t<\/div>\t\t\n<\/article>\n\n\n\n<article id=\"post-7255\" class=\"blog-post-loop  col-lg-4 col-md-6 col-12 meta-separator-hyphen post-meta-label post-7255 post type-post status-publish format-standard has-post-thumbnail hentry category-nezarazene\">\n\t\n\t<div class=\"entry-post\">\t\n\t<div class=\"entry-thumbnail-wrapper\">\n\t\t\n<div class=\"post-thumbnail\">\n\t<a href=\"https:\/\/matildagira.eu\/cs\/embera-chami-beadwork-chamba-chamba-tkani-niti-tradice-a-mody\/\" > <img decoding=\"async\" width=\"480\" height=\"270\" src=\"https:\/\/matildagira.eu\/wp-content\/uploads\/2023\/12\/Untitled-design-2-480x270.png\" class=\"attachment-medium size-medium wp-post-image\" alt=\"\" srcset=\"https:\/\/matildagira.eu\/wp-content\/uploads\/2023\/12\/Untitled-design-2-480x270.png 480w, https:\/\/matildagira.eu\/wp-content\/uploads\/2023\/12\/Untitled-design-2-768x432.png 768w, https:\/\/matildagira.eu\/wp-content\/uploads\/2023\/12\/Untitled-design-2-800x450.png 800w, https:\/\/matildagira.eu\/wp-content\/uploads\/2023\/12\/Untitled-design-2-e1706128724931.png 150w\" sizes=\"(max-width: 480px) 100vw, 480px\" \/><\/a>\n<\/div>\t<\/div>\n\t\n\t<div class=\"entry-content-wrapper\">\n\t\t\n<header class=\"entry-header\">\n\n\t<div class=\"entry-meta\">\n\n\t\t\t\n\t\n\t\t\n\t\t\t\t<span class=\"author-link vcard\">\n\t\t\t\t\t<a href=\"https:\/\/matildagira.eu\/cs\/author\/mao\/\" title=\"P\u0159\u00edsp\u011bvky od mao\" rel=\"author\">mao<\/a>\t\t\t\t<\/span> \t\t\t\t\t\n\t\t\t\t<span class=\"posted-date\">\n\t\t\t\t\t<a href=\"https:\/\/matildagira.eu\/cs\/embera-chami-beadwork-chamba-chamba-tkani-niti-tradice-a-mody\/ \">18. 12. 2023<\/a>\n\t\t\t\t<\/span>\t\t\t\n\t\n\t\t\t\n\t\n<\/div><h2 class=\"entry-title\"><a href=\"https:\/\/matildagira.eu\/cs\/embera-chami-beadwork-chamba-chamba-tkani-niti-tradice-a-mody\/\" rel=\"bookmark\">Embera Chami Beadwork: Chamba Chamba: tkan\u00ed nit\u00ed tradice a m\u00f3dy<\/a><\/h2>\t\n<\/header><!-- .entry-header -->\n<div class=\"entry-content\">\n\tVe sv\u011bt\u011b p\u0159ekypuj\u00edc\u00edm p\u0159\u00edb\u011bhy existuje neoby\u010dejn\u00fd p\u0159\u00edb\u011bh, kter\u00fd se vine z bujn\u00e9 kolumbijsk\u00e9 krajiny a\u017e do srdce Matildy Giry. Tento p\u0159\u00edb\u011bh je utk\u00e1n nejen z nit\u00ed a kor\u00e1lk\u016f, ale tak\u00e9\t\n<\/div>\n<div class=\"entry-footer\">\n\t\n<p class=\"read-more-btn\">\n\t<a href=\"https:\/\/matildagira.eu\/cs\/embera-chami-beadwork-chamba-chamba-tkani-niti-tradice-a-mody\/\" class=\"more-link\">Pokra\u010dovat ve \u010dten\u00ed <\/a>\n<\/p><\/div>\t<\/div>\n\t\n\t<\/div>\t\t\n<\/article>\n\n\t<\/div>\n<\/div>\t\t\t\t<\/div>\n\t\t\t\t<\/div>\n\t\t\t\t\t<\/div>\n\t\t<\/div>\n\t\t\t\t\t<\/div>\n\t\t<\/section>\n\t\t\t\t<\/div>\n\t\t","protected":false},"excerpt":{"rendered":"","protected":false},"author":4,"featured_media":0,"parent":0,"menu_order":0,"comment_status":"closed","ping_status":"closed","template":"elementor_theme","meta":{"_monsterinsights_skip_tracking":false,"_monsterinsights_sitenote_active":false,"_monsterinsights_sitenote_note":"","_monsterinsights_sitenote_category":0,"footnotes":""},"folder":[],"class_list":["post-7217","page","type-page","status-publish","hentry"],"yoast_head":"<!-- This site is optimized with the Yoast SEO plugin v27.5 - https:\/\/yoast.com\/product\/yoast-seo-wordpress\/ -->\n<title>Blog - Matilda Gira<\/title>\n<meta name=\"description\" content=\"Objevte inspirativn\u00ed p\u0159\u00edb\u011bhy za Matilda Gira ru\u010dn\u011b vyr\u00e1b\u011bn\u00fdmi klobouky. Pono\u0159te se do na\u0161eho blogu, kter\u00e9 zachycuj\u00ed podstatu m\u00f3dy, kultury a osvobozuj\u00edc\u00edch p\u0159\u00edb\u011bh\u016f. Prozkoumejte jedine\u010dnou cestu spolupr\u00e1ce, tradice a kreativity\" \/>\n<meta name=\"robots\" content=\"index, follow, max-snippet:-1, max-image-preview:large, max-video-preview:-1\" \/>\n<link rel=\"canonical\" href=\"https:\/\/matildagira.eu\/cs\/blog-2\/\" \/>\n<meta property=\"og:locale\" content=\"cs_CZ\" \/>\n<meta property=\"og:type\" content=\"article\" \/>\n<meta property=\"og:title\" content=\"Blog - Matilda Gira\" \/>\n<meta property=\"og:description\" content=\"Objevte inspirativn\u00ed p\u0159\u00edb\u011bhy za Matilda Gira ru\u010dn\u011b vyr\u00e1b\u011bn\u00fdmi klobouky. Pono\u0159te se do na\u0161eho blogu, kter\u00e9 zachycuj\u00ed podstatu m\u00f3dy, kultury a osvobozuj\u00edc\u00edch p\u0159\u00edb\u011bh\u016f. Prozkoumejte jedine\u010dnou cestu spolupr\u00e1ce, tradice a kreativity\" \/>\n<meta property=\"og:url\" content=\"https:\/\/matildagira.eu\/cs\/blog-2\/\" \/>\n<meta property=\"og:site_name\" content=\"Matilda Gira\" \/>\n<meta property=\"article:publisher\" content=\"https:\/\/www.facebook.com\/matildagira\" \/>\n<meta property=\"article:modified_time\" content=\"2024-09-22T14:27:41+00:00\" \/>\n<meta property=\"og:image\" content=\"https:\/\/matildagira.eu\/wp-content\/uploads\/2022\/09\/cropped-LOGO-COLOR-VERDE.png\" \/>\n\t<meta property=\"og:image:width\" content=\"1010\" \/>\n\t<meta property=\"og:image:height\" content=\"408\" \/>\n\t<meta property=\"og:image:type\" content=\"image\/png\" \/>\n<meta name=\"twitter:card\" content=\"summary_large_image\" \/>\n<script type=\"application\/ld+json\" class=\"yoast-schema-graph\">{\"@context\":\"https:\\\/\\\/schema.org\",\"@graph\":[{\"@type\":\"WebPage\",\"@id\":\"https:\\\/\\\/matildagira.eu\\\/cs\\\/blog-2\\\/\",\"url\":\"https:\\\/\\\/matildagira.eu\\\/cs\\\/blog-2\\\/\",\"name\":\"Blog - Matilda Gira\",\"isPartOf\":{\"@id\":\"https:\\\/\\\/matildagira.eu\\\/cs\\\/#website\"},\"datePublished\":\"2024-08-07T10:32:23+00:00\",\"dateModified\":\"2024-09-22T14:27:41+00:00\",\"description\":\"Objevte inspirativn\u00ed p\u0159\u00edb\u011bhy za Matilda Gira ru\u010dn\u011b vyr\u00e1b\u011bn\u00fdmi klobouky. Pono\u0159te se do na\u0161eho blogu, kter\u00e9 zachycuj\u00ed podstatu m\u00f3dy, kultury a osvobozuj\u00edc\u00edch p\u0159\u00edb\u011bh\u016f. Prozkoumejte jedine\u010dnou cestu spolupr\u00e1ce, tradice a kreativity\",\"breadcrumb\":{\"@id\":\"https:\\\/\\\/matildagira.eu\\\/cs\\\/blog-2\\\/#breadcrumb\"},\"inLanguage\":\"cs\",\"potentialAction\":[{\"@type\":\"ReadAction\",\"target\":[\"https:\\\/\\\/matildagira.eu\\\/cs\\\/blog-2\\\/\"]}]},{\"@type\":\"BreadcrumbList\",\"@id\":\"https:\\\/\\\/matildagira.eu\\\/cs\\\/blog-2\\\/#breadcrumb\",\"itemListElement\":[{\"@type\":\"ListItem\",\"position\":1,\"name\":\"Dom\u016f\",\"item\":\"https:\\\/\\\/matildagira.eu\\\/cs\\\/\"},{\"@type\":\"ListItem\",\"position\":2,\"name\":\"Blog\"}]},{\"@type\":\"WebSite\",\"@id\":\"https:\\\/\\\/matildagira.eu\\\/cs\\\/#website\",\"url\":\"https:\\\/\\\/matildagira.eu\\\/cs\\\/\",\"name\":\"Matilda Gira\",\"description\":\"Handcrafted Hats\",\"publisher\":{\"@id\":\"https:\\\/\\\/matildagira.eu\\\/cs\\\/#organization\"},\"potentialAction\":[{\"@type\":\"SearchAction\",\"target\":{\"@type\":\"EntryPoint\",\"urlTemplate\":\"https:\\\/\\\/matildagira.eu\\\/cs\\\/?s={search_term_string}\"},\"query-input\":{\"@type\":\"PropertyValueSpecification\",\"valueRequired\":true,\"valueName\":\"search_term_string\"}}],\"inLanguage\":\"cs\"},{\"@type\":\"Organization\",\"@id\":\"https:\\\/\\\/matildagira.eu\\\/cs\\\/#organization\",\"name\":\"Matilda Gira\",\"url\":\"https:\\\/\\\/matildagira.eu\\\/cs\\\/\",\"logo\":{\"@type\":\"ImageObject\",\"inLanguage\":\"cs\",\"@id\":\"https:\\\/\\\/matildagira.eu\\\/cs\\\/#\\\/schema\\\/logo\\\/image\\\/\",\"url\":\"https:\\\/\\\/matildagira.eu\\\/wp-content\\\/uploads\\\/2022\\\/09\\\/LOGO-COLOR-VERDE.png\",\"contentUrl\":\"https:\\\/\\\/matildagira.eu\\\/wp-content\\\/uploads\\\/2022\\\/09\\\/LOGO-COLOR-VERDE.png\",\"width\":1010,\"height\":446,\"caption\":\"Matilda Gira\"},\"image\":{\"@id\":\"https:\\\/\\\/matildagira.eu\\\/cs\\\/#\\\/schema\\\/logo\\\/image\\\/\"},\"sameAs\":[\"https:\\\/\\\/www.facebook.com\\\/matildagira\",\"https:\\\/\\\/www.instagram.com\\\/matilda.gira\\\/\",\"https:\\\/\\\/www.pinterest.com.au\\\/matildagira\\\/\",\"https:\\\/\\\/www.tiktok.com\\\/@matildagira?lang=es\"]}]}<\/script>\n<!-- \/ Yoast SEO plugin. -->","yoast_head_json":{"title":"Blog - Matilda Gira","description":"Objevte inspirativn\u00ed p\u0159\u00edb\u011bhy za Matilda Gira ru\u010dn\u011b vyr\u00e1b\u011bn\u00fdmi klobouky. Pono\u0159te se do na\u0161eho blogu, kter\u00e9 zachycuj\u00ed podstatu m\u00f3dy, kultury a osvobozuj\u00edc\u00edch p\u0159\u00edb\u011bh\u016f. Prozkoumejte jedine\u010dnou cestu spolupr\u00e1ce, tradice a kreativity","robots":{"index":"index","follow":"follow","max-snippet":"max-snippet:-1","max-image-preview":"max-image-preview:large","max-video-preview":"max-video-preview:-1"},"canonical":"https:\/\/matildagira.eu\/cs\/blog-2\/","og_locale":"cs_CZ","og_type":"article","og_title":"Blog - Matilda Gira","og_description":"Objevte inspirativn\u00ed p\u0159\u00edb\u011bhy za Matilda Gira ru\u010dn\u011b vyr\u00e1b\u011bn\u00fdmi klobouky. Pono\u0159te se do na\u0161eho blogu, kter\u00e9 zachycuj\u00ed podstatu m\u00f3dy, kultury a osvobozuj\u00edc\u00edch p\u0159\u00edb\u011bh\u016f. Prozkoumejte jedine\u010dnou cestu spolupr\u00e1ce, tradice a kreativity","og_url":"https:\/\/matildagira.eu\/cs\/blog-2\/","og_site_name":"Matilda Gira","article_publisher":"https:\/\/www.facebook.com\/matildagira","article_modified_time":"2024-09-22T14:27:41+00:00","og_image":[{"width":1010,"height":408,"url":"https:\/\/matildagira.eu\/wp-content\/uploads\/2022\/09\/cropped-LOGO-COLOR-VERDE.png","type":"image\/png"}],"twitter_card":"summary_large_image","schema":{"@context":"https:\/\/schema.org","@graph":[{"@type":"WebPage","@id":"https:\/\/matildagira.eu\/cs\/blog-2\/","url":"https:\/\/matildagira.eu\/cs\/blog-2\/","name":"Blog - Matilda Gira","isPartOf":{"@id":"https:\/\/matildagira.eu\/cs\/#website"},"datePublished":"2024-08-07T10:32:23+00:00","dateModified":"2024-09-22T14:27:41+00:00","description":"Objevte inspirativn\u00ed p\u0159\u00edb\u011bhy za Matilda Gira ru\u010dn\u011b vyr\u00e1b\u011bn\u00fdmi klobouky. Pono\u0159te se do na\u0161eho blogu, kter\u00e9 zachycuj\u00ed podstatu m\u00f3dy, kultury a osvobozuj\u00edc\u00edch p\u0159\u00edb\u011bh\u016f. Prozkoumejte jedine\u010dnou cestu spolupr\u00e1ce, tradice a kreativity","breadcrumb":{"@id":"https:\/\/matildagira.eu\/cs\/blog-2\/#breadcrumb"},"inLanguage":"cs","potentialAction":[{"@type":"ReadAction","target":["https:\/\/matildagira.eu\/cs\/blog-2\/"]}]},{"@type":"BreadcrumbList","@id":"https:\/\/matildagira.eu\/cs\/blog-2\/#breadcrumb","itemListElement":[{"@type":"ListItem","position":1,"name":"Dom\u016f","item":"https:\/\/matildagira.eu\/cs\/"},{"@type":"ListItem","position":2,"name":"Blog"}]},{"@type":"WebSite","@id":"https:\/\/matildagira.eu\/cs\/#website","url":"https:\/\/matildagira.eu\/cs\/","name":"Matilda Gira","description":"Handcrafted Hats","publisher":{"@id":"https:\/\/matildagira.eu\/cs\/#organization"},"potentialAction":[{"@type":"SearchAction","target":{"@type":"EntryPoint","urlTemplate":"https:\/\/matildagira.eu\/cs\/?s={search_term_string}"},"query-input":{"@type":"PropertyValueSpecification","valueRequired":true,"valueName":"search_term_string"}}],"inLanguage":"cs"},{"@type":"Organization","@id":"https:\/\/matildagira.eu\/cs\/#organization","name":"Matilda Gira","url":"https:\/\/matildagira.eu\/cs\/","logo":{"@type":"ImageObject","inLanguage":"cs","@id":"https:\/\/matildagira.eu\/cs\/#\/schema\/logo\/image\/","url":"https:\/\/matildagira.eu\/wp-content\/uploads\/2022\/09\/LOGO-COLOR-VERDE.png","contentUrl":"https:\/\/matildagira.eu\/wp-content\/uploads\/2022\/09\/LOGO-COLOR-VERDE.png","width":1010,"height":446,"caption":"Matilda Gira"},"image":{"@id":"https:\/\/matildagira.eu\/cs\/#\/schema\/logo\/image\/"},"sameAs":["https:\/\/www.facebook.com\/matildagira","https:\/\/www.instagram.com\/matilda.gira\/","https:\/\/www.pinterest.com.au\/matildagira\/","https:\/\/www.tiktok.com\/@matildagira?lang=es"]}]}},"_links":{"self":[{"href":"https:\/\/matildagira.eu\/cs\/wp-json\/wp\/v2\/pages\/7217","targetHints":{"allow":["GET"]}}],"collection":[{"href":"https:\/\/matildagira.eu\/cs\/wp-json\/wp\/v2\/pages"}],"about":[{"href":"https:\/\/matildagira.eu\/cs\/wp-json\/wp\/v2\/types\/page"}],"author":[{"embeddable":true,"href":"https:\/\/matildagira.eu\/cs\/wp-json\/wp\/v2\/users\/4"}],"replies":[{"embeddable":true,"href":"https:\/\/matildagira.eu\/cs\/wp-json\/wp\/v2\/comments?post=7217"}],"version-history":[{"count":1,"href":"https:\/\/matildagira.eu\/cs\/wp-json\/wp\/v2\/pages\/7217\/revisions"}],"predecessor-version":[{"id":7218,"href":"https:\/\/matildagira.eu\/cs\/wp-json\/wp\/v2\/pages\/7217\/revisions\/7218"}],"wp:attachment":[{"href":"https:\/\/matildagira.eu\/cs\/wp-json\/wp\/v2\/media?parent=7217"}],"wp:term":[{"taxonomy":"folder","embeddable":true,"href":"https:\/\/matildagira.eu\/cs\/wp-json\/wp\/v2\/folder?post=7217"}],"curies":[{"name":"wp","href":"https:\/\/api.w.org\/{rel}","templated":true}]}}