



{"id":7187,"date":"2023-02-17T05:40:27","date_gmt":"2023-02-17T04:40:27","guid":{"rendered":"https:\/\/matildagira.eu\/zasady-vraceni-a-vraceni-penez\/"},"modified":"2024-12-26T12:29:32","modified_gmt":"2024-12-26T11:29:32","slug":"zasady-vraceni","status":"publish","type":"page","link":"https:\/\/matildagira.eu\/cs\/zasady-vraceni\/","title":{"rendered":"Z\u00e1sady vracen\u00ed a vr\u00e1cen\u00ed pen\u011bz"},"content":{"rendered":"<h4>Na va\u0161\u00ed spokojenosti n\u00e1m z\u00e1le\u017e\u00ed:<\/h4>\n<p>Ve spole\u010dnosti <strong>Matilda Gira<\/strong> si v\u00e1\u017e\u00edme sv\u00fdch z\u00e1kazn\u00edk\u016f a jedine\u010dn\u00fdch ru\u010dn\u011b vyr\u00e1b\u011bn\u00fdch dopl\u0148k\u016f a klobouk\u016f, kter\u00e9 vytv\u00e1\u0159\u00edme.<br \/>\nCh\u00e1peme, \u017ee n\u011bkdy v\u011bci nemus\u00ed j\u00edt podle pl\u00e1nu, a up\u0159\u00edmn\u011b v\u00e1s vyz\u00fdv\u00e1me, abyste se na n\u00e1s obr\u00e1tili jako prvn\u00ed.<br \/>\nJako mal\u00e1 firma se sna\u017e\u00edme vy\u0159e\u0161it ve\u0161ker\u00e9 probl\u00e9my a zajistit, abyste byli se sv\u00fdm n\u00e1kupem spokojeni.<br \/>\nVa\u0161e zp\u011btn\u00e1 vazba n\u00e1m pom\u00e1h\u00e1 r\u016fst a sd\u00edlet kr\u00e1su klobouk\u016f Matilda Gira se sv\u011btem.<br \/>\nPoj\u010fme spole\u010dn\u011b naj\u00edt \u0159e\u0161en\u00ed, kter\u00e9 v\u00e1m zajist\u00ed stylov\u00fd klobouk na hlav\u011b a \u00fasm\u011bv na tv\u00e1\u0159i!    <\/p>\n<p><strong>D\u011bkujeme, \u017ee nakupujete u Matildy Giry<\/strong>.<br \/>\nPokud nejste s ru\u010dn\u011b vyroben\u00fdm kloboukem nebo dopl\u0148kem zcela spokojeni, jsme tu pro v\u00e1s, abychom v\u00e1m pomohli s jeho vr\u00e1cen\u00edm. <\/p>\n<h4><u>Va\u0161e pr\u00e1va spot\u0159ebitel\u016f v EU:<\/u><\/h4>\n<p>M\u00e1te <strong>14denn\u00ed lh\u016f<\/strong> tu <strong>na rozmy\u0161lenou,<\/strong> abyste mohli z jak\u00e9hokoli d\u016fvodu vr\u00e1tit online n\u00e1kup a z\u00edskat zp\u011bt plnou \u010d\u00e1stku.  <\/p>\n<h4><u>Vr\u00e1cen\u00ed polo\u017eky:<\/u><\/h4>\n<p>Informujte n\u00e1s pros\u00edm o sv\u00e9m rozhodnut\u00ed vr\u00e1tit zbo\u017e\u00ed do 14 dn\u016f od jeho obdr\u017een\u00ed.<br \/>\nKontaktujte n\u00e1s na adrese info@matildagira.eu.   <\/p>\n<h4><u>N\u00e1hrady:<\/u><\/h4>\n<p>Jakmile obdr\u017e\u00edme va\u0161e zbo\u017e\u00ed, zkontrolujeme ho a vyrozum\u00edme v\u00e1s o tom.<br \/>\nPokud bude va\u0161e vr\u00e1cen\u00ed schv\u00e1leno, iniciujeme vr\u00e1cen\u00ed pen\u011bz na va\u0161i kreditn\u00ed kartu (nebo p\u016fvodn\u00ed zp\u016fsob platby).<br \/>\nDobropis obdr\u017e\u00edte do ur\u010dit\u00e9ho po\u010dtu dn\u016f v z\u00e1vislosti na pravidlech vydavatele va\u0161\u00ed karty.  <\/p>\n<h4><u>Kontaktujte n\u00e1s:<\/u><\/h4>\n<p>M\u00e1te-li jak\u00e9koli dotazy ohledn\u011b vr\u00e1cen\u00ed zbo\u017e\u00ed, kontaktujte n\u00e1s na adrese info@matildagira.eu nebo prost\u0159ednictv\u00edm aplikace WhatsApp na adrese <a style=\"color: #063606;\" href=\"https:\/\/api.whatsapp.com\/send?phone=420703682498\"><b>+420-703-682-498<\/b><\/a><\/p>\n","protected":false},"excerpt":{"rendered":"<p>Na va\u0161\u00ed spokojenosti n\u00e1m z\u00e1le\u017e\u00ed: Ve spole\u010dnosti Matilda Gira si v\u00e1\u017e\u00edme sv\u00fdch z\u00e1kazn\u00edk\u016f a jedine\u010dn\u00fdch ru\u010dn\u011b vyr\u00e1b\u011bn\u00fdch dopl\u0148k\u016f a klobouk\u016f, kter\u00e9 vytv\u00e1\u0159\u00edme. Ch\u00e1peme, \u017ee n\u011bkdy v\u011bci nemus\u00ed j\u00edt podle pl\u00e1nu,<\/p>\n","protected":false},"author":1,"featured_media":0,"parent":0,"menu_order":0,"comment_status":"closed","ping_status":"closed","template":"","meta":{"_monsterinsights_skip_tracking":false,"_monsterinsights_sitenote_active":false,"_monsterinsights_sitenote_note":"","_monsterinsights_sitenote_category":0,"footnotes":""},"folder":[],"class_list":["post-7187","page","type-page","status-publish","hentry"],"yoast_head":"<!-- This site is optimized with the Yoast SEO plugin v27.3 - https:\/\/yoast.com\/product\/yoast-seo-wordpress\/ -->\n<title>Z\u00e1sady vracen\u00ed a vr\u00e1cen\u00ed pen\u011bz - Matilda Gira<\/title>\n<meta name=\"robots\" content=\"index, follow, max-snippet:-1, max-image-preview:large, max-video-preview:-1\" \/>\n<link rel=\"canonical\" href=\"https:\/\/matildagira.eu\/cs\/zasady-vraceni\/\" \/>\n<meta property=\"og:locale\" content=\"cs_CZ\" \/>\n<meta property=\"og:type\" content=\"article\" \/>\n<meta property=\"og:title\" content=\"Z\u00e1sady vracen\u00ed a vr\u00e1cen\u00ed pen\u011bz - Matilda Gira\" \/>\n<meta property=\"og:description\" content=\"Na va\u0161\u00ed spokojenosti n\u00e1m z\u00e1le\u017e\u00ed: Ve spole\u010dnosti Matilda Gira si v\u00e1\u017e\u00edme sv\u00fdch z\u00e1kazn\u00edk\u016f a jedine\u010dn\u00fdch ru\u010dn\u011b vyr\u00e1b\u011bn\u00fdch dopl\u0148k\u016f a klobouk\u016f, kter\u00e9 vytv\u00e1\u0159\u00edme. Ch\u00e1peme, \u017ee n\u011bkdy v\u011bci nemus\u00ed j\u00edt podle pl\u00e1nu,\" \/>\n<meta property=\"og:url\" content=\"https:\/\/matildagira.eu\/cs\/zasady-vraceni\/\" \/>\n<meta property=\"og:site_name\" content=\"Matilda Gira\" \/>\n<meta property=\"article:publisher\" content=\"https:\/\/www.facebook.com\/matildagira\" \/>\n<meta property=\"article:modified_time\" content=\"2024-12-26T11:29:32+00:00\" \/>\n<meta property=\"og:image\" content=\"https:\/\/matildagira.eu\/wp-content\/uploads\/2022\/09\/cropped-LOGO-COLOR-VERDE.png\" \/>\n\t<meta property=\"og:image:width\" content=\"1010\" \/>\n\t<meta property=\"og:image:height\" content=\"408\" \/>\n\t<meta property=\"og:image:type\" content=\"image\/png\" \/>\n<meta name=\"twitter:card\" content=\"summary_large_image\" \/>\n<meta name=\"twitter:label1\" content=\"Odhadovan\u00e1 doba \u010dten\u00ed\" \/>\n\t<meta name=\"twitter:data1\" content=\"2 minuty\" \/>\n<script type=\"application\/ld+json\" class=\"yoast-schema-graph\">{\"@context\":\"https:\\\/\\\/schema.org\",\"@graph\":[{\"@type\":\"WebPage\",\"@id\":\"https:\\\/\\\/matildagira.eu\\\/cs\\\/zasady-vraceni\\\/\",\"url\":\"https:\\\/\\\/matildagira.eu\\\/cs\\\/zasady-vraceni\\\/\",\"name\":\"Z\u00e1sady vracen\u00ed a vr\u00e1cen\u00ed pen\u011bz - Matilda Gira\",\"isPartOf\":{\"@id\":\"https:\\\/\\\/matildagira.eu\\\/cs\\\/#website\"},\"datePublished\":\"2023-02-17T04:40:27+00:00\",\"dateModified\":\"2024-12-26T11:29:32+00:00\",\"breadcrumb\":{\"@id\":\"https:\\\/\\\/matildagira.eu\\\/cs\\\/zasady-vraceni\\\/#breadcrumb\"},\"inLanguage\":\"cs\",\"potentialAction\":[{\"@type\":\"ReadAction\",\"target\":[\"https:\\\/\\\/matildagira.eu\\\/cs\\\/zasady-vraceni\\\/\"]}]},{\"@type\":\"BreadcrumbList\",\"@id\":\"https:\\\/\\\/matildagira.eu\\\/cs\\\/zasady-vraceni\\\/#breadcrumb\",\"itemListElement\":[{\"@type\":\"ListItem\",\"position\":1,\"name\":\"Dom\u016f\",\"item\":\"https:\\\/\\\/matildagira.eu\\\/cs\\\/\"},{\"@type\":\"ListItem\",\"position\":2,\"name\":\"Z\u00e1sady vracen\u00ed a vr\u00e1cen\u00ed pen\u011bz\"}]},{\"@type\":\"WebSite\",\"@id\":\"https:\\\/\\\/matildagira.eu\\\/cs\\\/#website\",\"url\":\"https:\\\/\\\/matildagira.eu\\\/cs\\\/\",\"name\":\"Matilda Gira\",\"description\":\"Handcrafted Hats\",\"publisher\":{\"@id\":\"https:\\\/\\\/matildagira.eu\\\/cs\\\/#organization\"},\"potentialAction\":[{\"@type\":\"SearchAction\",\"target\":{\"@type\":\"EntryPoint\",\"urlTemplate\":\"https:\\\/\\\/matildagira.eu\\\/cs\\\/?s={search_term_string}\"},\"query-input\":{\"@type\":\"PropertyValueSpecification\",\"valueRequired\":true,\"valueName\":\"search_term_string\"}}],\"inLanguage\":\"cs\"},{\"@type\":\"Organization\",\"@id\":\"https:\\\/\\\/matildagira.eu\\\/cs\\\/#organization\",\"name\":\"Matilda Gira\",\"url\":\"https:\\\/\\\/matildagira.eu\\\/cs\\\/\",\"logo\":{\"@type\":\"ImageObject\",\"inLanguage\":\"cs\",\"@id\":\"https:\\\/\\\/matildagira.eu\\\/cs\\\/#\\\/schema\\\/logo\\\/image\\\/\",\"url\":\"https:\\\/\\\/matildagira.eu\\\/wp-content\\\/uploads\\\/2022\\\/09\\\/LOGO-COLOR-VERDE.png\",\"contentUrl\":\"https:\\\/\\\/matildagira.eu\\\/wp-content\\\/uploads\\\/2022\\\/09\\\/LOGO-COLOR-VERDE.png\",\"width\":1010,\"height\":446,\"caption\":\"Matilda Gira\"},\"image\":{\"@id\":\"https:\\\/\\\/matildagira.eu\\\/cs\\\/#\\\/schema\\\/logo\\\/image\\\/\"},\"sameAs\":[\"https:\\\/\\\/www.facebook.com\\\/matildagira\",\"https:\\\/\\\/www.instagram.com\\\/matilda.gira\\\/\",\"https:\\\/\\\/www.pinterest.com.au\\\/matildagira\\\/\",\"https:\\\/\\\/www.tiktok.com\\\/@matildagira?lang=es\"]}]}<\/script>\n<!-- \/ Yoast SEO plugin. -->","yoast_head_json":{"title":"Z\u00e1sady vracen\u00ed a vr\u00e1cen\u00ed pen\u011bz - Matilda Gira","robots":{"index":"index","follow":"follow","max-snippet":"max-snippet:-1","max-image-preview":"max-image-preview:large","max-video-preview":"max-video-preview:-1"},"canonical":"https:\/\/matildagira.eu\/cs\/zasady-vraceni\/","og_locale":"cs_CZ","og_type":"article","og_title":"Z\u00e1sady vracen\u00ed a vr\u00e1cen\u00ed pen\u011bz - Matilda Gira","og_description":"Na va\u0161\u00ed spokojenosti n\u00e1m z\u00e1le\u017e\u00ed: Ve spole\u010dnosti Matilda Gira si v\u00e1\u017e\u00edme sv\u00fdch z\u00e1kazn\u00edk\u016f a jedine\u010dn\u00fdch ru\u010dn\u011b vyr\u00e1b\u011bn\u00fdch dopl\u0148k\u016f a klobouk\u016f, kter\u00e9 vytv\u00e1\u0159\u00edme. Ch\u00e1peme, \u017ee n\u011bkdy v\u011bci nemus\u00ed j\u00edt podle pl\u00e1nu,","og_url":"https:\/\/matildagira.eu\/cs\/zasady-vraceni\/","og_site_name":"Matilda Gira","article_publisher":"https:\/\/www.facebook.com\/matildagira","article_modified_time":"2024-12-26T11:29:32+00:00","og_image":[{"width":1010,"height":408,"url":"https:\/\/matildagira.eu\/wp-content\/uploads\/2022\/09\/cropped-LOGO-COLOR-VERDE.png","type":"image\/png"}],"twitter_card":"summary_large_image","twitter_misc":{"Odhadovan\u00e1 doba \u010dten\u00ed":"2 minuty"},"schema":{"@context":"https:\/\/schema.org","@graph":[{"@type":"WebPage","@id":"https:\/\/matildagira.eu\/cs\/zasady-vraceni\/","url":"https:\/\/matildagira.eu\/cs\/zasady-vraceni\/","name":"Z\u00e1sady vracen\u00ed a vr\u00e1cen\u00ed pen\u011bz - Matilda Gira","isPartOf":{"@id":"https:\/\/matildagira.eu\/cs\/#website"},"datePublished":"2023-02-17T04:40:27+00:00","dateModified":"2024-12-26T11:29:32+00:00","breadcrumb":{"@id":"https:\/\/matildagira.eu\/cs\/zasady-vraceni\/#breadcrumb"},"inLanguage":"cs","potentialAction":[{"@type":"ReadAction","target":["https:\/\/matildagira.eu\/cs\/zasady-vraceni\/"]}]},{"@type":"BreadcrumbList","@id":"https:\/\/matildagira.eu\/cs\/zasady-vraceni\/#breadcrumb","itemListElement":[{"@type":"ListItem","position":1,"name":"Dom\u016f","item":"https:\/\/matildagira.eu\/cs\/"},{"@type":"ListItem","position":2,"name":"Z\u00e1sady vracen\u00ed a vr\u00e1cen\u00ed pen\u011bz"}]},{"@type":"WebSite","@id":"https:\/\/matildagira.eu\/cs\/#website","url":"https:\/\/matildagira.eu\/cs\/","name":"Matilda Gira","description":"Handcrafted Hats","publisher":{"@id":"https:\/\/matildagira.eu\/cs\/#organization"},"potentialAction":[{"@type":"SearchAction","target":{"@type":"EntryPoint","urlTemplate":"https:\/\/matildagira.eu\/cs\/?s={search_term_string}"},"query-input":{"@type":"PropertyValueSpecification","valueRequired":true,"valueName":"search_term_string"}}],"inLanguage":"cs"},{"@type":"Organization","@id":"https:\/\/matildagira.eu\/cs\/#organization","name":"Matilda Gira","url":"https:\/\/matildagira.eu\/cs\/","logo":{"@type":"ImageObject","inLanguage":"cs","@id":"https:\/\/matildagira.eu\/cs\/#\/schema\/logo\/image\/","url":"https:\/\/matildagira.eu\/wp-content\/uploads\/2022\/09\/LOGO-COLOR-VERDE.png","contentUrl":"https:\/\/matildagira.eu\/wp-content\/uploads\/2022\/09\/LOGO-COLOR-VERDE.png","width":1010,"height":446,"caption":"Matilda Gira"},"image":{"@id":"https:\/\/matildagira.eu\/cs\/#\/schema\/logo\/image\/"},"sameAs":["https:\/\/www.facebook.com\/matildagira","https:\/\/www.instagram.com\/matilda.gira\/","https:\/\/www.pinterest.com.au\/matildagira\/","https:\/\/www.tiktok.com\/@matildagira?lang=es"]}]}},"_links":{"self":[{"href":"https:\/\/matildagira.eu\/cs\/wp-json\/wp\/v2\/pages\/7187","targetHints":{"allow":["GET"]}}],"collection":[{"href":"https:\/\/matildagira.eu\/cs\/wp-json\/wp\/v2\/pages"}],"about":[{"href":"https:\/\/matildagira.eu\/cs\/wp-json\/wp\/v2\/types\/page"}],"author":[{"embeddable":true,"href":"https:\/\/matildagira.eu\/cs\/wp-json\/wp\/v2\/users\/1"}],"replies":[{"embeddable":true,"href":"https:\/\/matildagira.eu\/cs\/wp-json\/wp\/v2\/comments?post=7187"}],"version-history":[{"count":1,"href":"https:\/\/matildagira.eu\/cs\/wp-json\/wp\/v2\/pages\/7187\/revisions"}],"predecessor-version":[{"id":7188,"href":"https:\/\/matildagira.eu\/cs\/wp-json\/wp\/v2\/pages\/7187\/revisions\/7188"}],"wp:attachment":[{"href":"https:\/\/matildagira.eu\/cs\/wp-json\/wp\/v2\/media?parent=7187"}],"wp:term":[{"taxonomy":"folder","embeddable":true,"href":"https:\/\/matildagira.eu\/cs\/wp-json\/wp\/v2\/folder?post=7187"}],"curies":[{"name":"wp","href":"https:\/\/api.w.org\/{rel}","templated":true}]}}