



{"id":7175,"date":"2023-02-14T05:51:37","date_gmt":"2023-02-14T04:51:37","guid":{"rendered":"https:\/\/matildagira.eu\/zasady-ochrany-osobnich-udaju\/"},"modified":"2024-09-22T16:27:31","modified_gmt":"2024-09-22T14:27:31","slug":"zasady-ochrany-osobnich-udaju","status":"publish","type":"page","link":"https:\/\/matildagira.eu\/cs\/zasady-ochrany-osobnich-udaju\/","title":{"rendered":"Z\u00e1sady ochrany osobn\u00edch \u00fadaj\u016f"},"content":{"rendered":"\t\t<div data-elementor-type=\"wp-page\" data-elementor-id=\"7175\" class=\"elementor elementor-7175 elementor-4148\">\n\t\t\t\t\t\t<section class=\"elementor-section elementor-top-section elementor-element elementor-element-7daca38e elementor-section-boxed elementor-section-height-default elementor-section-height-default\" data-id=\"7daca38e\" data-element_type=\"section\" data-e-type=\"section\">\n\t\t\t\t\t\t<div class=\"elementor-container elementor-column-gap-default\">\n\t\t\t\t\t<div class=\"elementor-column elementor-col-100 elementor-top-column elementor-element elementor-element-7662d22b\" data-id=\"7662d22b\" data-element_type=\"column\" data-e-type=\"column\">\n\t\t\t<div class=\"elementor-widget-wrap elementor-element-populated\">\n\t\t\t\t\t\t<div class=\"elementor-element elementor-element-4b0db7fe elementor-widget elementor-widget-text-editor\" data-id=\"4b0db7fe\" data-element_type=\"widget\" data-e-type=\"widget\" data-widget_type=\"text-editor.default\">\n\t\t\t\t<div class=\"elementor-widget-container\">\n\t\t\t\t\t\t\t\t\t<p><\/p>\n<h4>1. \u00davod<\/h4>\n<p class=\"p1\">V\u00edtejte na str\u00e1nk\u00e1ch Matildy Giry.\nZavazujeme se chr\u00e1nit soukrom\u00ed na\u0161ich z\u00e1kazn\u00edk\u016f a n\u00e1v\u0161t\u011bvn\u00edk\u016f.\nTyto z\u00e1sady ochrany osobn\u00edch \u00fadaj\u016f popisuj\u00ed, jak shroma\u017e\u010fujeme, pou\u017e\u00edv\u00e1me a chr\u00e1n\u00edme va\u0161e \u00fadaje v souladu s obecn\u00fdm na\u0159\u00edzen\u00edm o ochran\u011b osobn\u00edch \u00fadaj\u016f (GDPR).  <\/p>\n<h4>2. Spr\u00e1vce \u00fadaj\u016f<\/h4>\n<p class=\"p1\">Matilda Gira je spr\u00e1vcem \u00fadaj\u016f odpov\u011bdn\u00fdm za va\u0161e osobn\u00ed \u00fadaje.<\/p>\n<h4>3. Osobn\u00ed \u00fadaje, kter\u00e9 shroma\u017e\u010fujeme<\/h4>\n<p class=\"p1\"><strong>Kontaktn\u00ed informace:<\/strong> P\u0159i n\u00e1kupu shroma\u017e\u010fujeme va\u0161e jm\u00e9no, adresu, e-mail a telefonn\u00ed \u010d\u00edslo.<\/p>\n<p class=\"p1\"><strong>Transak\u010dn\u00ed \u00fadaje:<\/strong> \u00dadaje o zakoupen\u00fdch produktech a platebn\u00ed \u00fadaje.<\/p>\n<p class=\"p1\"><strong>Technick\u00e9 \u00fadaje:<\/strong> Informace o tom, jak p\u0159istupujete na na\u0161e webov\u00e9 str\u00e1nky, v\u010detn\u011b va\u0161\u00ed IP adresy a typu prohl\u00ed\u017ee\u010de.<\/p>\n<h4 class=\"p1\">4. Jak va\u0161e \u00fadaje pou\u017e\u00edv\u00e1me<\/h4>\n<p class=\"p1\"><strong>Zpracov\u00e1n\u00ed objedn\u00e1vek:<\/strong> Va\u0161e kontaktn\u00ed \u00fadaje a \u00fadaje o transakc\u00edch pou\u017e\u00edv\u00e1me k vy\u0159izov\u00e1n\u00ed n\u00e1kup\u016f.<\/p>\n<p class=\"p1\"><strong>Z\u00e1kaznick\u00e1 podpora:<\/strong> Va\u0161e kontaktn\u00ed \u00fadaje n\u00e1m pomohou reagovat na va\u0161e dotazy.<\/p>\n<p class=\"p1\"><strong>Zlep\u0161en\u00ed webov\u00fdch str\u00e1nek:<\/strong> Technick\u00e9 \u00fadaje se pou\u017e\u00edvaj\u00ed ke zlep\u0161en\u00ed funk\u010dnosti na\u0161ich webov\u00fdch str\u00e1nek.<\/p>\n<h4 class=\"p1\">5. Pr\u00e1vn\u00ed z\u00e1klad pro zpracov\u00e1n\u00ed<\/h4>\n<p class=\"p1\">Va\u0161e \u00fadaje zpracov\u00e1v\u00e1me za \u00fa\u010delem pln\u011bn\u00ed smlouvy s v\u00e1mi (\u010dl. 6 odst. 1 p\u00edsm. b) GDPR) a pro na\u0161e opr\u00e1vn\u011bn\u00e9 obchodn\u00ed z\u00e1jmy (\u010dl. 6 odst. 1 p\u00edsm. f) GDPR).<\/p>\n<h4 class=\"p1\">6. Sd\u00edlen\u00ed dat<\/h4>\n<p class=\"p1\">Va\u0161e \u00fadaje sd\u00edl\u00edme pouze s t\u0159et\u00edmi stranami, kter\u00e9 jsou nezbytn\u00e9 k dokon\u010den\u00ed va\u0161eho n\u00e1kupu, nap\u0159\u00edklad se zpracovateli plateb a doru\u010dovac\u00edmi spole\u010dnostmi.<\/p>\n<h4 class=\"p1\">7. Zabezpe\u010den\u00ed dat<\/h4>\n<p class=\"p1\">Prov\u00e1d\u00edme bezpe\u010dnostn\u00ed opat\u0159en\u00ed na ochranu va\u0161ich osobn\u00edch \u00fadaj\u016f p\u0159ed neopr\u00e1vn\u011bn\u00fdm p\u0159\u00edstupem, zm\u011bnou, zve\u0159ejn\u011bn\u00edm nebo zni\u010den\u00edm.<\/p>\n<h4 class=\"p1\">8. Va\u0161e pr\u00e1va<\/h4>\n<p class=\"p1\">Podle GDPR m\u00e1te pr\u00e1vo na p\u0159\u00edstup ke sv\u00fdm \u00fadaj\u016fm, jejich opravu, vymaz\u00e1n\u00ed nebo omezen\u00ed jejich zpracov\u00e1n\u00ed.\nChcete-li tato pr\u00e1va uplatnit, kontaktujte n\u00e1s na adrese info@matildagira.eu. <\/p>\n<h4 class=\"p1\">9. Zm\u011bny t\u011bchto z\u00e1sad<\/h4>\n<p class=\"p1\">Tyto z\u00e1sady m\u016f\u017eeme \u010das od \u010dasu aktualizovat.\nNejnov\u011bj\u0161\u00ed verze bude v\u017edy zve\u0159ejn\u011bna na na\u0161ich webov\u00fdch str\u00e1nk\u00e1ch. <\/p>\n<p><\/p>\t\t\t\t\t\t\t\t<\/div>\n\t\t\t\t<\/div>\n\t\t\t\t\t<\/div>\n\t\t<\/div>\n\t\t\t\t\t<\/div>\n\t\t<\/section>\n\t\t\t\t<\/div>\n\t\t","protected":false},"excerpt":{"rendered":"<p>1. \u00davod V\u00edtejte na str\u00e1nk\u00e1ch Matildy Giry. Zavazujeme se chr\u00e1nit soukrom\u00ed na\u0161ich z\u00e1kazn\u00edk\u016f a n\u00e1v\u0161t\u011bvn\u00edk\u016f. Tyto z\u00e1sady ochrany osobn\u00edch \u00fadaj\u016f popisuj\u00ed, jak shroma\u017e\u010fujeme, pou\u017e\u00edv\u00e1me a chr\u00e1n\u00edme va\u0161e \u00fadaje v souladu<\/p>\n","protected":false},"author":1,"featured_media":0,"parent":0,"menu_order":0,"comment_status":"closed","ping_status":"open","template":"","meta":{"_monsterinsights_skip_tracking":false,"_monsterinsights_sitenote_active":false,"_monsterinsights_sitenote_note":"","_monsterinsights_sitenote_category":0,"footnotes":""},"folder":[],"class_list":["post-7175","page","type-page","status-publish","hentry"],"yoast_head":"<!-- This site is optimized with the Yoast SEO plugin v27.4 - https:\/\/yoast.com\/product\/yoast-seo-wordpress\/ -->\n<title>Z\u00e1sady ochrany osobn\u00edch \u00fadaj\u016f - Matilda Gira<\/title>\n<meta name=\"robots\" content=\"index, follow, max-snippet:-1, max-image-preview:large, max-video-preview:-1\" \/>\n<link rel=\"canonical\" href=\"https:\/\/matildagira.eu\/cs\/zasady-ochrany-osobnich-udaju\/\" \/>\n<meta property=\"og:locale\" content=\"cs_CZ\" \/>\n<meta property=\"og:type\" content=\"article\" \/>\n<meta property=\"og:title\" content=\"Z\u00e1sady ochrany osobn\u00edch \u00fadaj\u016f - Matilda Gira\" \/>\n<meta property=\"og:description\" content=\"1. \u00davod V\u00edtejte na str\u00e1nk\u00e1ch Matildy Giry. Zavazujeme se chr\u00e1nit soukrom\u00ed na\u0161ich z\u00e1kazn\u00edk\u016f a n\u00e1v\u0161t\u011bvn\u00edk\u016f. Tyto z\u00e1sady ochrany osobn\u00edch \u00fadaj\u016f popisuj\u00ed, jak shroma\u017e\u010fujeme, pou\u017e\u00edv\u00e1me a chr\u00e1n\u00edme va\u0161e \u00fadaje v souladu\" \/>\n<meta property=\"og:url\" content=\"https:\/\/matildagira.eu\/cs\/zasady-ochrany-osobnich-udaju\/\" \/>\n<meta property=\"og:site_name\" content=\"Matilda Gira\" \/>\n<meta property=\"article:publisher\" content=\"https:\/\/www.facebook.com\/matildagira\" \/>\n<meta property=\"article:modified_time\" content=\"2024-09-22T14:27:31+00:00\" \/>\n<meta property=\"og:image\" content=\"https:\/\/matildagira.eu\/wp-content\/uploads\/2022\/09\/cropped-LOGO-COLOR-VERDE.png\" \/>\n\t<meta property=\"og:image:width\" content=\"1010\" \/>\n\t<meta property=\"og:image:height\" content=\"408\" \/>\n\t<meta property=\"og:image:type\" content=\"image\/png\" \/>\n<meta name=\"twitter:card\" content=\"summary_large_image\" \/>\n<meta name=\"twitter:label1\" content=\"Odhadovan\u00e1 doba \u010dten\u00ed\" \/>\n\t<meta name=\"twitter:data1\" content=\"2 minuty\" \/>\n<script type=\"application\/ld+json\" class=\"yoast-schema-graph\">{\"@context\":\"https:\\\/\\\/schema.org\",\"@graph\":[{\"@type\":\"WebPage\",\"@id\":\"https:\\\/\\\/matildagira.eu\\\/cs\\\/zasady-ochrany-osobnich-udaju\\\/\",\"url\":\"https:\\\/\\\/matildagira.eu\\\/cs\\\/zasady-ochrany-osobnich-udaju\\\/\",\"name\":\"Z\u00e1sady ochrany osobn\u00edch \u00fadaj\u016f - Matilda Gira\",\"isPartOf\":{\"@id\":\"https:\\\/\\\/matildagira.eu\\\/cs\\\/#website\"},\"datePublished\":\"2023-02-14T04:51:37+00:00\",\"dateModified\":\"2024-09-22T14:27:31+00:00\",\"breadcrumb\":{\"@id\":\"https:\\\/\\\/matildagira.eu\\\/cs\\\/zasady-ochrany-osobnich-udaju\\\/#breadcrumb\"},\"inLanguage\":\"cs\",\"potentialAction\":[{\"@type\":\"ReadAction\",\"target\":[\"https:\\\/\\\/matildagira.eu\\\/cs\\\/zasady-ochrany-osobnich-udaju\\\/\"]}]},{\"@type\":\"BreadcrumbList\",\"@id\":\"https:\\\/\\\/matildagira.eu\\\/cs\\\/zasady-ochrany-osobnich-udaju\\\/#breadcrumb\",\"itemListElement\":[{\"@type\":\"ListItem\",\"position\":1,\"name\":\"Dom\u016f\",\"item\":\"https:\\\/\\\/matildagira.eu\\\/cs\\\/\"},{\"@type\":\"ListItem\",\"position\":2,\"name\":\"Z\u00e1sady ochrany osobn\u00edch \u00fadaj\u016f\"}]},{\"@type\":\"WebSite\",\"@id\":\"https:\\\/\\\/matildagira.eu\\\/cs\\\/#website\",\"url\":\"https:\\\/\\\/matildagira.eu\\\/cs\\\/\",\"name\":\"Matilda Gira\",\"description\":\"Handcrafted Hats\",\"publisher\":{\"@id\":\"https:\\\/\\\/matildagira.eu\\\/cs\\\/#organization\"},\"potentialAction\":[{\"@type\":\"SearchAction\",\"target\":{\"@type\":\"EntryPoint\",\"urlTemplate\":\"https:\\\/\\\/matildagira.eu\\\/cs\\\/?s={search_term_string}\"},\"query-input\":{\"@type\":\"PropertyValueSpecification\",\"valueRequired\":true,\"valueName\":\"search_term_string\"}}],\"inLanguage\":\"cs\"},{\"@type\":\"Organization\",\"@id\":\"https:\\\/\\\/matildagira.eu\\\/cs\\\/#organization\",\"name\":\"Matilda Gira\",\"url\":\"https:\\\/\\\/matildagira.eu\\\/cs\\\/\",\"logo\":{\"@type\":\"ImageObject\",\"inLanguage\":\"cs\",\"@id\":\"https:\\\/\\\/matildagira.eu\\\/cs\\\/#\\\/schema\\\/logo\\\/image\\\/\",\"url\":\"https:\\\/\\\/matildagira.eu\\\/wp-content\\\/uploads\\\/2022\\\/09\\\/LOGO-COLOR-VERDE.png\",\"contentUrl\":\"https:\\\/\\\/matildagira.eu\\\/wp-content\\\/uploads\\\/2022\\\/09\\\/LOGO-COLOR-VERDE.png\",\"width\":1010,\"height\":446,\"caption\":\"Matilda Gira\"},\"image\":{\"@id\":\"https:\\\/\\\/matildagira.eu\\\/cs\\\/#\\\/schema\\\/logo\\\/image\\\/\"},\"sameAs\":[\"https:\\\/\\\/www.facebook.com\\\/matildagira\",\"https:\\\/\\\/www.instagram.com\\\/matilda.gira\\\/\",\"https:\\\/\\\/www.pinterest.com.au\\\/matildagira\\\/\",\"https:\\\/\\\/www.tiktok.com\\\/@matildagira?lang=es\"]}]}<\/script>\n<!-- \/ Yoast SEO plugin. -->","yoast_head_json":{"title":"Z\u00e1sady ochrany osobn\u00edch \u00fadaj\u016f - Matilda Gira","robots":{"index":"index","follow":"follow","max-snippet":"max-snippet:-1","max-image-preview":"max-image-preview:large","max-video-preview":"max-video-preview:-1"},"canonical":"https:\/\/matildagira.eu\/cs\/zasady-ochrany-osobnich-udaju\/","og_locale":"cs_CZ","og_type":"article","og_title":"Z\u00e1sady ochrany osobn\u00edch \u00fadaj\u016f - Matilda Gira","og_description":"1. \u00davod V\u00edtejte na str\u00e1nk\u00e1ch Matildy Giry. Zavazujeme se chr\u00e1nit soukrom\u00ed na\u0161ich z\u00e1kazn\u00edk\u016f a n\u00e1v\u0161t\u011bvn\u00edk\u016f. Tyto z\u00e1sady ochrany osobn\u00edch \u00fadaj\u016f popisuj\u00ed, jak shroma\u017e\u010fujeme, pou\u017e\u00edv\u00e1me a chr\u00e1n\u00edme va\u0161e \u00fadaje v souladu","og_url":"https:\/\/matildagira.eu\/cs\/zasady-ochrany-osobnich-udaju\/","og_site_name":"Matilda Gira","article_publisher":"https:\/\/www.facebook.com\/matildagira","article_modified_time":"2024-09-22T14:27:31+00:00","og_image":[{"width":1010,"height":408,"url":"https:\/\/matildagira.eu\/wp-content\/uploads\/2022\/09\/cropped-LOGO-COLOR-VERDE.png","type":"image\/png"}],"twitter_card":"summary_large_image","twitter_misc":{"Odhadovan\u00e1 doba \u010dten\u00ed":"2 minuty"},"schema":{"@context":"https:\/\/schema.org","@graph":[{"@type":"WebPage","@id":"https:\/\/matildagira.eu\/cs\/zasady-ochrany-osobnich-udaju\/","url":"https:\/\/matildagira.eu\/cs\/zasady-ochrany-osobnich-udaju\/","name":"Z\u00e1sady ochrany osobn\u00edch \u00fadaj\u016f - Matilda Gira","isPartOf":{"@id":"https:\/\/matildagira.eu\/cs\/#website"},"datePublished":"2023-02-14T04:51:37+00:00","dateModified":"2024-09-22T14:27:31+00:00","breadcrumb":{"@id":"https:\/\/matildagira.eu\/cs\/zasady-ochrany-osobnich-udaju\/#breadcrumb"},"inLanguage":"cs","potentialAction":[{"@type":"ReadAction","target":["https:\/\/matildagira.eu\/cs\/zasady-ochrany-osobnich-udaju\/"]}]},{"@type":"BreadcrumbList","@id":"https:\/\/matildagira.eu\/cs\/zasady-ochrany-osobnich-udaju\/#breadcrumb","itemListElement":[{"@type":"ListItem","position":1,"name":"Dom\u016f","item":"https:\/\/matildagira.eu\/cs\/"},{"@type":"ListItem","position":2,"name":"Z\u00e1sady ochrany osobn\u00edch \u00fadaj\u016f"}]},{"@type":"WebSite","@id":"https:\/\/matildagira.eu\/cs\/#website","url":"https:\/\/matildagira.eu\/cs\/","name":"Matilda Gira","description":"Handcrafted Hats","publisher":{"@id":"https:\/\/matildagira.eu\/cs\/#organization"},"potentialAction":[{"@type":"SearchAction","target":{"@type":"EntryPoint","urlTemplate":"https:\/\/matildagira.eu\/cs\/?s={search_term_string}"},"query-input":{"@type":"PropertyValueSpecification","valueRequired":true,"valueName":"search_term_string"}}],"inLanguage":"cs"},{"@type":"Organization","@id":"https:\/\/matildagira.eu\/cs\/#organization","name":"Matilda Gira","url":"https:\/\/matildagira.eu\/cs\/","logo":{"@type":"ImageObject","inLanguage":"cs","@id":"https:\/\/matildagira.eu\/cs\/#\/schema\/logo\/image\/","url":"https:\/\/matildagira.eu\/wp-content\/uploads\/2022\/09\/LOGO-COLOR-VERDE.png","contentUrl":"https:\/\/matildagira.eu\/wp-content\/uploads\/2022\/09\/LOGO-COLOR-VERDE.png","width":1010,"height":446,"caption":"Matilda Gira"},"image":{"@id":"https:\/\/matildagira.eu\/cs\/#\/schema\/logo\/image\/"},"sameAs":["https:\/\/www.facebook.com\/matildagira","https:\/\/www.instagram.com\/matilda.gira\/","https:\/\/www.pinterest.com.au\/matildagira\/","https:\/\/www.tiktok.com\/@matildagira?lang=es"]}]}},"_links":{"self":[{"href":"https:\/\/matildagira.eu\/cs\/wp-json\/wp\/v2\/pages\/7175","targetHints":{"allow":["GET"]}}],"collection":[{"href":"https:\/\/matildagira.eu\/cs\/wp-json\/wp\/v2\/pages"}],"about":[{"href":"https:\/\/matildagira.eu\/cs\/wp-json\/wp\/v2\/types\/page"}],"author":[{"embeddable":true,"href":"https:\/\/matildagira.eu\/cs\/wp-json\/wp\/v2\/users\/1"}],"replies":[{"embeddable":true,"href":"https:\/\/matildagira.eu\/cs\/wp-json\/wp\/v2\/comments?post=7175"}],"version-history":[{"count":4,"href":"https:\/\/matildagira.eu\/cs\/wp-json\/wp\/v2\/pages\/7175\/revisions"}],"predecessor-version":[{"id":7179,"href":"https:\/\/matildagira.eu\/cs\/wp-json\/wp\/v2\/pages\/7175\/revisions\/7179"}],"wp:attachment":[{"href":"https:\/\/matildagira.eu\/cs\/wp-json\/wp\/v2\/media?parent=7175"}],"wp:term":[{"taxonomy":"folder","embeddable":true,"href":"https:\/\/matildagira.eu\/cs\/wp-json\/wp\/v2\/folder?post=7175"}],"curies":[{"name":"wp","href":"https:\/\/api.w.org\/{rel}","templated":true}]}}