



{"id":7172,"date":"2023-11-12T13:18:50","date_gmt":"2023-11-12T12:18:50","guid":{"rendered":"https:\/\/matildagira.eu\/nejoblibenejsi-produkty-zakazniku\/"},"modified":"2025-08-04T09:43:44","modified_gmt":"2025-08-04T07:43:44","slug":"nejoblibenejsi-produkty-zakazniku","status":"publish","type":"page","link":"https:\/\/matildagira.eu\/cs\/nejoblibenejsi-produkty-zakazniku\/","title":{"rendered":"Nejobl\u00edben\u011bj\u0161\u00ed produkty z\u00e1kazn\u00edk\u016f"},"content":{"rendered":"\t\t<div data-elementor-type=\"wp-page\" data-elementor-id=\"7172\" class=\"elementor elementor-7172 elementor-5134\">\n\t\t\t\t\t\t<section class=\"elementor-section elementor-top-section elementor-element elementor-element-cabeefe elementor-section-boxed elementor-section-height-default elementor-section-height-default\" data-id=\"cabeefe\" data-element_type=\"section\" data-e-type=\"section\">\n\t\t\t\t\t\t<div class=\"elementor-container elementor-column-gap-default\">\n\t\t\t\t\t<div class=\"elementor-column elementor-col-100 elementor-top-column elementor-element elementor-element-4f42f93\" data-id=\"4f42f93\" data-element_type=\"column\" data-e-type=\"column\">\n\t\t\t<div class=\"elementor-widget-wrap elementor-element-populated\">\n\t\t\t\t\t\t<div class=\"elementor-element elementor-element-d6586a6 elementor-widget elementor-widget-pls-products-grid-slider\" data-id=\"d6586a6\" data-element_type=\"widget\" data-e-type=\"widget\" data-widget_type=\"pls-products-grid-slider.default\">\n\t\t\t\t<div class=\"elementor-widget-container\">\n\t\t\t\t\t<div id=\"pls-products-grid-slider-10263\" class=\"pls-element woocommerce\">\t\n\t<div class=\"woocommerce columns-3 \"><div class=\"woocommerce-notices-wrapper\"><\/div>\t<div class=\"products products-wrap product-style-3 row grid-view grid-col-lg-3 grid-col-md-3 grid-col-2\">\n\n\n<div class=\"product type-product post-7522 status-publish first instock product_cat-klobouk-indiana product_cat-klobouky has-post-thumbnail sale taxable shipping-taxable purchasable product-type-variable\">\t \n\t\n<div class=\"pls-product-inner\">\n\t\t\n\t<div class=\"pls-product-image\">\n\t\t<div class=\"product-labels\"><span class=\"on-sale\"><span>47<\/span>% Off<\/span><\/div><a href=\"https:\/\/matildagira.eu\/cs\/shop\/nebesky-modry-klobouk-indiana-se-sirokym-okrajem\/\" class=\"woocommerce-LoopProduct-link\" target=\"_self\"><img fetchpriority=\"high\" decoding=\"async\" width=\"325\" height=\"325\" src=\"https:\/\/matildagira.eu\/wp-content\/uploads\/2024\/07\/DSC_0655-325x325.webp\" class=\"attachment-woocommerce_thumbnail size-woocommerce_thumbnail front-image\" alt=\"\" srcset=\"https:\/\/matildagira.eu\/wp-content\/uploads\/2024\/07\/DSC_0655-325x325.webp 325w, https:\/\/matildagira.eu\/wp-content\/uploads\/2024\/07\/DSC_0655-150x150.webp 150w\" sizes=\"(max-width: 325px) 100vw, 325px\" \/><img decoding=\"async\" width=\"325\" height=\"325\" src=\"https:\/\/matildagira.eu\/wp-content\/uploads\/2024\/07\/DSC_0984-325x325.webp\" class=\"attachment-woocommerce_thumbnail size-woocommerce_thumbnail hover-image\" alt=\"\" srcset=\"https:\/\/matildagira.eu\/wp-content\/uploads\/2024\/07\/DSC_0984-325x325.webp 325w, https:\/\/matildagira.eu\/wp-content\/uploads\/2024\/07\/DSC_0984-150x150.webp 150w\" sizes=\"(max-width: 325px) 100vw, 325px\" \/><\/a>\t\t<div class=\"pls-product-buttons\">\n\t\t\t\t\t\r\n\t\t<div class=\"pls-whishlist-button\">\r\n\t\t\t\t\t<\/div>\r\n\t\t\t\t\r\n\t\t<div class=\"pls-quickview-button\">\r\n\t\t\t<a class=\"pls-quickview-btn\" href=\"https:\/\/matildagira.eu\/cs\/shop\/nebesky-modry-klobouk-indiana-se-sirokym-okrajem\/\" data-id=\"7522\">Rychl\u00e9 zobrazen\u00ed<\/a>\r\n\t\t<\/div>\r\n\t\t\t\t<\/div>\n\t<\/div>\n\t<div class=\"pls-product-info\">\n\t\t<h3 class=\"product-title\"><a href=\"https:\/\/matildagira.eu\/cs\/shop\/nebesky-modry-klobouk-indiana-se-sirokym-okrajem\/\" target=\"_self\">Nebesky modr\u00fd klobouk Indiana se \u0161irok\u00fdm okrajem<\/a><\/h3>\n<div class=\"pls-star-rating\">\n\t<div class=\"star-rating\" role=\"img\" aria-label=\"Hodnoceno 0 z 5\"><span style=\"width:0%\">Hodnocen\u00ed <strong class=\"rating\">0<\/strong> z 5<\/span><\/div>\t\t<span class=\"rating-counts\">\n\t\t\t\t\t<\/span>\n\t<\/div>\n\t<div class=\"product-price\">\n\t\t<span class=\"price\"><ins><span class=\"woocommerce-Price-amount amount\">1 000&nbsp;<span class=\"woocommerce-Price-currencySymbol\">&#075;&#269;<\/span><\/span><\/ins> <del aria-hidden=\"true\"><span class=\"woocommerce-Price-amount amount\">1 875&nbsp;<span class=\"woocommerce-Price-currencySymbol\">&#075;&#269;<\/span><\/span><\/del><\/span>\n\t<\/div>\n\t\t\n\t\t\t\t\r\n\t\t<div class=\"pls-cart-button\">\r\n\t\t\t<a href=\"https:\/\/matildagira.eu\/cs\/shop\/nebesky-modry-klobouk-indiana-se-sirokym-okrajem\/\" aria-describedby=\"woocommerce_loop_add_to_cart_link_describedby_7522\" data-quantity=\"1\" class=\"button product_type_variable add_to_cart_button\" data-product_id=\"7522\" data-product_sku=\"HAT-IND-SKYBLUE\" aria-label=\"Vyberte nastaven\u00ed pro &bdquo;Nebesky modr\u00fd klobouk Indiana se \u0161irok\u00fdm okrajem&ldquo;\" rel=\"nofollow\">V\u00fdb\u011br mo\u017enost\u00ed<\/a>\t\t <\/div>\r\n\t\t\t\t\n\t\t\t<\/div>\n<\/div>\t \n<\/div>\n\n<div class=\"product type-product post-7526 status-publish instock product_cat-klobouk-indiana product_cat-klobouky product_tag-primavera-collection has-post-thumbnail sale taxable shipping-taxable purchasable product-type-variable\">\t \n\t\n<div class=\"pls-product-inner\">\n\t\t\n\t<div class=\"pls-product-image\">\n\t\t<div class=\"product-labels\"><span class=\"on-sale\"><span>47<\/span>% Off<\/span><\/div><a href=\"https:\/\/matildagira.eu\/cs\/shop\/klobouk-s-sirokym-okrajem-pretty-in-pink-indiana\/\" class=\"woocommerce-LoopProduct-link\" target=\"_self\"><img decoding=\"async\" width=\"325\" height=\"325\" src=\"https:\/\/matildagira.eu\/wp-content\/uploads\/2024\/07\/DSC_0841-325x325.webp\" class=\"attachment-woocommerce_thumbnail size-woocommerce_thumbnail front-image\" alt=\"\" srcset=\"https:\/\/matildagira.eu\/wp-content\/uploads\/2024\/07\/DSC_0841-325x325.webp 325w, https:\/\/matildagira.eu\/wp-content\/uploads\/2024\/07\/DSC_0841-150x150.webp 150w\" sizes=\"(max-width: 325px) 100vw, 325px\" \/><img loading=\"lazy\" decoding=\"async\" width=\"325\" height=\"325\" src=\"https:\/\/matildagira.eu\/wp-content\/uploads\/2024\/08\/DSC_0831-325x325.webp\" class=\"attachment-woocommerce_thumbnail size-woocommerce_thumbnail hover-image\" alt=\"\" srcset=\"https:\/\/matildagira.eu\/wp-content\/uploads\/2024\/08\/DSC_0831-325x325.webp 325w, https:\/\/matildagira.eu\/wp-content\/uploads\/2024\/08\/DSC_0831-150x150.webp 150w\" sizes=\"(max-width: 325px) 100vw, 325px\" \/><\/a>\t\t<div class=\"pls-product-buttons\">\n\t\t\t\t\t\r\n\t\t<div class=\"pls-whishlist-button\">\r\n\t\t\t\t\t<\/div>\r\n\t\t\t\t\r\n\t\t<div class=\"pls-quickview-button\">\r\n\t\t\t<a class=\"pls-quickview-btn\" href=\"https:\/\/matildagira.eu\/cs\/shop\/klobouk-s-sirokym-okrajem-pretty-in-pink-indiana\/\" data-id=\"7526\">Rychl\u00e9 zobrazen\u00ed<\/a>\r\n\t\t<\/div>\r\n\t\t\t\t<\/div>\n\t<\/div>\n\t<div class=\"pls-product-info\">\n\t\t<h3 class=\"product-title\"><a href=\"https:\/\/matildagira.eu\/cs\/shop\/klobouk-s-sirokym-okrajem-pretty-in-pink-indiana\/\" target=\"_self\">Klobouk s \u0161irok\u00fdm okrajem Pretty in Pink Indiana<\/a><\/h3>\n<div class=\"pls-star-rating\">\n\t<div class=\"star-rating\" role=\"img\" aria-label=\"Hodnoceno 0 z 5\"><span style=\"width:0%\">Hodnocen\u00ed <strong class=\"rating\">0<\/strong> z 5<\/span><\/div>\t\t<span class=\"rating-counts\">\n\t\t\t\t\t<\/span>\n\t<\/div>\n\t<div class=\"product-price\">\n\t\t<span class=\"price\"><ins><span class=\"woocommerce-Price-amount amount\">1 000&nbsp;<span class=\"woocommerce-Price-currencySymbol\">&#075;&#269;<\/span><\/span><\/ins> <del aria-hidden=\"true\"><span class=\"woocommerce-Price-amount amount\">1 875&nbsp;<span class=\"woocommerce-Price-currencySymbol\">&#075;&#269;<\/span><\/span><\/del><\/span>\n\t<\/div>\n\t\t\n\t\t\t\t\r\n\t\t<div class=\"pls-cart-button\">\r\n\t\t\t<a href=\"https:\/\/matildagira.eu\/cs\/shop\/klobouk-s-sirokym-okrajem-pretty-in-pink-indiana\/\" aria-describedby=\"woocommerce_loop_add_to_cart_link_describedby_7526\" data-quantity=\"1\" class=\"button product_type_variable add_to_cart_button\" data-product_id=\"7526\" data-product_sku=\"HAT-IND-PINK\" aria-label=\"Vyberte nastaven\u00ed pro &bdquo;Klobouk s \u0161irok\u00fdm okrajem Pretty in Pink Indiana&ldquo;\" rel=\"nofollow\">V\u00fdb\u011br mo\u017enost\u00ed<\/a>\t\t <\/div>\r\n\t\t\t\t\n\t\t\t<\/div>\n<\/div>\t \n<\/div>\n\t<\/div>\n<\/div>\t\n<\/div>\t\t\t\t<\/div>\n\t\t\t\t<\/div>\n\t\t\t\t\t<\/div>\n\t\t<\/div>\n\t\t\t\t\t<\/div>\n\t\t<\/section>\n\t\t\t\t<\/div>\n\t\t","protected":false},"excerpt":{"rendered":"<p>Quick View Mushie Love Earrings Rated 0 out of 5 (0) &euro;12,00 Features: Includes: 1 pair of hand-painted resin mushroom design 24k gold-plated steel Lightweight and comfortable for all-day wear<\/p>\n","protected":false},"author":1,"featured_media":0,"parent":0,"menu_order":0,"comment_status":"closed","ping_status":"closed","template":"","meta":{"_monsterinsights_skip_tracking":false,"_monsterinsights_sitenote_active":false,"_monsterinsights_sitenote_note":"","_monsterinsights_sitenote_category":0,"footnotes":""},"folder":[],"class_list":["post-7172","page","type-page","status-publish","hentry"],"yoast_head":"<!-- This site is optimized with the Yoast SEO plugin v27.3 - https:\/\/yoast.com\/product\/yoast-seo-wordpress\/ -->\n<title>Nejobl\u00edben\u011bj\u0161\u00ed produkty z\u00e1kazn\u00edk\u016f - Matilda Gira<\/title>\n<meta name=\"description\" content=\"Prozkoumejte Top v\u00fdb\u011bry z\u00e1kazn\u00edk\u016f Matildy Giry. Ka\u017ed\u00fd klobouk vyb\u00edr\u00e1me s l\u00e1skou a vypr\u00e1v\u00ed p\u0159\u00edb\u011bh. Pozvedn\u011bte sv\u016fj styl s na\u0161\u00ed nejobl\u00edben\u011bj\u0161\u00ed kolekc\u00ed.\" \/>\n<meta name=\"robots\" content=\"index, follow, max-snippet:-1, max-image-preview:large, max-video-preview:-1\" \/>\n<link rel=\"canonical\" href=\"https:\/\/matildagira.eu\/cs\/nejoblibenejsi-produkty-zakazniku\/\" \/>\n<meta property=\"og:locale\" content=\"cs_CZ\" \/>\n<meta property=\"og:type\" content=\"article\" \/>\n<meta property=\"og:title\" content=\"Nejobl\u00edben\u011bj\u0161\u00ed produkty z\u00e1kazn\u00edk\u016f - Matilda Gira\" \/>\n<meta property=\"og:description\" content=\"Prozkoumejte Top v\u00fdb\u011bry z\u00e1kazn\u00edk\u016f Matildy Giry. Ka\u017ed\u00fd klobouk vyb\u00edr\u00e1me s l\u00e1skou a vypr\u00e1v\u00ed p\u0159\u00edb\u011bh. Pozvedn\u011bte sv\u016fj styl s na\u0161\u00ed nejobl\u00edben\u011bj\u0161\u00ed kolekc\u00ed.\" \/>\n<meta property=\"og:url\" content=\"https:\/\/matildagira.eu\/cs\/nejoblibenejsi-produkty-zakazniku\/\" \/>\n<meta property=\"og:site_name\" content=\"Matilda Gira\" \/>\n<meta property=\"article:publisher\" content=\"https:\/\/www.facebook.com\/matildagira\" \/>\n<meta property=\"article:modified_time\" content=\"2025-08-04T07:43:44+00:00\" \/>\n<meta property=\"og:image\" content=\"https:\/\/matildagira.eu\/wp-content\/uploads\/2025\/04\/aretes-fungi-red-325x325.webp\" \/>\n<meta name=\"twitter:card\" content=\"summary_large_image\" \/>\n<meta name=\"twitter:label1\" content=\"Odhadovan\u00e1 doba \u010dten\u00ed\" \/>\n\t<meta name=\"twitter:data1\" content=\"3 minuty\" \/>\n<script type=\"application\/ld+json\" class=\"yoast-schema-graph\">{\"@context\":\"https:\\\/\\\/schema.org\",\"@graph\":[{\"@type\":\"WebPage\",\"@id\":\"https:\\\/\\\/matildagira.eu\\\/cs\\\/nejoblibenejsi-produkty-zakazniku\\\/\",\"url\":\"https:\\\/\\\/matildagira.eu\\\/cs\\\/nejoblibenejsi-produkty-zakazniku\\\/\",\"name\":\"Nejobl\u00edben\u011bj\u0161\u00ed produkty z\u00e1kazn\u00edk\u016f - Matilda Gira\",\"isPartOf\":{\"@id\":\"https:\\\/\\\/matildagira.eu\\\/cs\\\/#website\"},\"primaryImageOfPage\":{\"@id\":\"https:\\\/\\\/matildagira.eu\\\/cs\\\/nejoblibenejsi-produkty-zakazniku\\\/#primaryimage\"},\"image\":{\"@id\":\"https:\\\/\\\/matildagira.eu\\\/cs\\\/nejoblibenejsi-produkty-zakazniku\\\/#primaryimage\"},\"thumbnailUrl\":\"https:\\\/\\\/matildagira.eu\\\/wp-content\\\/uploads\\\/2025\\\/04\\\/aretes-fungi-red-325x325.webp\",\"datePublished\":\"2023-11-12T12:18:50+00:00\",\"dateModified\":\"2025-08-04T07:43:44+00:00\",\"description\":\"Prozkoumejte Top v\u00fdb\u011bry z\u00e1kazn\u00edk\u016f Matildy Giry. Ka\u017ed\u00fd klobouk vyb\u00edr\u00e1me s l\u00e1skou a vypr\u00e1v\u00ed p\u0159\u00edb\u011bh. Pozvedn\u011bte sv\u016fj styl s na\u0161\u00ed nejobl\u00edben\u011bj\u0161\u00ed kolekc\u00ed.\",\"breadcrumb\":{\"@id\":\"https:\\\/\\\/matildagira.eu\\\/cs\\\/nejoblibenejsi-produkty-zakazniku\\\/#breadcrumb\"},\"inLanguage\":\"cs\",\"potentialAction\":[{\"@type\":\"ReadAction\",\"target\":[\"https:\\\/\\\/matildagira.eu\\\/cs\\\/nejoblibenejsi-produkty-zakazniku\\\/\"]}]},{\"@type\":\"ImageObject\",\"inLanguage\":\"cs\",\"@id\":\"https:\\\/\\\/matildagira.eu\\\/cs\\\/nejoblibenejsi-produkty-zakazniku\\\/#primaryimage\",\"url\":\"https:\\\/\\\/matildagira.eu\\\/wp-content\\\/uploads\\\/2025\\\/04\\\/aretes-fungi-red-325x325.webp\",\"contentUrl\":\"https:\\\/\\\/matildagira.eu\\\/wp-content\\\/uploads\\\/2025\\\/04\\\/aretes-fungi-red-325x325.webp\"},{\"@type\":\"BreadcrumbList\",\"@id\":\"https:\\\/\\\/matildagira.eu\\\/cs\\\/nejoblibenejsi-produkty-zakazniku\\\/#breadcrumb\",\"itemListElement\":[{\"@type\":\"ListItem\",\"position\":1,\"name\":\"Dom\u016f\",\"item\":\"https:\\\/\\\/matildagira.eu\\\/cs\\\/\"},{\"@type\":\"ListItem\",\"position\":2,\"name\":\"Nejobl\u00edben\u011bj\u0161\u00ed produkty z\u00e1kazn\u00edk\u016f\"}]},{\"@type\":\"WebSite\",\"@id\":\"https:\\\/\\\/matildagira.eu\\\/cs\\\/#website\",\"url\":\"https:\\\/\\\/matildagira.eu\\\/cs\\\/\",\"name\":\"Matilda Gira\",\"description\":\"Handcrafted Hats\",\"publisher\":{\"@id\":\"https:\\\/\\\/matildagira.eu\\\/cs\\\/#organization\"},\"potentialAction\":[{\"@type\":\"SearchAction\",\"target\":{\"@type\":\"EntryPoint\",\"urlTemplate\":\"https:\\\/\\\/matildagira.eu\\\/cs\\\/?s={search_term_string}\"},\"query-input\":{\"@type\":\"PropertyValueSpecification\",\"valueRequired\":true,\"valueName\":\"search_term_string\"}}],\"inLanguage\":\"cs\"},{\"@type\":\"Organization\",\"@id\":\"https:\\\/\\\/matildagira.eu\\\/cs\\\/#organization\",\"name\":\"Matilda Gira\",\"url\":\"https:\\\/\\\/matildagira.eu\\\/cs\\\/\",\"logo\":{\"@type\":\"ImageObject\",\"inLanguage\":\"cs\",\"@id\":\"https:\\\/\\\/matildagira.eu\\\/cs\\\/#\\\/schema\\\/logo\\\/image\\\/\",\"url\":\"https:\\\/\\\/matildagira.eu\\\/wp-content\\\/uploads\\\/2022\\\/09\\\/LOGO-COLOR-VERDE.png\",\"contentUrl\":\"https:\\\/\\\/matildagira.eu\\\/wp-content\\\/uploads\\\/2022\\\/09\\\/LOGO-COLOR-VERDE.png\",\"width\":1010,\"height\":446,\"caption\":\"Matilda Gira\"},\"image\":{\"@id\":\"https:\\\/\\\/matildagira.eu\\\/cs\\\/#\\\/schema\\\/logo\\\/image\\\/\"},\"sameAs\":[\"https:\\\/\\\/www.facebook.com\\\/matildagira\",\"https:\\\/\\\/www.instagram.com\\\/matilda.gira\\\/\",\"https:\\\/\\\/www.pinterest.com.au\\\/matildagira\\\/\",\"https:\\\/\\\/www.tiktok.com\\\/@matildagira?lang=es\"]}]}<\/script>\n<!-- \/ Yoast SEO plugin. -->","yoast_head_json":{"title":"Nejobl\u00edben\u011bj\u0161\u00ed produkty z\u00e1kazn\u00edk\u016f - Matilda Gira","description":"Prozkoumejte Top v\u00fdb\u011bry z\u00e1kazn\u00edk\u016f Matildy Giry. Ka\u017ed\u00fd klobouk vyb\u00edr\u00e1me s l\u00e1skou a vypr\u00e1v\u00ed p\u0159\u00edb\u011bh. Pozvedn\u011bte sv\u016fj styl s na\u0161\u00ed nejobl\u00edben\u011bj\u0161\u00ed kolekc\u00ed.","robots":{"index":"index","follow":"follow","max-snippet":"max-snippet:-1","max-image-preview":"max-image-preview:large","max-video-preview":"max-video-preview:-1"},"canonical":"https:\/\/matildagira.eu\/cs\/nejoblibenejsi-produkty-zakazniku\/","og_locale":"cs_CZ","og_type":"article","og_title":"Nejobl\u00edben\u011bj\u0161\u00ed produkty z\u00e1kazn\u00edk\u016f - Matilda Gira","og_description":"Prozkoumejte Top v\u00fdb\u011bry z\u00e1kazn\u00edk\u016f Matildy Giry. Ka\u017ed\u00fd klobouk vyb\u00edr\u00e1me s l\u00e1skou a vypr\u00e1v\u00ed p\u0159\u00edb\u011bh. Pozvedn\u011bte sv\u016fj styl s na\u0161\u00ed nejobl\u00edben\u011bj\u0161\u00ed kolekc\u00ed.","og_url":"https:\/\/matildagira.eu\/cs\/nejoblibenejsi-produkty-zakazniku\/","og_site_name":"Matilda Gira","article_publisher":"https:\/\/www.facebook.com\/matildagira","article_modified_time":"2025-08-04T07:43:44+00:00","og_image":[{"url":"https:\/\/matildagira.eu\/wp-content\/uploads\/2025\/04\/aretes-fungi-red-325x325.webp","type":"","width":"","height":""}],"twitter_card":"summary_large_image","twitter_misc":{"Odhadovan\u00e1 doba \u010dten\u00ed":"3 minuty"},"schema":{"@context":"https:\/\/schema.org","@graph":[{"@type":"WebPage","@id":"https:\/\/matildagira.eu\/cs\/nejoblibenejsi-produkty-zakazniku\/","url":"https:\/\/matildagira.eu\/cs\/nejoblibenejsi-produkty-zakazniku\/","name":"Nejobl\u00edben\u011bj\u0161\u00ed produkty z\u00e1kazn\u00edk\u016f - Matilda Gira","isPartOf":{"@id":"https:\/\/matildagira.eu\/cs\/#website"},"primaryImageOfPage":{"@id":"https:\/\/matildagira.eu\/cs\/nejoblibenejsi-produkty-zakazniku\/#primaryimage"},"image":{"@id":"https:\/\/matildagira.eu\/cs\/nejoblibenejsi-produkty-zakazniku\/#primaryimage"},"thumbnailUrl":"https:\/\/matildagira.eu\/wp-content\/uploads\/2025\/04\/aretes-fungi-red-325x325.webp","datePublished":"2023-11-12T12:18:50+00:00","dateModified":"2025-08-04T07:43:44+00:00","description":"Prozkoumejte Top v\u00fdb\u011bry z\u00e1kazn\u00edk\u016f Matildy Giry. Ka\u017ed\u00fd klobouk vyb\u00edr\u00e1me s l\u00e1skou a vypr\u00e1v\u00ed p\u0159\u00edb\u011bh. Pozvedn\u011bte sv\u016fj styl s na\u0161\u00ed nejobl\u00edben\u011bj\u0161\u00ed kolekc\u00ed.","breadcrumb":{"@id":"https:\/\/matildagira.eu\/cs\/nejoblibenejsi-produkty-zakazniku\/#breadcrumb"},"inLanguage":"cs","potentialAction":[{"@type":"ReadAction","target":["https:\/\/matildagira.eu\/cs\/nejoblibenejsi-produkty-zakazniku\/"]}]},{"@type":"ImageObject","inLanguage":"cs","@id":"https:\/\/matildagira.eu\/cs\/nejoblibenejsi-produkty-zakazniku\/#primaryimage","url":"https:\/\/matildagira.eu\/wp-content\/uploads\/2025\/04\/aretes-fungi-red-325x325.webp","contentUrl":"https:\/\/matildagira.eu\/wp-content\/uploads\/2025\/04\/aretes-fungi-red-325x325.webp"},{"@type":"BreadcrumbList","@id":"https:\/\/matildagira.eu\/cs\/nejoblibenejsi-produkty-zakazniku\/#breadcrumb","itemListElement":[{"@type":"ListItem","position":1,"name":"Dom\u016f","item":"https:\/\/matildagira.eu\/cs\/"},{"@type":"ListItem","position":2,"name":"Nejobl\u00edben\u011bj\u0161\u00ed produkty z\u00e1kazn\u00edk\u016f"}]},{"@type":"WebSite","@id":"https:\/\/matildagira.eu\/cs\/#website","url":"https:\/\/matildagira.eu\/cs\/","name":"Matilda Gira","description":"Handcrafted Hats","publisher":{"@id":"https:\/\/matildagira.eu\/cs\/#organization"},"potentialAction":[{"@type":"SearchAction","target":{"@type":"EntryPoint","urlTemplate":"https:\/\/matildagira.eu\/cs\/?s={search_term_string}"},"query-input":{"@type":"PropertyValueSpecification","valueRequired":true,"valueName":"search_term_string"}}],"inLanguage":"cs"},{"@type":"Organization","@id":"https:\/\/matildagira.eu\/cs\/#organization","name":"Matilda Gira","url":"https:\/\/matildagira.eu\/cs\/","logo":{"@type":"ImageObject","inLanguage":"cs","@id":"https:\/\/matildagira.eu\/cs\/#\/schema\/logo\/image\/","url":"https:\/\/matildagira.eu\/wp-content\/uploads\/2022\/09\/LOGO-COLOR-VERDE.png","contentUrl":"https:\/\/matildagira.eu\/wp-content\/uploads\/2022\/09\/LOGO-COLOR-VERDE.png","width":1010,"height":446,"caption":"Matilda Gira"},"image":{"@id":"https:\/\/matildagira.eu\/cs\/#\/schema\/logo\/image\/"},"sameAs":["https:\/\/www.facebook.com\/matildagira","https:\/\/www.instagram.com\/matilda.gira\/","https:\/\/www.pinterest.com.au\/matildagira\/","https:\/\/www.tiktok.com\/@matildagira?lang=es"]}]}},"_links":{"self":[{"href":"https:\/\/matildagira.eu\/cs\/wp-json\/wp\/v2\/pages\/7172","targetHints":{"allow":["GET"]}}],"collection":[{"href":"https:\/\/matildagira.eu\/cs\/wp-json\/wp\/v2\/pages"}],"about":[{"href":"https:\/\/matildagira.eu\/cs\/wp-json\/wp\/v2\/types\/page"}],"author":[{"embeddable":true,"href":"https:\/\/matildagira.eu\/cs\/wp-json\/wp\/v2\/users\/1"}],"replies":[{"embeddable":true,"href":"https:\/\/matildagira.eu\/cs\/wp-json\/wp\/v2\/comments?post=7172"}],"version-history":[{"count":3,"href":"https:\/\/matildagira.eu\/cs\/wp-json\/wp\/v2\/pages\/7172\/revisions"}],"predecessor-version":[{"id":8543,"href":"https:\/\/matildagira.eu\/cs\/wp-json\/wp\/v2\/pages\/7172\/revisions\/8543"}],"wp:attachment":[{"href":"https:\/\/matildagira.eu\/cs\/wp-json\/wp\/v2\/media?parent=7172"}],"wp:term":[{"taxonomy":"folder","embeddable":true,"href":"https:\/\/matildagira.eu\/cs\/wp-json\/wp\/v2\/folder?post=7172"}],"curies":[{"name":"wp","href":"https:\/\/api.w.org\/{rel}","templated":true}]}}