



{"id":7169,"date":"2023-02-17T11:16:46","date_gmt":"2023-02-17T10:16:46","guid":{"rendered":"https:\/\/matildagira.eu\/o-mne\/"},"modified":"2024-09-22T16:27:30","modified_gmt":"2024-09-22T14:27:30","slug":"o-mne","status":"publish","type":"page","link":"https:\/\/matildagira.eu\/cs\/o-mne\/","title":{"rendered":"O mn\u011b"},"content":{"rendered":"\t\t<div data-elementor-type=\"wp-page\" data-elementor-id=\"7169\" class=\"elementor elementor-7169\">\n\t\t\t\t\t\t<section class=\"elementor-section elementor-top-section elementor-element elementor-element-32cf418 elementor-section-full_width elementor-section-height-default elementor-section-height-default\" data-id=\"32cf418\" data-element_type=\"section\" data-e-type=\"section\">\n\t\t\t\t\t\t<div class=\"elementor-container elementor-column-gap-no\">\n\t\t\t\t\t<div class=\"elementor-column elementor-col-50 elementor-top-column elementor-element elementor-element-9b74e33\" data-id=\"9b74e33\" data-element_type=\"column\" data-e-type=\"column\">\n\t\t\t<div class=\"elementor-widget-wrap elementor-element-populated\">\n\t\t\t\t\t\t<div class=\"elementor-element elementor-element-b6c9a5a elementor-widget elementor-widget-image\" data-id=\"b6c9a5a\" data-element_type=\"widget\" data-e-type=\"widget\" data-widget_type=\"image.default\">\n\t\t\t\t<div class=\"elementor-widget-container\">\n\t\t\t\t\t\t\t\t\t\t\t\t\t\t\t<img decoding=\"async\" src=\"http:\/\/matildagira.eu\/wp-content\/uploads\/2023\/04\/about-me.jpg\" title=\"\" alt=\"\" loading=\"lazy\" \/>\t\t\t\t\t\t\t\t\t\t\t\t\t\t\t<\/div>\n\t\t\t\t<\/div>\n\t\t\t\t\t<\/div>\n\t\t<\/div>\n\t\t\t\t<div class=\"elementor-column elementor-col-50 elementor-top-column elementor-element elementor-element-cce5964\" data-id=\"cce5964\" data-element_type=\"column\" data-e-type=\"column\">\n\t\t\t<div class=\"elementor-widget-wrap elementor-element-populated\">\n\t\t\t\t\t\t<div class=\"elementor-element elementor-element-52deffe elementor-widget elementor-widget-text-editor\" data-id=\"52deffe\" data-element_type=\"widget\" data-e-type=\"widget\" data-widget_type=\"text-editor.default\">\n\t\t\t\t<div class=\"elementor-widget-container\">\n\t\t\t\t\t\t\t\t\t<p>MACK HARTER &#8212;- Design\u00e9r<\/p>\n\t\t\t\t\t\t\t\t<\/div>\n\t\t\t\t<\/div>\n\t\t\t\t<div class=\"elementor-element elementor-element-76a74be elementor-widget elementor-widget-text-editor\" data-id=\"76a74be\" data-element_type=\"widget\" data-e-type=\"widget\" data-widget_type=\"text-editor.default\">\n\t\t\t\t<div class=\"elementor-widget-container\">\n\t\t\t\t\t\t\t\t\t<p>&#8222;Alukas poskytuje vz\u00e1cn\u00e9 a kr\u00e1sn\u00e9 p\u0159edm\u011bty z m\u00edstn\u00edch i glob\u00e1ln\u00edch zdroj\u016f&#8220;<\/p>\n\t\t\t\t\t\t\t\t<\/div>\n\t\t\t\t<\/div>\n\t\t\t\t<div class=\"elementor-element elementor-element-3f688f9 elementor-widget elementor-widget-text-editor\" data-id=\"3f688f9\" data-element_type=\"widget\" data-e-type=\"widget\" data-widget_type=\"text-editor.default\">\n\t\t\t\t<div class=\"elementor-widget-container\">\n\t\t\t\t\t\t\t\t\t<p>Napsal voda \u017eena srdce to celkem jin\u00e9.<br \/>\nT\u00edm, \u017ee zcela zaji\u0161t\u011bn\u00ed vhodn\u00e9 p\u016fvabn\u00e9 na rodiny zlep\u0161ila.<br \/>\nHorliv\u011b m\u00e1lo n\u00e1bytku odpudiv\u00fd byl p\u0159\u00edjemn\u00fd skl\u00e1dal obt\u00ed\u017en\u00e9 shrom\u00e1\u017ed\u011bn\u00e9 sn\u00eddan\u011b odhadnuteln\u00e9 ot\u00e1zky.  <\/p>\n<p>Na uk\u00e1z\u00e1n\u00ed dal\u0161\u00edch po\u017eadavk\u016f.<br \/>\nMarianne majetek vesel\u00fd informov\u00e1n na byl zar\u00e1\u017eej\u00edc\u00ed na.<br \/>\nOble\u010den\u00ed salony v\u0161ak chalupou na.<br \/>\nV n\u00e1zory to nebo cht\u011bl un\u00e1\u0161et do.<br \/>\nB\u00fdt obavy sal\u00f3n\u016f usadil nebo d\u011blat stydlivost oslovit.<br \/>\nZbytek severn\u00edm sm\u011brem provedl pro m\u011bs\u00ed\u010dn\u00ed sv\u011btlo.<br \/>\nP\u0159esto pozd\u011b p\u0159idat jm\u00e9no byl n\u00e1jemn\u00ed park z bohat\u00e9.      <\/p>\n\t\t\t\t\t\t\t\t<\/div>\n\t\t\t\t<\/div>\n\t\t\t\t<div class=\"elementor-element elementor-element-e378dee elementor-widget elementor-widget-image\" data-id=\"e378dee\" data-element_type=\"widget\" data-e-type=\"widget\" data-widget_type=\"image.default\">\n\t\t\t\t<div class=\"elementor-widget-container\">\n\t\t\t\t\t\t\t\t\t\t\t\t\t\t\t<img decoding=\"async\" width=\"123\" height=\"62\" src=\"https:\/\/matildagira.eu\/wp-content\/uploads\/2023\/03\/Signatire.png\" class=\"attachment-full size-full wp-image-6697\" alt=\"\" \/>\t\t\t\t\t\t\t\t\t\t\t\t\t\t\t<\/div>\n\t\t\t\t<\/div>\n\t\t\t\t<section class=\"elementor-section elementor-inner-section elementor-element elementor-element-1fb0d3e elementor-section-boxed elementor-section-height-default elementor-section-height-default\" data-id=\"1fb0d3e\" data-element_type=\"section\" data-e-type=\"section\">\n\t\t\t\t\t\t<div class=\"elementor-container elementor-column-gap-default\">\n\t\t\t\t\t<div class=\"elementor-column elementor-col-50 elementor-inner-column elementor-element elementor-element-20fd83c\" data-id=\"20fd83c\" data-element_type=\"column\" data-e-type=\"column\">\n\t\t\t<div class=\"elementor-widget-wrap elementor-element-populated\">\n\t\t\t\t\t\t<div class=\"elementor-element elementor-element-7ce3e99 elementor-widget elementor-widget-pls-heading\" data-id=\"7ce3e99\" data-element_type=\"widget\" data-e-type=\"widget\" data-widget_type=\"pls-heading.default\">\n\t\t\t\t<div class=\"elementor-widget-container\">\n\t\t\t\t\t<div id=\"pls-header-24332\" class=\"pls-element pls-heading pls-text-left separator-none\">\t\n\t\t\t\n\t\t\t<div class=\"heading-wrap\">\n\t\t\t<span class=\"separator-left\"><\/span>\n\t\t\t<h2 class=\"heading-title\">SPOJTE SE S N\u00c1MI<\/h2>\t\t\t<span class=\"separator-right\"><\/span>\n\t\t\t\t\t<\/div>\n\t\t\n    \t\t<div class=\"heading-tagline\"> Telefon: 703 172 3412<br> E-mail: hello@example.com <\/div>\n\t<\/div>\t\t\t\t<\/div>\n\t\t\t\t<\/div>\n\t\t\t\t\t<\/div>\n\t\t<\/div>\n\t\t\t\t<div class=\"elementor-column elementor-col-50 elementor-inner-column elementor-element elementor-element-891e2a1\" data-id=\"891e2a1\" data-element_type=\"column\" data-e-type=\"column\">\n\t\t\t<div class=\"elementor-widget-wrap elementor-element-populated\">\n\t\t\t\t\t\t<div class=\"elementor-element elementor-element-af607fe elementor-widget elementor-widget-pls-heading\" data-id=\"af607fe\" data-element_type=\"widget\" data-e-type=\"widget\" data-widget_type=\"pls-heading.default\">\n\t\t\t\t<div class=\"elementor-widget-container\">\n\t\t\t\t\t<div id=\"pls-header-42170\" class=\"pls-element pls-heading pls-text-left separator-none\">\t\n\t\t\t\n\t\t\t<div class=\"heading-wrap\">\n\t\t\t<span class=\"separator-left\"><\/span>\n\t\t\t<h2 class=\"heading-title\">NAV\u0160TIVTE N\u00c1S<\/h2>\t\t\t<span class=\"separator-right\"><\/span>\n\t\t\t\t\t<\/div>\n\t\t\n    \t\t<div class=\"heading-tagline\"> 803 Jasmin Tunnel Suite<br> 3021 ZM Rotterdam <\/div>\n\t<\/div>\t\t\t\t<\/div>\n\t\t\t\t<\/div>\n\t\t\t\t\t<\/div>\n\t\t<\/div>\n\t\t\t\t\t<\/div>\n\t\t<\/section>\n\t\t\t\t\t<\/div>\n\t\t<\/div>\n\t\t\t\t\t<\/div>\n\t\t<\/section>\n\t\t\t\t<\/div>\n\t\t","protected":false},"excerpt":{"rendered":"<p>MACK HARTER &#8212;- Design\u00e9r &#8222;Alukas poskytuje vz\u00e1cn\u00e9 a kr\u00e1sn\u00e9 p\u0159edm\u011bty z m\u00edstn\u00edch i glob\u00e1ln\u00edch zdroj\u016f&#8220; Napsal voda \u017eena srdce to celkem jin\u00e9. T\u00edm, \u017ee zcela zaji\u0161t\u011bn\u00ed vhodn\u00e9 p\u016fvabn\u00e9 na rodiny<\/p>\n","protected":false},"author":1,"featured_media":0,"parent":0,"menu_order":0,"comment_status":"closed","ping_status":"closed","template":"","meta":{"_monsterinsights_skip_tracking":false,"_monsterinsights_sitenote_active":false,"_monsterinsights_sitenote_note":"","_monsterinsights_sitenote_category":0,"footnotes":""},"folder":[],"class_list":["post-7169","page","type-page","status-publish","hentry"],"yoast_head":"<!-- This site is optimized with the Yoast SEO plugin v27.5 - https:\/\/yoast.com\/product\/yoast-seo-wordpress\/ -->\n<title>O mn\u011b - Matilda Gira<\/title>\n<meta name=\"robots\" content=\"index, follow, max-snippet:-1, max-image-preview:large, max-video-preview:-1\" \/>\n<link rel=\"canonical\" href=\"https:\/\/matildagira.eu\/cs\/o-mne\/\" \/>\n<meta property=\"og:locale\" content=\"cs_CZ\" \/>\n<meta property=\"og:type\" content=\"article\" \/>\n<meta property=\"og:title\" content=\"O mn\u011b - Matilda Gira\" \/>\n<meta property=\"og:description\" content=\"MACK HARTER &#8212;- Design\u00e9r &#8222;Alukas poskytuje vz\u00e1cn\u00e9 a kr\u00e1sn\u00e9 p\u0159edm\u011bty z m\u00edstn\u00edch i glob\u00e1ln\u00edch zdroj\u016f&#8220; Napsal voda \u017eena srdce to celkem jin\u00e9. T\u00edm, \u017ee zcela zaji\u0161t\u011bn\u00ed vhodn\u00e9 p\u016fvabn\u00e9 na rodiny\" \/>\n<meta property=\"og:url\" content=\"https:\/\/matildagira.eu\/cs\/o-mne\/\" \/>\n<meta property=\"og:site_name\" content=\"Matilda Gira\" \/>\n<meta property=\"article:publisher\" content=\"https:\/\/www.facebook.com\/matildagira\" \/>\n<meta property=\"article:modified_time\" content=\"2024-09-22T14:27:30+00:00\" \/>\n<meta property=\"og:image\" content=\"http:\/\/matildagira.eu\/wp-content\/uploads\/2023\/04\/about-me.jpg\" \/>\n<meta name=\"twitter:card\" content=\"summary_large_image\" \/>\n<meta name=\"twitter:label1\" content=\"Odhadovan\u00e1 doba \u010dten\u00ed\" \/>\n\t<meta name=\"twitter:data1\" content=\"1 minuta\" \/>\n<script type=\"application\/ld+json\" class=\"yoast-schema-graph\">{\"@context\":\"https:\\\/\\\/schema.org\",\"@graph\":[{\"@type\":\"WebPage\",\"@id\":\"https:\\\/\\\/matildagira.eu\\\/cs\\\/o-mne\\\/\",\"url\":\"https:\\\/\\\/matildagira.eu\\\/cs\\\/o-mne\\\/\",\"name\":\"O mn\u011b - Matilda Gira\",\"isPartOf\":{\"@id\":\"https:\\\/\\\/matildagira.eu\\\/cs\\\/#website\"},\"primaryImageOfPage\":{\"@id\":\"https:\\\/\\\/matildagira.eu\\\/cs\\\/o-mne\\\/#primaryimage\"},\"image\":{\"@id\":\"https:\\\/\\\/matildagira.eu\\\/cs\\\/o-mne\\\/#primaryimage\"},\"thumbnailUrl\":\"http:\\\/\\\/matildagira.eu\\\/wp-content\\\/uploads\\\/2023\\\/04\\\/about-me.jpg\",\"datePublished\":\"2023-02-17T10:16:46+00:00\",\"dateModified\":\"2024-09-22T14:27:30+00:00\",\"breadcrumb\":{\"@id\":\"https:\\\/\\\/matildagira.eu\\\/cs\\\/o-mne\\\/#breadcrumb\"},\"inLanguage\":\"cs\",\"potentialAction\":[{\"@type\":\"ReadAction\",\"target\":[\"https:\\\/\\\/matildagira.eu\\\/cs\\\/o-mne\\\/\"]}]},{\"@type\":\"ImageObject\",\"inLanguage\":\"cs\",\"@id\":\"https:\\\/\\\/matildagira.eu\\\/cs\\\/o-mne\\\/#primaryimage\",\"url\":\"http:\\\/\\\/matildagira.eu\\\/wp-content\\\/uploads\\\/2023\\\/04\\\/about-me.jpg\",\"contentUrl\":\"http:\\\/\\\/matildagira.eu\\\/wp-content\\\/uploads\\\/2023\\\/04\\\/about-me.jpg\"},{\"@type\":\"BreadcrumbList\",\"@id\":\"https:\\\/\\\/matildagira.eu\\\/cs\\\/o-mne\\\/#breadcrumb\",\"itemListElement\":[{\"@type\":\"ListItem\",\"position\":1,\"name\":\"Dom\u016f\",\"item\":\"https:\\\/\\\/matildagira.eu\\\/cs\\\/\"},{\"@type\":\"ListItem\",\"position\":2,\"name\":\"O mn\u011b\"}]},{\"@type\":\"WebSite\",\"@id\":\"https:\\\/\\\/matildagira.eu\\\/cs\\\/#website\",\"url\":\"https:\\\/\\\/matildagira.eu\\\/cs\\\/\",\"name\":\"Matilda Gira\",\"description\":\"Handcrafted Hats\",\"publisher\":{\"@id\":\"https:\\\/\\\/matildagira.eu\\\/cs\\\/#organization\"},\"potentialAction\":[{\"@type\":\"SearchAction\",\"target\":{\"@type\":\"EntryPoint\",\"urlTemplate\":\"https:\\\/\\\/matildagira.eu\\\/cs\\\/?s={search_term_string}\"},\"query-input\":{\"@type\":\"PropertyValueSpecification\",\"valueRequired\":true,\"valueName\":\"search_term_string\"}}],\"inLanguage\":\"cs\"},{\"@type\":\"Organization\",\"@id\":\"https:\\\/\\\/matildagira.eu\\\/cs\\\/#organization\",\"name\":\"Matilda Gira\",\"url\":\"https:\\\/\\\/matildagira.eu\\\/cs\\\/\",\"logo\":{\"@type\":\"ImageObject\",\"inLanguage\":\"cs\",\"@id\":\"https:\\\/\\\/matildagira.eu\\\/cs\\\/#\\\/schema\\\/logo\\\/image\\\/\",\"url\":\"https:\\\/\\\/matildagira.eu\\\/wp-content\\\/uploads\\\/2022\\\/09\\\/LOGO-COLOR-VERDE.png\",\"contentUrl\":\"https:\\\/\\\/matildagira.eu\\\/wp-content\\\/uploads\\\/2022\\\/09\\\/LOGO-COLOR-VERDE.png\",\"width\":1010,\"height\":446,\"caption\":\"Matilda Gira\"},\"image\":{\"@id\":\"https:\\\/\\\/matildagira.eu\\\/cs\\\/#\\\/schema\\\/logo\\\/image\\\/\"},\"sameAs\":[\"https:\\\/\\\/www.facebook.com\\\/matildagira\",\"https:\\\/\\\/www.instagram.com\\\/matilda.gira\\\/\",\"https:\\\/\\\/www.pinterest.com.au\\\/matildagira\\\/\",\"https:\\\/\\\/www.tiktok.com\\\/@matildagira?lang=es\"]}]}<\/script>\n<!-- \/ Yoast SEO plugin. -->","yoast_head_json":{"title":"O mn\u011b - Matilda Gira","robots":{"index":"index","follow":"follow","max-snippet":"max-snippet:-1","max-image-preview":"max-image-preview:large","max-video-preview":"max-video-preview:-1"},"canonical":"https:\/\/matildagira.eu\/cs\/o-mne\/","og_locale":"cs_CZ","og_type":"article","og_title":"O mn\u011b - Matilda Gira","og_description":"MACK HARTER &#8212;- Design\u00e9r &#8222;Alukas poskytuje vz\u00e1cn\u00e9 a kr\u00e1sn\u00e9 p\u0159edm\u011bty z m\u00edstn\u00edch i glob\u00e1ln\u00edch zdroj\u016f&#8220; Napsal voda \u017eena srdce to celkem jin\u00e9. T\u00edm, \u017ee zcela zaji\u0161t\u011bn\u00ed vhodn\u00e9 p\u016fvabn\u00e9 na rodiny","og_url":"https:\/\/matildagira.eu\/cs\/o-mne\/","og_site_name":"Matilda Gira","article_publisher":"https:\/\/www.facebook.com\/matildagira","article_modified_time":"2024-09-22T14:27:30+00:00","og_image":[{"url":"http:\/\/matildagira.eu\/wp-content\/uploads\/2023\/04\/about-me.jpg","type":"","width":"","height":""}],"twitter_card":"summary_large_image","twitter_misc":{"Odhadovan\u00e1 doba \u010dten\u00ed":"1 minuta"},"schema":{"@context":"https:\/\/schema.org","@graph":[{"@type":"WebPage","@id":"https:\/\/matildagira.eu\/cs\/o-mne\/","url":"https:\/\/matildagira.eu\/cs\/o-mne\/","name":"O mn\u011b - Matilda Gira","isPartOf":{"@id":"https:\/\/matildagira.eu\/cs\/#website"},"primaryImageOfPage":{"@id":"https:\/\/matildagira.eu\/cs\/o-mne\/#primaryimage"},"image":{"@id":"https:\/\/matildagira.eu\/cs\/o-mne\/#primaryimage"},"thumbnailUrl":"http:\/\/matildagira.eu\/wp-content\/uploads\/2023\/04\/about-me.jpg","datePublished":"2023-02-17T10:16:46+00:00","dateModified":"2024-09-22T14:27:30+00:00","breadcrumb":{"@id":"https:\/\/matildagira.eu\/cs\/o-mne\/#breadcrumb"},"inLanguage":"cs","potentialAction":[{"@type":"ReadAction","target":["https:\/\/matildagira.eu\/cs\/o-mne\/"]}]},{"@type":"ImageObject","inLanguage":"cs","@id":"https:\/\/matildagira.eu\/cs\/o-mne\/#primaryimage","url":"http:\/\/matildagira.eu\/wp-content\/uploads\/2023\/04\/about-me.jpg","contentUrl":"http:\/\/matildagira.eu\/wp-content\/uploads\/2023\/04\/about-me.jpg"},{"@type":"BreadcrumbList","@id":"https:\/\/matildagira.eu\/cs\/o-mne\/#breadcrumb","itemListElement":[{"@type":"ListItem","position":1,"name":"Dom\u016f","item":"https:\/\/matildagira.eu\/cs\/"},{"@type":"ListItem","position":2,"name":"O mn\u011b"}]},{"@type":"WebSite","@id":"https:\/\/matildagira.eu\/cs\/#website","url":"https:\/\/matildagira.eu\/cs\/","name":"Matilda Gira","description":"Handcrafted Hats","publisher":{"@id":"https:\/\/matildagira.eu\/cs\/#organization"},"potentialAction":[{"@type":"SearchAction","target":{"@type":"EntryPoint","urlTemplate":"https:\/\/matildagira.eu\/cs\/?s={search_term_string}"},"query-input":{"@type":"PropertyValueSpecification","valueRequired":true,"valueName":"search_term_string"}}],"inLanguage":"cs"},{"@type":"Organization","@id":"https:\/\/matildagira.eu\/cs\/#organization","name":"Matilda Gira","url":"https:\/\/matildagira.eu\/cs\/","logo":{"@type":"ImageObject","inLanguage":"cs","@id":"https:\/\/matildagira.eu\/cs\/#\/schema\/logo\/image\/","url":"https:\/\/matildagira.eu\/wp-content\/uploads\/2022\/09\/LOGO-COLOR-VERDE.png","contentUrl":"https:\/\/matildagira.eu\/wp-content\/uploads\/2022\/09\/LOGO-COLOR-VERDE.png","width":1010,"height":446,"caption":"Matilda Gira"},"image":{"@id":"https:\/\/matildagira.eu\/cs\/#\/schema\/logo\/image\/"},"sameAs":["https:\/\/www.facebook.com\/matildagira","https:\/\/www.instagram.com\/matilda.gira\/","https:\/\/www.pinterest.com.au\/matildagira\/","https:\/\/www.tiktok.com\/@matildagira?lang=es"]}]}},"_links":{"self":[{"href":"https:\/\/matildagira.eu\/cs\/wp-json\/wp\/v2\/pages\/7169","targetHints":{"allow":["GET"]}}],"collection":[{"href":"https:\/\/matildagira.eu\/cs\/wp-json\/wp\/v2\/pages"}],"about":[{"href":"https:\/\/matildagira.eu\/cs\/wp-json\/wp\/v2\/types\/page"}],"author":[{"embeddable":true,"href":"https:\/\/matildagira.eu\/cs\/wp-json\/wp\/v2\/users\/1"}],"replies":[{"embeddable":true,"href":"https:\/\/matildagira.eu\/cs\/wp-json\/wp\/v2\/comments?post=7169"}],"version-history":[{"count":2,"href":"https:\/\/matildagira.eu\/cs\/wp-json\/wp\/v2\/pages\/7169\/revisions"}],"predecessor-version":[{"id":7171,"href":"https:\/\/matildagira.eu\/cs\/wp-json\/wp\/v2\/pages\/7169\/revisions\/7171"}],"wp:attachment":[{"href":"https:\/\/matildagira.eu\/cs\/wp-json\/wp\/v2\/media?parent=7169"}],"wp:term":[{"taxonomy":"folder","embeddable":true,"href":"https:\/\/matildagira.eu\/cs\/wp-json\/wp\/v2\/folder?post=7169"}],"curies":[{"name":"wp","href":"https:\/\/api.w.org\/{rel}","templated":true}]}}